{"id":7875,"date":"1970-01-01T00:00:00","date_gmt":"1970-01-01T00:00:00","guid":{"rendered":"https:\/\/elfsight.com\/es\/?page_id=7875"},"modified":"2025-02-06T15:45:12","modified_gmt":"2025-02-06T15:45:12","slug":"prestashop","status":"publish","type":"page","link":"https:\/\/elfsight.com\/es\/radio-player-widget\/prestashop\/","title":{"rendered":"Radio Player &#8211; PrestaShop"},"content":{"rendered":"<div class=\"application-platform-content-item-description application-platform-content-item\" id=\"description\" data-nav-section=\"description\"> <h2>Descripci\u00f3n<\/h2> <p>Elfsight Radio Player es una herramienta sencilla que le permite transmitir pistas de audio directamente en su p\u00e1gina web. El widget es altamente personalizable: puede modificar su ubicaci\u00f3n, incrustarlo en cualquier lugar de la p\u00e1gina, escalar su tama\u00f1o, cambiar el color del fondo y otras partes para mezclarlo con el dise\u00f1o de su sitio web, emplear un tema oscuro, revelar portadas y mostrar u ocultar tres detalles adicionales del reproductor, por ejemplo, la barra de progreso y muchos m\u00e1s. Incluye tantas pistas como quieras para entretener a tus usuarios, activa la reproducci\u00f3n autom\u00e1tica y no tengas dudas: \u00a1tus visitantes no abandonar\u00e1n tu sitio web r\u00e1pidamente! <\/p><p><b>\u00a1Integre Radio Player para alcanzar sus objetivos de comercio electr\u00f3nico m\u00e1s f\u00e1cilmente! <\/b><\/p> <\/div> <div class=\"application-platform-content-item-features application-platform-content-item\" id=\"features\" data-nav-section=\"features\"> <h2>Aqu\u00ed est\u00e1 la lista de las funciones m\u00e1s \u00fatiles: <\/h2> <ul><li>2 dise\u00f1os disponibles<\/li><li>Posibilidad de agregar una imagen de fondo<\/li><li>Agregar un n\u00famero ilimitado de estaciones<\/li><li>Una opci\u00f3n para crear su combinaci\u00f3n de colores personalizada<\/li><li>Agregar un n\u00famero ilimitado de estaciones<\/li><li>Demuestra el estado de la estaci\u00f3n<\/li><\/ul><p><a href=\"#demo\">Puedes probar si el widget es para ti con la ayuda de la demostraci\u00f3n<\/a><\/p> <\/div> <div class=\"application-platform-content-item-installation application-platform-content-item\" id=\"installation\" data-nav-section=\"installation\"> <h2>\u00bfC\u00f3mo puedo incrustar Radio Player en la p\u00e1gina web de PrestaShop? <\/h2> <p>Simplemente siga las pautas a continuaci\u00f3n para activar el complemento. <\/p> <ol><li><b>Administra nuestro configurador gratuito y comienza a darle forma a tu instrumento personalizado. <\/b><br> Elija la forma y las especificaciones preferidas del widget y guarde las correcciones. <\/li> <li><b>Reciba su c\u00f3digo \u00fanico que aparece en el formulario especial en Elfsight Apps. <\/b><br> Una vez completada la configuraci\u00f3n de su herramienta, copie el c\u00f3digo personal de la ventana emergente que aparece y gu\u00e1rdelo para usarlo m\u00e1s adelante. <\/li> <li><b>Comience a utilizar el widget en su sitio PrestaShop. <\/b><br> Inserta el c\u00f3digo que guardaste anteriormente en tu sitio web y aplica las modificaciones. <\/li> <li><b>\u00a1Listo! La integraci\u00f3n se realiza con \u00e9xito. <\/b><br> Vaya a su sitio web para ver en acci\u00f3n el rendimiento de la herramienta. <\/li><\/ol> <p>En caso de enfrentar consultas o encontrar algunas complicaciones, solicite nuestro personal de soporte. Nuestros especialistas est\u00e1n deseando ayudarle con todos los problemas que pueda tener con la herramienta. <\/p> <\/div>","protected":false},"excerpt":{"rendered":"","protected":false},"author":9,"featured_media":0,"parent":975,"menu_order":0,"comment_status":"closed","ping_status":"closed","template":"templates\/template-application-platform.php","meta":{"publish_to_discourse":"","publish_post_category":"","wpdc_auto_publish_overridden":"","wpdc_topic_tags":"","wpdc_pin_topic":"","wpdc_pin_until":"","discourse_post_id":"","discourse_permalink":"","wpdc_publishing_response":"","wpdc_publishing_error":"","footnotes":""},"class_list":["post-7875","page","type-page","status-publish","hentry"],"yoast_head":"<!-- This site is optimized with the Yoast SEO plugin v25.3.1 - https:\/\/yoast.com\/wordpress\/plugins\/seo\/ -->\n<title>Complemento Elfsight Radio Player para sitios web PrestaShop (gratis y r\u00e1pido)<\/title>\n<meta name=\"description\" content=\"Implemente un complemento de Radio Player responsivo en su sitio. \u00a1Utilice nuestra demostraci\u00f3n pr\u00e1ctica y cree su complemento sin esfuerzo!\" \/>\n<meta name=\"robots\" content=\"index, follow, max-snippet:-1, max-image-preview:large, max-video-preview:-1\" \/>\n<link rel=\"canonical\" href=\"https:\/\/elfsight.com\/es\/radio-player-widget\/prestashop\/\" \/>\n<meta property=\"og:locale\" content=\"es_ES\" \/>\n<meta property=\"og:type\" content=\"article\" \/>\n<meta property=\"og:title\" content=\"Complemento Elfsight Radio Player para sitios web PrestaShop (gratis y r\u00e1pido)\" \/>\n<meta property=\"og:description\" content=\"Implemente un complemento de Radio Player responsivo en su sitio. \u00a1Utilice nuestra demostraci\u00f3n pr\u00e1ctica y cree su complemento sin esfuerzo!\" \/>\n<meta property=\"og:url\" content=\"https:\/\/elfsight.com\/es\/radio-player-widget\/prestashop\/\" \/>\n<meta property=\"og:site_name\" content=\"Elfsight ES\" \/>\n<meta property=\"article:modified_time\" content=\"2025-02-06T15:45:12+00:00\" \/>\n<meta name=\"twitter:card\" content=\"summary_large_image\" \/>\n<meta name=\"twitter:label1\" content=\"Tiempo de lectura\" \/>\n\t<meta name=\"twitter:data1\" content=\"2 minutos\" \/>\n<!-- \/ Yoast SEO plugin. -->","yoast_head_json":{"title":"Complemento Elfsight Radio Player para sitios web PrestaShop (gratis y r\u00e1pido)","description":"Implemente un complemento de Radio Player responsivo en su sitio. \u00a1Utilice nuestra demostraci\u00f3n pr\u00e1ctica y cree su complemento sin esfuerzo!","robots":{"index":"index","follow":"follow","max-snippet":"max-snippet:-1","max-image-preview":"max-image-preview:large","max-video-preview":"max-video-preview:-1"},"canonical":"https:\/\/elfsight.com\/es\/radio-player-widget\/prestashop\/","og_locale":"es_ES","og_type":"article","og_title":"Complemento Elfsight Radio Player para sitios web PrestaShop (gratis y r\u00e1pido)","og_description":"Implemente un complemento de Radio Player responsivo en su sitio. \u00a1Utilice nuestra demostraci\u00f3n pr\u00e1ctica y cree su complemento sin esfuerzo!","og_url":"https:\/\/elfsight.com\/es\/radio-player-widget\/prestashop\/","og_site_name":"Elfsight ES","article_modified_time":"2025-02-06T15:45:12+00:00","twitter_card":"summary_large_image","twitter_misc":{"Tiempo de lectura":"2 minutos"},"schema":{"@context":"https:\/\/schema.org","@graph":[{"@type":"WebPage","@id":"https:\/\/elfsight.com\/es\/radio-player-widget\/prestashop\/","url":"https:\/\/elfsight.com\/es\/radio-player-widget\/prestashop\/","name":"Complemento Elfsight Radio Player para sitios web PrestaShop (gratis y r\u00e1pido)","isPartOf":{"@id":"https:\/\/elfsight.com\/es\/#website"},"datePublished":"1970-01-01T00:00:00+00:00","dateModified":"2025-02-06T15:45:12+00:00","description":"Implemente un complemento de Radio Player responsivo en su sitio. \u00a1Utilice nuestra demostraci\u00f3n pr\u00e1ctica y cree su complemento sin esfuerzo!","breadcrumb":{"@id":"https:\/\/elfsight.com\/es\/radio-player-widget\/prestashop\/#breadcrumb"},"inLanguage":"es","potentialAction":[{"@type":"ReadAction","target":["https:\/\/elfsight.com\/es\/radio-player-widget\/prestashop\/"]}]},{"@type":"BreadcrumbList","@id":"https:\/\/elfsight.com\/es\/radio-player-widget\/prestashop\/#breadcrumb","itemListElement":[{"@type":"ListItem","position":1,"name":"Home","item":"https:\/\/elfsight.com\/es\/"},{"@type":"ListItem","position":2,"name":"Radio Player","item":"https:\/\/elfsight.com\/es\/radio-player-widget\/"},{"@type":"ListItem","position":3,"name":"Radio Player &#8211; PrestaShop"}]},{"@type":"WebSite","@id":"https:\/\/elfsight.com\/es\/#website","url":"https:\/\/elfsight.com\/es\/","name":"Elfsight ES","description":"Just another Elfsight Sites site","potentialAction":[{"@type":"SearchAction","target":{"@type":"EntryPoint","urlTemplate":"https:\/\/elfsight.com\/es\/?s={search_term_string}"},"query-input":{"@type":"PropertyValueSpecification","valueRequired":true,"valueName":"search_term_string"}}],"inLanguage":"es"}]}},"meta_box":{"industry":"","seo_heading":"","heading":"","description":"","cta_heading":"","cta_description":"","application":"974","h1":"Complemento del reproductor de radio PrestaShop","h1_caption":"Intercale sus opciones de contenido y destaque entre la multitud","application_category":[],"applications_title":"","applications_request_title":"","applications_request_button_text":"","hero_text":"","hero_video":"","hero_video_schema_markup":"","selling_points_title":"","selling_points_caption":"","selling_points":[],"selling_points_cta_text":"","features_title":"","features":"","ed_cta_examples_text":"","ed_cta_examples_hidden":"","ed_cta_demo_text":"","ed_cta_demo_hidden":"","why_caption":"","why_editor_title":"","why_editor_text":"","why_team_title":"","why_team_text":"","why_service_title":"","why_service_text":"","template_catalog_visible":"","template_catalog_title":"","template_catalog_text":"","template_catalog_categories_visible":"","demo_title":"Crea tu complemento de reproductor de radio","demo_caption":"\u00a1Configura tu reproductor de radio y agr\u00e9galo a tu sitio web PrestaShop gratis!","default_faq_hidden":"","app_template_category":[],"platform":"2250","template_public_id":"","codecanyon_url":"","codecanyon_item_id":"","codecanyon_price":"","pricing_caption":"","pricing_elfsight_apps_hide_column":"","pricing_elfsight_apps_url":"","pricing_codecanyon_price_caption":"","integration_category":[],"integration_request_title":"","integration_request_cta":"","integration_platform":"","integrations":[],"platform_category":[],"video_schema_markup":"","price":"desde $0 \/ mes","trial":"","benefits":[{"text":"Ayuda de instalaci\u00f3n gratuita"},{"text":"Servicio al cliente competente"},{"text":"Garant\u00eda de devoluci\u00f3n de dinero de 14 d\u00edas"},{"text":"Mejoras futuras"}],"button_url":"#demo","button_target_blank":"","button_nofollow":"","attributes":[{"name":"Instalaciones","content":"10,000 - 100,000"},{"name":"Sensible","content":"S\u00ed"},{"name":"Navegadores compatibles","content":"Firefox, Safari, Opera, Chrome, Edge"}],"tags":[],"tags_disable_links":"","hide_more_platforms":"","video_object":"","demo_hide_cta":"","demo_hide_cloud_options":"","pricing_title":"","pricing":[{"pricing_icon":"platform","pricing_title":"Elfsight Apps","pricing_title_caption":"Software multiplataforma que funciona en cualquier sitio","pricing_price":"desde $0 \/ mes","pricing_price_caption":"comienza con un plan gratuito","pricing_benefits":[{"text":"Sitios web ilimitados"},{"text":"Atenci\u00f3n al cliente profesional"},{"text":"Servicio de instalaci\u00f3n gratuito"},{"text":"Totalmente personalizable"}],"pricing_button_text":"A\u00f1adir al sitio web","pricing_button_url":"#demo"}],"related_apps_title":"","related_apps_hidden":"","author":"","image":[],"title":"","job":"","social_networks":[]},"_links":{"self":[{"href":"https:\/\/elfsight.com\/es\/wp-json\/wp\/v2\/pages\/7875","targetHints":{"allow":["GET"]}}],"collection":[{"href":"https:\/\/elfsight.com\/es\/wp-json\/wp\/v2\/pages"}],"about":[{"href":"https:\/\/elfsight.com\/es\/wp-json\/wp\/v2\/types\/page"}],"author":[{"embeddable":true,"href":"https:\/\/elfsight.com\/es\/wp-json\/wp\/v2\/users\/9"}],"replies":[{"embeddable":true,"href":"https:\/\/elfsight.com\/es\/wp-json\/wp\/v2\/comments?post=7875"}],"version-history":[{"count":2,"href":"https:\/\/elfsight.com\/es\/wp-json\/wp\/v2\/pages\/7875\/revisions"}],"predecessor-version":[{"id":18746,"href":"https:\/\/elfsight.com\/es\/wp-json\/wp\/v2\/pages\/7875\/revisions\/18746"}],"up":[{"embeddable":true,"href":"https:\/\/elfsight.com\/es\/wp-json\/wp\/v2\/pages\/975"}],"wp:attachment":[{"href":"https:\/\/elfsight.com\/es\/wp-json\/wp\/v2\/media?parent=7875"}],"curies":[{"name":"wp","href":"https:\/\/api.w.org\/{rel}","templated":true}]}}