{"id":7874,"date":"1970-01-01T00:00:00","date_gmt":"1970-01-01T00:00:00","guid":{"rendered":"https:\/\/elfsight.com\/es\/?page_id=7874"},"modified":"2025-02-06T15:45:12","modified_gmt":"2025-02-06T15:45:12","slug":"opencart","status":"publish","type":"page","link":"https:\/\/elfsight.com\/es\/radio-player-widget\/opencart\/","title":{"rendered":"Radio Player &#8211; OpenCart"},"content":{"rendered":"<div class=\"application-platform-content-item-description application-platform-content-item\" id=\"description\" data-nav-section=\"description\"> <h2>Descripci\u00f3n<\/h2> <p>Elfsight Radio es una extensi\u00f3n simple que le permite reproducir estaciones de radio en su sitio web. El m\u00f3dulo es totalmente personalizable: puede alterar su posici\u00f3n, incrustarlo en cualquier lugar de la p\u00e1gina, escalar su tama\u00f1o, volver a pintar el fondo y todas las dem\u00e1s partes para mezclarlo con el estilo de su sitio, emplear una combinaci\u00f3n de colores oscuros, mostrar portadas y mostrar u ocultar otros tres componentes del reproductor como t\u00edtulo, estado y otros. Agregue tantas estaciones como necesite para deleitar a sus usuarios, active la reproducci\u00f3n autom\u00e1tica y aseg\u00farese de que sus visitantes no abandonen su p\u00e1gina web inmediatamente.<\/p><p><b>Equipe a su audiencia con una fuente m\u00e1s de contenido \u00fatil y entretenido empleando la extensi\u00f3n Radio Player.<\/b><\/p> <\/div> <div class=\"application-platform-content-item-features application-platform-content-item\" id=\"features\" data-nav-section=\"features\"> <h2>Estas son las caracter\u00edsticas fundamentales de la extensi\u00f3n:<\/h2> <ul><li>Varias variaciones de color.<\/li><li>Tema de color oscuro\/claro.<\/li><li>Dos dise\u00f1os listos para usar.<\/li><li>Posibilidad de agregar una imagen de fondo.<\/li><li>Agregue un n\u00famero infinito de estaciones.<\/li><\/ul><p><a href=\"#demo\">Explore todas las funciones de personalizaci\u00f3n en una demostraci\u00f3n con todas las funciones<\/a><\/p> <\/div> <div class=\"application-platform-content-item-installation application-platform-content-item\" id=\"installation\" data-nav-section=\"installation\"> <h2>\u00bfC\u00f3mo agregar Radio Player a mi sitio OpenCart?<\/h2> <p>Simplemente siga los pasos que se describen a continuaci\u00f3n para activar el m\u00f3dulo.<\/p> <ol><li><b>Inicie nuestro editor gratuito y comience a formar su extensi\u00f3n personalizada. <\/b><br> Elija la disposici\u00f3n y las opciones deseadas de la extensi\u00f3n y aplique todas las modificaciones. <\/li> <li><b>Reciba su c\u00f3digo individual que se muestra en la ventana de Elfsight Apps. <\/b><br> Inmediatamente despu\u00e9s de finalizar el establecimiento de su extensi\u00f3n, copie su c\u00f3digo en la ventana emergente que aparece y gu\u00e1rdelo para usarlo m\u00e1s adelante. <\/li> <li><b>Iniciar el uso de la extensi\u00f3n en el sitio web de OpenCart. <\/b><br>Integre el c\u00f3digo copiado anteriormente en su sitio y guarde los ajustes. <\/li> <li><b>\u00a1Ya terminaste! La incrustaci\u00f3n est\u00e1 totalmente realizada. <\/b><br> Vaya a su sitio para examinar el rendimiento de la extensi\u00f3n. <\/li><\/ol><p>A condici\u00f3n de afrontar preguntas o afrontar algunos obst\u00e1culos, no dude en dirigirse a nuestro equipo de soporte. Nuestra gente desea resolver todos los problemas que pueda tener con la herramienta.<\/p> <\/div>","protected":false},"excerpt":{"rendered":"","protected":false},"author":9,"featured_media":0,"parent":975,"menu_order":0,"comment_status":"closed","ping_status":"closed","template":"templates\/template-application-platform.php","meta":{"publish_to_discourse":"","publish_post_category":"","wpdc_auto_publish_overridden":"","wpdc_topic_tags":"","wpdc_pin_topic":"","wpdc_pin_until":"","discourse_post_id":"","discourse_permalink":"","wpdc_publishing_response":"","wpdc_publishing_error":"","footnotes":""},"class_list":["post-7874","page","type-page","status-publish","hentry"],"yoast_head":"<!-- This site is optimized with the Yoast SEO plugin v25.3.1 - https:\/\/yoast.com\/wordpress\/plugins\/seo\/ -->\n<title>Elfsight Radio Player para sitios web OpenCart (gratis y f\u00e1cil)<\/title>\n<meta name=\"description\" content=\"Introduzca una extensi\u00f3n de Radio Player responsiva en su sitio. \u00a1Aplique nuestra pr\u00e1ctica demostraci\u00f3n y construya su herramienta con solo unos pocos clics!\" \/>\n<meta name=\"robots\" content=\"index, follow, max-snippet:-1, max-image-preview:large, max-video-preview:-1\" \/>\n<link rel=\"canonical\" href=\"https:\/\/elfsight.com\/es\/radio-player-widget\/opencart\/\" \/>\n<meta property=\"og:locale\" content=\"es_ES\" \/>\n<meta property=\"og:type\" content=\"article\" \/>\n<meta property=\"og:title\" content=\"Elfsight Radio Player para sitios web OpenCart (gratis y f\u00e1cil)\" \/>\n<meta property=\"og:description\" content=\"Introduzca una extensi\u00f3n de Radio Player responsiva en su sitio. \u00a1Aplique nuestra pr\u00e1ctica demostraci\u00f3n y construya su herramienta con solo unos pocos clics!\" \/>\n<meta property=\"og:url\" content=\"https:\/\/elfsight.com\/es\/radio-player-widget\/opencart\/\" \/>\n<meta property=\"og:site_name\" content=\"Elfsight ES\" \/>\n<meta property=\"article:modified_time\" content=\"2025-02-06T15:45:12+00:00\" \/>\n<meta name=\"twitter:card\" content=\"summary_large_image\" \/>\n<meta name=\"twitter:label1\" content=\"Tiempo de lectura\" \/>\n\t<meta name=\"twitter:data1\" content=\"2 minutos\" \/>\n<!-- \/ Yoast SEO plugin. -->","yoast_head_json":{"title":"Elfsight Radio Player para sitios web OpenCart (gratis y f\u00e1cil)","description":"Introduzca una extensi\u00f3n de Radio Player responsiva en su sitio. \u00a1Aplique nuestra pr\u00e1ctica demostraci\u00f3n y construya su herramienta con solo unos pocos clics!","robots":{"index":"index","follow":"follow","max-snippet":"max-snippet:-1","max-image-preview":"max-image-preview:large","max-video-preview":"max-video-preview:-1"},"canonical":"https:\/\/elfsight.com\/es\/radio-player-widget\/opencart\/","og_locale":"es_ES","og_type":"article","og_title":"Elfsight Radio Player para sitios web OpenCart (gratis y f\u00e1cil)","og_description":"Introduzca una extensi\u00f3n de Radio Player responsiva en su sitio. \u00a1Aplique nuestra pr\u00e1ctica demostraci\u00f3n y construya su herramienta con solo unos pocos clics!","og_url":"https:\/\/elfsight.com\/es\/radio-player-widget\/opencart\/","og_site_name":"Elfsight ES","article_modified_time":"2025-02-06T15:45:12+00:00","twitter_card":"summary_large_image","twitter_misc":{"Tiempo de lectura":"2 minutos"},"schema":{"@context":"https:\/\/schema.org","@graph":[{"@type":"WebPage","@id":"https:\/\/elfsight.com\/es\/radio-player-widget\/opencart\/","url":"https:\/\/elfsight.com\/es\/radio-player-widget\/opencart\/","name":"Elfsight Radio Player para sitios web OpenCart (gratis y f\u00e1cil)","isPartOf":{"@id":"https:\/\/elfsight.com\/es\/#website"},"datePublished":"1970-01-01T00:00:00+00:00","dateModified":"2025-02-06T15:45:12+00:00","description":"Introduzca una extensi\u00f3n de Radio Player responsiva en su sitio. \u00a1Aplique nuestra pr\u00e1ctica demostraci\u00f3n y construya su herramienta con solo unos pocos clics!","breadcrumb":{"@id":"https:\/\/elfsight.com\/es\/radio-player-widget\/opencart\/#breadcrumb"},"inLanguage":"es","potentialAction":[{"@type":"ReadAction","target":["https:\/\/elfsight.com\/es\/radio-player-widget\/opencart\/"]}]},{"@type":"BreadcrumbList","@id":"https:\/\/elfsight.com\/es\/radio-player-widget\/opencart\/#breadcrumb","itemListElement":[{"@type":"ListItem","position":1,"name":"Home","item":"https:\/\/elfsight.com\/es\/"},{"@type":"ListItem","position":2,"name":"Radio Player","item":"https:\/\/elfsight.com\/es\/radio-player-widget\/"},{"@type":"ListItem","position":3,"name":"Radio Player &#8211; OpenCart"}]},{"@type":"WebSite","@id":"https:\/\/elfsight.com\/es\/#website","url":"https:\/\/elfsight.com\/es\/","name":"Elfsight ES","description":"Just another Elfsight Sites site","potentialAction":[{"@type":"SearchAction","target":{"@type":"EntryPoint","urlTemplate":"https:\/\/elfsight.com\/es\/?s={search_term_string}"},"query-input":{"@type":"PropertyValueSpecification","valueRequired":true,"valueName":"search_term_string"}}],"inLanguage":"es"}]}},"meta_box":{"industry":"","seo_heading":"","heading":"","description":"","cta_heading":"","cta_description":"","application":"974","h1":"Extensi\u00f3n del reproductor de radio OpenCart","h1_caption":"Diversifique sus variantes de contenido y destaque entre la multitud","application_category":[],"applications_title":"","applications_request_title":"","applications_request_button_text":"","hero_text":"","hero_video":"","hero_video_schema_markup":"","selling_points_title":"","selling_points_caption":"","selling_points":[],"selling_points_cta_text":"","features_title":"","features":"","ed_cta_examples_text":"","ed_cta_examples_hidden":"","ed_cta_demo_text":"","ed_cta_demo_hidden":"","why_caption":"","why_editor_title":"","why_editor_text":"","why_team_title":"","why_team_text":"","why_service_title":"","why_service_text":"","template_catalog_visible":"","template_catalog_title":"","template_catalog_text":"","template_catalog_categories_visible":"","demo_title":"Crea tu extensi\u00f3n de reproductor de radio","demo_caption":"\u00a1Configure su reproductor de radio y agr\u00e9guelo a su sitio web OpenCart gratis!","default_faq_hidden":"","app_template_category":[],"platform":"88","template_public_id":"","codecanyon_url":"","codecanyon_item_id":"","codecanyon_price":"","pricing_caption":"","pricing_elfsight_apps_hide_column":"","pricing_elfsight_apps_url":"","pricing_codecanyon_price_caption":"","integration_category":[],"integration_request_title":"","integration_request_cta":"","integration_platform":"","integrations":[],"platform_category":[],"video_schema_markup":"","price":"desde $0 \/ mes","trial":"","benefits":[{"text":"Asistencia de instalaci\u00f3n gratuita"},{"text":"Servicio al cliente eficaz"},{"text":"Garant\u00eda de reembolso de 14 d\u00edas"},{"text":"Actualizaciones continuas"}],"button_url":"#demo","button_target_blank":"","button_nofollow":"","attributes":[{"name":"Instalaciones","content":"10,000 - 100,000"},{"name":"Sensible","content":"S\u00ed"},{"name":"Navegadores compatibles","content":"Chrome, Firefox, Opera, Edge, Safari"}],"tags":[],"tags_disable_links":"","hide_more_platforms":"","video_object":"","demo_hide_cta":"","demo_hide_cloud_options":"","pricing_title":"","pricing":[{"pricing_icon":"platform","pricing_title":"Elfsight Apps","pricing_title_caption":"Soluci\u00f3n digital multiplataforma","pricing_price":"desde $0 \/ mes","pricing_price_caption":"comienza con el plan gratuito","pricing_benefits":[{"text":"Dominios ilimitados"},{"text":"Soporte r\u00e1pido y puntual"},{"text":"Asistencia de instalaci\u00f3n gratuita"},{"text":"Dise\u00f1o flexible"}],"pricing_button_text":"A\u00f1adir al sitio web","pricing_button_url":"#demo"}],"related_apps_title":"","related_apps_hidden":"","author":"","image":[],"title":"","job":"","social_networks":[]},"_links":{"self":[{"href":"https:\/\/elfsight.com\/es\/wp-json\/wp\/v2\/pages\/7874","targetHints":{"allow":["GET"]}}],"collection":[{"href":"https:\/\/elfsight.com\/es\/wp-json\/wp\/v2\/pages"}],"about":[{"href":"https:\/\/elfsight.com\/es\/wp-json\/wp\/v2\/types\/page"}],"author":[{"embeddable":true,"href":"https:\/\/elfsight.com\/es\/wp-json\/wp\/v2\/users\/9"}],"replies":[{"embeddable":true,"href":"https:\/\/elfsight.com\/es\/wp-json\/wp\/v2\/comments?post=7874"}],"version-history":[{"count":2,"href":"https:\/\/elfsight.com\/es\/wp-json\/wp\/v2\/pages\/7874\/revisions"}],"predecessor-version":[{"id":18747,"href":"https:\/\/elfsight.com\/es\/wp-json\/wp\/v2\/pages\/7874\/revisions\/18747"}],"up":[{"embeddable":true,"href":"https:\/\/elfsight.com\/es\/wp-json\/wp\/v2\/pages\/975"}],"wp:attachment":[{"href":"https:\/\/elfsight.com\/es\/wp-json\/wp\/v2\/media?parent=7874"}],"curies":[{"name":"wp","href":"https:\/\/api.w.org\/{rel}","templated":true}]}}