{"id":7868,"date":"1970-01-01T00:00:00","date_gmt":"1970-01-01T00:00:00","guid":{"rendered":"https:\/\/elfsight.com\/es\/?page_id=7868"},"modified":"2025-02-06T15:45:12","modified_gmt":"2025-02-06T15:45:12","slug":"magento","status":"publish","type":"page","link":"https:\/\/elfsight.com\/es\/radio-player-widget\/magento\/","title":{"rendered":"Radio Player &#8211; Magento"},"content":{"rendered":"<div class=\"application-platform-content-item-description application-platform-content-item\" id=\"description\" data-nav-section=\"description\"> <h2>Descripci\u00f3n<\/h2> <p>Elfsight Radio es una extensi\u00f3n sencilla que le brinda la oportunidad de transmitir estaciones de radio directamente en su p\u00e1gina web. El complemento es notablemente personalizable: puede cambiar su posici\u00f3n, insertarlo en cualquier lugar de la p\u00e1gina, escalar su tama\u00f1o, cambiar el color del fondo y todos los dem\u00e1s elementos para mezclarlos con el dise\u00f1o de su sitio web, emplear un tema oscuro, revelar portadas y mostrar u ocultar tres detalles adicionales del reproductor como encabezado, estado y m\u00e1s. Puede cargar tantas estaciones como desee para entretener a sus usuarios, active la reproducci\u00f3n autom\u00e1tica y aseg\u00farese de que sus visitantes no abandonen su sitio web inmediatamente. <\/p> <p><b>Brinde a sus usuarios una fuente m\u00e1s de contenido \u00fatil e interesante aplicando Radio Player<\/b><\/p> <\/div> <div class=\"application-platform-content-item-features application-platform-content-item\" id=\"features\" data-nav-section=\"features\"> <h2>Estas son solo algunas de las potentes funciones de la extensi\u00f3n:<\/h2> <ul><li>Varias variaciones de color. <\/li><li>Tema de color oscuro\/claro. <\/li><li>2 dise\u00f1os disponibles. <\/li><li>Una opci\u00f3n para agregar una imagen de fondo. <\/li><li>A\u00f1ada un n\u00famero infinito de estaciones<\/li><\/ul><p><a href=\"#demo\">Pruebe todas las funciones de personalizaci\u00f3n en una demostraci\u00f3n completa<\/a><\/p> <\/div> <div class=\"application-platform-content-item-installation application-platform-content-item\" id=\"installation\" data-nav-section=\"installation\"> <h2>\u00bfC\u00f3mo agrego Radio Player a mi sitio Magento?<\/h2> <p>Simplemente siga un par de pasos que se describen a continuaci\u00f3n para integrar el plugin.<\/p> <ol><li><b>Utilice nuestro editor gratuito y comience a trabajar con su extensi\u00f3n personalizada. <\/b><br> Encuentra la disposici\u00f3n seleccionada y las especificaciones de la extensi\u00f3n y aplica todas las correcciones. <\/li> <li><b>Adquiere tu c\u00f3digo personal que aparece en el cuadro de Elfsight Apps. <\/b><br> Una vez finalizada la generaci\u00f3n de su extensi\u00f3n personal, copie su c\u00f3digo del cuadro que aparece y gu\u00e1rdelo para ocasiones posteriores. <\/li> <li><b>Comience a utilizar la extensi\u00f3n en su sitio web Magento. <\/b><br> Ingrese el c\u00f3digo que copi\u00f3 recientemente en su sitio web y aplique las modificaciones. <\/li> <li><b>La configuraci\u00f3n ha finalizado por completo. <\/b><br>Vaya a su sitio web para observar c\u00f3mo funciona la extensi\u00f3n. <\/li><\/ol><p>En caso de que tengas algunas dificultades, no dudes en ponerte en contacto con nuestro equipo de soporte. Nuestros especialistas est\u00e1n ansiosos por ayudarte con todas las preguntas que puedas tener sobre el widget. <\/p> <\/div>","protected":false},"excerpt":{"rendered":"","protected":false},"author":9,"featured_media":0,"parent":975,"menu_order":0,"comment_status":"closed","ping_status":"closed","template":"templates\/template-application-platform.php","meta":{"publish_to_discourse":"","publish_post_category":"","wpdc_auto_publish_overridden":"","wpdc_topic_tags":"","wpdc_pin_topic":"","wpdc_pin_until":"","discourse_post_id":"","discourse_permalink":"","wpdc_publishing_response":"","wpdc_publishing_error":"","footnotes":""},"class_list":["post-7868","page","type-page","status-publish","hentry"],"yoast_head":"<!-- This site is optimized with the Yoast SEO plugin v25.3.1 - https:\/\/yoast.com\/wordpress\/plugins\/seo\/ -->\n<title>Sitio web de Elfsight Radio Player para Magento (f\u00e1cil y gratuito)<\/title>\n<meta name=\"description\" content=\"Incruste una extensi\u00f3n de Radio Player responsiva en su p\u00e1gina de inicio. \u00a1Utiliza nuestra pr\u00e1ctica demostraci\u00f3n y dale forma a tu widget sin esfuerzo!\" \/>\n<meta name=\"robots\" content=\"index, follow, max-snippet:-1, max-image-preview:large, max-video-preview:-1\" \/>\n<link rel=\"canonical\" href=\"https:\/\/elfsight.com\/es\/radio-player-widget\/magento\/\" \/>\n<meta property=\"og:locale\" content=\"es_ES\" \/>\n<meta property=\"og:type\" content=\"article\" \/>\n<meta property=\"og:title\" content=\"Sitio web de Elfsight Radio Player para Magento (f\u00e1cil y gratuito)\" \/>\n<meta property=\"og:description\" content=\"Incruste una extensi\u00f3n de Radio Player responsiva en su p\u00e1gina de inicio. \u00a1Utiliza nuestra pr\u00e1ctica demostraci\u00f3n y dale forma a tu widget sin esfuerzo!\" \/>\n<meta property=\"og:url\" content=\"https:\/\/elfsight.com\/es\/radio-player-widget\/magento\/\" \/>\n<meta property=\"og:site_name\" content=\"Elfsight ES\" \/>\n<meta property=\"article:modified_time\" content=\"2025-02-06T15:45:12+00:00\" \/>\n<meta name=\"twitter:card\" content=\"summary_large_image\" \/>\n<meta name=\"twitter:label1\" content=\"Tiempo de lectura\" \/>\n\t<meta name=\"twitter:data1\" content=\"2 minutos\" \/>\n<!-- \/ Yoast SEO plugin. -->","yoast_head_json":{"title":"Sitio web de Elfsight Radio Player para Magento (f\u00e1cil y gratuito)","description":"Incruste una extensi\u00f3n de Radio Player responsiva en su p\u00e1gina de inicio. \u00a1Utiliza nuestra pr\u00e1ctica demostraci\u00f3n y dale forma a tu widget sin esfuerzo!","robots":{"index":"index","follow":"follow","max-snippet":"max-snippet:-1","max-image-preview":"max-image-preview:large","max-video-preview":"max-video-preview:-1"},"canonical":"https:\/\/elfsight.com\/es\/radio-player-widget\/magento\/","og_locale":"es_ES","og_type":"article","og_title":"Sitio web de Elfsight Radio Player para Magento (f\u00e1cil y gratuito)","og_description":"Incruste una extensi\u00f3n de Radio Player responsiva en su p\u00e1gina de inicio. \u00a1Utiliza nuestra pr\u00e1ctica demostraci\u00f3n y dale forma a tu widget sin esfuerzo!","og_url":"https:\/\/elfsight.com\/es\/radio-player-widget\/magento\/","og_site_name":"Elfsight ES","article_modified_time":"2025-02-06T15:45:12+00:00","twitter_card":"summary_large_image","twitter_misc":{"Tiempo de lectura":"2 minutos"},"schema":{"@context":"https:\/\/schema.org","@graph":[{"@type":"WebPage","@id":"https:\/\/elfsight.com\/es\/radio-player-widget\/magento\/","url":"https:\/\/elfsight.com\/es\/radio-player-widget\/magento\/","name":"Sitio web de Elfsight Radio Player para Magento (f\u00e1cil y gratuito)","isPartOf":{"@id":"https:\/\/elfsight.com\/es\/#website"},"datePublished":"1970-01-01T00:00:00+00:00","dateModified":"2025-02-06T15:45:12+00:00","description":"Incruste una extensi\u00f3n de Radio Player responsiva en su p\u00e1gina de inicio. \u00a1Utiliza nuestra pr\u00e1ctica demostraci\u00f3n y dale forma a tu widget sin esfuerzo!","breadcrumb":{"@id":"https:\/\/elfsight.com\/es\/radio-player-widget\/magento\/#breadcrumb"},"inLanguage":"es","potentialAction":[{"@type":"ReadAction","target":["https:\/\/elfsight.com\/es\/radio-player-widget\/magento\/"]}]},{"@type":"BreadcrumbList","@id":"https:\/\/elfsight.com\/es\/radio-player-widget\/magento\/#breadcrumb","itemListElement":[{"@type":"ListItem","position":1,"name":"Home","item":"https:\/\/elfsight.com\/es\/"},{"@type":"ListItem","position":2,"name":"Radio Player","item":"https:\/\/elfsight.com\/es\/radio-player-widget\/"},{"@type":"ListItem","position":3,"name":"Radio Player &#8211; Magento"}]},{"@type":"WebSite","@id":"https:\/\/elfsight.com\/es\/#website","url":"https:\/\/elfsight.com\/es\/","name":"Elfsight ES","description":"Just another Elfsight Sites site","potentialAction":[{"@type":"SearchAction","target":{"@type":"EntryPoint","urlTemplate":"https:\/\/elfsight.com\/es\/?s={search_term_string}"},"query-input":{"@type":"PropertyValueSpecification","valueRequired":true,"valueName":"search_term_string"}}],"inLanguage":"es"}]}},"meta_box":{"industry":"","seo_heading":"","heading":"","description":"","cta_heading":"","cta_description":"","application":"974","h1":"Extensi\u00f3n del reproductor de radio Magento","h1_caption":"Var\u00ede sus variantes de contenido y destaque entre la multitud","application_category":[],"applications_title":"","applications_request_title":"","applications_request_button_text":"","hero_text":"","hero_video":"","hero_video_schema_markup":"","selling_points_title":"","selling_points_caption":"","selling_points":[],"selling_points_cta_text":"","features_title":"","features":"","ed_cta_examples_text":"","ed_cta_examples_hidden":"","ed_cta_demo_text":"","ed_cta_demo_hidden":"","why_caption":"","why_editor_title":"","why_editor_text":"","why_team_title":"","why_team_text":"","why_service_title":"","why_service_text":"","template_catalog_visible":"","template_catalog_title":"","template_catalog_text":"","template_catalog_categories_visible":"","demo_title":"Crea tu extensi\u00f3n de reproductor de radio","demo_caption":"\u00a1Configure su reproductor de radio y agr\u00e9guelo a su sitio web Magento gratis!","default_faq_hidden":"","app_template_category":[],"platform":"82","template_public_id":"","codecanyon_url":"","codecanyon_item_id":"","codecanyon_price":"","pricing_caption":"","pricing_elfsight_apps_hide_column":"","pricing_elfsight_apps_url":"","pricing_codecanyon_price_caption":"","integration_category":[],"integration_request_title":"","integration_request_cta":"","integration_platform":"","integrations":[],"platform_category":[],"video_schema_markup":"","price":"desde $0 \/ mes","trial":"","benefits":[{"text":"Servicio de instalaci\u00f3n gratuito"},{"text":"Atenci\u00f3n al cliente experimentada"},{"text":"Garant\u00eda de devoluci\u00f3n de dinero de 14 d\u00edas"},{"text":"Futuras mejoras gratuitas"}],"button_url":"#demo","button_target_blank":"","button_nofollow":"","attributes":[{"name":"Instalaciones","content":"10,000 - 100,000"},{"name":"Sensible","content":"S\u00ed"},{"name":"Navegadores compatibles","content":"Firefox, Safari, Opera, Chrome, Edge"}],"tags":[],"tags_disable_links":"","hide_more_platforms":"","video_object":"","demo_hide_cta":"","demo_hide_cloud_options":"","pricing_title":"","pricing":[{"pricing_icon":"platform","pricing_title":"Elfsight Apps","pricing_title_caption":"Soluci\u00f3n multiplataforma que se adapta a cualquier sitio web.","pricing_price":"desde $0 \/ mes","pricing_price_caption":"comienza con un plan gratuito","pricing_benefits":[{"text":"Dominios ilimitados"},{"text":"Soporte empresarial dedicado y bien documentado."},{"text":"Asistencia de instalaci\u00f3n gratuita"},{"text":"100% personalizable"}],"pricing_button_text":"A\u00f1adir al sitio web","pricing_button_url":"#demo"}],"related_apps_title":"","related_apps_hidden":"","author":"","image":[],"title":"","job":"","social_networks":[]},"_links":{"self":[{"href":"https:\/\/elfsight.com\/es\/wp-json\/wp\/v2\/pages\/7868","targetHints":{"allow":["GET"]}}],"collection":[{"href":"https:\/\/elfsight.com\/es\/wp-json\/wp\/v2\/pages"}],"about":[{"href":"https:\/\/elfsight.com\/es\/wp-json\/wp\/v2\/types\/page"}],"author":[{"embeddable":true,"href":"https:\/\/elfsight.com\/es\/wp-json\/wp\/v2\/users\/9"}],"replies":[{"embeddable":true,"href":"https:\/\/elfsight.com\/es\/wp-json\/wp\/v2\/comments?post=7868"}],"version-history":[{"count":2,"href":"https:\/\/elfsight.com\/es\/wp-json\/wp\/v2\/pages\/7868\/revisions"}],"predecessor-version":[{"id":18749,"href":"https:\/\/elfsight.com\/es\/wp-json\/wp\/v2\/pages\/7868\/revisions\/18749"}],"up":[{"embeddable":true,"href":"https:\/\/elfsight.com\/es\/wp-json\/wp\/v2\/pages\/975"}],"wp:attachment":[{"href":"https:\/\/elfsight.com\/es\/wp-json\/wp\/v2\/media?parent=7868"}],"curies":[{"name":"wp","href":"https:\/\/api.w.org\/{rel}","templated":true}]}}