{"id":7859,"date":"1970-01-01T00:00:00","date_gmt":"1970-01-01T00:00:00","guid":{"rendered":"https:\/\/elfsight.com\/es\/?page_id=7859"},"modified":"2025-02-06T15:45:29","modified_gmt":"2025-02-06T15:45:29","slug":"iframe","status":"publish","type":"page","link":"https:\/\/elfsight.com\/es\/radio-player-widget\/iframe\/","title":{"rendered":"Radio Player &#8211; iFrame"},"content":{"rendered":"<div class=\"application-platform-content-item-description application-platform-content-item\" id=\"description\" data-nav-section=\"description\"> <h2>Integre Radio Player en iFrame con el widget Elfsight<\/h2> <p>Elfsight Radio es un widget sencillo que le permite reproducir estaciones de radio directamente en su sitio web. El complemento es notablemente modificable: usted es libre de alterar su posici\u00f3n, colocarlo en cualquier lugar de la p\u00e1gina, cambiar su tama\u00f1o, modificar el fondo y otros elementos para mezclarlo con el dise\u00f1o de su sitio, aplicar una combinaci\u00f3n de colores oscuros, mostrar portadas y mostrar u ocultar tres detalles adicionales del reproductor, por ejemplo, encabezado, estado y m\u00e1s. Incluye tantas estaciones como desees para entretener a tus visitantes, activa la reproducci\u00f3n autom\u00e1tica y aseg\u00farate: \u00a1tu audiencia no abandonar\u00e1 tu p\u00e1gina de inicio r\u00e1pidamente!<\/p> <p><b>Otorga a tu audiencia una fuente m\u00e1s de contenido \u00fatil y atractivo usando Elfsight Radio Player.<\/b><\/p> <\/div> <div class=\"application-platform-content-item-features application-platform-content-item\" id=\"features\" data-nav-section=\"features\"> <h2>El widget incluye funciones pr\u00e1cticas y r\u00e1pidas, mira algunas de ellos:<\/h2> <ul><li>Varias variaciones de color.<\/li><li>Tema de color oscuro\/claro.<\/li><li>Dos dise\u00f1os aplicables.<\/li><li>Una opci\u00f3n para agregar una imagen de fondo.<\/li><li>Una cantidad infinita de estaciones.<\/li><\/ul><p><a href=\"#demo\">Pruebe esta demostraci\u00f3n para ver cu\u00e1nto vale el complemento<\/a><\/p> <\/div> <div class=\"application-platform-content-item-installation application-platform-content-item\" id=\"installation\" data-nav-section=\"installation\"> <h2>\u00bfC\u00f3mo agrego el complemento Radio Player a iFrame?<\/h2> <p>Simplemente aplique las instrucciones a continuaci\u00f3n para agregar el widget.<\/p> <ol><li><b>Utilice nuestro configurador gratuito y comience a darle forma a su instrumento personalizado.<\/b><br> Elija la forma y los par\u00e1metros adecuados del widget y guarde las ediciones.<\/li> <li><b>Obtenga el c\u00f3digo individual revelado en el cuadro de Elfsight Aplicaciones.<\/b><br> Cuando se complete la creaci\u00f3n de su widget personal, copie el c\u00f3digo individual de la ventana que aparece y gu\u00e1rdelo para futuras necesidades.<\/li> <li><b>Inicie el uso del complemento de radio en iFrame.<\/b><br> Pegue el c\u00f3digo guardado anteriormente en su sitio web y guarde las mejoras.<\/li> <li><b>La instalaci\u00f3n se realiz\u00f3 por completo.<\/b><br> Visite su p\u00e1gina para ver c\u00f3mo funciona el widget.<\/li><\/ol> <p>En condiciones de venta Si tiene consultas o tiene algunas dificultades, busque ayuda de nuestro equipo de atenci\u00f3n al cliente. Nuestros especialistas estar\u00e1n encantados de resolver todas las dificultades que pueda tener con el complemento.<\/p> <div class=\"faq\" data-component=\"FAQ\"><div class=\"faq-item\">\r\n\t\t\t\t\t<div class=\"faq-item-question\">\r\n\t\t\t\t\t\t<h3 class=\"faq-item-question-text\">\u00bfC\u00f3mo puedo incrustar un widget de Radio Player en mi sitio web de Squarespace sin conocimientos de codificaci\u00f3n?<\/h3>\r\n\r\n\t\t\t\t\t\t<div class=\"faq-item-question-icon\"><\/div>\r\n\t\t\t\t\t<\/div>\r\n\r\n\t\t\t\t\t<div class=\"faq-item-answer\">\r\n\t\t\t\t\t\t<div class=\"faq-item-answer-text\"><p>Elfsight proporciona una soluci\u00f3n basada en la nube que permite a los usuarios establecer un widget de Radio Player por s\u00ed mismos. Vea lo simple que es el proceso:<\/p><ul><li>Acceda al Editor en l\u00ednea para crear una secci\u00f3n del widget del Reproductor de Radio que le gustar\u00eda incorporar a su sitio de Squarespace.<\/li><li>Elija una de nuestras plantillas predise\u00f1adas y configure los ajustes del widget del Reproductor de Radio, ajuste el dise\u00f1o y la combinaci\u00f3n de colores, e incluya su contenido sin necesidad de codificaci\u00f3n.<\/li><li>Guarde las configuraciones que ha personalizado para el widget del Reproductor de Radio y adquiera el c\u00f3digo para incrustarlo, que se puede insertar sin esfuerzo en su Sitio de Squarespace sin costo.<\/li><\/ul><p>Al utilizar el editor f\u00e1cil de usar, cualquier usuario de Internet puede crear una secci\u00f3n de widgets de Radio Player y agregarla a su sitio web de Squarespace. No hay ning\u00fan requisito de pago ni la necesidad de revelar la informaci\u00f3n de su tarjeta para acceder al Editor de Elfsight. Si encuentra alg\u00fan desaf\u00edo en cualquier etapa, no dude en comunicarse con nuestro servicio de atenci\u00f3n al cliente para obtener ayuda.<\/p><\/div>\r\n\t\t\t\t\t<\/div>\r\n\t\t\t\t<\/div><\/div><\/div>","protected":false},"excerpt":{"rendered":"","protected":false},"author":9,"featured_media":0,"parent":975,"menu_order":0,"comment_status":"closed","ping_status":"closed","template":"templates\/template-application-platform.php","meta":{"publish_to_discourse":"","publish_post_category":"","wpdc_auto_publish_overridden":"","wpdc_topic_tags":"","wpdc_pin_topic":"","wpdc_pin_until":"","discourse_post_id":"","discourse_permalink":"","wpdc_publishing_response":"","wpdc_publishing_error":"","footnotes":""},"class_list":["post-7859","page","type-page","status-publish","hentry"],"yoast_head":"<!-- This site is optimized with the Yoast SEO plugin v25.3.1 - https:\/\/yoast.com\/wordpress\/plugins\/seo\/ -->\n<title>Widget de reproductor de radio para el sitio web iFrame (f\u00e1cil y gratuito)<\/title>\n<meta name=\"description\" content=\"Integre un bot\u00f3n de reproductor de radio responsivo en su p\u00e1gina web iFrame. Utilice nuestra pr\u00e1ctica demostraci\u00f3n y genere su complemento f\u00e1cilmente.\" \/>\n<meta name=\"robots\" content=\"index, follow, max-snippet:-1, max-image-preview:large, max-video-preview:-1\" \/>\n<link rel=\"canonical\" href=\"https:\/\/elfsight.com\/es\/radio-player-widget\/iframe\/\" \/>\n<meta property=\"og:locale\" content=\"es_ES\" \/>\n<meta property=\"og:type\" content=\"article\" \/>\n<meta property=\"og:title\" content=\"Widget de reproductor de radio para el sitio web iFrame (f\u00e1cil y gratuito)\" \/>\n<meta property=\"og:description\" content=\"Integre un bot\u00f3n de reproductor de radio responsivo en su p\u00e1gina web iFrame. Utilice nuestra pr\u00e1ctica demostraci\u00f3n y genere su complemento f\u00e1cilmente.\" \/>\n<meta property=\"og:url\" content=\"https:\/\/elfsight.com\/es\/radio-player-widget\/iframe\/\" \/>\n<meta property=\"og:site_name\" content=\"Elfsight ES\" \/>\n<meta property=\"article:modified_time\" content=\"2025-02-06T15:45:29+00:00\" \/>\n<meta name=\"twitter:card\" content=\"summary_large_image\" \/>\n<meta name=\"twitter:label1\" content=\"Tiempo de lectura\" \/>\n\t<meta name=\"twitter:data1\" content=\"3 minutos\" \/>\n<!-- \/ Yoast SEO plugin. -->","yoast_head_json":{"title":"Widget de reproductor de radio para el sitio web iFrame (f\u00e1cil y gratuito)","description":"Integre un bot\u00f3n de reproductor de radio responsivo en su p\u00e1gina web iFrame. Utilice nuestra pr\u00e1ctica demostraci\u00f3n y genere su complemento f\u00e1cilmente.","robots":{"index":"index","follow":"follow","max-snippet":"max-snippet:-1","max-image-preview":"max-image-preview:large","max-video-preview":"max-video-preview:-1"},"canonical":"https:\/\/elfsight.com\/es\/radio-player-widget\/iframe\/","og_locale":"es_ES","og_type":"article","og_title":"Widget de reproductor de radio para el sitio web iFrame (f\u00e1cil y gratuito)","og_description":"Integre un bot\u00f3n de reproductor de radio responsivo en su p\u00e1gina web iFrame. Utilice nuestra pr\u00e1ctica demostraci\u00f3n y genere su complemento f\u00e1cilmente.","og_url":"https:\/\/elfsight.com\/es\/radio-player-widget\/iframe\/","og_site_name":"Elfsight ES","article_modified_time":"2025-02-06T15:45:29+00:00","twitter_card":"summary_large_image","twitter_misc":{"Tiempo de lectura":"3 minutos"},"schema":{"@context":"https:\/\/schema.org","@graph":[{"@type":"WebPage","@id":"https:\/\/elfsight.com\/es\/radio-player-widget\/iframe\/","url":"https:\/\/elfsight.com\/es\/radio-player-widget\/iframe\/","name":"Widget de reproductor de radio para el sitio web iFrame (f\u00e1cil y gratuito)","isPartOf":{"@id":"https:\/\/elfsight.com\/es\/#website"},"datePublished":"1970-01-01T00:00:00+00:00","dateModified":"2025-02-06T15:45:29+00:00","description":"Integre un bot\u00f3n de reproductor de radio responsivo en su p\u00e1gina web iFrame. Utilice nuestra pr\u00e1ctica demostraci\u00f3n y genere su complemento f\u00e1cilmente.","breadcrumb":{"@id":"https:\/\/elfsight.com\/es\/radio-player-widget\/iframe\/#breadcrumb"},"inLanguage":"es","potentialAction":[{"@type":"ReadAction","target":["https:\/\/elfsight.com\/es\/radio-player-widget\/iframe\/"]}]},{"@type":"BreadcrumbList","@id":"https:\/\/elfsight.com\/es\/radio-player-widget\/iframe\/#breadcrumb","itemListElement":[{"@type":"ListItem","position":1,"name":"Home","item":"https:\/\/elfsight.com\/es\/"},{"@type":"ListItem","position":2,"name":"Radio Player","item":"https:\/\/elfsight.com\/es\/radio-player-widget\/"},{"@type":"ListItem","position":3,"name":"Radio Player &#8211; iFrame"}]},{"@type":"WebSite","@id":"https:\/\/elfsight.com\/es\/#website","url":"https:\/\/elfsight.com\/es\/","name":"Elfsight ES","description":"Just another Elfsight Sites site","potentialAction":[{"@type":"SearchAction","target":{"@type":"EntryPoint","urlTemplate":"https:\/\/elfsight.com\/es\/?s={search_term_string}"},"query-input":{"@type":"PropertyValueSpecification","valueRequired":true,"valueName":"search_term_string"}}],"inLanguage":"es"}]}},"meta_box":{"industry":"","seo_heading":"","heading":"","description":"","cta_heading":"","cta_description":"","application":"974","h1":"Reproductor de radio iFrame","h1_caption":"Intercala tus opciones de contenido y destaca entre la multitud","application_category":[],"applications_title":"","applications_request_title":"","applications_request_button_text":"","hero_text":"","hero_video":"","hero_video_schema_markup":"","selling_points_title":"","selling_points_caption":"","selling_points":[],"selling_points_cta_text":"","features_title":"","features":"","ed_cta_examples_text":"","ed_cta_examples_hidden":"","ed_cta_demo_text":"","ed_cta_demo_hidden":"","why_caption":"","why_editor_title":"","why_editor_text":"","why_team_title":"","why_team_text":"","why_service_title":"","why_service_text":"","template_catalog_visible":"","template_catalog_title":"","template_catalog_text":"","template_catalog_categories_visible":"","demo_title":"Crea tu widget de reproductor de radio","demo_caption":"\u00a1Configure su reproductor de radio y agr\u00e9guelo a su sitio web iFrame gratis!","default_faq_hidden":"","app_template_category":[],"platform":"2192","template_public_id":"","codecanyon_url":"","codecanyon_item_id":"","codecanyon_price":"","pricing_caption":"","pricing_elfsight_apps_hide_column":"","pricing_elfsight_apps_url":"","pricing_codecanyon_price_caption":"","integration_category":[],"integration_request_title":"","integration_request_cta":"","integration_platform":"","integrations":[],"platform_category":[],"video_schema_markup":"","price":"desde $0 \/ mes","trial":"","benefits":[{"text":"Ayuda de instalaci\u00f3n gratuita"},{"text":"Servicio al cliente competente"},{"text":"Garant\u00eda de reembolso de 14 d\u00edas"},{"text":"Futuras actualizaciones gratuitas"}],"button_url":"#demo","button_target_blank":"","button_nofollow":"","attributes":[{"name":"Instalaciones","content":"10,000 - 100,000"},{"name":"Sensible","content":"S\u00ed"},{"name":"Navegadores compatibles","content":"Firefox, Safari, Opera, Chrome, Edge"}],"tags":[],"tags_disable_links":"","hide_more_platforms":"","video_object":"","demo_hide_cta":"","demo_hide_cloud_options":"","pricing_title":"","pricing":[{"pricing_icon":"platform","pricing_title":"Elfsight Apps","pricing_title_caption":"Software multiplataforma que se adapta a cualquier sitio web","pricing_price":"desde $0 \/ mes","pricing_price_caption":"comienza con el plan gratuito","pricing_benefits":[{"text":"Sitios web ilimitados"},{"text":"Soporte premium"},{"text":"Servicio de instalaci\u00f3n gratuito"},{"text":"Oferta especial para m\u00faltiples aplicaciones."}],"pricing_button_text":"A\u00f1adir al sitio web","pricing_button_url":"#demo"}],"related_apps_title":"","related_apps_hidden":"","author":"","image":[],"title":"","job":"","social_networks":[]},"_links":{"self":[{"href":"https:\/\/elfsight.com\/es\/wp-json\/wp\/v2\/pages\/7859","targetHints":{"allow":["GET"]}}],"collection":[{"href":"https:\/\/elfsight.com\/es\/wp-json\/wp\/v2\/pages"}],"about":[{"href":"https:\/\/elfsight.com\/es\/wp-json\/wp\/v2\/types\/page"}],"author":[{"embeddable":true,"href":"https:\/\/elfsight.com\/es\/wp-json\/wp\/v2\/users\/9"}],"replies":[{"embeddable":true,"href":"https:\/\/elfsight.com\/es\/wp-json\/wp\/v2\/comments?post=7859"}],"version-history":[{"count":2,"href":"https:\/\/elfsight.com\/es\/wp-json\/wp\/v2\/pages\/7859\/revisions"}],"predecessor-version":[{"id":18754,"href":"https:\/\/elfsight.com\/es\/wp-json\/wp\/v2\/pages\/7859\/revisions\/18754"}],"up":[{"embeddable":true,"href":"https:\/\/elfsight.com\/es\/wp-json\/wp\/v2\/pages\/975"}],"wp:attachment":[{"href":"https:\/\/elfsight.com\/es\/wp-json\/wp\/v2\/media?parent=7859"}],"curies":[{"name":"wp","href":"https:\/\/api.w.org\/{rel}","templated":true}]}}