{"id":7858,"date":"1970-01-01T00:00:00","date_gmt":"1970-01-01T00:00:00","guid":{"rendered":"https:\/\/elfsight.com\/es\/?page_id=7858"},"modified":"2025-02-06T15:45:29","modified_gmt":"2025-02-06T15:45:29","slug":"html","status":"publish","type":"page","link":"https:\/\/elfsight.com\/es\/radio-player-widget\/html\/","title":{"rendered":"Radio Player &#8211; HTML"},"content":{"rendered":"<div class=\"application-platform-content-item-description application-platform-content-item\" id=\"description\" data-nav-section=\"description\"> <h2>Descripci\u00f3n<\/h2> <p>Elfsight Live Stream Player es un widget sencillo que le permite reproducir estaciones de radio directamente en su sitio web. El complemento es altamente modificable: usted es libre de cambiar su posici\u00f3n, configurarlo en cualquier lugar de la p\u00e1gina, alterar su tama\u00f1o, cambiar el color del fondo y otras partes para combinarlo con el dise\u00f1o de su sitio, aplicar un tema oscuro, demostrar im\u00e1genes y mostrar u ocultar otros 3 componentes del reproductor como t\u00edtulo, estado y m\u00e1s. Puedes subir tantas estaciones como desees para atraer a tu audiencia, activa la reproducci\u00f3n autom\u00e1tica y no tengas dudas: \u00a1tus usuarios no abandonar\u00e1n tu p\u00e1gina de inicio inmediatamente! <\/p> <p><b>Equipe a su audiencia con una nueva fuente de contenido \u00fatil y atractivo utilizando Elfsight Live Radio Player para HTML<\/b><\/p> <\/div> <div class=\"application-platform-content-item-features application-platform-content-item\" id=\"features\" data-nav-section=\"features\"> <h2>El widget ofrece funciones valiosas y sencillas, vea algunas de ellas:<\/h2> <ul><li>Numerosas variaciones de color.<\/li><li>Color oscuro\/claro esquema.<\/li><li>Dos dise\u00f1os aplicables.<\/li><li>Una opci\u00f3n para agregar una imagen de fondo.<\/li><li>Adjunte un n\u00famero ilimitado de estaciones.<\/li><\/ul><p><a href=\"#demo\">Simplemente consulte esta demostraci\u00f3n para ver c\u00f3mo funciona<\/a><\/p> <\/div> <div class=\"application-platform-content-item-installation application-platform-content-item\" id=\"installation\" data-nav-section=\"installation\"> <h2>C\u00f3mo incrustar Radio Player en HTML sitio web?<\/h2> <div class=\"video-container\"><iframe width=\"720\" height=\"405\" src=\"https:\/\/www.youtube.com\/embed\/jB68F2g1d1I\" frameborder=\"0\"><\/iframe><\/div><p>Simplemente siga los pasos que se presentan a continuaci\u00f3n para integrar el widget.<\/p> <ol><li><b>Empleando nuestro editor gratuito, comience a darle forma a su transmisi\u00f3n en vivo. player.<\/b><br> Determine el aspecto adecuado y las caracter\u00edsticas funcionales del complemento y aplique las ediciones.<\/li> <li><b>Copie el c\u00f3digo \u00fanico que aparece en el cuadro de Elfsight Apps.<\/b><br> Tan pronto como finalice la configuraci\u00f3n de su complemento, copie el c\u00f3digo personal del cuadro que aparece y gu\u00e1rdelo para futuras ocasiones.<\/li> <li><b>Comience a usar el widget de radio en su sitio web HTML.<\/b><br> Ingrese el c\u00f3digo que guard\u00f3 recientemente en su p\u00e1gina y aplique las ediciones.<\/li> <li><b>La instalaci\u00f3n se realiz\u00f3 completamente.<\/b><br> Vaya a su p\u00e1gina para inspeccionar el rendimiento del complemento.<\/li><\/ol> <p>Si tiene algunas dificultades, no dude en escribir a nuestro personal de servicio al cliente. Nuestra gente estar\u00e1 encantada de ayudarle con todos los problemas que pueda tener con el widget.<\/p> <\/div>","protected":false},"excerpt":{"rendered":"","protected":false},"author":9,"featured_media":0,"parent":975,"menu_order":0,"comment_status":"closed","ping_status":"closed","template":"templates\/template-application-platform.php","meta":{"publish_to_discourse":"","publish_post_category":"","wpdc_auto_publish_overridden":"","wpdc_topic_tags":"","wpdc_pin_topic":"","wpdc_pin_until":"","discourse_post_id":"","discourse_permalink":"","wpdc_publishing_response":"","wpdc_publishing_error":"","footnotes":""},"class_list":["post-7858","page","type-page","status-publish","hentry"],"yoast_head":"<!-- This site is optimized with the Yoast SEO plugin v25.3.1 - https:\/\/yoast.com\/wordpress\/plugins\/seo\/ -->\n<title>C\u00f3digo del widget HTML Radio Player para sitio web (f\u00e1cil y gratuito)<\/title>\n<meta name=\"description\" content=\"Integre un c\u00f3digo de widget HTML Radio Player responsivo en su sitio web. \u00a1Aplique nuestra demostraci\u00f3n pr\u00e1ctica y cree su Radio Stream Player sin esfuerzo!\" \/>\n<meta name=\"robots\" content=\"index, follow, max-snippet:-1, max-image-preview:large, max-video-preview:-1\" \/>\n<link rel=\"canonical\" href=\"https:\/\/elfsight.com\/es\/radio-player-widget\/html\/\" \/>\n<meta property=\"og:locale\" content=\"es_ES\" \/>\n<meta property=\"og:type\" content=\"article\" \/>\n<meta property=\"og:title\" content=\"C\u00f3digo del widget HTML Radio Player para sitio web (f\u00e1cil y gratuito)\" \/>\n<meta property=\"og:description\" content=\"Integre un c\u00f3digo de widget HTML Radio Player responsivo en su sitio web. \u00a1Aplique nuestra demostraci\u00f3n pr\u00e1ctica y cree su Radio Stream Player sin esfuerzo!\" \/>\n<meta property=\"og:url\" content=\"https:\/\/elfsight.com\/es\/radio-player-widget\/html\/\" \/>\n<meta property=\"og:site_name\" content=\"Elfsight ES\" \/>\n<meta property=\"article:modified_time\" content=\"2025-02-06T15:45:29+00:00\" \/>\n<meta name=\"twitter:card\" content=\"summary_large_image\" \/>\n<meta name=\"twitter:label1\" content=\"Tiempo de lectura\" \/>\n\t<meta name=\"twitter:data1\" content=\"2 minutos\" \/>\n<!-- \/ Yoast SEO plugin. -->","yoast_head_json":{"title":"C\u00f3digo del widget HTML Radio Player para sitio web (f\u00e1cil y gratuito)","description":"Integre un c\u00f3digo de widget HTML Radio Player responsivo en su sitio web. \u00a1Aplique nuestra demostraci\u00f3n pr\u00e1ctica y cree su Radio Stream Player sin esfuerzo!","robots":{"index":"index","follow":"follow","max-snippet":"max-snippet:-1","max-image-preview":"max-image-preview:large","max-video-preview":"max-video-preview:-1"},"canonical":"https:\/\/elfsight.com\/es\/radio-player-widget\/html\/","og_locale":"es_ES","og_type":"article","og_title":"C\u00f3digo del widget HTML Radio Player para sitio web (f\u00e1cil y gratuito)","og_description":"Integre un c\u00f3digo de widget HTML Radio Player responsivo en su sitio web. \u00a1Aplique nuestra demostraci\u00f3n pr\u00e1ctica y cree su Radio Stream Player sin esfuerzo!","og_url":"https:\/\/elfsight.com\/es\/radio-player-widget\/html\/","og_site_name":"Elfsight ES","article_modified_time":"2025-02-06T15:45:29+00:00","twitter_card":"summary_large_image","twitter_misc":{"Tiempo de lectura":"2 minutos"},"schema":{"@context":"https:\/\/schema.org","@graph":[{"@type":"WebPage","@id":"https:\/\/elfsight.com\/es\/radio-player-widget\/html\/","url":"https:\/\/elfsight.com\/es\/radio-player-widget\/html\/","name":"C\u00f3digo del widget HTML Radio Player para sitio web (f\u00e1cil y gratuito)","isPartOf":{"@id":"https:\/\/elfsight.com\/es\/#website"},"datePublished":"1970-01-01T00:00:00+00:00","dateModified":"2025-02-06T15:45:29+00:00","description":"Integre un c\u00f3digo de widget HTML Radio Player responsivo en su sitio web. \u00a1Aplique nuestra demostraci\u00f3n pr\u00e1ctica y cree su Radio Stream Player sin esfuerzo!","breadcrumb":{"@id":"https:\/\/elfsight.com\/es\/radio-player-widget\/html\/#breadcrumb"},"inLanguage":"es","potentialAction":[{"@type":"ReadAction","target":["https:\/\/elfsight.com\/es\/radio-player-widget\/html\/"]}]},{"@type":"BreadcrumbList","@id":"https:\/\/elfsight.com\/es\/radio-player-widget\/html\/#breadcrumb","itemListElement":[{"@type":"ListItem","position":1,"name":"Home","item":"https:\/\/elfsight.com\/es\/"},{"@type":"ListItem","position":2,"name":"Radio Player","item":"https:\/\/elfsight.com\/es\/radio-player-widget\/"},{"@type":"ListItem","position":3,"name":"Radio Player &#8211; HTML"}]},{"@type":"WebSite","@id":"https:\/\/elfsight.com\/es\/#website","url":"https:\/\/elfsight.com\/es\/","name":"Elfsight ES","description":"Just another Elfsight Sites site","potentialAction":[{"@type":"SearchAction","target":{"@type":"EntryPoint","urlTemplate":"https:\/\/elfsight.com\/es\/?s={search_term_string}"},"query-input":{"@type":"PropertyValueSpecification","valueRequired":true,"valueName":"search_term_string"}}],"inLanguage":"es"}]}},"meta_box":{"industry":"","seo_heading":"","heading":"","description":"","cta_heading":"","cta_description":"","application":"974","h1":"Reproductor de radio HTML","h1_caption":"Diversifique sus opciones de contenido y destaque entre la multitud","application_category":[],"applications_title":"","applications_request_title":"","applications_request_button_text":"","hero_text":"","hero_video":"","hero_video_schema_markup":"","selling_points_title":"","selling_points_caption":"","selling_points":[],"selling_points_cta_text":"","features_title":"","features":"","ed_cta_examples_text":"","ed_cta_examples_hidden":"","ed_cta_demo_text":"","ed_cta_demo_hidden":"","why_caption":"","why_editor_title":"","why_editor_text":"","why_team_title":"","why_team_text":"","why_service_title":"","why_service_text":"","template_catalog_visible":"","template_catalog_title":"","template_catalog_text":"","template_catalog_categories_visible":"","demo_title":"Crea tu widget de reproductor de radio","demo_caption":"\u00a1Configure su reproductor de radio y agr\u00e9guelo a su sitio web HTML gratis!","default_faq_hidden":"","app_template_category":[],"platform":"70","template_public_id":"","codecanyon_url":"","codecanyon_item_id":"","codecanyon_price":"","pricing_caption":"","pricing_elfsight_apps_hide_column":"","pricing_elfsight_apps_url":"","pricing_codecanyon_price_caption":"","integration_category":[],"integration_request_title":"","integration_request_cta":"","integration_platform":"","integrations":[],"platform_category":[],"video_schema_markup":"","price":"desde $0 \/ mes","trial":"","benefits":[{"text":"Ayuda de instalaci\u00f3n gratuita"},{"text":"Soporte excepcional"},{"text":"Garant\u00eda de reembolso de 14 d\u00edas"},{"text":"Desarrollo continuo"}],"button_url":"#demo","button_target_blank":"","button_nofollow":"","attributes":[{"name":"Instalaciones","content":"10,000 - 100,000"},{"name":"Sensible","content":"S\u00ed"},{"name":"Navegadores compatibles","content":"Firefox, Safari, Opera, Chrome, Edge"}],"tags":[],"tags_disable_links":"","hide_more_platforms":"","video_object":"","demo_hide_cta":"","demo_hide_cloud_options":"","pricing_title":"","pricing":[{"pricing_icon":"platform","pricing_title":"Elfsight Apps","pricing_title_caption":"Versi\u00f3n multiplataforma","pricing_price":"desde $0 \/ mes","pricing_price_caption":"comienza con el plan gratuito","pricing_benefits":[{"text":"Sitios web ilimitados"},{"text":"Atenci\u00f3n al cliente dedicada"},{"text":"Ayuda de instalaci\u00f3n gratuita"},{"text":"Precio a alcanzar para m\u00faltiples aplicaciones"}],"pricing_button_text":"A\u00f1adir al sitio web","pricing_button_url":"#demo"}],"related_apps_title":"","related_apps_hidden":"","author":"","image":[],"title":"","job":"","social_networks":[]},"_links":{"self":[{"href":"https:\/\/elfsight.com\/es\/wp-json\/wp\/v2\/pages\/7858","targetHints":{"allow":["GET"]}}],"collection":[{"href":"https:\/\/elfsight.com\/es\/wp-json\/wp\/v2\/pages"}],"about":[{"href":"https:\/\/elfsight.com\/es\/wp-json\/wp\/v2\/types\/page"}],"author":[{"embeddable":true,"href":"https:\/\/elfsight.com\/es\/wp-json\/wp\/v2\/users\/9"}],"replies":[{"embeddable":true,"href":"https:\/\/elfsight.com\/es\/wp-json\/wp\/v2\/comments?post=7858"}],"version-history":[{"count":2,"href":"https:\/\/elfsight.com\/es\/wp-json\/wp\/v2\/pages\/7858\/revisions"}],"predecessor-version":[{"id":18755,"href":"https:\/\/elfsight.com\/es\/wp-json\/wp\/v2\/pages\/7858\/revisions\/18755"}],"up":[{"embeddable":true,"href":"https:\/\/elfsight.com\/es\/wp-json\/wp\/v2\/pages\/975"}],"wp:attachment":[{"href":"https:\/\/elfsight.com\/es\/wp-json\/wp\/v2\/media?parent=7858"}],"curies":[{"name":"wp","href":"https:\/\/api.w.org\/{rel}","templated":true}]}}