{"id":7853,"date":"1970-01-01T00:00:00","date_gmt":"1970-01-01T00:00:00","guid":{"rendered":"https:\/\/elfsight.com\/es\/?page_id=7853"},"modified":"2025-02-06T15:45:29","modified_gmt":"2025-02-06T15:45:29","slug":"google-sites","status":"publish","type":"page","link":"https:\/\/elfsight.com\/es\/radio-player-widget\/google-sites\/","title":{"rendered":"Radio Player &#8211; Google Sites"},"content":{"rendered":"<div class=\"application-platform-content-item-description application-platform-content-item\" id=\"description\" data-nav-section=\"description\"> <h2>Integrar Radio Player en Google Sites con el widget Elfsight<\/h2> <p>Elfsight Radio Player para Google Sites es un widget simple que le permite reproducir estaciones de radio directamente en su p\u00e1gina web. La herramienta es sumamente modificable: puede cambiar su ubicaci\u00f3n, insertarla en cualquier lugar de la p\u00e1gina, alterar su tama\u00f1o, cambiar el color del fondo y todos los dem\u00e1s elementos para mezclarlos con el estilo de su sitio web, aplicar una combinaci\u00f3n de colores oscuros, revelar im\u00e1genes y mostrar u ocultar otros 3 elementos del reproductor como encabezado, estado y m\u00e1s. A\u00f1ade tantas estaciones como quieras para atraer a tu audiencia, activa la opci\u00f3n de reproducci\u00f3n autom\u00e1tica y aseg\u00farate de que tus usuarios no abandonar\u00e1n tu sitio r\u00e1pidamente. <\/p> <p><b>Ofrezca a sus visitantes una fuente m\u00e1s de contenido \u00fatil y entretenido con la ayuda de Elfsight Radio Player<\/b><\/p> <\/div> <div class=\"application-platform-content-item-features application-platform-content-item\" id=\"features\" data-nav-section=\"features\"> <h2>Las funciones esenciales del widget ofrecen<\/h2> <ul><li>Varias variaciones de color. <\/li><li>Esquema de colores oscuros\/claros. <\/li><li>Dos dise\u00f1os disponibles. <\/li><li>Una opci\u00f3n para agregar una imagen de fondo. <\/li><li>Agregue una cantidad ilimitada de estaciones<\/li><\/ul><p><a href=\"#demo\">Pruebe todas las opciones de personalizaci\u00f3n en una demostraci\u00f3n 100% funcional<\/a><\/p> <\/div> <div class=\"application-platform-content-item-installation application-platform-content-item\" id=\"installation\" data-nav-section=\"installation\"> <h2>\u00bfC\u00f3mo agrego Radio Player en mi sitio web de Google Sites? <\/h2> <div class=\"video-container\"><iframe width=\"720\" height=\"405\" src=\"https:\/\/www.youtube.com\/embed\/x1-g7oqnMDI\"><\/iframe><\/div><p>Simplemente siga un par de pasos que se detallan a continuaci\u00f3n para insertar el complemento. <\/p> <ol><li><b>Abre nuestra demostraci\u00f3n gratuita y comienza a darle forma a tu instrumento personalizado. <\/b><br> Elija la interfaz y la funcionalidad preferidas del widget y aplique las correcciones. <\/li> <li><b>Obtenga su c\u00f3digo \u00fanico que aparece en la ventana de Elfsight Apps. <\/b><br> Inmediatamente despu\u00e9s de completar la configuraci\u00f3n de su complemento personal, copie el c\u00f3digo exclusivo en la ventana que aparece y gu\u00e1rdelo para su uso posterior. <\/li> <li><b>Iniciar el uso del widget en la p\u00e1gina de inicio de Google Sites. <\/b><br> Pegue el c\u00f3digo que guard\u00f3 anteriormente en su p\u00e1gina y aplique las ediciones. <\/li> <li><b>La instalaci\u00f3n se realiz\u00f3 correctamente. <\/b><br>Visite su p\u00e1gina para ver el rendimiento de la herramienta. <\/li><\/ol> <div class=\"tip-yellow tip\"><b>Debido a las peculiaridades del trabajo de Google Sites, el widget puede tener un aspecto diferente al de la demostraci\u00f3n en l\u00ednea. Nos disculpamos por cualquier inconveniente causado.<\/b><\/div><p>Si tiene preguntas o tiene alguna dificultad, no dude en comunicarse con nuestro equipo de soporte. Nuestra gente est\u00e1 ansiosa por resolver todas las dificultades que pueda tener con el producto. <\/p> <div class=\"faq\" data-component=\"FAQ\"><div class=\"faq-item\">\r\n\t\t\t\t\t<div class=\"faq-item-question\">\r\n\t\t\t\t\t\t<h3 class=\"faq-item-question-text\">\u00bfC\u00f3mo puedo incrustar un widget de Radio Player en mi p\u00e1gina de Google Sites sin conocimientos de codificaci\u00f3n?<\/h3>\r\n\r\n\t\t\t\t\t\t<div class=\"faq-item-question-icon\"><\/div>\r\n\t\t\t\t\t<\/div>\r\n\r\n\t\t\t\t\t<div class=\"faq-item-answer\">\r\n\t\t\t\t\t\t<div class=\"faq-item-answer-text\"><p>Elfsight proporciona una soluci\u00f3n basada en la nube que permite a los usuarios incorporar un widget de Radio Player en su p\u00e1gina de Google Sites. Vea lo sencillo que es el proceso:<\/p><ul><li>Acceda al editor en l\u00ednea para generar una secci\u00f3n de widget de Radio Player que le gustar\u00eda incrustar en su p\u00e1gina de Google Sites.<\/li><li>Elija una de nuestras plantillas predise\u00f1adas y personalice la configuraci\u00f3n del widget de Radio Player, modifique el dise\u00f1o y la combinaci\u00f3n de colores, incluya su contenido sin necesidad de codificaci\u00f3n.<\/li><li>Guarde las configuraciones que ha configurado para el widget de Radio Player y obtenga el c\u00f3digo del widget para incrustarlo, que puede incluirse f\u00e1cilmente en su p\u00e1gina de Google Sites sin costo alguno.<\/li><\/ul><p>Al trabajar en el editor f\u00e1cil de usar, cualquier usuario de Internet puede crear una secci\u00f3n de widget de Radio Player e incrustarla en su p\u00e1gina de Google Sites. No es necesario realizar ning\u00fan pago ni revelar la informaci\u00f3n de su tarjeta para acceder al Editor de Elfsight. Si encuentra alguna dificultad en cualquier etapa, no dude en comunicarse con nuestro servicio de atenci\u00f3n al cliente.<\/p><\/div>\r\n\t\t\t\t\t<\/div>\r\n\t\t\t\t<\/div><\/div><\/div>","protected":false},"excerpt":{"rendered":"","protected":false},"author":9,"featured_media":0,"parent":975,"menu_order":0,"comment_status":"closed","ping_status":"closed","template":"templates\/template-application-platform.php","meta":{"publish_to_discourse":"","publish_post_category":"","wpdc_auto_publish_overridden":"","wpdc_topic_tags":"","wpdc_pin_topic":"","wpdc_pin_until":"","discourse_post_id":"","discourse_permalink":"","wpdc_publishing_response":"","wpdc_publishing_error":"","footnotes":""},"class_list":["post-7853","page","type-page","status-publish","hentry"],"yoast_head":"<!-- This site is optimized with the Yoast SEO plugin v25.3.1 - https:\/\/yoast.com\/wordpress\/plugins\/seo\/ -->\n<title>Reproductor de radio: agregue el widget Reproductor de radio a Google Sites (2025)<\/title>\n<meta name=\"description\" content=\"Implemente un widget de reproductor de radio responsivo en su sitio web. \u00a1Utilice nuestra pr\u00e1ctica demostraci\u00f3n y d\u00e9 forma a su herramienta sin esfuerzo en solo unos minutos!\" \/>\n<meta name=\"robots\" content=\"index, follow, max-snippet:-1, max-image-preview:large, max-video-preview:-1\" \/>\n<link rel=\"canonical\" href=\"https:\/\/elfsight.com\/es\/radio-player-widget\/google-sites\/\" \/>\n<meta property=\"og:locale\" content=\"es_ES\" \/>\n<meta property=\"og:type\" content=\"article\" \/>\n<meta property=\"og:title\" content=\"Reproductor de radio: agregue el widget Reproductor de radio a Google Sites (2025)\" \/>\n<meta property=\"og:description\" content=\"Implemente un widget de reproductor de radio responsivo en su sitio web. \u00a1Utilice nuestra pr\u00e1ctica demostraci\u00f3n y d\u00e9 forma a su herramienta sin esfuerzo en solo unos minutos!\" \/>\n<meta property=\"og:url\" content=\"https:\/\/elfsight.com\/es\/radio-player-widget\/google-sites\/\" \/>\n<meta property=\"og:site_name\" content=\"Elfsight ES\" \/>\n<meta property=\"article:modified_time\" content=\"2025-02-06T15:45:29+00:00\" \/>\n<meta name=\"twitter:card\" content=\"summary_large_image\" \/>\n<meta name=\"twitter:label1\" content=\"Tiempo de lectura\" \/>\n\t<meta name=\"twitter:data1\" content=\"3 minutos\" \/>\n<!-- \/ Yoast SEO plugin. -->","yoast_head_json":{"title":"Reproductor de radio: agregue el widget Reproductor de radio a Google Sites (2025)","description":"Implemente un widget de reproductor de radio responsivo en su sitio web. \u00a1Utilice nuestra pr\u00e1ctica demostraci\u00f3n y d\u00e9 forma a su herramienta sin esfuerzo en solo unos minutos!","robots":{"index":"index","follow":"follow","max-snippet":"max-snippet:-1","max-image-preview":"max-image-preview:large","max-video-preview":"max-video-preview:-1"},"canonical":"https:\/\/elfsight.com\/es\/radio-player-widget\/google-sites\/","og_locale":"es_ES","og_type":"article","og_title":"Reproductor de radio: agregue el widget Reproductor de radio a Google Sites (2025)","og_description":"Implemente un widget de reproductor de radio responsivo en su sitio web. \u00a1Utilice nuestra pr\u00e1ctica demostraci\u00f3n y d\u00e9 forma a su herramienta sin esfuerzo en solo unos minutos!","og_url":"https:\/\/elfsight.com\/es\/radio-player-widget\/google-sites\/","og_site_name":"Elfsight ES","article_modified_time":"2025-02-06T15:45:29+00:00","twitter_card":"summary_large_image","twitter_misc":{"Tiempo de lectura":"3 minutos"},"schema":{"@context":"https:\/\/schema.org","@graph":[{"@type":"WebPage","@id":"https:\/\/elfsight.com\/es\/radio-player-widget\/google-sites\/","url":"https:\/\/elfsight.com\/es\/radio-player-widget\/google-sites\/","name":"Reproductor de radio: agregue el widget Reproductor de radio a Google Sites (2025)","isPartOf":{"@id":"https:\/\/elfsight.com\/es\/#website"},"datePublished":"1970-01-01T00:00:00+00:00","dateModified":"2025-02-06T15:45:29+00:00","description":"Implemente un widget de reproductor de radio responsivo en su sitio web. \u00a1Utilice nuestra pr\u00e1ctica demostraci\u00f3n y d\u00e9 forma a su herramienta sin esfuerzo en solo unos minutos!","breadcrumb":{"@id":"https:\/\/elfsight.com\/es\/radio-player-widget\/google-sites\/#breadcrumb"},"inLanguage":"es","potentialAction":[{"@type":"ReadAction","target":["https:\/\/elfsight.com\/es\/radio-player-widget\/google-sites\/"]}]},{"@type":"BreadcrumbList","@id":"https:\/\/elfsight.com\/es\/radio-player-widget\/google-sites\/#breadcrumb","itemListElement":[{"@type":"ListItem","position":1,"name":"Home","item":"https:\/\/elfsight.com\/es\/"},{"@type":"ListItem","position":2,"name":"Radio Player","item":"https:\/\/elfsight.com\/es\/radio-player-widget\/"},{"@type":"ListItem","position":3,"name":"Radio Player &#8211; Google Sites"}]},{"@type":"WebSite","@id":"https:\/\/elfsight.com\/es\/#website","url":"https:\/\/elfsight.com\/es\/","name":"Elfsight ES","description":"Just another Elfsight Sites site","potentialAction":[{"@type":"SearchAction","target":{"@type":"EntryPoint","urlTemplate":"https:\/\/elfsight.com\/es\/?s={search_term_string}"},"query-input":{"@type":"PropertyValueSpecification","valueRequired":true,"valueName":"search_term_string"}}],"inLanguage":"es"}]}},"meta_box":{"industry":"","seo_heading":"","heading":"","description":"","cta_heading":"","cta_description":"","application":"974","h1":"Widget del reproductor de radio de Google Sites","h1_caption":"Diversifique sus variantes de contenido y destaque entre sus competidores","application_category":[],"applications_title":"","applications_request_title":"","applications_request_button_text":"","hero_text":"","hero_video":"","hero_video_schema_markup":"","selling_points_title":"","selling_points_caption":"","selling_points":[],"selling_points_cta_text":"","features_title":"","features":"","ed_cta_examples_text":"","ed_cta_examples_hidden":"","ed_cta_demo_text":"","ed_cta_demo_hidden":"","why_caption":"","why_editor_title":"","why_editor_text":"","why_team_title":"","why_team_text":"","why_service_title":"","why_service_text":"","template_catalog_visible":"","template_catalog_title":"","template_catalog_text":"","template_catalog_categories_visible":"","demo_title":"Crea tu widget de reproductor de radio","demo_caption":"\u00a1Configure su reproductor de radio y agr\u00e9guelo a su sitio web de Google Sites gratis!","default_faq_hidden":"","app_template_category":[],"platform":"67","template_public_id":"","codecanyon_url":"","codecanyon_item_id":"","codecanyon_price":"","pricing_caption":"","pricing_elfsight_apps_hide_column":"","pricing_elfsight_apps_url":"","pricing_codecanyon_price_caption":"","integration_category":[],"integration_request_title":"","integration_request_cta":"","integration_platform":"","integrations":[],"platform_category":[],"video_schema_markup":"","price":"desde $0 \/ mes","trial":"","benefits":[{"text":"Asistencia de instalaci\u00f3n gratuita"},{"text":"Soporte premium"},{"text":"Garant\u00eda de reembolso de 14 d\u00edas"},{"text":"Mejoras continuas"}],"button_url":"#demo","button_target_blank":"","button_nofollow":"","attributes":[{"name":"Instalaciones","content":"10,000 - 100,000"},{"name":"Sensible","content":"Optimizado para dispositivos m\u00f3viles"},{"name":"Navegadores compatibles","content":" Firefox, Opera, Edge, Safari, Chrome"}],"tags":[],"tags_disable_links":"","hide_more_platforms":"","video_object":"","demo_hide_cta":"","demo_hide_cloud_options":"","pricing_title":"","pricing":[{"pricing_icon":"platform","pricing_title":"Elfsight Apps","pricing_title_caption":"Software independiente de la plataforma que se adapta a cualquier sitio web","pricing_price":"desde $0 \/ mes","pricing_price_caption":"comienza con el plan gratuito","pricing_benefits":[{"text":"Dominios ilimitados"},{"text":"Soporte dedicado"},{"text":"Servicio de instalaci\u00f3n gratuito"},{"text":"Dise\u00f1o flexible"}],"pricing_button_text":"A\u00f1adir al sitio web","pricing_button_url":"#demo"}],"related_apps_title":"","related_apps_hidden":"","author":"","image":[],"title":"","job":"","social_networks":[]},"_links":{"self":[{"href":"https:\/\/elfsight.com\/es\/wp-json\/wp\/v2\/pages\/7853","targetHints":{"allow":["GET"]}}],"collection":[{"href":"https:\/\/elfsight.com\/es\/wp-json\/wp\/v2\/pages"}],"about":[{"href":"https:\/\/elfsight.com\/es\/wp-json\/wp\/v2\/types\/page"}],"author":[{"embeddable":true,"href":"https:\/\/elfsight.com\/es\/wp-json\/wp\/v2\/users\/9"}],"replies":[{"embeddable":true,"href":"https:\/\/elfsight.com\/es\/wp-json\/wp\/v2\/comments?post=7853"}],"version-history":[{"count":2,"href":"https:\/\/elfsight.com\/es\/wp-json\/wp\/v2\/pages\/7853\/revisions"}],"predecessor-version":[{"id":18756,"href":"https:\/\/elfsight.com\/es\/wp-json\/wp\/v2\/pages\/7853\/revisions\/18756"}],"up":[{"embeddable":true,"href":"https:\/\/elfsight.com\/es\/wp-json\/wp\/v2\/pages\/975"}],"wp:attachment":[{"href":"https:\/\/elfsight.com\/es\/wp-json\/wp\/v2\/media?parent=7853"}],"curies":[{"name":"wp","href":"https:\/\/api.w.org\/{rel}","templated":true}]}}