{"id":7852,"date":"1970-01-01T00:00:00","date_gmt":"1970-01-01T00:00:00","guid":{"rendered":"https:\/\/elfsight.com\/es\/?page_id=7852"},"modified":"2025-02-06T15:45:29","modified_gmt":"2025-02-06T15:45:29","slug":"facebook","status":"publish","type":"page","link":"https:\/\/elfsight.com\/es\/radio-player-widget\/facebook\/","title":{"rendered":"Radio Player &#8211; Facebook"},"content":{"rendered":"<div class=\"application-platform-content-item-description application-platform-content-item\" id=\"description\" data-nav-section=\"description\"> <h2>Descripci\u00f3n<\/h2> <p>Elfsight Radio Player es una herramienta sencilla que le permite transmitir estaciones de radio directamente en las pesta\u00f1as de su p\u00e1gina de Facebook. El widget es notablemente modificable: puede cambiar su ubicaci\u00f3n, colocarlo en cualquier lugar de la p\u00e1gina, escalar su tama\u00f1o, volver a pintar el fondo y todas las dem\u00e1s partes para mezclarlo con el dise\u00f1o de su sitio web, usar una combinaci\u00f3n de colores oscuros, mostrar portadas y mostrar u ocultar otros 3 detalles del reproductor, por ejemplo, t\u00edtulo, estado y otros. Incluye tantas estaciones como necesites para atraer a tus visitantes, activa la opci\u00f3n de reproducci\u00f3n autom\u00e1tica y no lo dudes: \u00a1tus visitantes no abandonar\u00e1n tu p\u00e1gina web inmediatamente!<\/p> <p><b>Presenta a tus usuarios una nueva fuente de contenido \u00fatil y atractivo utilizando Elfsight Radio Player para la p\u00e1gina de Facebook<\/b><\/p> <\/div> <div class=\"application-platform-content-item-features application-platform-content-item\" id=\"features\" data-nav-section=\"features\"> <h2>Ofrecemos funciones pr\u00e1cticas y f\u00e1ciles de ver algunos de ellos: <\/h2> <ul><li>Numerosas variaciones de color.<\/li><li>Tema de color oscuro\/claro.<\/li><li>Dos dise\u00f1os listos para usar.<\/li><li>Una opci\u00f3n para agregar una imagen de fondo.<\/li><li>Adjunte un n\u00famero ilimitado de estaciones.<\/li><\/ul><p><a href=\"#demo\">Explore todas las configuraciones en una demostraci\u00f3n 100% funcional<\/a><\/p> <\/div> <div class=\"application-platform-content-item-installation application-platform-content-item\" id=\"installation\" data-nav-section=\"installation\"> <h2>\u00bfC\u00f3mo agregar Radio Player a la p\u00e1gina de Facebook?<\/h2> <p>Simplemente siga las instrucciones a continuaci\u00f3n para insertar el widget.<\/p> <ol><li><b>Utilice nuestro editor gratuito y comience a crear su widget de Radio personalizado.<\/b><br> Elija el aspecto adecuado y las caracter\u00edsticas funcionales de la herramienta y guarde las correcciones.<\/li> <li><b>Reciba su c\u00f3digo personal que se muestra en el cuadro de las aplicaciones Elfsight. <\/b><br> Cuando finalice la configuraci\u00f3n de su widget, copie el c\u00f3digo personal en la ventana emergente que aparece y gu\u00e1rdelo para ocasiones posteriores.<\/li> <li><b>Ingrese al uso del widget en su p\u00e1gina de Facebook.<\/b><br> Cree su pesta\u00f1a personalizada de Facebook. Inserte el c\u00f3digo que recibi\u00f3 en Elfsight Apps en la pesta\u00f1a. Si tiene alg\u00fan problema, consulte nuestra gu\u00eda sobre c\u00f3mo crear una <a href=\"https:\/\/elfsight.com\/blog\/how-to-add-custom-tab-to-facebook-page\/\">pesta\u00f1a personalizada para la p\u00e1gina de Facebook<\/a><\/li> <li><b>La instalaci\u00f3n ha finalizado por completo.<\/b><br> Vaya a su p\u00e1gina web para revisar el rendimiento del widget.<\/li><\/ol> <p>Si tiene preguntas o encuentra algunas dificultades, comun\u00edquese con nuestro servicio de atenci\u00f3n al cliente. equipo. Nuestra gente estar\u00e1 encantada de resolver todas las dudas que puedas tener con el widget. <\/p> <\/div>","protected":false},"excerpt":{"rendered":"","protected":false},"author":9,"featured_media":0,"parent":975,"menu_order":0,"comment_status":"closed","ping_status":"closed","template":"templates\/template-application-platform.php","meta":{"publish_to_discourse":"","publish_post_category":"","wpdc_auto_publish_overridden":"","wpdc_topic_tags":"","wpdc_pin_topic":"","wpdc_pin_until":"","discourse_post_id":"","discourse_permalink":"","wpdc_publishing_response":"","wpdc_publishing_error":"","footnotes":""},"class_list":["post-7852","page","type-page","status-publish","hentry"],"yoast_head":"<!-- This site is optimized with the Yoast SEO plugin v25.3.1 - https:\/\/yoast.com\/wordpress\/plugins\/seo\/ -->\n<title>Widget de Streaming Radio Player para la p\u00e1gina web de Facebook (\u00a1f\u00e1cil y gratis!)<\/title>\n<meta name=\"description\" content=\"Incruste la aplicaci\u00f3n Radio Player en su p\u00e1gina web de Facebook. \u00a1Emplea nuestra pr\u00e1ctica demostraci\u00f3n y genera tu widget de radio sin esfuerzo!\" \/>\n<meta name=\"robots\" content=\"index, follow, max-snippet:-1, max-image-preview:large, max-video-preview:-1\" \/>\n<link rel=\"canonical\" href=\"https:\/\/elfsight.com\/es\/radio-player-widget\/facebook\/\" \/>\n<meta property=\"og:locale\" content=\"es_ES\" \/>\n<meta property=\"og:type\" content=\"article\" \/>\n<meta property=\"og:title\" content=\"Widget de Streaming Radio Player para la p\u00e1gina web de Facebook (\u00a1f\u00e1cil y gratis!)\" \/>\n<meta property=\"og:description\" content=\"Incruste la aplicaci\u00f3n Radio Player en su p\u00e1gina web de Facebook. \u00a1Emplea nuestra pr\u00e1ctica demostraci\u00f3n y genera tu widget de radio sin esfuerzo!\" \/>\n<meta property=\"og:url\" content=\"https:\/\/elfsight.com\/es\/radio-player-widget\/facebook\/\" \/>\n<meta property=\"og:site_name\" content=\"Elfsight ES\" \/>\n<meta property=\"article:modified_time\" content=\"2025-02-06T15:45:29+00:00\" \/>\n<meta name=\"twitter:card\" content=\"summary_large_image\" \/>\n<meta name=\"twitter:label1\" content=\"Tiempo de lectura\" \/>\n\t<meta name=\"twitter:data1\" content=\"2 minutos\" \/>\n<!-- \/ Yoast SEO plugin. -->","yoast_head_json":{"title":"Widget de Streaming Radio Player para la p\u00e1gina web de Facebook (\u00a1f\u00e1cil y gratis!)","description":"Incruste la aplicaci\u00f3n Radio Player en su p\u00e1gina web de Facebook. \u00a1Emplea nuestra pr\u00e1ctica demostraci\u00f3n y genera tu widget de radio sin esfuerzo!","robots":{"index":"index","follow":"follow","max-snippet":"max-snippet:-1","max-image-preview":"max-image-preview:large","max-video-preview":"max-video-preview:-1"},"canonical":"https:\/\/elfsight.com\/es\/radio-player-widget\/facebook\/","og_locale":"es_ES","og_type":"article","og_title":"Widget de Streaming Radio Player para la p\u00e1gina web de Facebook (\u00a1f\u00e1cil y gratis!)","og_description":"Incruste la aplicaci\u00f3n Radio Player en su p\u00e1gina web de Facebook. \u00a1Emplea nuestra pr\u00e1ctica demostraci\u00f3n y genera tu widget de radio sin esfuerzo!","og_url":"https:\/\/elfsight.com\/es\/radio-player-widget\/facebook\/","og_site_name":"Elfsight ES","article_modified_time":"2025-02-06T15:45:29+00:00","twitter_card":"summary_large_image","twitter_misc":{"Tiempo de lectura":"2 minutos"},"schema":{"@context":"https:\/\/schema.org","@graph":[{"@type":"WebPage","@id":"https:\/\/elfsight.com\/es\/radio-player-widget\/facebook\/","url":"https:\/\/elfsight.com\/es\/radio-player-widget\/facebook\/","name":"Widget de Streaming Radio Player para la p\u00e1gina web de Facebook (\u00a1f\u00e1cil y gratis!)","isPartOf":{"@id":"https:\/\/elfsight.com\/es\/#website"},"datePublished":"1970-01-01T00:00:00+00:00","dateModified":"2025-02-06T15:45:29+00:00","description":"Incruste la aplicaci\u00f3n Radio Player en su p\u00e1gina web de Facebook. \u00a1Emplea nuestra pr\u00e1ctica demostraci\u00f3n y genera tu widget de radio sin esfuerzo!","breadcrumb":{"@id":"https:\/\/elfsight.com\/es\/radio-player-widget\/facebook\/#breadcrumb"},"inLanguage":"es","potentialAction":[{"@type":"ReadAction","target":["https:\/\/elfsight.com\/es\/radio-player-widget\/facebook\/"]}]},{"@type":"BreadcrumbList","@id":"https:\/\/elfsight.com\/es\/radio-player-widget\/facebook\/#breadcrumb","itemListElement":[{"@type":"ListItem","position":1,"name":"Home","item":"https:\/\/elfsight.com\/es\/"},{"@type":"ListItem","position":2,"name":"Radio Player","item":"https:\/\/elfsight.com\/es\/radio-player-widget\/"},{"@type":"ListItem","position":3,"name":"Radio Player &#8211; Facebook"}]},{"@type":"WebSite","@id":"https:\/\/elfsight.com\/es\/#website","url":"https:\/\/elfsight.com\/es\/","name":"Elfsight ES","description":"Just another Elfsight Sites site","potentialAction":[{"@type":"SearchAction","target":{"@type":"EntryPoint","urlTemplate":"https:\/\/elfsight.com\/es\/?s={search_term_string}"},"query-input":{"@type":"PropertyValueSpecification","valueRequired":true,"valueName":"search_term_string"}}],"inLanguage":"es"}]}},"meta_box":{"industry":"","seo_heading":"","heading":"","description":"","cta_heading":"","cta_description":"","application":"974","h1":"Reproductor de radio de Facebook","h1_caption":"Var\u00ede sus opciones de contenido y aventaje a sus competidores","application_category":[],"applications_title":"","applications_request_title":"","applications_request_button_text":"","hero_text":"","hero_video":"","hero_video_schema_markup":"","selling_points_title":"","selling_points_caption":"","selling_points":[],"selling_points_cta_text":"","features_title":"","features":"","ed_cta_examples_text":"","ed_cta_examples_hidden":"","ed_cta_demo_text":"","ed_cta_demo_hidden":"","why_caption":"","why_editor_title":"","why_editor_text":"","why_team_title":"","why_team_text":"","why_service_title":"","why_service_text":"","template_catalog_visible":"","template_catalog_title":"","template_catalog_text":"","template_catalog_categories_visible":"","demo_title":"An\u00edmate a crear un reproductor de radio a tu medida","demo_caption":"Personal\u00edcelo e incr\u00fastelo en su sitio mediante una demostraci\u00f3n","default_faq_hidden":"","app_template_category":[],"platform":"64","template_public_id":"","codecanyon_url":"","codecanyon_item_id":"","codecanyon_price":"","pricing_caption":"","pricing_elfsight_apps_hide_column":"","pricing_elfsight_apps_url":"","pricing_codecanyon_price_caption":"","integration_category":[],"integration_request_title":"","integration_request_cta":"","integration_platform":"","integrations":[],"platform_category":[],"video_schema_markup":"","price":"desde $0 \/ mes","trial":"","benefits":[{"text":"Ayuda de instalaci\u00f3n gratuita"},{"text":"Soporte excepcional"},{"text":"Garant\u00eda de devoluci\u00f3n de dinero de 14 d\u00edas"},{"text":"Mejoras continuas"}],"button_url":"#demo","button_target_blank":"","button_nofollow":"","attributes":[{"name":"Instalaciones","content":"10,000 - 100,000"},{"name":"Loading...","content":"Compatible con dispositivos m\u00f3viles"},{"name":"Navegadores compatibles","content":"Firefox, Safari, Chrome, Edge, Opera"}],"tags":[],"tags_disable_links":"","hide_more_platforms":"","video_object":"","demo_hide_cta":"","demo_hide_cloud_options":"","pricing_title":"","pricing":[{"pricing_icon":"platform","pricing_title":"Elfsight Apps","pricing_title_caption":"Versi\u00f3n multiplataforma que funciona en cualquier sitio web.","pricing_price":"desde $0 \/ mes","pricing_price_caption":"comienza con el plan gratuito","pricing_benefits":[{"text":"Sitios web ilimitados"},{"text":"Soporte r\u00e1pido y puntual"},{"text":"Servicio de instalaci\u00f3n gratuito"},{"text":"Precio especial para m\u00faltiples aplicaciones"}],"pricing_button_text":"A\u00f1adir al sitio web","pricing_button_url":"#demo"}],"related_apps_title":"","related_apps_hidden":"","author":"","image":[],"title":"","job":"","social_networks":[]},"_links":{"self":[{"href":"https:\/\/elfsight.com\/es\/wp-json\/wp\/v2\/pages\/7852","targetHints":{"allow":["GET"]}}],"collection":[{"href":"https:\/\/elfsight.com\/es\/wp-json\/wp\/v2\/pages"}],"about":[{"href":"https:\/\/elfsight.com\/es\/wp-json\/wp\/v2\/types\/page"}],"author":[{"embeddable":true,"href":"https:\/\/elfsight.com\/es\/wp-json\/wp\/v2\/users\/9"}],"replies":[{"embeddable":true,"href":"https:\/\/elfsight.com\/es\/wp-json\/wp\/v2\/comments?post=7852"}],"version-history":[{"count":2,"href":"https:\/\/elfsight.com\/es\/wp-json\/wp\/v2\/pages\/7852\/revisions"}],"predecessor-version":[{"id":18757,"href":"https:\/\/elfsight.com\/es\/wp-json\/wp\/v2\/pages\/7852\/revisions\/18757"}],"up":[{"embeddable":true,"href":"https:\/\/elfsight.com\/es\/wp-json\/wp\/v2\/pages\/975"}],"wp:attachment":[{"href":"https:\/\/elfsight.com\/es\/wp-json\/wp\/v2\/media?parent=7852"}],"curies":[{"name":"wp","href":"https:\/\/api.w.org\/{rel}","templated":true}]}}