{"id":7851,"date":"1970-01-01T00:00:00","date_gmt":"1970-01-01T00:00:00","guid":{"rendered":"https:\/\/elfsight.com\/es\/?page_id=7851"},"modified":"2025-02-06T15:45:38","modified_gmt":"2025-02-06T15:45:38","slug":"elementor","status":"publish","type":"page","link":"https:\/\/elfsight.com\/es\/radio-player-widget\/elementor\/","title":{"rendered":"Radio Player &#8211; Elementor"},"content":{"rendered":"<div class=\"application-platform-content-item-description application-platform-content-item\" id=\"description\" data-nav-section=\"description\"> <h2>Incrustar Radio Player en Elementor con el widget Elfsight<\/h2> <p>Elfsight Player es un widget sencillo que le brinda la oportunidad de reproducir estaciones de radio directamente en las p\u00e1ginas de su sitio. El complemento es altamente personalizable: puede cambiar su posici\u00f3n, colocarlo en cualquier lugar de la p\u00e1gina, cambiar su tama\u00f1o, modificar el fondo y otras partes para mezclarlo con el estilo de su sitio web, usar una combinaci\u00f3n de colores oscuros, mostrar im\u00e1genes y mostrar u ocultar tres elementos adicionales del reproductor como t\u00edtulo, estado y m\u00e1s. Sube tantas estaciones como necesites para deleitar a tus usuarios, activa la opci\u00f3n de reproducci\u00f3n autom\u00e1tica y no tengas dudas: \u00a1tus visitantes no abandonar\u00e1n tu p\u00e1gina web inmediatamente! <\/p> <p><b>Equipe a sus usuarios con una nueva fuente de contenido \u00fatil e interesante utilizando Elfsight Radio Player para Elementor<\/b><\/p> <\/div> <div class=\"application-platform-content-item-features application-platform-content-item\" id=\"features\" data-nav-section=\"features\"> <h2>Vea la lista de las funciones m\u00e1s \u00fatiles: <\/h2> <ul><li>Variaciones de color ilimitadas.<\/li><li>Color oscuro\/claro esquema.<\/li><li>2 dise\u00f1os listos para usar.<\/li><li>Una opci\u00f3n para agregar una imagen de fondo.<\/li><li>Agregue un n\u00famero ilimitado de estaciones.<\/li><\/ul><p><a href=\"#demo\">Puede descubrir todas las capacidades del widget en la demostraci\u00f3n <\/a><\/p> <\/div> <div class=\"application-platform-content-item-installation application-platform-content-item\" id=\"installation\" data-nav-section=\"installation\"> <h2>\u00bfC\u00f3mo puedo agregar Radio Player a \u00bfmi sitio Elementor?<\/h2><div class=\"video-container\"><iframe width=\"720\" height=\"405\" src=\"https:\/\/www.youtube.com\/embed\/jqhwmGwQQZU\" frameborder=\"0\"><\/iframe><\/div><p>Simplemente siga varios pasos que se detallan a continuaci\u00f3n para insertar el widget.<\/p> <ol><li><b>Utilice nuestra demostraci\u00f3n gratuita y comience a crear el suyo propio. widget.<\/b><br> Determine la forma personalizada y los aspectos del complemento y aplique las ediciones.<\/li> <li><b>Copie el c\u00f3digo personal que se muestra en la ventana de Elfsight Apps.<\/b><br> Cuando finalice la configuraci\u00f3n de su complemento personal, copie el c\u00f3digo individual de la ventana que aparece y gu\u00e1rdelo para usarlo en el futuro.<\/li> <li><b>Comience a utilizar el widget en el sitio de Elementor.<\/b><br> Implemente el c\u00f3digo del complemento copiado anteriormente en su p\u00e1gina y guarde el correcciones.<\/li> <li><b>\u00a1Listo! La integraci\u00f3n se realiz\u00f3 con \u00e9xito.<\/b><br> Vaya a su sitio web para comprobar el funcionamiento del complemento.<\/li><\/ol> <p>A condici\u00f3n de afrontar consultas o superar cualquier dificultad, no dude en dirigirse a nuestro equipo de soporte. Nuestros consultores estar\u00e1n encantados de ayudarle con todas las preguntas que pueda tener sobre el widget.<\/p> <div class=\"faq\" data-component=\"FAQ\"><div class=\"faq-item\">\r\n\t\t\t\t\t<div class=\"faq-item-question\">\r\n\t\t\t\t\t\t<h3 class=\"faq-item-question-text\">\u00bfC\u00f3mo puedo insertar una galer\u00eda de videos de YouTube en mi sitio web de Squarespace sin conocimientos de codificaci\u00f3n?<\/h3>\r\n\r\n\t\t\t\t\t\t<div class=\"faq-item-question-icon\"><\/div>\r\n\t\t\t\t\t<\/div>\r\n\r\n\t\t\t\t\t<div class=\"faq-item-answer\">\r\n\t\t\t\t\t\t<div class=\"faq-item-answer-text\"><p>Elfsight proporciona una soluci\u00f3n basada en la nube que permite a los usuarios crear una galer\u00eda de videos de YouTube por s\u00ed mismos. Observe lo sencillo que es el proceso:<\/p><ul><li>Acceda al Editor en l\u00ednea para darle forma a una secci\u00f3n de la Galer\u00eda de videos de YouTube que le gustar\u00eda insertar en su sitio de Squarespace.<\/li><li>Opte por una de nuestras plantillas preestructuradas y modifique la configuraci\u00f3n de la Galer\u00eda de videos de YouTube, ajuste el dise\u00f1o y la combinaci\u00f3n de colores, integre su contenido sin ning\u00fan requisito de codificaci\u00f3n.<\/li><li>Conserve las preferencias que ha definido para la Galer\u00eda de videos de YouTube y obtenga el c\u00f3digo del widget para su inclusi\u00f3n, que se puede integrar f\u00e1cilmente en su sitio de Squarespace sin costo alguno.<\/li><\/ul><p>Al operar en el Editor f\u00e1cil de usar, cualquier usuario web puede dise\u00f1ar una secci\u00f3n de la Galer\u00eda de videos de YouTube y agregarla a su sitio web de Squarespace. No es necesario realizar ning\u00fan pago ni revelar los datos de su tarjeta para acceder al Editor de Elfsight. Si encuentra alg\u00fan desaf\u00edo en alg\u00fan momento, no dude en ponerse en contacto con nuestro servicio de atenci\u00f3n al cliente.<\/p><\/div>\r\n\t\t\t\t\t<\/div>\r\n\t\t\t\t<\/div><\/div><\/div>","protected":false},"excerpt":{"rendered":"","protected":false},"author":9,"featured_media":0,"parent":975,"menu_order":0,"comment_status":"closed","ping_status":"closed","template":"templates\/template-application-platform.php","meta":{"publish_to_discourse":"","publish_post_category":"","wpdc_auto_publish_overridden":"","wpdc_topic_tags":"","wpdc_pin_topic":"","wpdc_pin_until":"","discourse_post_id":"","discourse_permalink":"","wpdc_publishing_response":"","wpdc_publishing_error":"","footnotes":""},"class_list":["post-7851","page","type-page","status-publish","hentry"],"yoast_head":"<!-- This site is optimized with the Yoast SEO plugin v25.3.1 - https:\/\/yoast.com\/wordpress\/plugins\/seo\/ -->\n<title>Elfsight Radio Player para el sitio web de Elementor (gratis y r\u00e1pido)<\/title>\n<meta name=\"description\" content=\"Agregue un widget de reproductor de radio responsivo a su sitio web. \u00a1Utilice nuestra pr\u00e1ctica demostraci\u00f3n y d\u00e9 forma a su herramienta sin esfuerzo!\" \/>\n<meta name=\"robots\" content=\"index, follow, max-snippet:-1, max-image-preview:large, max-video-preview:-1\" \/>\n<link rel=\"canonical\" href=\"https:\/\/elfsight.com\/es\/radio-player-widget\/elementor\/\" \/>\n<meta property=\"og:locale\" content=\"es_ES\" \/>\n<meta property=\"og:type\" content=\"article\" \/>\n<meta property=\"og:title\" content=\"Elfsight Radio Player para el sitio web de Elementor (gratis y r\u00e1pido)\" \/>\n<meta property=\"og:description\" content=\"Agregue un widget de reproductor de radio responsivo a su sitio web. \u00a1Utilice nuestra pr\u00e1ctica demostraci\u00f3n y d\u00e9 forma a su herramienta sin esfuerzo!\" \/>\n<meta property=\"og:url\" content=\"https:\/\/elfsight.com\/es\/radio-player-widget\/elementor\/\" \/>\n<meta property=\"og:site_name\" content=\"Elfsight ES\" \/>\n<meta property=\"article:modified_time\" content=\"2025-02-06T15:45:38+00:00\" \/>\n<meta name=\"twitter:card\" content=\"summary_large_image\" \/>\n<meta name=\"twitter:label1\" content=\"Tiempo de lectura\" \/>\n\t<meta name=\"twitter:data1\" content=\"3 minutos\" \/>\n<!-- \/ Yoast SEO plugin. -->","yoast_head_json":{"title":"Elfsight Radio Player para el sitio web de Elementor (gratis y r\u00e1pido)","description":"Agregue un widget de reproductor de radio responsivo a su sitio web. \u00a1Utilice nuestra pr\u00e1ctica demostraci\u00f3n y d\u00e9 forma a su herramienta sin esfuerzo!","robots":{"index":"index","follow":"follow","max-snippet":"max-snippet:-1","max-image-preview":"max-image-preview:large","max-video-preview":"max-video-preview:-1"},"canonical":"https:\/\/elfsight.com\/es\/radio-player-widget\/elementor\/","og_locale":"es_ES","og_type":"article","og_title":"Elfsight Radio Player para el sitio web de Elementor (gratis y r\u00e1pido)","og_description":"Agregue un widget de reproductor de radio responsivo a su sitio web. \u00a1Utilice nuestra pr\u00e1ctica demostraci\u00f3n y d\u00e9 forma a su herramienta sin esfuerzo!","og_url":"https:\/\/elfsight.com\/es\/radio-player-widget\/elementor\/","og_site_name":"Elfsight ES","article_modified_time":"2025-02-06T15:45:38+00:00","twitter_card":"summary_large_image","twitter_misc":{"Tiempo de lectura":"3 minutos"},"schema":{"@context":"https:\/\/schema.org","@graph":[{"@type":"WebPage","@id":"https:\/\/elfsight.com\/es\/radio-player-widget\/elementor\/","url":"https:\/\/elfsight.com\/es\/radio-player-widget\/elementor\/","name":"Elfsight Radio Player para el sitio web de Elementor (gratis y r\u00e1pido)","isPartOf":{"@id":"https:\/\/elfsight.com\/es\/#website"},"datePublished":"1970-01-01T00:00:00+00:00","dateModified":"2025-02-06T15:45:38+00:00","description":"Agregue un widget de reproductor de radio responsivo a su sitio web. \u00a1Utilice nuestra pr\u00e1ctica demostraci\u00f3n y d\u00e9 forma a su herramienta sin esfuerzo!","breadcrumb":{"@id":"https:\/\/elfsight.com\/es\/radio-player-widget\/elementor\/#breadcrumb"},"inLanguage":"es","potentialAction":[{"@type":"ReadAction","target":["https:\/\/elfsight.com\/es\/radio-player-widget\/elementor\/"]}]},{"@type":"BreadcrumbList","@id":"https:\/\/elfsight.com\/es\/radio-player-widget\/elementor\/#breadcrumb","itemListElement":[{"@type":"ListItem","position":1,"name":"Home","item":"https:\/\/elfsight.com\/es\/"},{"@type":"ListItem","position":2,"name":"Radio Player","item":"https:\/\/elfsight.com\/es\/radio-player-widget\/"},{"@type":"ListItem","position":3,"name":"Radio Player &#8211; Elementor"}]},{"@type":"WebSite","@id":"https:\/\/elfsight.com\/es\/#website","url":"https:\/\/elfsight.com\/es\/","name":"Elfsight ES","description":"Just another Elfsight Sites site","potentialAction":[{"@type":"SearchAction","target":{"@type":"EntryPoint","urlTemplate":"https:\/\/elfsight.com\/es\/?s={search_term_string}"},"query-input":{"@type":"PropertyValueSpecification","valueRequired":true,"valueName":"search_term_string"}}],"inLanguage":"es"}]}},"meta_box":{"industry":"","seo_heading":"","heading":"","description":"","cta_heading":"","cta_description":"","application":"974","h1":"Widget de reproductor de radio Elementor","h1_caption":"Intercale sus opciones de contenido y destaque entre sus competidores","application_category":[],"applications_title":"","applications_request_title":"","applications_request_button_text":"","hero_text":"","hero_video":"","hero_video_schema_markup":"","selling_points_title":"","selling_points_caption":"","selling_points":[],"selling_points_cta_text":"","features_title":"","features":"","ed_cta_examples_text":"","ed_cta_examples_hidden":"","ed_cta_demo_text":"","ed_cta_demo_hidden":"","why_caption":"","why_editor_title":"","why_editor_text":"","why_team_title":"","why_team_text":"","why_service_title":"","why_service_text":"","template_catalog_visible":"","template_catalog_title":"","template_catalog_text":"","template_catalog_categories_visible":"","demo_title":"Crea tu widget de reproductor de radio","demo_caption":"\u00a1Configure su reproductor de radio y agr\u00e9guelo a su sitio web de Elementor gratis!","default_faq_hidden":"","app_template_category":[],"platform":"58","template_public_id":"","codecanyon_url":"","codecanyon_item_id":"","codecanyon_price":"","pricing_caption":"","pricing_elfsight_apps_hide_column":"","pricing_elfsight_apps_url":"","pricing_codecanyon_price_caption":"","integration_category":[],"integration_request_title":"","integration_request_cta":"","integration_platform":"","integrations":[],"platform_category":[],"video_schema_markup":"","price":"desde $0 \/ mes","trial":"","benefits":[{"text":"Asistencia de instalaci\u00f3n gratuita"},{"text":"Soporte excepcional"},{"text":"Garant\u00eda de reembolso de 14 d\u00edas"},{"text":"Mejoras continuas"}],"button_url":"#demo","button_target_blank":"","button_nofollow":"","attributes":[{"name":"Instalaciones","content":"10,000 - 100,000"},{"name":"Sensible","content":"S\u00ed"},{"name":"Navegadores compatibles","content":"Firefox, Safari, Opera, Chrome, Edge"}],"tags":[],"tags_disable_links":"","hide_more_platforms":"","video_object":"","demo_hide_cta":"","demo_hide_cloud_options":"","pricing_title":"","pricing":[{"pricing_icon":"platform","pricing_title":"Elfsight Apps","pricing_title_caption":"Software independiente de la plataforma que funciona en cualquier sitio web","pricing_price":"desde $0 \/ mes","pricing_price_caption":"comienza con el plan gratuito","pricing_benefits":[{"text":"Sitios web ilimitados"},{"text":"Soporte 24 horas al d\u00eda, 7 d\u00edas a la semana"},{"text":"Asistencia de instalaci\u00f3n gratuita"},{"text":"Gran oferta para m\u00faltiples aplicaciones"}],"pricing_button_text":"A\u00f1adir al sitio web","pricing_button_url":"#demo"}],"related_apps_title":"","related_apps_hidden":"","author":"","image":[],"title":"","job":"","social_networks":[]},"_links":{"self":[{"href":"https:\/\/elfsight.com\/es\/wp-json\/wp\/v2\/pages\/7851","targetHints":{"allow":["GET"]}}],"collection":[{"href":"https:\/\/elfsight.com\/es\/wp-json\/wp\/v2\/pages"}],"about":[{"href":"https:\/\/elfsight.com\/es\/wp-json\/wp\/v2\/types\/page"}],"author":[{"embeddable":true,"href":"https:\/\/elfsight.com\/es\/wp-json\/wp\/v2\/users\/9"}],"replies":[{"embeddable":true,"href":"https:\/\/elfsight.com\/es\/wp-json\/wp\/v2\/comments?post=7851"}],"version-history":[{"count":2,"href":"https:\/\/elfsight.com\/es\/wp-json\/wp\/v2\/pages\/7851\/revisions"}],"predecessor-version":[{"id":18758,"href":"https:\/\/elfsight.com\/es\/wp-json\/wp\/v2\/pages\/7851\/revisions\/18758"}],"up":[{"embeddable":true,"href":"https:\/\/elfsight.com\/es\/wp-json\/wp\/v2\/pages\/975"}],"wp:attachment":[{"href":"https:\/\/elfsight.com\/es\/wp-json\/wp\/v2\/media?parent=7851"}],"curies":[{"name":"wp","href":"https:\/\/api.w.org\/{rel}","templated":true}]}}