{"id":7850,"date":"1970-01-01T00:00:00","date_gmt":"1970-01-01T00:00:00","guid":{"rendered":"https:\/\/elfsight.com\/es\/?page_id=7850"},"modified":"2025-02-06T15:45:38","modified_gmt":"2025-02-06T15:45:38","slug":"drupal","status":"publish","type":"page","link":"https:\/\/elfsight.com\/es\/radio-player-widget\/drupal\/","title":{"rendered":"Radio Player &#8211; Drupal"},"content":{"rendered":"<div class=\"application-platform-content-item-description application-platform-content-item\" id=\"description\" data-nav-section=\"description\"> <h2>Descripci\u00f3n<\/h2> <p>El m\u00f3dulo Elfsight Radio es una herramienta sencilla que le brinda la oportunidad de reproducir estaciones de radio directamente en su sitio web. El widget es notablemente ajustable: puede cambiar su posici\u00f3n, incrustarlo en cualquier lugar de la p\u00e1gina, cambiar su tama\u00f1o, cambiar el color del fondo y todos los dem\u00e1s elementos para combinarlo con el dise\u00f1o de su sitio web, aplicar un tema oscuro, mostrar portadas y mostrar u ocultar otras tres partes del reproductor, por ejemplo, encabezado, estado y m\u00e1s. Agrega tantas estaciones como desees para entretener a tus visitantes, activa la opci\u00f3n de reproducci\u00f3n autom\u00e1tica y no lo dudes: \u00a1tu audiencia no abandonar\u00e1 tu sitio r\u00e1pidamente! <\/p> <p><b>Proporcione a sus visitantes una fuente m\u00e1s de contenido \u00fatil y entretenido utilizando Radio Player para Drupal<\/b><\/p> <\/div> <div class=\"application-platform-content-item-features application-platform-content-item\" id=\"features\" data-nav-section=\"features\"> <h2>Conozca la lista de las funciones m\u00e1s \u00fatiles: <\/h2> <ul><li>Numerosas alteraciones de color. <\/li><li>Tema de color oscuro\/claro. <\/li><li>2 dise\u00f1os disponibles. <\/li><li>Una oportunidad para agregar una imagen de fondo. <\/li><li>Agregue un n\u00famero ilimitado de estaciones<\/li><\/ul><p><a href=\"#demo\">Simplemente consulte esta demostraci\u00f3n para ver c\u00f3mo funciona<\/a><\/p> <\/div> <div class=\"application-platform-content-item-installation application-platform-content-item\" id=\"installation\" data-nav-section=\"installation\"> <h2>\u00bfC\u00f3mo agregar Radio Player en mi sitio web Drupal?<\/h2><div class=\"video-container\"><iframe width=\"720\" height=\"405\" src=\"https:\/\/www.youtube.com\/embed\/PLMlzTHsVPM\" frameborder=\"0\"><\/iframe><\/div><p>Simplemente siga las instrucciones a continuaci\u00f3n para activar el m\u00f3dulo.<\/p> <ol><li><b>Emplee nuestro editor gratuito y comience a trabajar con su m\u00f3dulo personalizado. <\/b><br> Elija la interfaz personalizada y las especificaciones del m\u00f3dulo y aplique todas las correcciones. <\/li> <li><b>Copia tu c\u00f3digo personal que aparece en el cuadro de Elfsight Apps. <\/b><br> Inmediatamente despu\u00e9s de que finalice la generaci\u00f3n de su m\u00f3dulo, copie su c\u00f3digo del cuadro que aparece y gu\u00e1rdelo para su uso posterior. <\/li> <li><b>Iniciar el empleo del m\u00f3dulo en el sitio Drupal. <\/b><br>Incrusta el c\u00f3digo que has guardado recientemente en tu p\u00e1gina web y guarda las modificaciones. <\/li> <li><b>La instalaci\u00f3n finaliz\u00f3 exitosamente. <\/b><br> Visite su sitio para examinar el rendimiento del m\u00f3dulo. <\/li><\/ol><p>Si tiene alguna dificultad, comun\u00edquese con nuestro personal de servicio al cliente. Nuestros consultores estar\u00e1n encantados de resolver todas las dudas que puedas tener con el producto.<\/p> <\/div>","protected":false},"excerpt":{"rendered":"","protected":false},"author":9,"featured_media":0,"parent":975,"menu_order":0,"comment_status":"closed","ping_status":"closed","template":"templates\/template-application-platform.php","meta":{"publish_to_discourse":"","publish_post_category":"","wpdc_auto_publish_overridden":"","wpdc_topic_tags":"","wpdc_pin_topic":"","wpdc_pin_until":"","discourse_post_id":"","discourse_permalink":"","wpdc_publishing_response":"","wpdc_publishing_error":"","footnotes":""},"class_list":["post-7850","page","type-page","status-publish","hentry"],"yoast_head":"<!-- This site is optimized with the Yoast SEO plugin v25.3.1 - https:\/\/yoast.com\/wordpress\/plugins\/seo\/ -->\n<title>Widget de Streaming Radio Player para el sitio web Drupal (f\u00e1cil y gratuito)<\/title>\n<meta name=\"description\" content=\"Incruste un m\u00f3dulo de radio responsivo en su sitio web Drupal. \u00a1Emplea nuestra pr\u00e1ctica demostraci\u00f3n y genera tu widget de radio sin esfuerzo!\" \/>\n<meta name=\"robots\" content=\"index, follow, max-snippet:-1, max-image-preview:large, max-video-preview:-1\" \/>\n<link rel=\"canonical\" href=\"https:\/\/elfsight.com\/es\/radio-player-widget\/drupal\/\" \/>\n<meta property=\"og:locale\" content=\"es_ES\" \/>\n<meta property=\"og:type\" content=\"article\" \/>\n<meta property=\"og:title\" content=\"Widget de Streaming Radio Player para el sitio web Drupal (f\u00e1cil y gratuito)\" \/>\n<meta property=\"og:description\" content=\"Incruste un m\u00f3dulo de radio responsivo en su sitio web Drupal. \u00a1Emplea nuestra pr\u00e1ctica demostraci\u00f3n y genera tu widget de radio sin esfuerzo!\" \/>\n<meta property=\"og:url\" content=\"https:\/\/elfsight.com\/es\/radio-player-widget\/drupal\/\" \/>\n<meta property=\"og:site_name\" content=\"Elfsight ES\" \/>\n<meta property=\"article:modified_time\" content=\"2025-02-06T15:45:38+00:00\" \/>\n<meta name=\"twitter:card\" content=\"summary_large_image\" \/>\n<meta name=\"twitter:label1\" content=\"Tiempo de lectura\" \/>\n\t<meta name=\"twitter:data1\" content=\"2 minutos\" \/>\n<!-- \/ Yoast SEO plugin. -->","yoast_head_json":{"title":"Widget de Streaming Radio Player para el sitio web Drupal (f\u00e1cil y gratuito)","description":"Incruste un m\u00f3dulo de radio responsivo en su sitio web Drupal. \u00a1Emplea nuestra pr\u00e1ctica demostraci\u00f3n y genera tu widget de radio sin esfuerzo!","robots":{"index":"index","follow":"follow","max-snippet":"max-snippet:-1","max-image-preview":"max-image-preview:large","max-video-preview":"max-video-preview:-1"},"canonical":"https:\/\/elfsight.com\/es\/radio-player-widget\/drupal\/","og_locale":"es_ES","og_type":"article","og_title":"Widget de Streaming Radio Player para el sitio web Drupal (f\u00e1cil y gratuito)","og_description":"Incruste un m\u00f3dulo de radio responsivo en su sitio web Drupal. \u00a1Emplea nuestra pr\u00e1ctica demostraci\u00f3n y genera tu widget de radio sin esfuerzo!","og_url":"https:\/\/elfsight.com\/es\/radio-player-widget\/drupal\/","og_site_name":"Elfsight ES","article_modified_time":"2025-02-06T15:45:38+00:00","twitter_card":"summary_large_image","twitter_misc":{"Tiempo de lectura":"2 minutos"},"schema":{"@context":"https:\/\/schema.org","@graph":[{"@type":"WebPage","@id":"https:\/\/elfsight.com\/es\/radio-player-widget\/drupal\/","url":"https:\/\/elfsight.com\/es\/radio-player-widget\/drupal\/","name":"Widget de Streaming Radio Player para el sitio web Drupal (f\u00e1cil y gratuito)","isPartOf":{"@id":"https:\/\/elfsight.com\/es\/#website"},"datePublished":"1970-01-01T00:00:00+00:00","dateModified":"2025-02-06T15:45:38+00:00","description":"Incruste un m\u00f3dulo de radio responsivo en su sitio web Drupal. \u00a1Emplea nuestra pr\u00e1ctica demostraci\u00f3n y genera tu widget de radio sin esfuerzo!","breadcrumb":{"@id":"https:\/\/elfsight.com\/es\/radio-player-widget\/drupal\/#breadcrumb"},"inLanguage":"es","potentialAction":[{"@type":"ReadAction","target":["https:\/\/elfsight.com\/es\/radio-player-widget\/drupal\/"]}]},{"@type":"BreadcrumbList","@id":"https:\/\/elfsight.com\/es\/radio-player-widget\/drupal\/#breadcrumb","itemListElement":[{"@type":"ListItem","position":1,"name":"Home","item":"https:\/\/elfsight.com\/es\/"},{"@type":"ListItem","position":2,"name":"Radio Player","item":"https:\/\/elfsight.com\/es\/radio-player-widget\/"},{"@type":"ListItem","position":3,"name":"Radio Player &#8211; Drupal"}]},{"@type":"WebSite","@id":"https:\/\/elfsight.com\/es\/#website","url":"https:\/\/elfsight.com\/es\/","name":"Elfsight ES","description":"Just another Elfsight Sites site","potentialAction":[{"@type":"SearchAction","target":{"@type":"EntryPoint","urlTemplate":"https:\/\/elfsight.com\/es\/?s={search_term_string}"},"query-input":{"@type":"PropertyValueSpecification","valueRequired":true,"valueName":"search_term_string"}}],"inLanguage":"es"}]}},"meta_box":{"industry":"","seo_heading":"","heading":"","description":"","cta_heading":"","cta_description":"","application":"974","h1":"M\u00f3dulo de reproductor de radio Drupal","h1_caption":"Var\u00ede sus variantes de contenido y aventaje de sus competidores","application_category":[],"applications_title":"","applications_request_title":"","applications_request_button_text":"","hero_text":"","hero_video":"","hero_video_schema_markup":"","selling_points_title":"","selling_points_caption":"","selling_points":[],"selling_points_cta_text":"","features_title":"","features":"","ed_cta_examples_text":"","ed_cta_examples_hidden":"","ed_cta_demo_text":"","ed_cta_demo_hidden":"","why_caption":"","why_editor_title":"","why_editor_text":"","why_team_title":"","why_team_text":"","why_service_title":"","why_service_text":"","template_catalog_visible":"","template_catalog_title":"","template_catalog_text":"","template_catalog_categories_visible":"","demo_title":"Crea tu m\u00f3dulo Reproductor de Radio","demo_caption":"\u00a1Configura tu reproductor de radio y agr\u00e9galo a tu sitio web Drupal gratis!","default_faq_hidden":"","app_template_category":[],"platform":"2161","template_public_id":"","codecanyon_url":"","codecanyon_item_id":"","codecanyon_price":"","pricing_caption":"","pricing_elfsight_apps_hide_column":"","pricing_elfsight_apps_url":"","pricing_codecanyon_price_caption":"","integration_category":[],"integration_request_title":"","integration_request_cta":"","integration_platform":"","integrations":[],"platform_category":[],"video_schema_markup":"","price":"desde $0 \/ mes","trial":"","benefits":[{"text":"Servicio de instalaci\u00f3n gratuito"},{"text":"Soporte premium"},{"text":"Garant\u00eda de reembolso de 14 d\u00edas"},{"text":"Actualizando constantemente"}],"button_url":"#demo","button_target_blank":"","button_nofollow":"","attributes":[{"name":"Instalaciones","content":"10,000 - 100,000"},{"name":"Sensible","content":"S\u00ed"},{"name":"Navegadores compatibles","content":"Firefox, Safari, Opera, Chrome, Edge"}],"tags":[],"tags_disable_links":"","hide_more_platforms":"","video_object":"","demo_hide_cta":"","demo_hide_cloud_options":"","pricing_title":"","pricing":[{"pricing_icon":"platform","pricing_title":"Elfsight Apps","pricing_title_caption":"Versi\u00f3n multiplataforma que se adapta a cualquier sitio web","pricing_price":"desde $0 \/ mes","pricing_price_caption":"comienza con el plan gratuito","pricing_benefits":[{"text":"Sitios web ilimitados"},{"text":"Soporte profesional"},{"text":"Soporte de instalaci\u00f3n gratuito"},{"text":"Precio especial para m\u00faltiples aplicaciones"}],"pricing_button_text":"A\u00f1adir al sitio web","pricing_button_url":"#demo"}],"related_apps_title":"","related_apps_hidden":"","author":"","image":[],"title":"","job":"","social_networks":[]},"_links":{"self":[{"href":"https:\/\/elfsight.com\/es\/wp-json\/wp\/v2\/pages\/7850","targetHints":{"allow":["GET"]}}],"collection":[{"href":"https:\/\/elfsight.com\/es\/wp-json\/wp\/v2\/pages"}],"about":[{"href":"https:\/\/elfsight.com\/es\/wp-json\/wp\/v2\/types\/page"}],"author":[{"embeddable":true,"href":"https:\/\/elfsight.com\/es\/wp-json\/wp\/v2\/users\/9"}],"replies":[{"embeddable":true,"href":"https:\/\/elfsight.com\/es\/wp-json\/wp\/v2\/comments?post=7850"}],"version-history":[{"count":2,"href":"https:\/\/elfsight.com\/es\/wp-json\/wp\/v2\/pages\/7850\/revisions"}],"predecessor-version":[{"id":18759,"href":"https:\/\/elfsight.com\/es\/wp-json\/wp\/v2\/pages\/7850\/revisions\/18759"}],"up":[{"embeddable":true,"href":"https:\/\/elfsight.com\/es\/wp-json\/wp\/v2\/pages\/975"}],"wp:attachment":[{"href":"https:\/\/elfsight.com\/es\/wp-json\/wp\/v2\/media?parent=7850"}],"curies":[{"name":"wp","href":"https:\/\/api.w.org\/{rel}","templated":true}]}}