{"id":7844,"date":"1970-01-01T00:00:00","date_gmt":"1970-01-01T00:00:00","guid":{"rendered":"https:\/\/elfsight.com\/es\/?page_id=7844"},"modified":"2025-02-06T15:45:38","modified_gmt":"2025-02-06T15:45:38","slug":"bigcommerce","status":"publish","type":"page","link":"https:\/\/elfsight.com\/es\/radio-player-widget\/bigcommerce\/","title":{"rendered":"Radio Player &#8211; BigCommerce"},"content":{"rendered":"<div class=\"application-platform-content-item-description application-platform-content-item\" id=\"description\" data-nav-section=\"description\"> <h2>Descripci\u00f3n<\/h2> <p>Elfsight Player es una aplicaci\u00f3n sencilla que le permite transmitir estaciones de radio directamente en las p\u00e1ginas de su sitio. El widget es enormemente ajustable: usted es libre de modificar su ubicaci\u00f3n, insertarlo en cualquier lugar de la p\u00e1gina, modificar su tama\u00f1o, volver a pintar el fondo y todas las dem\u00e1s partes para combinarlo con el dise\u00f1o de su sitio, aplicar una combinaci\u00f3n de colores oscuros, mostrar portadas y mostrar u ocultar 3 elementos adicionales del reproductor como encabezado, estado y otros. Incluye tantas estaciones como quieras para entretener a tus usuarios, activa la reproducci\u00f3n autom\u00e1tica y no tengas dudas: \u00a1tus usuarios no abandonar\u00e1n tu p\u00e1gina de inicio r\u00e1pidamente! <\/p> <p><b>Brinde a su audiencia una nueva fuente de contenido \u00fatil y entretenido mediante Elfsight Radio Player para BigCommerce.<\/b><\/p> <\/div> <div class=\"application-platform-content-item-features application-platform-content-item\" id=\"features\" data-nav-section=\"features\"> <h2>Estas son solo algunas de las muchas caracter\u00edsticas de la aplicaci\u00f3n:<\/h2> <ul><li>Varias alteraciones de color.<\/li><li>Color oscuro\/claro tema.<\/li><li>Dos dise\u00f1os listos para usar.<\/li><li>Una opci\u00f3n para usar una imagen de fondo.<\/li><li>Agrega un n\u00famero infinito de estaciones.<\/li><\/ul><p><a href=\"#demo\">Pruebe esta demostraci\u00f3n para ver c\u00f3mo funciona<\/a><\/p> <\/div> <div class=\"application-platform-content-item-installation application-platform-content-item\" id=\"installation\" data-nav-section=\"installation\"> <h2>C\u00f3mo agregar Radio Player a mi sitio web de BigCommerce \u00bfp\u00e1gina?<\/h2><div class=\"video-container\"><iframe width=\"720\" height=\"405\" src=\"https:\/\/www.youtube.com\/embed\/FXlrphETgSE\" frameborder=\"0\"><\/iframe><\/div><p>Simplemente aplique las instrucciones a continuaci\u00f3n para insertar la aplicaci\u00f3n.<\/p> <ol><li><b>Emplee nuestra demostraci\u00f3n gratuita y comience a darle forma a su widget personalizado. <\/b><br> Especifique el dise\u00f1o y las caracter\u00edsticas preferidas del widget y guarde todas las ediciones. <\/li> <li><b>Copia tu c\u00f3digo personal que se muestra en el formulario especial en Elfsight Apps. <\/b><br> Cuando se complete la generaci\u00f3n de su widget, copie el c\u00f3digo exclusivo del cuadro que aparece y gu\u00e1rdelo para su uso posterior. <\/li> <li><b>Inicie la aplicaci\u00f3n del widget en su sitio BigCommerce. <\/b><br>Implemente el c\u00f3digo que ha copiado recientemente en su sitio y guarde las modificaciones. <\/li> <li><b>La configuraci\u00f3n se ha realizado por completo. <\/b><br>Abre tu p\u00e1gina web para observar el rendimiento del widget. <\/li><\/ol><p>En caso de que tenga algunas dificultades, no dude en comunicarse con nuestro equipo de atenci\u00f3n al cliente. Nuestra gente est\u00e1 ansiosa por resolver todas las dificultades que pueda tener con el widget.<\/p> <\/div>","protected":false},"excerpt":{"rendered":"","protected":false},"author":9,"featured_media":0,"parent":975,"menu_order":0,"comment_status":"closed","ping_status":"closed","template":"templates\/template-application-platform.php","meta":{"publish_to_discourse":"","publish_post_category":"","wpdc_auto_publish_overridden":"","wpdc_topic_tags":"","wpdc_pin_topic":"","wpdc_pin_until":"","discourse_post_id":"","discourse_permalink":"","wpdc_publishing_response":"","wpdc_publishing_error":"","footnotes":""},"class_list":["post-7844","page","type-page","status-publish","hentry"],"yoast_head":"<!-- This site is optimized with the Yoast SEO plugin v25.3.1 - https:\/\/yoast.com\/wordpress\/plugins\/seo\/ -->\n<title>Aplicaci\u00f3n Radio Player para el sitio web de BigCommerce (r\u00e1pida y gratuita)<\/title>\n<meta name=\"description\" content=\"Incruste una aplicaci\u00f3n de Radio Player responsiva en su sitio web BigCommerce. \u00a1Emplea nuestra pr\u00e1ctica demostraci\u00f3n y genera tu widget de radio sin esfuerzo!\" \/>\n<meta name=\"robots\" content=\"index, follow, max-snippet:-1, max-image-preview:large, max-video-preview:-1\" \/>\n<link rel=\"canonical\" href=\"https:\/\/elfsight.com\/es\/radio-player-widget\/bigcommerce\/\" \/>\n<meta property=\"og:locale\" content=\"es_ES\" \/>\n<meta property=\"og:type\" content=\"article\" \/>\n<meta property=\"og:title\" content=\"Aplicaci\u00f3n Radio Player para el sitio web de BigCommerce (r\u00e1pida y gratuita)\" \/>\n<meta property=\"og:description\" content=\"Incruste una aplicaci\u00f3n de Radio Player responsiva en su sitio web BigCommerce. \u00a1Emplea nuestra pr\u00e1ctica demostraci\u00f3n y genera tu widget de radio sin esfuerzo!\" \/>\n<meta property=\"og:url\" content=\"https:\/\/elfsight.com\/es\/radio-player-widget\/bigcommerce\/\" \/>\n<meta property=\"og:site_name\" content=\"Elfsight ES\" \/>\n<meta property=\"article:modified_time\" content=\"2025-02-06T15:45:38+00:00\" \/>\n<meta name=\"twitter:card\" content=\"summary_large_image\" \/>\n<meta name=\"twitter:label1\" content=\"Tiempo de lectura\" \/>\n\t<meta name=\"twitter:data1\" content=\"2 minutos\" \/>\n<!-- \/ Yoast SEO plugin. -->","yoast_head_json":{"title":"Aplicaci\u00f3n Radio Player para el sitio web de BigCommerce (r\u00e1pida y gratuita)","description":"Incruste una aplicaci\u00f3n de Radio Player responsiva en su sitio web BigCommerce. \u00a1Emplea nuestra pr\u00e1ctica demostraci\u00f3n y genera tu widget de radio sin esfuerzo!","robots":{"index":"index","follow":"follow","max-snippet":"max-snippet:-1","max-image-preview":"max-image-preview:large","max-video-preview":"max-video-preview:-1"},"canonical":"https:\/\/elfsight.com\/es\/radio-player-widget\/bigcommerce\/","og_locale":"es_ES","og_type":"article","og_title":"Aplicaci\u00f3n Radio Player para el sitio web de BigCommerce (r\u00e1pida y gratuita)","og_description":"Incruste una aplicaci\u00f3n de Radio Player responsiva en su sitio web BigCommerce. \u00a1Emplea nuestra pr\u00e1ctica demostraci\u00f3n y genera tu widget de radio sin esfuerzo!","og_url":"https:\/\/elfsight.com\/es\/radio-player-widget\/bigcommerce\/","og_site_name":"Elfsight ES","article_modified_time":"2025-02-06T15:45:38+00:00","twitter_card":"summary_large_image","twitter_misc":{"Tiempo de lectura":"2 minutos"},"schema":{"@context":"https:\/\/schema.org","@graph":[{"@type":"WebPage","@id":"https:\/\/elfsight.com\/es\/radio-player-widget\/bigcommerce\/","url":"https:\/\/elfsight.com\/es\/radio-player-widget\/bigcommerce\/","name":"Aplicaci\u00f3n Radio Player para el sitio web de BigCommerce (r\u00e1pida y gratuita)","isPartOf":{"@id":"https:\/\/elfsight.com\/es\/#website"},"datePublished":"1970-01-01T00:00:00+00:00","dateModified":"2025-02-06T15:45:38+00:00","description":"Incruste una aplicaci\u00f3n de Radio Player responsiva en su sitio web BigCommerce. \u00a1Emplea nuestra pr\u00e1ctica demostraci\u00f3n y genera tu widget de radio sin esfuerzo!","breadcrumb":{"@id":"https:\/\/elfsight.com\/es\/radio-player-widget\/bigcommerce\/#breadcrumb"},"inLanguage":"es","potentialAction":[{"@type":"ReadAction","target":["https:\/\/elfsight.com\/es\/radio-player-widget\/bigcommerce\/"]}]},{"@type":"BreadcrumbList","@id":"https:\/\/elfsight.com\/es\/radio-player-widget\/bigcommerce\/#breadcrumb","itemListElement":[{"@type":"ListItem","position":1,"name":"Home","item":"https:\/\/elfsight.com\/es\/"},{"@type":"ListItem","position":2,"name":"Radio Player","item":"https:\/\/elfsight.com\/es\/radio-player-widget\/"},{"@type":"ListItem","position":3,"name":"Radio Player &#8211; BigCommerce"}]},{"@type":"WebSite","@id":"https:\/\/elfsight.com\/es\/#website","url":"https:\/\/elfsight.com\/es\/","name":"Elfsight ES","description":"Just another Elfsight Sites site","potentialAction":[{"@type":"SearchAction","target":{"@type":"EntryPoint","urlTemplate":"https:\/\/elfsight.com\/es\/?s={search_term_string}"},"query-input":{"@type":"PropertyValueSpecification","valueRequired":true,"valueName":"search_term_string"}}],"inLanguage":"es"}]}},"meta_box":{"industry":"","seo_heading":"","heading":"","description":"","cta_heading":"","cta_description":"","application":"974","h1":"Aplicaci\u00f3n BigCommerce Radio Player","h1_caption":"Intercale sus variantes de contenido y abulte a sus competidores","application_category":[],"applications_title":"","applications_request_title":"","applications_request_button_text":"","hero_text":"","hero_video":"","hero_video_schema_markup":"","selling_points_title":"","selling_points_caption":"","selling_points":[],"selling_points_cta_text":"","features_title":"","features":"","ed_cta_examples_text":"","ed_cta_examples_hidden":"","ed_cta_demo_text":"","ed_cta_demo_hidden":"","why_caption":"","why_editor_title":"","why_editor_text":"","why_team_title":"","why_team_text":"","why_service_title":"","why_service_text":"","template_catalog_visible":"","template_catalog_title":"","template_catalog_text":"","template_catalog_categories_visible":"","demo_title":"Crea tu aplicaci\u00f3n Reproductor de Radio","demo_caption":"\u00a1Configure su reproductor de radio y agr\u00e9guelo a su sitio web de BigCommerce gratis!","default_faq_hidden":"","app_template_category":[],"platform":"33","template_public_id":"","codecanyon_url":"","codecanyon_item_id":"","codecanyon_price":"","pricing_caption":"","pricing_elfsight_apps_hide_column":"","pricing_elfsight_apps_url":"","pricing_codecanyon_price_caption":"","integration_category":[],"integration_request_title":"","integration_request_cta":"","integration_platform":"","integrations":[],"platform_category":[],"video_schema_markup":"","price":"desde $0 \/ mes","trial":"","benefits":[{"text":"Servicio de instalaci\u00f3n gratuito"},{"text":"Servicio al cliente competente"},{"text":"Garant\u00eda de reembolso de 14 d\u00edas"},{"text":"Futuras actualizaciones gratuitas"}],"button_url":"#demo","button_target_blank":"","button_nofollow":"","attributes":[{"name":"Instalaciones","content":"10,000 - 100,000"},{"name":"Sensible","content":"S\u00ed"},{"name":"Navegadores compatibles","content":"Firefox, Safari, Opera, Chrome, Edge"}],"tags":[],"tags_disable_links":"","hide_more_platforms":"","video_object":"","demo_hide_cta":"","demo_hide_cloud_options":"","pricing_title":"","pricing":[{"pricing_icon":"platform","pricing_title":"Elfsight Apps","pricing_title_caption":"Software independiente de la plataforma que se adapta a cualquier sitio","pricing_price":"desde $0 \/ mes","pricing_price_caption":"comienza con un plan gratuito","pricing_benefits":[{"text":"Sitios web ilimitados"},{"text":"Atenci\u00f3n al cliente 24 horas al d\u00eda, 7 d\u00edas a la semana y bien documentada."},{"text":"Asistencia de instalaci\u00f3n gratuita"},{"text":"Dise\u00f1o flexible"}],"pricing_button_text":"A\u00f1adir al sitio web","pricing_button_url":"#demo"}],"related_apps_title":"","related_apps_hidden":"","author":"","image":[],"title":"","job":"","social_networks":[]},"_links":{"self":[{"href":"https:\/\/elfsight.com\/es\/wp-json\/wp\/v2\/pages\/7844","targetHints":{"allow":["GET"]}}],"collection":[{"href":"https:\/\/elfsight.com\/es\/wp-json\/wp\/v2\/pages"}],"about":[{"href":"https:\/\/elfsight.com\/es\/wp-json\/wp\/v2\/types\/page"}],"author":[{"embeddable":true,"href":"https:\/\/elfsight.com\/es\/wp-json\/wp\/v2\/users\/9"}],"replies":[{"embeddable":true,"href":"https:\/\/elfsight.com\/es\/wp-json\/wp\/v2\/comments?post=7844"}],"version-history":[{"count":2,"href":"https:\/\/elfsight.com\/es\/wp-json\/wp\/v2\/pages\/7844\/revisions"}],"predecessor-version":[{"id":18761,"href":"https:\/\/elfsight.com\/es\/wp-json\/wp\/v2\/pages\/7844\/revisions\/18761"}],"up":[{"embeddable":true,"href":"https:\/\/elfsight.com\/es\/wp-json\/wp\/v2\/pages\/975"}],"wp:attachment":[{"href":"https:\/\/elfsight.com\/es\/wp-json\/wp\/v2\/media?parent=7844"}],"curies":[{"name":"wp","href":"https:\/\/api.w.org\/{rel}","templated":true}]}}