{"id":7836,"date":"1970-01-01T00:00:00","date_gmt":"1970-01-01T00:00:00","guid":{"rendered":"https:\/\/elfsight.com\/es\/?page_id=7836"},"modified":"2025-02-06T15:45:46","modified_gmt":"2025-02-06T15:45:46","slug":"woocommerce","status":"publish","type":"page","link":"https:\/\/elfsight.com\/es\/social-media-icons-widget\/woocommerce\/","title":{"rendered":"Social Media Icons &#8211; WooCommerce"},"content":{"rendered":"<div class=\"application-platform-content-item-description application-platform-content-item\" id=\"description\" data-nav-section=\"description\"><h2>Descripci\u00f3n<\/h2><p>Elfsight Social Icons, f\u00e1cil y eficaz, est\u00e1 aqu\u00ed para conectar su sitio con todas las redes sociales que necesita. Fortalece la conexi\u00f3n con tus clientes, convirti\u00e9ndolos en tus fans. Una plantilla adaptable, configuraciones detalladas de interfaz y estilo con \u00edconos integrados de todas las redes sociales m\u00e1s populares.<\/p><p><b>\u00a1Agregue presencia de su empresa en las redes sociales!<\/b><\/p><\/div> <div class=\"application-platform-content-item-features application-platform-content-item\" id=\"features\" data-nav-section=\"features\"><h2>Vea las caracter\u00edsticas clave del widget:<\/h2><ul><li>M\u00e1s de 50 plataformas sociales predefinidas;<\/li><li>5 tama\u00f1os de \u00edconos opciones;<\/li><li>3 variantes de posici\u00f3n;<\/li><li>5 tipos de animaci\u00f3n;<\/li><li>3 combinaciones de colores para iconos, fondo y efecto de desplazamiento;<\/li><li>5 tipos de efecto de desplazamiento.<\/li><\/ul><p><a href=\"#demo\">Simplemente pruebe esta demostraci\u00f3n para ver c\u00f3mo funciona<\/a><\/p><\/div><div class=\"application-platform-content-item-installation application-platform-content-item\" id=\"installation\" data-nav-section=\"installation\"><h2>\u00bfC\u00f3mo incrustar \u00edconos de redes sociales en mi sitio Woocommerce?<\/h2><p>Simplemente aplique las instrucciones a continuaci\u00f3n para activar el widget.<\/p><ol><li><b>Administre nuestro editor gratuito y comience a darle forma a su complemento personalizado.<\/b><br>Elija el aspecto seleccionado y las especificaciones del complemento y guarde las modificaciones.<\/li><li><b>Copia el c\u00f3digo personal que se muestra en la ventana de Elfsight Aplicaciones.<\/b><br>Inmediatamente despu\u00e9s de completar la personalizaci\u00f3n de su widget, copie el c\u00f3digo personal del cuadro que aparece y gu\u00e1rdelo para usarlo en el futuro.<\/li><li><b>Inicie la aplicaci\u00f3n del widget en su p\u00e1gina web WooCommerce.<\/b><br>Ingrese el c\u00f3digo guardado recientemente en su p\u00e1gina y aplique las modificaciones.<\/li><li><b>La instalaci\u00f3n se realiz\u00f3 exitosamente.<\/b><br>Vaya a su p\u00e1gina web para examinar el rendimiento de la herramienta.<\/li><\/ol><p>Si cuestiona alguna problemas, no dude en solicitar nuestro personal de soporte. Nuestros consultores estar\u00e1n encantados de ayudarle con todas las dificultades que pueda tener con la herramienta.<\/p><\/div><div class=\"faq\" data-component=\"FAQ\"><div class=\"faq-item\">\r\n\t\t\t\t\t<div class=\"faq-item-question\">\r\n\t\t\t\t\t\t<h3 class=\"faq-item-question-text\">\u00bfExiste alg\u00fan m\u00e9todo para agregar \u00edconos de redes sociales a mi sitio web WooCommerce sin conocimientos de codificaci\u00f3n?<\/h3>\r\n\r\n\t\t\t\t\t\t<div class=\"faq-item-question-icon\"><\/div>\r\n\t\t\t\t\t<\/div>\r\n\r\n\t\t\t\t\t<div class=\"faq-item-answer\">\r\n\t\t\t\t\t\t<div class=\"faq-item-answer-text\"><p>La empresa Elfsight proporciona una soluci\u00f3n SaaS que permite a los usuarios crear un widget de \u00edconos de redes sociales usted mismo, descubra lo sencillo que es: <\/p><ul><li>Vaya al Editor en vivo para crear una secci\u00f3n de \u00edconos de redes sociales que le gustar\u00eda agregar a su WooCommerce.<\/li><li>Elija una de nuestras plantillas predise\u00f1adas y cambie la configuraci\u00f3n de los \u00edconos de redes sociales, cambie el dise\u00f1o y la combinaci\u00f3n de colores, actualice su contenido sin conocimientos de codificaci\u00f3n.<\/li><li>Guarde las configuraciones que ha realizado en los \u00edconos de redes sociales y obtenga el c\u00f3digo para la instalaci\u00f3n, que puede incluirse f\u00e1cilmente en su p\u00e1gina web de WooCommerce sin necesidad de comprar un software de pago. suscripci\u00f3n.<\/li><\/ul><p>Con la ayuda de nuestro editor intuitivo, cualquier usuario web puede crear \u00edconos de redes sociales en l\u00ednea y pegarlos en el sitio web de WooCommerce. No debe obtener una suscripci\u00f3n paga ni enviar las credenciales de su tarjeta para acceder a Elfsight Editor. Si encuentra alg\u00fan problema en cualquier paso, contin\u00fae y hable con nuestro servicio t\u00e9cnico de atenci\u00f3n al cliente.<\/p><\/div>\r\n\t\t\t\t\t<\/div>\r\n\t\t\t\t<\/div><\/div>","protected":false},"excerpt":{"rendered":"","protected":false},"author":9,"featured_media":0,"parent":995,"menu_order":0,"comment_status":"closed","ping_status":"closed","template":"templates\/template-application-platform.php","meta":{"publish_to_discourse":"","publish_post_category":"","wpdc_auto_publish_overridden":"","wpdc_topic_tags":"","wpdc_pin_topic":"","wpdc_pin_until":"","discourse_post_id":"","discourse_permalink":"","wpdc_publishing_response":"","wpdc_publishing_error":"","footnotes":""},"class_list":["post-7836","page","type-page","status-publish","hentry"],"yoast_head":"<!-- This site is optimized with the Yoast SEO plugin v25.3.1 - https:\/\/yoast.com\/wordpress\/plugins\/seo\/ -->\n<title>Iconos de redes sociales de WooCommerce para su sitio web (2025)<\/title>\n<meta name=\"description\" content=\"Aproveche la oportunidad de personalizar los \u00edconos de redes sociales con un par de clics e incrustarlos en su sitio web WooCommerce directamente desde la demostraci\u00f3n en vivo.\" \/>\n<meta name=\"robots\" content=\"index, follow, max-snippet:-1, max-image-preview:large, max-video-preview:-1\" \/>\n<link rel=\"canonical\" href=\"https:\/\/elfsight.com\/es\/social-media-icons-widget\/woocommerce\/\" \/>\n<meta property=\"og:locale\" content=\"es_ES\" \/>\n<meta property=\"og:type\" content=\"article\" \/>\n<meta property=\"og:title\" content=\"Iconos de redes sociales de WooCommerce para su sitio web (2025)\" \/>\n<meta property=\"og:description\" content=\"Aproveche la oportunidad de personalizar los \u00edconos de redes sociales con un par de clics e incrustarlos en su sitio web WooCommerce directamente desde la demostraci\u00f3n en vivo.\" \/>\n<meta property=\"og:url\" content=\"https:\/\/elfsight.com\/es\/social-media-icons-widget\/woocommerce\/\" \/>\n<meta property=\"og:site_name\" content=\"Elfsight ES\" \/>\n<meta property=\"article:modified_time\" content=\"2025-02-06T15:45:46+00:00\" \/>\n<meta name=\"twitter:card\" content=\"summary_large_image\" \/>\n<meta name=\"twitter:label1\" content=\"Tiempo de lectura\" \/>\n\t<meta name=\"twitter:data1\" content=\"3 minutos\" \/>\n<!-- \/ Yoast SEO plugin. -->","yoast_head_json":{"title":"Iconos de redes sociales de WooCommerce para su sitio web (2025)","description":"Aproveche la oportunidad de personalizar los \u00edconos de redes sociales con un par de clics e incrustarlos en su sitio web WooCommerce directamente desde la demostraci\u00f3n en vivo.","robots":{"index":"index","follow":"follow","max-snippet":"max-snippet:-1","max-image-preview":"max-image-preview:large","max-video-preview":"max-video-preview:-1"},"canonical":"https:\/\/elfsight.com\/es\/social-media-icons-widget\/woocommerce\/","og_locale":"es_ES","og_type":"article","og_title":"Iconos de redes sociales de WooCommerce para su sitio web (2025)","og_description":"Aproveche la oportunidad de personalizar los \u00edconos de redes sociales con un par de clics e incrustarlos en su sitio web WooCommerce directamente desde la demostraci\u00f3n en vivo.","og_url":"https:\/\/elfsight.com\/es\/social-media-icons-widget\/woocommerce\/","og_site_name":"Elfsight ES","article_modified_time":"2025-02-06T15:45:46+00:00","twitter_card":"summary_large_image","twitter_misc":{"Tiempo de lectura":"3 minutos"},"schema":{"@context":"https:\/\/schema.org","@graph":[{"@type":"WebPage","@id":"https:\/\/elfsight.com\/es\/social-media-icons-widget\/woocommerce\/","url":"https:\/\/elfsight.com\/es\/social-media-icons-widget\/woocommerce\/","name":"Iconos de redes sociales de WooCommerce para su sitio web (2025)","isPartOf":{"@id":"https:\/\/elfsight.com\/es\/#website"},"datePublished":"1970-01-01T00:00:00+00:00","dateModified":"2025-02-06T15:45:46+00:00","description":"Aproveche la oportunidad de personalizar los \u00edconos de redes sociales con un par de clics e incrustarlos en su sitio web WooCommerce directamente desde la demostraci\u00f3n en vivo.","breadcrumb":{"@id":"https:\/\/elfsight.com\/es\/social-media-icons-widget\/woocommerce\/#breadcrumb"},"inLanguage":"es","potentialAction":[{"@type":"ReadAction","target":["https:\/\/elfsight.com\/es\/social-media-icons-widget\/woocommerce\/"]}]},{"@type":"BreadcrumbList","@id":"https:\/\/elfsight.com\/es\/social-media-icons-widget\/woocommerce\/#breadcrumb","itemListElement":[{"@type":"ListItem","position":1,"name":"Home","item":"https:\/\/elfsight.com\/es\/"},{"@type":"ListItem","position":2,"name":"Social Media Icons","item":"https:\/\/elfsight.com\/es\/social-media-icons-widget\/"},{"@type":"ListItem","position":3,"name":"Social Media Icons &#8211; WooCommerce"}]},{"@type":"WebSite","@id":"https:\/\/elfsight.com\/es\/#website","url":"https:\/\/elfsight.com\/es\/","name":"Elfsight ES","description":"Just another Elfsight Sites site","potentialAction":[{"@type":"SearchAction","target":{"@type":"EntryPoint","urlTemplate":"https:\/\/elfsight.com\/es\/?s={search_term_string}"},"query-input":{"@type":"PropertyValueSpecification","valueRequired":true,"valueName":"search_term_string"}}],"inLanguage":"es"}]}},"meta_box":{"industry":"","seo_heading":"","heading":"","description":"","cta_heading":"","cta_description":"","application":"994","h1":"Iconos de redes sociales de WooCommerce","h1_caption":"Una herramienta sencilla para que los clientes encuentren y se pongan en contacto con su negocio sin ning\u00fan esfuerzo.","application_category":[],"applications_title":"","applications_request_title":"","applications_request_button_text":"","hero_text":"","hero_video":"","hero_video_schema_markup":"","selling_points_title":"","selling_points_caption":"","selling_points":[],"selling_points_cta_text":"","features_title":"","features":"","ed_cta_examples_text":"","ed_cta_examples_hidden":"","ed_cta_demo_text":"","ed_cta_demo_hidden":"","why_caption":"","why_editor_title":"","why_editor_text":"","why_team_title":"","why_team_text":"","why_service_title":"","why_service_text":"","template_catalog_visible":"","template_catalog_title":"","template_catalog_text":"","template_catalog_categories_visible":"","demo_title":"Crea tu aplicaci\u00f3n de iconos de redes sociales","demo_caption":"\u00a1Configure sus \u00edconos de redes sociales y agr\u00e9guelos a su sitio web WooCommerce gratis!","default_faq_hidden":"","app_template_category":[],"platform":"2311","template_public_id":"","codecanyon_url":"","codecanyon_item_id":"","codecanyon_price":"","pricing_caption":"","pricing_elfsight_apps_hide_column":"","pricing_elfsight_apps_url":"","pricing_codecanyon_price_caption":"","integration_category":[],"integration_request_title":"","integration_request_cta":"","integration_platform":"","integrations":[],"platform_category":[],"video_schema_markup":"","price":"desde $0 \/ mes","trial":"","benefits":[{"text":"Ayuda de instalaci\u00f3n gratuita"},{"text":"Servicio al cliente competente"},{"text":"Garant\u00eda de reembolso de 14 d\u00edas"},{"text":"Actualizando constantemente"}],"button_url":"#demo","button_target_blank":"","button_nofollow":"","attributes":[{"name":"Instalaciones","content":"10,000 - 100,000"},{"name":"Sensible","content":"S\u00ed"},{"name":"Navegadores compatibles","content":"Firefox, Safari, Opera, Chrome, Edge"}],"tags":[],"tags_disable_links":"","hide_more_platforms":"","video_object":"","demo_hide_cta":"","demo_hide_cloud_options":"","pricing_title":"","pricing":[{"pricing_icon":"platform","pricing_title":"Elfsight Apps","pricing_title_caption":"Versi\u00f3n independiente de la plataforma que funciona en cualquier sitio web","pricing_price":"desde $0 \/ mes","pricing_price_caption":"comience con el plan gratuito \u0444","pricing_benefits":[{"text":"Sitios web ilimitados"},{"text":"Soporte dedicado"},{"text":"Ayuda de instalaci\u00f3n gratuita"},{"text":"Totalmente personalizable"}],"pricing_button_text":"A\u00f1adir al sitio web","pricing_button_url":"#demo"}],"related_apps_title":"","related_apps_hidden":"","author":"","image":[],"title":"","job":"","social_networks":[]},"_links":{"self":[{"href":"https:\/\/elfsight.com\/es\/wp-json\/wp\/v2\/pages\/7836","targetHints":{"allow":["GET"]}}],"collection":[{"href":"https:\/\/elfsight.com\/es\/wp-json\/wp\/v2\/pages"}],"about":[{"href":"https:\/\/elfsight.com\/es\/wp-json\/wp\/v2\/types\/page"}],"author":[{"embeddable":true,"href":"https:\/\/elfsight.com\/es\/wp-json\/wp\/v2\/users\/9"}],"replies":[{"embeddable":true,"href":"https:\/\/elfsight.com\/es\/wp-json\/wp\/v2\/comments?post=7836"}],"version-history":[{"count":2,"href":"https:\/\/elfsight.com\/es\/wp-json\/wp\/v2\/pages\/7836\/revisions"}],"predecessor-version":[{"id":18764,"href":"https:\/\/elfsight.com\/es\/wp-json\/wp\/v2\/pages\/7836\/revisions\/18764"}],"up":[{"embeddable":true,"href":"https:\/\/elfsight.com\/es\/wp-json\/wp\/v2\/pages\/995"}],"wp:attachment":[{"href":"https:\/\/elfsight.com\/es\/wp-json\/wp\/v2\/media?parent=7836"}],"curies":[{"name":"wp","href":"https:\/\/api.w.org\/{rel}","templated":true}]}}