{"id":7835,"date":"1970-01-01T00:00:00","date_gmt":"1970-01-01T00:00:00","guid":{"rendered":"https:\/\/elfsight.com\/es\/?page_id=7835"},"modified":"2025-02-06T15:45:46","modified_gmt":"2025-02-06T15:45:46","slug":"wix","status":"publish","type":"page","link":"https:\/\/elfsight.com\/es\/social-media-icons-widget\/wix\/","title":{"rendered":"Social Media Icons &#8211; Wix"},"content":{"rendered":"<div class=\"application-platform-content-item-description application-platform-content-item\" id=\"description\" data-nav-section=\"description\"><h2>Descripci\u00f3n<\/h2><p>\u00cdconos sociales pr\u00e1cticos y eficientes de Elfsight para integrar su sitio con todas las redes sociales m\u00e1s populares. Mant\u00e9n v\u00ednculos con tus clientes, convirti\u00e9ndolos en tus fans. Un dise\u00f1o responsivo, personalizaci\u00f3n completa de la interfaz y dise\u00f1o con \u00edconos integrados de todas las principales redes sociales.<\/p><p><b>Mejore el alcance de su negocio en las redes sociales.<\/b><\/p><ul><li><b>Una forma adicional de contactar con los clientes<\/b>.<br>Las redes sociales son un m\u00e9todo adicional para fortalecer las conexiones con los visitantes y mejorar sus relaciones con los clientes.<\/li><li><b>N\u00famero m\u00e1ximo de lectores para sus cuentas sociales<\/b>.<br>Ofrezca a los clientes del sitio web otra variante f\u00e1cil para visitar su cuenta de redes sociales y disfrute del m\u00e1ximo n\u00famero de lectores en las redes sociales.<\/li><li><b>Una declaraci\u00f3n social s\u00f3lida<\/b>.<br>Aumente la confianza en su marca entre los visitantes de su sitio web gracias a los perfiles en todas las redes sociales de moda<\/li><\/ul><\/div><div class=\"application-platform-content-item-features application-platform-content-item\" id=\"features\" data-nav-section=\"features\"><h2>Caracter\u00edsticas<\/h2><p>Las caracter\u00edsticas principales que hacen de nuestros \u00edconos las mejores redes sociales de Wix app.<\/p><ul><li>Una biblioteca de \u00edconos de los medios m\u00e1s populares;<\/li><li>2 dise\u00f1os: en l\u00ednea y flotante;<\/li><li>Dise\u00f1o flotante para hacer que los \u00edconos sigan el desplazamiento;<\/li><li>Colores nativos, blanco y negro de los \u00edconos;<\/li><li>3 variantes de radio de borde: c\u00edrculo, redondeado y radio de borde cuadrado.<\/li><\/ul><p><a href=\"#demo\">Estudie las caracter\u00edsticas principales de Elfsight editor<\/a><\/p><\/div><div class=\"application-platform-content-item-installation application-platform-content-item\" id=\"installation\" data-nav-section=\"installation\"><h2>C\u00f3mo agregar la aplicaci\u00f3n de iconos de redes sociales a Wix<\/h2><div class=\"video-container\"><iframe width=\"720\" height=\"405\" src=\"https:\/\/www.youtube.com\/embed\/h87NtR5Z_nY\" frameborder=\"0\"><\/iframe><\/div><p>Una gu\u00eda sencilla para mostrar iconos en una p\u00e1gina sin conocimientos de desarrollos. La duraci\u00f3n de la integraci\u00f3n completa es de alrededor de 60 segundos.<\/p><ol><li><b>Construya sus iconos sociales personalizados<\/b>.<br>Utilizando nuestro <a href=\"#demo\">configurador gratuito<\/a>, cree un widget con la apariencia y la configuraci\u00f3n necesarias.<\/li><li><b>Reciba un c\u00f3digo para mostrar la aplicaci\u00f3n<\/b>.<br>Despu\u00e9s de la creaci\u00f3n del widget, obtenga un c\u00f3digo para el widget social en la notificaci\u00f3n que aparece en Elfsight Aplicaciones.<\/li><li><b>Incrusta la aplicaci\u00f3n en el sitio web de Wix<\/b>.<br>Muestra el widget en el lugar deseado de la p\u00e1gina y publica los resultados.<\/li><li><b>\u00a1Listo!<\/b><br>Visita tu sitio web para ver tu trabajo.<\/li><\/ol><p>\u00bfNo puedes configurar o mostrar los \u00edconos en tu sitio? Estudie nuestras instrucciones completas \u00ab<a href=\"https:\/\/elfsight.com\/tutorials\/how-to-add-social-media-icons-to-wix\/\" target=\"_blank\" rel=\"noopener noreferrer\">C\u00f3mo colocar \u00edconos en Wix<\/a>\u00bb o deje una consulta en nuestro equipo de ayuda.<\/p><\/div><div class=\"faq\" data-component=\"FAQ\"><div class=\"faq-item\">\r\n\t\t\t\t\t<div class=\"faq-item-question\">\r\n\t\t\t\t\t\t<h3 class=\"faq-item-question-text\">\u00bfDe qu\u00e9 manera puedo insertar \u00edconos de redes sociales en mi p\u00e1gina web de Wix sin conocimientos de codificaci\u00f3n?<\/h3>\r\n\r\n\t\t\t\t\t\t<div class=\"faq-item-question-icon\"><\/div>\r\n\t\t\t\t\t<\/div>\r\n\r\n\t\t\t\t\t<div class=\"faq-item-answer\">\r\n\t\t\t\t\t\t<div class=\"faq-item-answer-text\"><p>La compa\u00f1\u00eda Elfsight presenta una soluci\u00f3n que permite al usuario establecer una aplicaci\u00f3n de \u00edconos de redes sociales usted mismo. Descubra lo sencillo que es el proceso: <\/p><ul><li>Vaya al editor en l\u00ednea para establecer una aplicaci\u00f3n de \u00edconos de redes sociales que le gustar\u00eda que aparezca en su p\u00e1gina web de Wix.<\/li><li>Seleccione una de las plantillas ya preparadas y modif\u00edquela. la configuraci\u00f3n de los \u00edconos de redes sociales, cambie el dise\u00f1o y el color de los elementos, incluya su contenido sin experiencia en codificaci\u00f3n.<\/li><li>Haga clic para guardar los \u00edconos de redes sociales y obtenga el c\u00f3digo del widget para incrustarlo, que se puede pegar en el sitio web de Wix sin comprar una versi\u00f3n paga.<\/li><\/ul><p>Trabajando en el Configurador f\u00e1cil de usar, cada usuario de Internet puede generar un widget de \u00edconos de redes sociales en l\u00ednea e incluirlo f\u00e1cilmente en cualquier p\u00e1gina de inicio de Wix. No es necesario obtener un plan pago ni ingresar los datos de su tarjeta para ingresar a nuestro servicio. Si tiene alg\u00fan problema en alg\u00fan paso, no dude en ponerse en contacto con nuestro personal de soporte t\u00e9cnico.<\/p><\/div>\r\n\t\t\t\t\t<\/div>\r\n\t\t\t\t<\/div><\/div>","protected":false},"excerpt":{"rendered":"","protected":false},"author":9,"featured_media":0,"parent":995,"menu_order":0,"comment_status":"closed","ping_status":"closed","template":"templates\/template-application-platform.php","meta":{"publish_to_discourse":"","publish_post_category":"","wpdc_auto_publish_overridden":"","wpdc_topic_tags":"","wpdc_pin_topic":"","wpdc_pin_until":"","discourse_post_id":"","discourse_permalink":"","wpdc_publishing_response":"","wpdc_publishing_error":"","footnotes":""},"class_list":["post-7835","page","type-page","status-publish","hentry"],"yoast_head":"<!-- This site is optimized with the Yoast SEO plugin v25.3.1 - https:\/\/yoast.com\/wordpress\/plugins\/seo\/ -->\n<title>\u00cdconos de redes sociales: agrega la aplicaci\u00f3n \u00cdconos sociales a Wix<\/title>\n<meta name=\"description\" content=\"Prueba los iconos de redes sociales de Elfsight para Wix ahora mismo. \u00a1Genera \u00edconos personalizados para tu sitio en solo un par de minutos!\" \/>\n<meta name=\"robots\" content=\"index, follow, max-snippet:-1, max-image-preview:large, max-video-preview:-1\" \/>\n<link rel=\"canonical\" href=\"https:\/\/elfsight.com\/es\/social-media-icons-widget\/wix\/\" \/>\n<meta property=\"og:locale\" content=\"es_ES\" \/>\n<meta property=\"og:type\" content=\"article\" \/>\n<meta property=\"og:title\" content=\"\u00cdconos de redes sociales: agrega la aplicaci\u00f3n \u00cdconos sociales a Wix\" \/>\n<meta property=\"og:description\" content=\"Prueba los iconos de redes sociales de Elfsight para Wix ahora mismo. \u00a1Genera \u00edconos personalizados para tu sitio en solo un par de minutos!\" \/>\n<meta property=\"og:url\" content=\"https:\/\/elfsight.com\/es\/social-media-icons-widget\/wix\/\" \/>\n<meta property=\"og:site_name\" content=\"Elfsight ES\" \/>\n<meta property=\"article:modified_time\" content=\"2025-02-06T15:45:46+00:00\" \/>\n<meta name=\"twitter:card\" content=\"summary_large_image\" \/>\n<meta name=\"twitter:label1\" content=\"Tiempo de lectura\" \/>\n\t<meta name=\"twitter:data1\" content=\"3 minutos\" \/>\n<!-- \/ Yoast SEO plugin. -->","yoast_head_json":{"title":"\u00cdconos de redes sociales: agrega la aplicaci\u00f3n \u00cdconos sociales a Wix","description":"Prueba los iconos de redes sociales de Elfsight para Wix ahora mismo. \u00a1Genera \u00edconos personalizados para tu sitio en solo un par de minutos!","robots":{"index":"index","follow":"follow","max-snippet":"max-snippet:-1","max-image-preview":"max-image-preview:large","max-video-preview":"max-video-preview:-1"},"canonical":"https:\/\/elfsight.com\/es\/social-media-icons-widget\/wix\/","og_locale":"es_ES","og_type":"article","og_title":"\u00cdconos de redes sociales: agrega la aplicaci\u00f3n \u00cdconos sociales a Wix","og_description":"Prueba los iconos de redes sociales de Elfsight para Wix ahora mismo. \u00a1Genera \u00edconos personalizados para tu sitio en solo un par de minutos!","og_url":"https:\/\/elfsight.com\/es\/social-media-icons-widget\/wix\/","og_site_name":"Elfsight ES","article_modified_time":"2025-02-06T15:45:46+00:00","twitter_card":"summary_large_image","twitter_misc":{"Tiempo de lectura":"3 minutos"},"schema":{"@context":"https:\/\/schema.org","@graph":[{"@type":"WebPage","@id":"https:\/\/elfsight.com\/es\/social-media-icons-widget\/wix\/","url":"https:\/\/elfsight.com\/es\/social-media-icons-widget\/wix\/","name":"\u00cdconos de redes sociales: agrega la aplicaci\u00f3n \u00cdconos sociales a Wix","isPartOf":{"@id":"https:\/\/elfsight.com\/es\/#website"},"datePublished":"1970-01-01T00:00:00+00:00","dateModified":"2025-02-06T15:45:46+00:00","description":"Prueba los iconos de redes sociales de Elfsight para Wix ahora mismo. \u00a1Genera \u00edconos personalizados para tu sitio en solo un par de minutos!","breadcrumb":{"@id":"https:\/\/elfsight.com\/es\/social-media-icons-widget\/wix\/#breadcrumb"},"inLanguage":"es","potentialAction":[{"@type":"ReadAction","target":["https:\/\/elfsight.com\/es\/social-media-icons-widget\/wix\/"]}]},{"@type":"BreadcrumbList","@id":"https:\/\/elfsight.com\/es\/social-media-icons-widget\/wix\/#breadcrumb","itemListElement":[{"@type":"ListItem","position":1,"name":"Home","item":"https:\/\/elfsight.com\/es\/"},{"@type":"ListItem","position":2,"name":"Social Media Icons","item":"https:\/\/elfsight.com\/es\/social-media-icons-widget\/"},{"@type":"ListItem","position":3,"name":"Social Media Icons &#8211; Wix"}]},{"@type":"WebSite","@id":"https:\/\/elfsight.com\/es\/#website","url":"https:\/\/elfsight.com\/es\/","name":"Elfsight ES","description":"Just another Elfsight Sites site","potentialAction":[{"@type":"SearchAction","target":{"@type":"EntryPoint","urlTemplate":"https:\/\/elfsight.com\/es\/?s={search_term_string}"},"query-input":{"@type":"PropertyValueSpecification","valueRequired":true,"valueName":"search_term_string"}}],"inLanguage":"es"}]}},"meta_box":{"industry":"","seo_heading":"","heading":"","description":"","cta_heading":"","cta_description":"","application":"994","h1":"\u00cdconos de redes sociales para Wix","h1_caption":"Transforme a los clientes de su sitio web en fan\u00e1ticos sociales","application_category":[],"applications_title":"","applications_request_title":"","applications_request_button_text":"","hero_text":"","hero_video":"","hero_video_schema_markup":"","selling_points_title":"","selling_points_caption":"","selling_points":[],"selling_points_cta_text":"","features_title":"","features":"","ed_cta_examples_text":"","ed_cta_examples_hidden":"","ed_cta_demo_text":"","ed_cta_demo_hidden":"","why_caption":"","why_editor_title":"","why_editor_text":"","why_team_title":"","why_team_text":"","why_service_title":"","why_service_text":"","template_catalog_visible":"","template_catalog_title":"","template_catalog_text":"","template_catalog_categories_visible":"","demo_title":"Crea tu aplicaci\u00f3n de iconos de redes sociales","demo_caption":"\u00a1Configura tus \u00edconos de redes sociales y agr\u00e9galos a tu sitio web Wix gratis!","default_faq_hidden":"","app_template_category":[],"platform":"112","template_public_id":"","codecanyon_url":"","codecanyon_item_id":"","codecanyon_price":"","pricing_caption":"","pricing_elfsight_apps_hide_column":"","pricing_elfsight_apps_url":"","pricing_codecanyon_price_caption":"","integration_category":[],"integration_request_title":"","integration_request_cta":"","integration_platform":"","integrations":[],"platform_category":[],"video_schema_markup":"","price":"desde $0 \/ mes","trial":"","benefits":[{"text":"Asistencia de instalaci\u00f3n gratuita"},{"text":"Servicio al cliente profesional"},{"text":"Garant\u00eda de reembolso de 14 d\u00edas"},{"text":"Desarrollo continuo"}],"button_url":"#demo","button_target_blank":"","button_nofollow":"","attributes":[{"name":"Instalaciones","content":"10,000 - 100,000"},{"name":"Sensible","content":"S\u00ed"},{"name":"Navegadores compatibles","content":"Safari, Edge, Opera, Firefox, Chrome"}],"tags":[],"tags_disable_links":"","hide_more_platforms":"","video_object":"","demo_hide_cta":"","demo_hide_cloud_options":"","pricing_title":"","pricing":[{"pricing_icon":"platform","pricing_title":"Wix app","pricing_title_caption":"Soluci\u00f3n independiente de plataforma que se adapta a cualquier sitio (incluido Wix)","pricing_price":"desde $0 \/ mes","pricing_price_caption":"comienza con el plan gratuito","pricing_benefits":[{"text":"N\u00famero ilimitado de dominios"},{"text":"Soporte dedicado y puntual"},{"text":"Soporte de instalaci\u00f3n gratuito"},{"text":"100% personalizable"}],"pricing_button_text":"A\u00f1adir al sitio web","pricing_button_url":"#demo"}],"related_apps_title":"","related_apps_hidden":"","author":"","image":[],"title":"","job":"","social_networks":[]},"_links":{"self":[{"href":"https:\/\/elfsight.com\/es\/wp-json\/wp\/v2\/pages\/7835","targetHints":{"allow":["GET"]}}],"collection":[{"href":"https:\/\/elfsight.com\/es\/wp-json\/wp\/v2\/pages"}],"about":[{"href":"https:\/\/elfsight.com\/es\/wp-json\/wp\/v2\/types\/page"}],"author":[{"embeddable":true,"href":"https:\/\/elfsight.com\/es\/wp-json\/wp\/v2\/users\/9"}],"replies":[{"embeddable":true,"href":"https:\/\/elfsight.com\/es\/wp-json\/wp\/v2\/comments?post=7835"}],"version-history":[{"count":2,"href":"https:\/\/elfsight.com\/es\/wp-json\/wp\/v2\/pages\/7835\/revisions"}],"predecessor-version":[{"id":18765,"href":"https:\/\/elfsight.com\/es\/wp-json\/wp\/v2\/pages\/7835\/revisions\/18765"}],"up":[{"embeddable":true,"href":"https:\/\/elfsight.com\/es\/wp-json\/wp\/v2\/pages\/995"}],"wp:attachment":[{"href":"https:\/\/elfsight.com\/es\/wp-json\/wp\/v2\/media?parent=7835"}],"curies":[{"name":"wp","href":"https:\/\/api.w.org\/{rel}","templated":true}]}}