{"id":7834,"date":"1970-01-01T00:00:00","date_gmt":"1970-01-01T00:00:00","guid":{"rendered":"https:\/\/elfsight.com\/es\/?page_id=7834"},"modified":"2025-02-06T15:45:54","modified_gmt":"2025-02-06T15:45:54","slug":"weebly","status":"publish","type":"page","link":"https:\/\/elfsight.com\/es\/social-media-icons-widget\/weebly\/","title":{"rendered":"Social Media Icons &#8211; Weebly"},"content":{"rendered":"<div class=\"application-platform-content-item-description application-platform-content-item\" id=\"description\" data-nav-section=\"description\"><h2>Descripci\u00f3n<\/h2><p>\u00cdconos sociales pr\u00e1cticos y eficientes de Elfsight para unir su sitio con diferentes redes sociales. Fortalece la conexi\u00f3n con tus visitantes, convirti\u00e9ndolos en tus suscriptores. Un dise\u00f1o adaptable, opciones detalladas de personalizaci\u00f3n de la apariencia y el estilo con \u00edconos integrados de todas las redes sociales m\u00e1s populares.<\/p><p><b>Mejore la popularidad de su marca en los servicios sociales.<\/b><\/p><ul><li><b>Una variante m\u00e1s de contactarlo para clientes<\/b>.<br>Las redes sociales sirven como un m\u00e9todo adicional para mantener contactos con los usuarios y brindan la oportunidad de ampliar sus relaciones.<\/li><li><b>Lectores adicionales en las redes sociales media<\/b>.<br>Suba de nivel la cobertura de sus cuentas sociales involucrando inmediatamente a los lectores del sitio y convirti\u00e9ndolos en seguidores.<\/li><li><b>Mant\u00e9ngase siempre en contacto con los clientes<\/b>.<br>Permite a los usuarios encontrar uno de los m\u00e9todos m\u00e1s f\u00e1ciles de dirigirse a usted y les permite brindar un mejor soporte a trav\u00e9s de las redes sociales.<\/li><li><b>Una poderosa declaraci\u00f3n social<\/b>.<br>Fortalece la confianza en su empresa entre los usuarios de su sitio web con la ayuda de cuentas en especialmente las redes sociales de moda.<\/li><\/ul><\/div><div class=\"application-platform-content-item-features application-platform-content-item\" id=\"features\" data-nav-section=\"features\"><h2>Caracter\u00edsticas<\/h2><p>La funcionalidad sobresaliente, que convierte los \u00edconos de Elfsight en la mejor aplicaci\u00f3n social de Weebly.<\/p><ul><li>Una biblioteca de \u00edconos de los medios m\u00e1s populares;<\/li><li>Cambie el orden de la demostraci\u00f3n de los \u00edconos;<\/li><li>Dise\u00f1o flotante para hacer que los \u00edconos sigan el desplazamiento;<\/li><li>Colores de fondo nativos, blanco y negro;<\/li><li>3 variantes de radio de borde: radio de borde circular, redondeado y cuadrado.<\/li><\/ul><p><a href=\"#demo\">Pruebe las funciones sobresalientes en nuestro configurador<\/a><\/p><\/div><div class=\"application-platform-content-item-installation application-platform-content-item\" id=\"installation\" data-nav-section=\"installation\"><h2>C\u00f3mo agregar \u00edconos de redes sociales a Weebly<\/h2><div class=\"video-container\"><iframe width=\"720\" height=\"405\" src=\"https:\/\/www.youtube.com\/embed\/lRbRUpgrVwE\" frameborder=\"0\"><\/iframe><\/div><p>Un manual claro para integrar iconos en una p\u00e1gina sin conocimientos de desarrollos. La duraci\u00f3n promedio de la instalaci\u00f3n es inferior a 90 segundos.<\/p><ol><li><b>Realice nuestro configurador gratuito y comience a crear su aplicaci\u00f3n personalizada. <\/b><br> Determine el aspecto personalizado y los rasgos funcionales de la aplicaci\u00f3n y guarde todas las ediciones. <\/li> <li><b>Obtenga el c\u00f3digo personal que aparece en la ventana de Elfsight Apps. <\/b><br> Una vez finalizada la creaci\u00f3n de su aplicaci\u00f3n personal, copie el c\u00f3digo individual en la ventana emergente que aparece y gu\u00e1rdelo para su uso posterior. <\/li> <li><b>Comience a usar la aplicaci\u00f3n en el sitio Weebly. <\/b><br>Incrusta el c\u00f3digo que has guardado recientemente en tu p\u00e1gina y aplica las correcciones. <\/li> <li><b>\u00a1Ya terminaste! La integraci\u00f3n se logra con \u00e9xito. <\/b><br> Vaya a su sitio web para ver en acci\u00f3n c\u00f3mo funciona la aplicaci\u00f3n. <\/li><\/ol><p>\u00bfNo puedes agregar o personalizar los \u00edconos en un sitio? Consulta nuestra gu\u00eda completa \u00ab<a href=\"https:\/\/elfsight.com\/tutorials\/how-to-add-social-media-icons-to-weebly\/\" target=\"_blank\" rel=\"noopener noreferrer\">C\u00f3mo instalar iconos en Weebly<\/a>\u00bb o contacta con nuestro equipo de soporte.<\/p><\/div><div class=\"faq\" data-component=\"FAQ\"><div class=\"faq-item\">\r\n\t\t\t\t\t<div class=\"faq-item-question\">\r\n\t\t\t\t\t\t<h3 class=\"faq-item-question-text\">\u00bfExiste una opci\u00f3n para insertar \u00edconos de redes sociales en mi p\u00e1gina de inicio de Weebly sin codificaci\u00f3n?<\/h3>\r\n\r\n\t\t\t\t\t\t<div class=\"faq-item-question-icon\"><\/div>\r\n\t\t\t\t\t<\/div>\r\n\r\n\t\t\t\t\t<div class=\"faq-item-answer\">\r\n\t\t\t\t\t\t<div class=\"faq-item-answer-text\"><p>La compa\u00f1\u00eda Elfsight ofrece una soluci\u00f3n que permite a los propietarios de sitios crear una secci\u00f3n de \u00edconos de redes sociales usted mismo. Mire las sencillas instrucciones: <\/p><ul><li>Comience a trabajar directamente en la demostraci\u00f3n en vivo para generar un complemento de \u00edconos de redes sociales que le gustar\u00eda insertar en el sitio web de Weebly.<\/li><li>Elija una de las muchas plantillas predise\u00f1adas y aj\u00fastela la configuraci\u00f3n de \u00cdconos de redes sociales, incluya su contenido, cambie el dise\u00f1o y el color de los elementos sin ning\u00fan tipo de codificaci\u00f3n.<\/li><li>Guarde la configuraci\u00f3n que ha realizado en \u00cdconos de redes sociales y obtenga el c\u00f3digo de instalaci\u00f3n, que puede agregar f\u00e1cilmente en la p\u00e1gina de inicio de Weebly de forma gratuita.<\/li><\/ul><p>Utilizando nuestro sencillo editor, cualquier usuario web puede crear una secci\u00f3n de \u00cdconos de redes sociales e incrustarla sin esfuerzo en su p\u00e1gina web de Weebly. No debe pagar ni enviar las credenciales de su tarjeta para acceder a Elfsight Editor. Si tiene alg\u00fan problema de cualquier tipo, contin\u00fae y comun\u00edquese con nuestro personal de soporte.<\/p><\/div>\r\n\t\t\t\t\t<\/div>\r\n\t\t\t\t<\/div><\/div>","protected":false},"excerpt":{"rendered":"","protected":false},"author":9,"featured_media":0,"parent":995,"menu_order":0,"comment_status":"closed","ping_status":"closed","template":"templates\/template-application-platform.php","meta":{"publish_to_discourse":"","publish_post_category":"","wpdc_auto_publish_overridden":"","wpdc_topic_tags":"","wpdc_pin_topic":"","wpdc_pin_until":"","discourse_post_id":"","discourse_permalink":"","wpdc_publishing_response":"","wpdc_publishing_error":"","footnotes":""},"class_list":["post-7834","page","type-page","status-publish","hentry"],"yoast_head":"<!-- This site is optimized with the Yoast SEO plugin v25.3.1 - https:\/\/yoast.com\/wordpress\/plugins\/seo\/ -->\n<title>Iconos de redes sociales: agregue la aplicaci\u00f3n Iconos sociales a Weebly<\/title>\n<meta name=\"description\" content=\"Prueba nuestros Iconos de Redes Sociales para Weebly completamente gratis. \u00a1Genera \u00edconos personalizados para tu sitio web en solo unos minutos!\" \/>\n<meta name=\"robots\" content=\"index, follow, max-snippet:-1, max-image-preview:large, max-video-preview:-1\" \/>\n<link rel=\"canonical\" href=\"https:\/\/elfsight.com\/es\/social-media-icons-widget\/weebly\/\" \/>\n<meta property=\"og:locale\" content=\"es_ES\" \/>\n<meta property=\"og:type\" content=\"article\" \/>\n<meta property=\"og:title\" content=\"Iconos de redes sociales: agregue la aplicaci\u00f3n Iconos sociales a Weebly\" \/>\n<meta property=\"og:description\" content=\"Prueba nuestros Iconos de Redes Sociales para Weebly completamente gratis. \u00a1Genera \u00edconos personalizados para tu sitio web en solo unos minutos!\" \/>\n<meta property=\"og:url\" content=\"https:\/\/elfsight.com\/es\/social-media-icons-widget\/weebly\/\" \/>\n<meta property=\"og:site_name\" content=\"Elfsight ES\" \/>\n<meta property=\"article:modified_time\" content=\"2025-02-06T15:45:54+00:00\" \/>\n<meta name=\"twitter:card\" content=\"summary_large_image\" \/>\n<meta name=\"twitter:label1\" content=\"Tiempo de lectura\" \/>\n\t<meta name=\"twitter:data1\" content=\"3 minutos\" \/>\n<!-- \/ Yoast SEO plugin. -->","yoast_head_json":{"title":"Iconos de redes sociales: agregue la aplicaci\u00f3n Iconos sociales a Weebly","description":"Prueba nuestros Iconos de Redes Sociales para Weebly completamente gratis. \u00a1Genera \u00edconos personalizados para tu sitio web en solo unos minutos!","robots":{"index":"index","follow":"follow","max-snippet":"max-snippet:-1","max-image-preview":"max-image-preview:large","max-video-preview":"max-video-preview:-1"},"canonical":"https:\/\/elfsight.com\/es\/social-media-icons-widget\/weebly\/","og_locale":"es_ES","og_type":"article","og_title":"Iconos de redes sociales: agregue la aplicaci\u00f3n Iconos sociales a Weebly","og_description":"Prueba nuestros Iconos de Redes Sociales para Weebly completamente gratis. \u00a1Genera \u00edconos personalizados para tu sitio web en solo unos minutos!","og_url":"https:\/\/elfsight.com\/es\/social-media-icons-widget\/weebly\/","og_site_name":"Elfsight ES","article_modified_time":"2025-02-06T15:45:54+00:00","twitter_card":"summary_large_image","twitter_misc":{"Tiempo de lectura":"3 minutos"},"schema":{"@context":"https:\/\/schema.org","@graph":[{"@type":"WebPage","@id":"https:\/\/elfsight.com\/es\/social-media-icons-widget\/weebly\/","url":"https:\/\/elfsight.com\/es\/social-media-icons-widget\/weebly\/","name":"Iconos de redes sociales: agregue la aplicaci\u00f3n Iconos sociales a Weebly","isPartOf":{"@id":"https:\/\/elfsight.com\/es\/#website"},"datePublished":"1970-01-01T00:00:00+00:00","dateModified":"2025-02-06T15:45:54+00:00","description":"Prueba nuestros Iconos de Redes Sociales para Weebly completamente gratis. \u00a1Genera \u00edconos personalizados para tu sitio web en solo unos minutos!","breadcrumb":{"@id":"https:\/\/elfsight.com\/es\/social-media-icons-widget\/weebly\/#breadcrumb"},"inLanguage":"es","potentialAction":[{"@type":"ReadAction","target":["https:\/\/elfsight.com\/es\/social-media-icons-widget\/weebly\/"]}]},{"@type":"BreadcrumbList","@id":"https:\/\/elfsight.com\/es\/social-media-icons-widget\/weebly\/#breadcrumb","itemListElement":[{"@type":"ListItem","position":1,"name":"Home","item":"https:\/\/elfsight.com\/es\/"},{"@type":"ListItem","position":2,"name":"Social Media Icons","item":"https:\/\/elfsight.com\/es\/social-media-icons-widget\/"},{"@type":"ListItem","position":3,"name":"Social Media Icons &#8211; Weebly"}]},{"@type":"WebSite","@id":"https:\/\/elfsight.com\/es\/#website","url":"https:\/\/elfsight.com\/es\/","name":"Elfsight ES","description":"Just another Elfsight Sites site","potentialAction":[{"@type":"SearchAction","target":{"@type":"EntryPoint","urlTemplate":"https:\/\/elfsight.com\/es\/?s={search_term_string}"},"query-input":{"@type":"PropertyValueSpecification","valueRequired":true,"valueName":"search_term_string"}}],"inLanguage":"es"}]}},"meta_box":{"industry":"","seo_heading":"","heading":"","description":"","cta_heading":"","cta_description":"","application":"994","h1":"\u00cdconos de redes sociales para Weebly","h1_caption":"Convierta a los clientes de su sitio web en fan\u00e1ticos sociales","application_category":[],"applications_title":"","applications_request_title":"","applications_request_button_text":"","hero_text":"","hero_video":"","hero_video_schema_markup":"","selling_points_title":"","selling_points_caption":"","selling_points":[],"selling_points_cta_text":"","features_title":"","features":"","ed_cta_examples_text":"","ed_cta_examples_hidden":"","ed_cta_demo_text":"","ed_cta_demo_hidden":"","why_caption":"","why_editor_title":"","why_editor_text":"","why_team_title":"","why_team_text":"","why_service_title":"","why_service_text":"","template_catalog_visible":"0","template_catalog_title":"","template_catalog_text":"","template_catalog_categories_visible":"","demo_title":"Crea tu aplicaci\u00f3n de iconos de redes sociales","demo_caption":"\u00a1Configura tus \u00edconos de redes sociales y agr\u00e9galos a tu sitio web Weebly gratis!","default_faq_hidden":"","app_template_category":[],"platform":"109","template_public_id":"","codecanyon_url":"","codecanyon_item_id":"","codecanyon_price":"","pricing_caption":"","pricing_elfsight_apps_hide_column":"","pricing_elfsight_apps_url":"","pricing_codecanyon_price_caption":"","integration_category":[],"integration_request_title":"","integration_request_cta":"","integration_platform":"","integrations":[],"platform_category":[],"video_schema_markup":"","price":"desde $0 \/ mes","trial":"","benefits":[{"text":"Ayuda de instalaci\u00f3n gratuita"},{"text":"Soporte excepcional"},{"text":"Garant\u00eda de devoluci\u00f3n de dinero de 14 d\u00edas"},{"text":"Actualizaciones gratuitas continuas"}],"button_url":"#demo","button_target_blank":"0","button_nofollow":"0","attributes":[{"name":"Instalaciones","content":"10,000 - 100,000"},{"name":"Sensible","content":"S\u00ed"},{"name":"Navegadores compatibles","content":"Firefox, Safari, Opera, Chrome, Edge"}],"tags":[],"tags_disable_links":"0","hide_more_platforms":"","video_object":"","demo_hide_cta":"0","demo_hide_cloud_options":"0","pricing_title":"","pricing":[{"pricing_icon":"cloud","pricing_title":"Elfsight Apps","pricing_title_caption":"Versi\u00f3n multiplataforma que funciona en cualquier sitio web (incluido Weebly)","pricing_price":"desde $0 \/ mes","pricing_price_caption":"Comience con el plan gratuito","pricing_benefits":[{"text":"Sitios web ilimitados"},{"text":"Soporte premium"},{"text":"Servicio de instalaci\u00f3n gratuito"},{"text":"Oferta especial para m\u00faltiples aplicaciones."}],"pricing_button_text":"A\u00f1adir al sitio web","pricing_button_url":"#demo"}],"related_apps_title":"","related_apps_hidden":"0","author":"","image":[],"title":"","job":"","social_networks":[]},"_links":{"self":[{"href":"https:\/\/elfsight.com\/es\/wp-json\/wp\/v2\/pages\/7834","targetHints":{"allow":["GET"]}}],"collection":[{"href":"https:\/\/elfsight.com\/es\/wp-json\/wp\/v2\/pages"}],"about":[{"href":"https:\/\/elfsight.com\/es\/wp-json\/wp\/v2\/types\/page"}],"author":[{"embeddable":true,"href":"https:\/\/elfsight.com\/es\/wp-json\/wp\/v2\/users\/9"}],"replies":[{"embeddable":true,"href":"https:\/\/elfsight.com\/es\/wp-json\/wp\/v2\/comments?post=7834"}],"version-history":[{"count":2,"href":"https:\/\/elfsight.com\/es\/wp-json\/wp\/v2\/pages\/7834\/revisions"}],"predecessor-version":[{"id":18766,"href":"https:\/\/elfsight.com\/es\/wp-json\/wp\/v2\/pages\/7834\/revisions\/18766"}],"up":[{"embeddable":true,"href":"https:\/\/elfsight.com\/es\/wp-json\/wp\/v2\/pages\/995"}],"wp:attachment":[{"href":"https:\/\/elfsight.com\/es\/wp-json\/wp\/v2\/media?parent=7834"}],"curies":[{"name":"wp","href":"https:\/\/api.w.org\/{rel}","templated":true}]}}