{"id":7829,"date":"1970-01-01T00:00:00","date_gmt":"1970-01-01T00:00:00","guid":{"rendered":"https:\/\/elfsight.com\/es\/?page_id=7829"},"modified":"2025-02-06T15:45:54","modified_gmt":"2025-02-06T15:45:54","slug":"webnode","status":"publish","type":"page","link":"https:\/\/elfsight.com\/es\/social-media-icons-widget\/webnode\/","title":{"rendered":"Social Media Icons &#8211; Webnode"},"content":{"rendered":"<div class=\"application-platform-content-item-description application-platform-content-item\" id=\"description\" data-nav-section=\"description\"><h2>Descripci\u00f3n<\/h2><p>Pr\u00e1cticos y ventajosos iconos sociales de Elfsight para integrar su sitio web con las redes sociales necesarias. Estrecha lazos con tus usuarios, convirti\u00e9ndolos en tus fans. Un dise\u00f1o adaptable, amplios par\u00e1metros de personalizaci\u00f3n de interfaz y dise\u00f1o con \u00edconos listos para usar en todas las redes sociales m\u00e1s populares.<\/p><p><b>Mejore la popularidad de su marca en las redes sociales.<\/b><\/p><ul><li><b>Tenga m\u00e1s seguidores<\/b>.<br>Defina el camino a sus perfiles sociales y aumente las posibilidades de que los lectores de su sitio web se transformen en suscriptores.<\/li><li><b>N\u00famero m\u00e1ximo de visitantes para sus perfiles sociales<\/b>.<br>Proporcione a los clientes del sitio una forma r\u00e1pida de llegar a su p\u00e1gina social y obtener el m\u00e1ximo de visitantes en las redes sociales.<\/li><li><b>Participaci\u00f3n efectiva de los visitantes<\/b>.<br>H\u00e1blele de su existencia activa en las redes sociales y atraiga una mayor atenci\u00f3n hacia su empresa entre los clientes del sitio.<\/li><\/ul><\/div><div class=\"application-platform-content-item-features application-platform-content-item\" id=\"features\" data-nav-section=\"features\"><h2>Caracter\u00edsticas<\/h2><p>Los rasgos m\u00e1s destacados, que \u00cdconos de Elfsight en el mejor widget social de Webnode.<\/p><ul><li>Agregue un nuevo medio simplemente insertando una URL en su perfil;<\/li><li>5 opciones de tama\u00f1o de \u00edcono;<\/li><li>3 variantes de alineaci\u00f3n de los \u00edconos: izquierda, derecha, centro;<\/li><li>Los \u00edconos y el fondo cambian de color al pasar el mouse;<\/li><li>5 tipos de animaci\u00f3n al pasar el mouse.<\/li><\/ul><p><a href=\"#demo\">Pruebe las funciones m\u00e1s importantes en nuestro configurador<\/a><\/p><\/div><div class=\"application-platform-content-item-installation application-platform-content-item\" id=\"installation\" data-nav-section=\"installation\"><h2>C\u00f3mo agregar \u00edconos de redes sociales a Webnode<\/h2><p>Un manual claro para mostrar \u00edconos en un sitio web sin experiencia en programaci\u00f3n. El tiempo de configuraci\u00f3n total es de alrededor de 90 segundos.<\/p><ol><li><b>Cree sus \u00edconos sociales personales<\/b>.<br>Usando nuestro configurador gratuito, un complemento con la plantilla y las capacidades necesarias.<\/li><li><b>Reciba el c\u00f3digo para configurar el complemento<\/b>.<br>Despu\u00e9s de generar el widget, obtenga el c\u00f3digo para el complemento de \u00edconos en la notificaci\u00f3n emergente en Elfsight Apps.<\/li><li><b>Muestre el complemento en Webnode sitio web<\/b>.<br>Muestre el complemento en el lugar deseado del sitio web y aplique los cambios.<\/li><li><b>Realiz\u00f3 completamente la instalaci\u00f3n<\/b>.<br>Vaya a su sitio web para verificar sus \u00edconos.<\/li><\/ol><p>\u00bfNo puede dar forma o insertar los \u00edconos en un sitio web? Lee nuestro manual completo \u00ab<a href=\"https:\/\/elfsight.com\/tutorials\/how-to-add-social-media-icons-to-webnode\/\" target=\"_blank\" rel=\"noopener noreferrer\">C\u00f3mo instalar iconos en Webnode<\/a>\u00bb o deja una consulta a nuestro equipo de ayuda.<\/p><\/div><div class=\"faq\" data-component=\"FAQ\"><div class=\"faq-item\">\r\n\t\t\t\t\t<div class=\"faq-item-question\">\r\n\t\t\t\t\t\t<h3 class=\"faq-item-question-text\">\u00bfHay alguna manera de agregar \u00edconos de redes sociales a mi sitio Webnode sin experiencia en codificaci\u00f3n?<\/h3>\r\n\r\n\t\t\t\t\t\t<div class=\"faq-item-question-icon\"><\/div>\r\n\t\t\t\t\t<\/div>\r\n\r\n\t\t\t\t\t<div class=\"faq-item-answer\">\r\n\t\t\t\t\t\t<div class=\"faq-item-answer-text\"><p>La compa\u00f1\u00eda Elfsight ofrece una soluci\u00f3n SaaS que permite a las personas crear una aplicaci\u00f3n de \u00edconos de redes sociales usted mismo. Vea lo f\u00e1cil que es el proceso: <\/p><ul><li>Vaya al editor en l\u00ednea para crear un widget de \u00edconos de redes sociales que le gustar\u00eda incluir en su sitio Webnode.<\/li><li>Decida una de las plantillas predise\u00f1adas y modifique la Configura los \u00edconos de redes sociales, agrega tu contenido, transforma el dise\u00f1o y los colores sin experiencia en codificaci\u00f3n.<\/li><li>Guarda los \u00edconos de redes sociales y obt\u00e9n su c\u00f3digo para incrustarlos, que se puede incrustar f\u00e1cilmente en el sitio de Webnode sin comprar un plan pago.<\/li><\/ul><p>Al trabajar en nuestro sencillo editor, cualquier usuario web puede establecer el complemento de \u00edconos de redes sociales y agregarlo f\u00e1cilmente a la p\u00e1gina web de Webnode. No es necesario pagar ni revelar las credenciales de su tarjeta para ingresar a nuestro servicio. Si tiene alg\u00fan problema en alg\u00fan paso, no dude en ponerse en contacto con nuestro equipo de soporte.<\/p><\/div>\r\n\t\t\t\t\t<\/div>\r\n\t\t\t\t<\/div><\/div>","protected":false},"excerpt":{"rendered":"","protected":false},"author":9,"featured_media":0,"parent":995,"menu_order":0,"comment_status":"closed","ping_status":"closed","template":"templates\/template-application-platform.php","meta":{"publish_to_discourse":"","publish_post_category":"","wpdc_auto_publish_overridden":"","wpdc_topic_tags":"","wpdc_pin_topic":"","wpdc_pin_until":"","discourse_post_id":"","discourse_permalink":"","wpdc_publishing_response":"","wpdc_publishing_error":"","footnotes":""},"class_list":["post-7829","page","type-page","status-publish","hentry"],"yoast_head":"<!-- This site is optimized with the Yoast SEO plugin v25.3.1 - https:\/\/yoast.com\/wordpress\/plugins\/seo\/ -->\n<title>Iconos de redes sociales - Agregar widget de iconos sociales a Webnode<\/title>\n<meta name=\"description\" content=\"Prueba nuestros Iconos de Redes Sociales para Webnode ahora mismo. \u00a1Configura tus \u00edconos personalizados para tu sitio web en solo un par de minutos!\" \/>\n<meta name=\"robots\" content=\"index, follow, max-snippet:-1, max-image-preview:large, max-video-preview:-1\" \/>\n<link rel=\"canonical\" href=\"https:\/\/elfsight.com\/es\/social-media-icons-widget\/webnode\/\" \/>\n<meta property=\"og:locale\" content=\"es_ES\" \/>\n<meta property=\"og:type\" content=\"article\" \/>\n<meta property=\"og:title\" content=\"Iconos de redes sociales - Agregar widget de iconos sociales a Webnode\" \/>\n<meta property=\"og:description\" content=\"Prueba nuestros Iconos de Redes Sociales para Webnode ahora mismo. \u00a1Configura tus \u00edconos personalizados para tu sitio web en solo un par de minutos!\" \/>\n<meta property=\"og:url\" content=\"https:\/\/elfsight.com\/es\/social-media-icons-widget\/webnode\/\" \/>\n<meta property=\"og:site_name\" content=\"Elfsight ES\" \/>\n<meta property=\"article:modified_time\" content=\"2025-02-06T15:45:54+00:00\" \/>\n<meta name=\"twitter:card\" content=\"summary_large_image\" \/>\n<meta name=\"twitter:label1\" content=\"Tiempo de lectura\" \/>\n\t<meta name=\"twitter:data1\" content=\"3 minutos\" \/>\n<!-- \/ Yoast SEO plugin. -->","yoast_head_json":{"title":"Iconos de redes sociales - Agregar widget de iconos sociales a Webnode","description":"Prueba nuestros Iconos de Redes Sociales para Webnode ahora mismo. \u00a1Configura tus \u00edconos personalizados para tu sitio web en solo un par de minutos!","robots":{"index":"index","follow":"follow","max-snippet":"max-snippet:-1","max-image-preview":"max-image-preview:large","max-video-preview":"max-video-preview:-1"},"canonical":"https:\/\/elfsight.com\/es\/social-media-icons-widget\/webnode\/","og_locale":"es_ES","og_type":"article","og_title":"Iconos de redes sociales - Agregar widget de iconos sociales a Webnode","og_description":"Prueba nuestros Iconos de Redes Sociales para Webnode ahora mismo. \u00a1Configura tus \u00edconos personalizados para tu sitio web en solo un par de minutos!","og_url":"https:\/\/elfsight.com\/es\/social-media-icons-widget\/webnode\/","og_site_name":"Elfsight ES","article_modified_time":"2025-02-06T15:45:54+00:00","twitter_card":"summary_large_image","twitter_misc":{"Tiempo de lectura":"3 minutos"},"schema":{"@context":"https:\/\/schema.org","@graph":[{"@type":"WebPage","@id":"https:\/\/elfsight.com\/es\/social-media-icons-widget\/webnode\/","url":"https:\/\/elfsight.com\/es\/social-media-icons-widget\/webnode\/","name":"Iconos de redes sociales - Agregar widget de iconos sociales a Webnode","isPartOf":{"@id":"https:\/\/elfsight.com\/es\/#website"},"datePublished":"1970-01-01T00:00:00+00:00","dateModified":"2025-02-06T15:45:54+00:00","description":"Prueba nuestros Iconos de Redes Sociales para Webnode ahora mismo. \u00a1Configura tus \u00edconos personalizados para tu sitio web en solo un par de minutos!","breadcrumb":{"@id":"https:\/\/elfsight.com\/es\/social-media-icons-widget\/webnode\/#breadcrumb"},"inLanguage":"es","potentialAction":[{"@type":"ReadAction","target":["https:\/\/elfsight.com\/es\/social-media-icons-widget\/webnode\/"]}]},{"@type":"BreadcrumbList","@id":"https:\/\/elfsight.com\/es\/social-media-icons-widget\/webnode\/#breadcrumb","itemListElement":[{"@type":"ListItem","position":1,"name":"Home","item":"https:\/\/elfsight.com\/es\/"},{"@type":"ListItem","position":2,"name":"Social Media Icons","item":"https:\/\/elfsight.com\/es\/social-media-icons-widget\/"},{"@type":"ListItem","position":3,"name":"Social Media Icons &#8211; Webnode"}]},{"@type":"WebSite","@id":"https:\/\/elfsight.com\/es\/#website","url":"https:\/\/elfsight.com\/es\/","name":"Elfsight ES","description":"Just another Elfsight Sites site","potentialAction":[{"@type":"SearchAction","target":{"@type":"EntryPoint","urlTemplate":"https:\/\/elfsight.com\/es\/?s={search_term_string}"},"query-input":{"@type":"PropertyValueSpecification","valueRequired":true,"valueName":"search_term_string"}}],"inLanguage":"es"}]}},"meta_box":{"industry":"","seo_heading":"","heading":"","description":"","cta_heading":"","cta_description":"","application":"994","h1":"Iconos de redes sociales para Webnode","h1_caption":"M\u00e9todo n\u00famero uno para mostrar \u00edconos sociales en un sitio","application_category":[],"applications_title":"","applications_request_title":"","applications_request_button_text":"","hero_text":"","hero_video":"","hero_video_schema_markup":"","selling_points_title":"","selling_points_caption":"","selling_points":[],"selling_points_cta_text":"","features_title":"","features":"","ed_cta_examples_text":"","ed_cta_examples_hidden":"","ed_cta_demo_text":"","ed_cta_demo_hidden":"","why_caption":"","why_editor_title":"","why_editor_text":"","why_team_title":"","why_team_text":"","why_service_title":"","why_service_text":"","template_catalog_visible":"","template_catalog_title":"","template_catalog_text":"","template_catalog_categories_visible":"","demo_title":"Crea tu widget de iconos de redes sociales","demo_caption":"\u00a1Configura tus iconos de redes sociales y agr\u00e9galos a tu sitio web Webnode gratis!","default_faq_hidden":"","app_template_category":[],"platform":"2302","template_public_id":"","codecanyon_url":"","codecanyon_item_id":"","codecanyon_price":"","pricing_caption":"","pricing_elfsight_apps_hide_column":"","pricing_elfsight_apps_url":"","pricing_codecanyon_price_caption":"","integration_category":[],"integration_request_title":"","integration_request_cta":"","integration_platform":"","integrations":[],"platform_category":[],"video_schema_markup":"","price":"desde $0 \/ mes","trial":"","benefits":[{"text":"Ayuda de instalaci\u00f3n gratuita"},{"text":"Atenci\u00f3n al cliente experimentada"},{"text":"Garant\u00eda de reembolso de 14 d\u00edas"},{"text":"Mejoras futuras"}],"button_url":"#demo","button_target_blank":"","button_nofollow":"","attributes":[{"name":"Instalaciones","content":"10,000 - 100,000"},{"name":"Sensible","content":"S\u00ed"},{"name":"Navegadores compatibles","content":"Firefox, Safari, Opera, Chrome, Edge"}],"tags":[],"tags_disable_links":"","hide_more_platforms":"","video_object":"","demo_hide_cta":"","demo_hide_cloud_options":"","pricing_title":"","pricing":[{"pricing_icon":"platform","pricing_title":"Elfsight Apps","pricing_title_caption":"Software multiplataforma que funciona en cualquier sitio web","pricing_price":"desde $0 \/ mes","pricing_price_caption":"comienza con el plan gratuito","pricing_benefits":[{"text":"Dominios ilimitados"},{"text":"Soporte empresarial dedicado"},{"text":"Servicio de instalaci\u00f3n gratuito"},{"text":"Gran oferta para m\u00faltiples aplicaciones"}],"pricing_button_text":"A\u00f1adir al sitio web","pricing_button_url":"#demo"}],"related_apps_title":"","related_apps_hidden":"","author":"","image":[],"title":"","job":"","social_networks":[]},"_links":{"self":[{"href":"https:\/\/elfsight.com\/es\/wp-json\/wp\/v2\/pages\/7829","targetHints":{"allow":["GET"]}}],"collection":[{"href":"https:\/\/elfsight.com\/es\/wp-json\/wp\/v2\/pages"}],"about":[{"href":"https:\/\/elfsight.com\/es\/wp-json\/wp\/v2\/types\/page"}],"author":[{"embeddable":true,"href":"https:\/\/elfsight.com\/es\/wp-json\/wp\/v2\/users\/9"}],"replies":[{"embeddable":true,"href":"https:\/\/elfsight.com\/es\/wp-json\/wp\/v2\/comments?post=7829"}],"version-history":[{"count":2,"href":"https:\/\/elfsight.com\/es\/wp-json\/wp\/v2\/pages\/7829\/revisions"}],"predecessor-version":[{"id":18767,"href":"https:\/\/elfsight.com\/es\/wp-json\/wp\/v2\/pages\/7829\/revisions\/18767"}],"up":[{"embeddable":true,"href":"https:\/\/elfsight.com\/es\/wp-json\/wp\/v2\/pages\/995"}],"wp:attachment":[{"href":"https:\/\/elfsight.com\/es\/wp-json\/wp\/v2\/media?parent=7829"}],"curies":[{"name":"wp","href":"https:\/\/api.w.org\/{rel}","templated":true}]}}