{"id":7821,"date":"1970-01-01T00:00:00","date_gmt":"1970-01-01T00:00:00","guid":{"rendered":"https:\/\/elfsight.com\/es\/?page_id=7821"},"modified":"2025-02-06T15:46:03","modified_gmt":"2025-02-06T15:46:03","slug":"prestashop","status":"publish","type":"page","link":"https:\/\/elfsight.com\/es\/social-media-icons-widget\/prestashop\/","title":{"rendered":"Social Media Icons &#8211; PrestaShop"},"content":{"rendered":"<div class=\"application-platform-content-item-description application-platform-content-item\" id=\"description\" data-nav-section=\"description\"> <h2>Descripci\u00f3n<\/h2> <p>Elfsight Social Media Icons es una herramienta f\u00e1cil de colocar en un sitio web \u00edconos de las redes sociales, donde su negocio es m\u00e1s activo. Instale este widget con \u00edconos ilimitados y su audiencia tendr\u00e1 una nueva forma de mantenerse en contacto y convertirse en sus seguidores. El widget Elfsight Social Media Icons ofrece una amplia personalizaci\u00f3n que le ayudar\u00e1 a crear un widget perfecto para su caso de uso. <\/p><p><b>Haga que su sitio web tenga m\u00e1s \u00e9xito para objetivos de comercio electr\u00f3nico con \u00edconos de redes sociales<\/b><\/p> <\/div> <div class=\"application-platform-content-item-features application-platform-content-item\" id=\"features\" data-nav-section=\"features\"> <h2>Estas son las caracter\u00edsticas clave del widget: <\/h2> <ul><li>M\u00e1s de 50 plataformas sociales predefinidas<\/li><li>5 opciones de tama\u00f1o de \u00edcono<\/li><li>2 dise\u00f1os: en l\u00ednea y flotante<\/li><li>reordenar \u00edconos, duplicar, eliminar y agregar<\/li><li>3 variantes de alineaci\u00f3n de los \u00edconos<\/li><li>5 animaciones al pasar el cursor<\/li><li>3 tipos de radio de borde<\/li><li>Opacidad ajustable de los \u00edconos<\/li><li>6 estilos de \u00edconos incrustados <\/li><\/ul><p><a href=\"#demo\">Simplemente pruebe esta demostraci\u00f3n para comprender la funcionalidad del widget<\/a><\/p> <\/div> <div class=\"application-platform-content-item-installation application-platform-content-item\" id=\"installation\" data-nav-section=\"installation\"> <h2>\u00bfC\u00f3mo agregar \u00edconos de redes sociales a mi p\u00e1gina web de PrestaShop? <\/h2> <p>Simplemente siga las pautas a continuaci\u00f3n para agregar la herramienta. <\/p> <ol><li><b>Administra nuestro editor gratuito y comienza a crear tu instrumento \u00fanico. <\/b><br> Elija el dise\u00f1o y las especificaciones deseables del widget y aplique las modificaciones. <\/li> <li><b>Copia tu c\u00f3digo \u00fanico expuesto en la ventana de Elfsight Apps. <\/b><br> Tan pronto como se complete la creaci\u00f3n de su complemento, copie el c\u00f3digo individual en la ventana que aparece y gu\u00e1rdelo para futuras necesidades. <\/li> <li><b>Comience a utilizar el widget en su sitio web PrestaShop. <\/b><br>Implemente el c\u00f3digo que ha guardado recientemente en su p\u00e1gina y aplique las modificaciones. <\/li> <li><b>La instalaci\u00f3n se ha realizado por completo. <\/b><br>Vaya a su p\u00e1gina web para inspeccionar el rendimiento del complemento. <\/li><\/ol> <p>A condici\u00f3n de enfrentar consultas o enfrentar cualquier obst\u00e1culo, comun\u00edquese con nuestro equipo de atenci\u00f3n al cliente. Nuestros consultores estar\u00e1n encantados de ayudarle con todas las dificultades que pueda tener con el producto. <\/p> <\/div><div class=\"faq\" data-component=\"FAQ\"><div class=\"faq-item\">\r\n\t\t\t\t\t<div class=\"faq-item-question\">\r\n\t\t\t\t\t\t<h3 class=\"faq-item-question-text\">\u00bfExiste alg\u00fan m\u00e9todo para agregar \u00edconos de redes sociales a mi sitio web PrestaShop sin conocimientos de codificaci\u00f3n?<\/h3>\r\n\r\n\t\t\t\t\t\t<div class=\"faq-item-question-icon\"><\/div>\r\n\t\t\t\t\t<\/div>\r\n\r\n\t\t\t\t\t<div class=\"faq-item-answer\">\r\n\t\t\t\t\t\t<div class=\"faq-item-answer-text\"><p>La compa\u00f1\u00eda Elfsight presenta una soluci\u00f3n en la nube que permite a los propietarios de sitios establecer una aplicaci\u00f3n de \u00edconos de redes sociales usted mismo, mire la gu\u00eda simple: <\/p><ul><li>Vaya a la demostraci\u00f3n en l\u00ednea para crear un complemento de \u00edconos de redes sociales desea integrarse en la p\u00e1gina de inicio de PrestaShop.<\/li><li>Elija una de las plantillas predise\u00f1adas y ajuste la configuraci\u00f3n de los \u00edconos de redes sociales, cambie el dise\u00f1o y los colores, incluya su contenido sin conocimientos de codificaci\u00f3n.<\/li><li>Guarde los \u00edconos de redes sociales y obtenga el c\u00f3digo del complemento para la instalaci\u00f3n, que puede incluir f\u00e1cilmente en el sitio de PrestaShop sin comprar un plan pago.<\/li><\/ul><p>Utilizando nuestro editor f\u00e1cil de usar, cada usuario de Internet puede establecer \u00edconos de redes sociales en l\u00ednea y pegarlos en su sitio web de PrestaShop. No es necesario obtener un plan pago ni enviar los datos de su tarjeta para ingresar al servicio. Si encuentra alg\u00fan problema en cualquier paso, no dude en ponerse en contacto con nuestro personal de soporte t\u00e9cnico.<\/p><\/div>\r\n\t\t\t\t\t<\/div>\r\n\t\t\t\t<\/div><\/div>","protected":false},"excerpt":{"rendered":"","protected":false},"author":9,"featured_media":0,"parent":995,"menu_order":0,"comment_status":"closed","ping_status":"closed","template":"templates\/template-application-platform.php","meta":{"publish_to_discourse":"","publish_post_category":"","wpdc_auto_publish_overridden":"","wpdc_topic_tags":"","wpdc_pin_topic":"","wpdc_pin_until":"","discourse_post_id":"","discourse_permalink":"","wpdc_publishing_response":"","wpdc_publishing_error":"","footnotes":""},"class_list":["post-7821","page","type-page","status-publish","hentry"],"yoast_head":"<!-- This site is optimized with the Yoast SEO plugin v25.3.1 - https:\/\/yoast.com\/wordpress\/plugins\/seo\/ -->\n<title>Iconos de redes sociales: agregue el widget de iconos sociales a PrestaShop<\/title>\n<meta name=\"description\" content=\"Pruebe Elfsight Social Media Icons para PrestaShop de forma gratuita. \u00a1Genera \u00edconos personalizados para tu sitio solo en unos minutos!\" \/>\n<meta name=\"robots\" content=\"index, follow, max-snippet:-1, max-image-preview:large, max-video-preview:-1\" \/>\n<link rel=\"canonical\" href=\"https:\/\/elfsight.com\/es\/social-media-icons-widget\/prestashop\/\" \/>\n<meta property=\"og:locale\" content=\"es_ES\" \/>\n<meta property=\"og:type\" content=\"article\" \/>\n<meta property=\"og:title\" content=\"Iconos de redes sociales: agregue el widget de iconos sociales a PrestaShop\" \/>\n<meta property=\"og:description\" content=\"Pruebe Elfsight Social Media Icons para PrestaShop de forma gratuita. \u00a1Genera \u00edconos personalizados para tu sitio solo en unos minutos!\" \/>\n<meta property=\"og:url\" content=\"https:\/\/elfsight.com\/es\/social-media-icons-widget\/prestashop\/\" \/>\n<meta property=\"og:site_name\" content=\"Elfsight ES\" \/>\n<meta property=\"article:modified_time\" content=\"2025-02-06T15:46:03+00:00\" \/>\n<meta name=\"twitter:card\" content=\"summary_large_image\" \/>\n<meta name=\"twitter:label1\" content=\"Tiempo de lectura\" \/>\n\t<meta name=\"twitter:data1\" content=\"3 minutos\" \/>\n<!-- \/ Yoast SEO plugin. -->","yoast_head_json":{"title":"Iconos de redes sociales: agregue el widget de iconos sociales a PrestaShop","description":"Pruebe Elfsight Social Media Icons para PrestaShop de forma gratuita. \u00a1Genera \u00edconos personalizados para tu sitio solo en unos minutos!","robots":{"index":"index","follow":"follow","max-snippet":"max-snippet:-1","max-image-preview":"max-image-preview:large","max-video-preview":"max-video-preview:-1"},"canonical":"https:\/\/elfsight.com\/es\/social-media-icons-widget\/prestashop\/","og_locale":"es_ES","og_type":"article","og_title":"Iconos de redes sociales: agregue el widget de iconos sociales a PrestaShop","og_description":"Pruebe Elfsight Social Media Icons para PrestaShop de forma gratuita. \u00a1Genera \u00edconos personalizados para tu sitio solo en unos minutos!","og_url":"https:\/\/elfsight.com\/es\/social-media-icons-widget\/prestashop\/","og_site_name":"Elfsight ES","article_modified_time":"2025-02-06T15:46:03+00:00","twitter_card":"summary_large_image","twitter_misc":{"Tiempo de lectura":"3 minutos"},"schema":{"@context":"https:\/\/schema.org","@graph":[{"@type":"WebPage","@id":"https:\/\/elfsight.com\/es\/social-media-icons-widget\/prestashop\/","url":"https:\/\/elfsight.com\/es\/social-media-icons-widget\/prestashop\/","name":"Iconos de redes sociales: agregue el widget de iconos sociales a PrestaShop","isPartOf":{"@id":"https:\/\/elfsight.com\/es\/#website"},"datePublished":"1970-01-01T00:00:00+00:00","dateModified":"2025-02-06T15:46:03+00:00","description":"Pruebe Elfsight Social Media Icons para PrestaShop de forma gratuita. \u00a1Genera \u00edconos personalizados para tu sitio solo en unos minutos!","breadcrumb":{"@id":"https:\/\/elfsight.com\/es\/social-media-icons-widget\/prestashop\/#breadcrumb"},"inLanguage":"es","potentialAction":[{"@type":"ReadAction","target":["https:\/\/elfsight.com\/es\/social-media-icons-widget\/prestashop\/"]}]},{"@type":"BreadcrumbList","@id":"https:\/\/elfsight.com\/es\/social-media-icons-widget\/prestashop\/#breadcrumb","itemListElement":[{"@type":"ListItem","position":1,"name":"Home","item":"https:\/\/elfsight.com\/es\/"},{"@type":"ListItem","position":2,"name":"Social Media Icons","item":"https:\/\/elfsight.com\/es\/social-media-icons-widget\/"},{"@type":"ListItem","position":3,"name":"Social Media Icons &#8211; PrestaShop"}]},{"@type":"WebSite","@id":"https:\/\/elfsight.com\/es\/#website","url":"https:\/\/elfsight.com\/es\/","name":"Elfsight ES","description":"Just another Elfsight Sites site","potentialAction":[{"@type":"SearchAction","target":{"@type":"EntryPoint","urlTemplate":"https:\/\/elfsight.com\/es\/?s={search_term_string}"},"query-input":{"@type":"PropertyValueSpecification","valueRequired":true,"valueName":"search_term_string"}}],"inLanguage":"es"}]}},"meta_box":{"industry":"","seo_heading":"","heading":"","description":"","cta_heading":"","cta_description":"","application":"994","h1":"Iconos de redes sociales para PrestaShop","h1_caption":"Aumente su popularidad en las redes sociales con pr\u00e1cticos \u00edconos de redes sociales","application_category":[],"applications_title":"","applications_request_title":"","applications_request_button_text":"","hero_text":"","hero_video":"","hero_video_schema_markup":"","selling_points_title":"","selling_points_caption":"","selling_points":[],"selling_points_cta_text":"","features_title":"","features":"","ed_cta_examples_text":"","ed_cta_examples_hidden":"","ed_cta_demo_text":"","ed_cta_demo_hidden":"","why_caption":"","why_editor_title":"","why_editor_text":"","why_team_title":"","why_team_text":"","why_service_title":"","why_service_text":"","template_catalog_visible":"","template_catalog_title":"","template_catalog_text":"","template_catalog_categories_visible":"","demo_title":"Crea tu complemento de iconos de redes sociales","demo_caption":"\u00a1Configure sus iconos de redes sociales y agr\u00e9guelos a su sitio web PrestaShop gratis!","default_faq_hidden":"","app_template_category":[],"platform":"2250","template_public_id":"","codecanyon_url":"","codecanyon_item_id":"","codecanyon_price":"","pricing_caption":"","pricing_elfsight_apps_hide_column":"","pricing_elfsight_apps_url":"","pricing_codecanyon_price_caption":"","integration_category":[],"integration_request_title":"","integration_request_cta":"","integration_platform":"","integrations":[],"platform_category":[],"video_schema_markup":"","price":"desde $0 \/ mes","trial":"","benefits":[{"text":"Asistencia de instalaci\u00f3n gratuita"},{"text":"Soporte excepcional"},{"text":"Garant\u00eda de reembolso de 14 d\u00edas"},{"text":"Desarrollo continuo"}],"button_url":"#demo","button_target_blank":"","button_nofollow":"","attributes":[{"name":"Instalaciones","content":"10,000 - 100,000"},{"name":"Sensible","content":"S\u00ed"},{"name":"Navegadores compatibles","content":"Firefox, Safari, Opera, Chrome, Edge"}],"tags":[],"tags_disable_links":"","hide_more_platforms":"","video_object":"","demo_hide_cta":"","demo_hide_cloud_options":"","pricing_title":"","pricing":[{"pricing_icon":"platform","pricing_title":"Elfsight Apps","pricing_title_caption":"Soluci\u00f3n multiplataforma que se adapta a cualquier sitio","pricing_price":"desde $0 \/ mes","pricing_price_caption":"comienza con un plan gratuito","pricing_benefits":[{"text":"Dominios ilimitados"},{"text":"Atenci\u00f3n al cliente premium"},{"text":"Soporte de instalaci\u00f3n gratuito"},{"text":"100% personalizable"}],"pricing_button_text":"A\u00f1adir al sitio web","pricing_button_url":"#demo"}],"related_apps_title":"","related_apps_hidden":"","author":"","image":[],"title":"","job":"","social_networks":[]},"_links":{"self":[{"href":"https:\/\/elfsight.com\/es\/wp-json\/wp\/v2\/pages\/7821","targetHints":{"allow":["GET"]}}],"collection":[{"href":"https:\/\/elfsight.com\/es\/wp-json\/wp\/v2\/pages"}],"about":[{"href":"https:\/\/elfsight.com\/es\/wp-json\/wp\/v2\/types\/page"}],"author":[{"embeddable":true,"href":"https:\/\/elfsight.com\/es\/wp-json\/wp\/v2\/users\/9"}],"replies":[{"embeddable":true,"href":"https:\/\/elfsight.com\/es\/wp-json\/wp\/v2\/comments?post=7821"}],"version-history":[{"count":2,"href":"https:\/\/elfsight.com\/es\/wp-json\/wp\/v2\/pages\/7821\/revisions"}],"predecessor-version":[{"id":18771,"href":"https:\/\/elfsight.com\/es\/wp-json\/wp\/v2\/pages\/7821\/revisions\/18771"}],"up":[{"embeddable":true,"href":"https:\/\/elfsight.com\/es\/wp-json\/wp\/v2\/pages\/995"}],"wp:attachment":[{"href":"https:\/\/elfsight.com\/es\/wp-json\/wp\/v2\/media?parent=7821"}],"curies":[{"name":"wp","href":"https:\/\/api.w.org\/{rel}","templated":true}]}}