{"id":7820,"date":"1970-01-01T00:00:00","date_gmt":"1970-01-01T00:00:00","guid":{"rendered":"https:\/\/elfsight.com\/es\/?page_id=7820"},"modified":"2025-02-06T15:46:03","modified_gmt":"2025-02-06T15:46:03","slug":"opencart","status":"publish","type":"page","link":"https:\/\/elfsight.com\/es\/social-media-icons-widget\/opencart\/","title":{"rendered":"Social Media Icons &#8211; OpenCart"},"content":{"rendered":"<div class=\"application-platform-content-item-description application-platform-content-item\" id=\"description\" data-nav-section=\"description\"><h2>Descripci\u00f3n<\/h2><p>\u00cdconos sociales f\u00e1ciles y ventajosos de Elfsight para conectar su sitio con diferentes redes sociales. Mant\u00e9n la conexi\u00f3n con tus usuarios, convirti\u00e9ndolos en tus fans. Una plantilla adaptable, personalizaci\u00f3n completa de la interfaz y dise\u00f1o con \u00edconos listos para usar de las principales redes sociales.<\/p><p><b>Aumente la presencia de su empresa en las redes sociales.<\/b><\/p><ul><li><b>Un m\u00e9todo adicional para comunicarse con los clientes<\/b>.<br>Las redes sociales son otra variante para mantener el contacto con los clientes y brindar una oportunidad para desarrollar sus relaciones.<\/li><li><b>El mayor n\u00famero de visitantes para sus perfiles sociales<\/b>.<br>Proporcione visitantes al sitio web una direcci\u00f3n a su perfil social y disfrute de m\u00e1s visitantes en las redes sociales.<\/li><li><b>Eleve la interacci\u00f3n con los visitantes a la siguiente etapa<\/b>.<br>Demuestre a sus clientes antiguos y nuevos m\u00e1s herramientas para comunicarse y mejorar la calidad del centro de ayuda.<\/li><li><b><\/b>.<\/li><\/ul><\/div><div class=\"application-platform-content-item-features application-platform-content-item\" id=\"features\" data-nav-section=\"features\"><h2>Caracter\u00edsticas<\/h2><p>Las caracter\u00edsticas m\u00e1s destacadas, que convierten a nuestros \u00edconos en la mejor extensi\u00f3n social de OpenCart.<\/p><ul><li>Agregue un nuevo medio simplemente insertando una URL a su perfil;<\/li><li>Duplicar y eliminar \u00edconos;<\/li><li>2 dise\u00f1os: en l\u00ednea y flotante;<\/li><li>Colores de fondo nativos, blanco y negro;<\/li><li>Opacidad ajustable en porcentajes de los \u00edconos y coloque el cursor sobre \u00e9l.<\/li><\/ul><p><a href=\"#demo\">Pruebe las funciones m\u00e1s destacadas del editor Elfsight<\/a><\/p><\/div><div class=\"application-platform-content-item-installation application-platform-content-item\" id=\"installation\" data-nav-section=\"installation\"><h2>C\u00f3mo agregar \u00edconos sociales a OpenCart<\/h2><p>Simplemente siga las pautas a continuaci\u00f3n para insertar la herramienta en OpenCart.<\/p> <ol><li><b>Realice nuestro Configurador gratuito y comienza a crear tu instrumento personalizado. <\/b><br> Especifique el dise\u00f1o y las caracter\u00edsticas preferibles de la extensi\u00f3n y aplique las modificaciones. <\/li> <li><b>Obtenga el c\u00f3digo individual que se muestra en el cuadro de Elfsight Apps. <\/b><br> Inmediatamente despu\u00e9s de finalizar la creaci\u00f3n de sus \u00edconos de redes sociales personales, copie el c\u00f3digo individual en el cuadro que aparece y gu\u00e1rdelo para ocasiones posteriores. <\/li> <li><b>Comience a usar el widget en su sitio web OpenCart. <\/b><br> Inserta el c\u00f3digo guardado recientemente en tu p\u00e1gina y aplica las correcciones. <\/li> <li><b>La instalaci\u00f3n se realiz\u00f3 correctamente. <\/b><br> Vaya a su sitio para ver en acci\u00f3n c\u00f3mo funciona el widget. <\/li><\/ol> <p>\u00bfLe resulta dif\u00edcil agregar o configurar \u00edconos en un sitio web? Lea nuestro manual completo \u00ab<a href=\"https:\/\/elfsight.com\/tutorials\/how-to-add-social-media-icons-to-opencart\/\" target=\"_blank\" rel=\"noopener noreferrer\">C\u00f3mo agregar \u00edconos en OpenCart<\/a>\u00bb o comun\u00edquese con nuestro centro de ayuda.<\/p><\/div><div class=\"faq\" data-component=\"FAQ\"><div class=\"faq-item\">\r\n\t\t\t\t\t<div class=\"faq-item-question\">\r\n\t\t\t\t\t\t<h3 class=\"faq-item-question-text\">\u00bfC\u00f3mo incrustar \u00edconos de redes sociales en mi OpenCart sin conocimientos de codificaci\u00f3n?<\/h3>\r\n\r\n\t\t\t\t\t\t<div class=\"faq-item-question-icon\"><\/div>\r\n\t\t\t\t\t<\/div>\r\n\r\n\t\t\t\t\t<div class=\"faq-item-answer\">\r\n\t\t\t\t\t\t<div class=\"faq-item-answer-text\"><p>La compa\u00f1\u00eda Elfsight ofrece una soluci\u00f3n en la nube que permite a los usuarios generar una secci\u00f3n de \u00edconos de redes sociales por s\u00ed mismos. Compruebe lo simple que es: <\/p><ul><li>Trabaje directamente en la demostraci\u00f3n en vivo para generar una secci\u00f3n de \u00edconos de redes sociales que le gustar\u00eda incluir en su OpenCart.<\/li><li>Elija una de nuestras plantillas listas para usar y modifique la configuraci\u00f3n de los \u00edconos de redes sociales, incluya su contenido, cambie el dise\u00f1o y la combinaci\u00f3n de colores sin conocimientos de codificaci\u00f3n.<\/li><li>Guarde los \u00edconos de redes sociales y obtenga su c\u00f3digo de instalaci\u00f3n, que puede incluirse sin esfuerzo en cualquier sitio OpenCart sin comprar un plan pago.<\/li><\/ul><p>Utilizando el sencillo Configurador, cada usuario web puede crear una secci\u00f3n de \u00edconos de redes sociales e incrustarla f\u00e1cilmente en su sitio web OpenCart. No debes pagar ni revelar los datos de tu tarjeta para acceder al servicio. Si enfrenta alg\u00fan obst\u00e1culo en alg\u00fan paso, contin\u00fae y comun\u00edquese con nuestro servicio de atenci\u00f3n al cliente.<\/p><\/div>\r\n\t\t\t\t\t<\/div>\r\n\t\t\t\t<\/div><\/div>","protected":false},"excerpt":{"rendered":"","protected":false},"author":9,"featured_media":0,"parent":995,"menu_order":0,"comment_status":"closed","ping_status":"closed","template":"templates\/template-application-platform.php","meta":{"publish_to_discourse":"","publish_post_category":"","wpdc_auto_publish_overridden":"","wpdc_topic_tags":"","wpdc_pin_topic":"","wpdc_pin_until":"","discourse_post_id":"","discourse_permalink":"","wpdc_publishing_response":"","wpdc_publishing_error":"","footnotes":""},"class_list":["post-7820","page","type-page","status-publish","hentry"],"yoast_head":"<!-- This site is optimized with the Yoast SEO plugin v25.3.1 - https:\/\/yoast.com\/wordpress\/plugins\/seo\/ -->\n<title>\u00cdconos de redes sociales: agregue la extensi\u00f3n de \u00edconos sociales a OpenCart<\/title>\n<meta name=\"description\" content=\"Pruebe Elfsight Social Media Icons para OpenCart ahora mismo. \u00a1Genera \u00edconos \u00fanicos para tu sitio en solo unos minutos!\" \/>\n<meta name=\"robots\" content=\"index, follow, max-snippet:-1, max-image-preview:large, max-video-preview:-1\" \/>\n<link rel=\"canonical\" href=\"https:\/\/elfsight.com\/es\/social-media-icons-widget\/opencart\/\" \/>\n<meta property=\"og:locale\" content=\"es_ES\" \/>\n<meta property=\"og:type\" content=\"article\" \/>\n<meta property=\"og:title\" content=\"\u00cdconos de redes sociales: agregue la extensi\u00f3n de \u00edconos sociales a OpenCart\" \/>\n<meta property=\"og:description\" content=\"Pruebe Elfsight Social Media Icons para OpenCart ahora mismo. \u00a1Genera \u00edconos \u00fanicos para tu sitio en solo unos minutos!\" \/>\n<meta property=\"og:url\" content=\"https:\/\/elfsight.com\/es\/social-media-icons-widget\/opencart\/\" \/>\n<meta property=\"og:site_name\" content=\"Elfsight ES\" \/>\n<meta property=\"article:modified_time\" content=\"2025-02-06T15:46:03+00:00\" \/>\n<meta name=\"twitter:card\" content=\"summary_large_image\" \/>\n<meta name=\"twitter:label1\" content=\"Tiempo de lectura\" \/>\n\t<meta name=\"twitter:data1\" content=\"3 minutos\" \/>\n<!-- \/ Yoast SEO plugin. -->","yoast_head_json":{"title":"\u00cdconos de redes sociales: agregue la extensi\u00f3n de \u00edconos sociales a OpenCart","description":"Pruebe Elfsight Social Media Icons para OpenCart ahora mismo. \u00a1Genera \u00edconos \u00fanicos para tu sitio en solo unos minutos!","robots":{"index":"index","follow":"follow","max-snippet":"max-snippet:-1","max-image-preview":"max-image-preview:large","max-video-preview":"max-video-preview:-1"},"canonical":"https:\/\/elfsight.com\/es\/social-media-icons-widget\/opencart\/","og_locale":"es_ES","og_type":"article","og_title":"\u00cdconos de redes sociales: agregue la extensi\u00f3n de \u00edconos sociales a OpenCart","og_description":"Pruebe Elfsight Social Media Icons para OpenCart ahora mismo. \u00a1Genera \u00edconos \u00fanicos para tu sitio en solo unos minutos!","og_url":"https:\/\/elfsight.com\/es\/social-media-icons-widget\/opencart\/","og_site_name":"Elfsight ES","article_modified_time":"2025-02-06T15:46:03+00:00","twitter_card":"summary_large_image","twitter_misc":{"Tiempo de lectura":"3 minutos"},"schema":{"@context":"https:\/\/schema.org","@graph":[{"@type":"WebPage","@id":"https:\/\/elfsight.com\/es\/social-media-icons-widget\/opencart\/","url":"https:\/\/elfsight.com\/es\/social-media-icons-widget\/opencart\/","name":"\u00cdconos de redes sociales: agregue la extensi\u00f3n de \u00edconos sociales a OpenCart","isPartOf":{"@id":"https:\/\/elfsight.com\/es\/#website"},"datePublished":"1970-01-01T00:00:00+00:00","dateModified":"2025-02-06T15:46:03+00:00","description":"Pruebe Elfsight Social Media Icons para OpenCart ahora mismo. \u00a1Genera \u00edconos \u00fanicos para tu sitio en solo unos minutos!","breadcrumb":{"@id":"https:\/\/elfsight.com\/es\/social-media-icons-widget\/opencart\/#breadcrumb"},"inLanguage":"es","potentialAction":[{"@type":"ReadAction","target":["https:\/\/elfsight.com\/es\/social-media-icons-widget\/opencart\/"]}]},{"@type":"BreadcrumbList","@id":"https:\/\/elfsight.com\/es\/social-media-icons-widget\/opencart\/#breadcrumb","itemListElement":[{"@type":"ListItem","position":1,"name":"Home","item":"https:\/\/elfsight.com\/es\/"},{"@type":"ListItem","position":2,"name":"Social Media Icons","item":"https:\/\/elfsight.com\/es\/social-media-icons-widget\/"},{"@type":"ListItem","position":3,"name":"Social Media Icons &#8211; OpenCart"}]},{"@type":"WebSite","@id":"https:\/\/elfsight.com\/es\/#website","url":"https:\/\/elfsight.com\/es\/","name":"Elfsight ES","description":"Just another Elfsight Sites site","potentialAction":[{"@type":"SearchAction","target":{"@type":"EntryPoint","urlTemplate":"https:\/\/elfsight.com\/es\/?s={search_term_string}"},"query-input":{"@type":"PropertyValueSpecification","valueRequired":true,"valueName":"search_term_string"}}],"inLanguage":"es"}]}},"meta_box":{"industry":"","seo_heading":"","heading":"","description":"","cta_heading":"","cta_description":"","application":"994","h1":"\u00cdconos de redes sociales para OpenCart","h1_caption":"Transforme los clientes de su sitio web en seguidores sociales","application_category":[],"applications_title":"","applications_request_title":"","applications_request_button_text":"","hero_text":"","hero_video":"","hero_video_schema_markup":"","selling_points_title":"","selling_points_caption":"","selling_points":[],"selling_points_cta_text":"","features_title":"","features":"","ed_cta_examples_text":"","ed_cta_examples_hidden":"","ed_cta_demo_text":"","ed_cta_demo_hidden":"","why_caption":"","why_editor_title":"","why_editor_text":"","why_team_title":"","why_team_text":"","why_service_title":"","why_service_text":"","template_catalog_visible":"","template_catalog_title":"","template_catalog_text":"","template_catalog_categories_visible":"","demo_title":"Crea tu extensi\u00f3n de iconos de redes sociales","demo_caption":"\u00a1Configure sus \u00edconos de redes sociales y agr\u00e9guelos a su sitio web OpenCart gratis!","default_faq_hidden":"","app_template_category":[],"platform":"88","template_public_id":"","codecanyon_url":"","codecanyon_item_id":"","codecanyon_price":"","pricing_caption":"","pricing_elfsight_apps_hide_column":"","pricing_elfsight_apps_url":"","pricing_codecanyon_price_caption":"","integration_category":[],"integration_request_title":"","integration_request_cta":"","integration_platform":"","integrations":[],"platform_category":[],"video_schema_markup":"","price":"desde $0 \/ mes","trial":"","benefits":[{"text":"Asistencia de instalaci\u00f3n gratuita"},{"text":"Servicio al cliente eficaz"},{"text":"Garant\u00eda de reembolso de 14 d\u00edas"},{"text":"Actualizaciones gratuitas continuas"}],"button_url":"#demo","button_target_blank":"","button_nofollow":"","attributes":[{"name":"Instalaciones","content":"10,000 - 100,000"},{"name":"Sensible","content":"S\u00ed"},{"name":"Navegadores compatibles","content":"Firefox, Edge, Chrome, Opera, Safari"}],"tags":[],"tags_disable_links":"","hide_more_platforms":"","video_object":"","demo_hide_cta":"","demo_hide_cloud_options":"","pricing_title":"","pricing":[{"pricing_icon":"platform","pricing_title":"Elfsight Apps","pricing_title_caption":"Soluci\u00f3n digital independiente de plataforma que funciona en cualquier sitio web","pricing_price":"desde $0 \/ mes","pricing_price_caption":"comienza con el plan gratuito","pricing_benefits":[{"text":"Dominios ilimitados"},{"text":"Soporte dedicado y puntual"},{"text":"Asistencia de instalaci\u00f3n gratuita"},{"text":"Totalmente personalizable"}],"pricing_button_text":"A\u00f1adir al sitio web","pricing_button_url":"#demo"}],"related_apps_title":"","related_apps_hidden":"","author":"","image":[],"title":"","job":"","social_networks":[]},"_links":{"self":[{"href":"https:\/\/elfsight.com\/es\/wp-json\/wp\/v2\/pages\/7820","targetHints":{"allow":["GET"]}}],"collection":[{"href":"https:\/\/elfsight.com\/es\/wp-json\/wp\/v2\/pages"}],"about":[{"href":"https:\/\/elfsight.com\/es\/wp-json\/wp\/v2\/types\/page"}],"author":[{"embeddable":true,"href":"https:\/\/elfsight.com\/es\/wp-json\/wp\/v2\/users\/9"}],"replies":[{"embeddable":true,"href":"https:\/\/elfsight.com\/es\/wp-json\/wp\/v2\/comments?post=7820"}],"version-history":[{"count":2,"href":"https:\/\/elfsight.com\/es\/wp-json\/wp\/v2\/pages\/7820\/revisions"}],"predecessor-version":[{"id":18772,"href":"https:\/\/elfsight.com\/es\/wp-json\/wp\/v2\/pages\/7820\/revisions\/18772"}],"up":[{"embeddable":true,"href":"https:\/\/elfsight.com\/es\/wp-json\/wp\/v2\/pages\/995"}],"wp:attachment":[{"href":"https:\/\/elfsight.com\/es\/wp-json\/wp\/v2\/media?parent=7820"}],"curies":[{"name":"wp","href":"https:\/\/api.w.org\/{rel}","templated":true}]}}