{"id":7818,"date":"1970-01-01T00:00:00","date_gmt":"1970-01-01T00:00:00","guid":{"rendered":"https:\/\/elfsight.com\/es\/?page_id=7818"},"modified":"2025-02-06T15:46:14","modified_gmt":"2025-02-06T15:46:14","slug":"magento","status":"publish","type":"page","link":"https:\/\/elfsight.com\/es\/social-media-icons-widget\/magento\/","title":{"rendered":"Social Media Icons &#8211; Magento"},"content":{"rendered":"<div class=\"application-platform-content-item-description application-platform-content-item\" id=\"description\" data-nav-section=\"description\"><h2>Descripci\u00f3n<\/h2><p>\u00cdconos sociales pr\u00e1cticos y ventajosos de Elfsight para conectar su sitio web con todas las redes sociales. Contin\u00faa apoyando los v\u00ednculos con tus usuarios, transform\u00e1ndolos en tus seguidores. Una plantilla responsiva, personalizaci\u00f3n integral de la interfaz y dise\u00f1o con \u00edconos integrados de todas las redes sociales m\u00e1s populares.<\/p><p><b>Mejore el alcance de su negocio en los servicios sociales.<\/b><\/p><ul><li><b>Un m\u00e9todo adicional para conectarse con los clientes<\/b>.<br>Las redes sociales son una variante m\u00e1s para mantenerse en contacto con los clientes, brindan la oportunidad de ampliar sus v\u00ednculos.<\/li><li><b>Cubra m\u00e1s suscriptores en las redes sociales<\/b>.<br>Aumente los lectores de sus perfiles de medios sin parar, atrayendo visitantes del sitio y convirti\u00e9ndolos en fan\u00e1ticos.<\/li><li><b>Est\u00e9 en contacto con los clientes constantemente<\/b>.<br>Permite a los clientes dirigirse a usted a trav\u00e9s de uno de los m\u00e9todos m\u00e1s sencillos y obtener soporte a trav\u00e9s de las redes sociales.<\/li><li><b>Eleve la interacci\u00f3n con los usuarios a un nivel superior<\/b>.<br>Demuestre a sus clientes antiguos y nuevos m\u00e1s herramientas para contactar y fortalecer la calidad de la ayuda. center.<\/li><\/ul><\/div><div class=\"application-platform-content-item-features application-platform-content-item\" id=\"features\" data-nav-section=\"features\"><h2>Caracter\u00edsticas<\/h2><p>Las caracter\u00edsticas m\u00e1s destacadas, que transforman los \u00edconos de Elfsight en la mejor extensi\u00f3n social de Magento.<\/p><ul><li>Agregar \u00edconos ilimitados;<\/li><li>Cambiar el orden de la demostraci\u00f3n de los \u00edconos;<\/li><li>2 dise\u00f1os: en l\u00ednea y flotante;<\/li><li>3 colores esquemas para \u00edconos, fondo y efecto de desplazamiento;<\/li><li>5 tipos de animaci\u00f3n al pasar el mouse.<\/li><\/ul><p><a href=\"#demo\">Pruebe las excelentes funciones en la demostraci\u00f3n de Elfsight<\/a><\/p><\/div><div class=\"application-platform-content-item-installation application-platform-content-item\" id=\"installation\" data-nav-section=\"installation\"><h2>C\u00f3mo agregar \u00edconos de redes sociales al sitio web de Magento<\/h2><p>Simplemente siga las siguientes pautas para comenzar a trabajar la extensi\u00f3n en Magento.<\/p> <ol><li><b>Inicie nuestra demostraci\u00f3n gratuita y comience a darle forma a su instrumento personalizado. <\/b><br> Busque el formulario personalizado y los par\u00e1metros de la extensi\u00f3n y guarde las ediciones. <\/li> <li><b>Exponga su c\u00f3digo \u00fanico en el formulario especial de Elfsight Apps. <\/b><br> Inmediatamente despu\u00e9s de finalizar la personalizaci\u00f3n de tus \u00edconos personales de redes sociales, copia el c\u00f3digo exclusivo del cuadro que aparece y gu\u00e1rdalo para usarlo en el futuro. <\/li> <li><b>Inicie la aplicaci\u00f3n de la extensi\u00f3n en su p\u00e1gina web Magento. <\/b><br> Pegue el c\u00f3digo que guard\u00f3 anteriormente en su sitio web y aplique las modificaciones. <\/li> <li><b>\u00a1Ya terminaste! La configuraci\u00f3n se realiza con \u00e9xito. <\/b><br> Visite su sitio para revisar c\u00f3mo se est\u00e1 ejecutando la extensi\u00f3n. <\/li><\/ol><p>\u00bfLe resulta dif\u00edcil dise\u00f1ar o insertar iconos en un sitio? Estudie nuestras extensas instrucciones \u00ab<a href=\"https:\/\/elfsight.com\/tutorials\/how-to-add-social-media-icons-to-magento\/\" target=\"_blank\" rel=\"noopener noreferrer\">C\u00f3mo mostrar iconos en Magento<\/a>\u00bb o deje su mensaje en nuestro equipo de soporte.<\/p><\/div><div class=\"faq\" data-component=\"FAQ\"><div class=\"faq-item\">\r\n\t\t\t\t\t<div class=\"faq-item-question\">\r\n\t\t\t\t\t\t<h3 class=\"faq-item-question-text\">\u00bfExiste alg\u00fan m\u00e9todo para incrustar \u00edconos de redes sociales en mi p\u00e1gina web de Magento sin conocimientos de codificaci\u00f3n?<\/h3>\r\n\r\n\t\t\t\t\t\t<div class=\"faq-item-question-icon\"><\/div>\r\n\t\t\t\t\t<\/div>\r\n\r\n\t\t\t\t\t<div class=\"faq-item-answer\">\r\n\t\t\t\t\t\t<div class=\"faq-item-answer-text\"><p>La compa\u00f1\u00eda Elfsight presenta una soluci\u00f3n SaaS que permite a las personas crear una secci\u00f3n de \u00edconos de redes sociales usted mismo. Aprenda las instrucciones simples: <\/p><ul><li>Vaya a la demostraci\u00f3n en vivo para crear una aplicaci\u00f3n de \u00edconos de redes sociales que le gustar\u00eda incluir en el sitio de Magento.<\/li><li>Seleccione una de las muchas plantillas predise\u00f1adas y modifique los \u00edconos de redes sociales configuraciones, actualice su contenido, modifique el dise\u00f1o y los colores sin codificaci\u00f3n.<\/li><li>Haga clic para guardar los \u00edconos de redes sociales y obtenga su c\u00f3digo para la instalaci\u00f3n, que puede simplemente incrustarse en la p\u00e1gina de inicio de Magento de forma gratuita.<\/li><\/ul><p>Al trabajar en nuestro Configurador f\u00e1cil de usar, cualquier usuario web puede crear el widget de \u00edconos de redes sociales y simplemente pegarlo en la p\u00e1gina web de Magento. No es necesario pagar ni introducir las credenciales de su tarjeta para acceder al servicio de Elfsight. Si tiene alg\u00fan problema en alg\u00fan paso, contin\u00fae y hable con nuestro equipo de soporte.<\/p><\/div>\r\n\t\t\t\t\t<\/div>\r\n\t\t\t\t<\/div><\/div>","protected":false},"excerpt":{"rendered":"","protected":false},"author":9,"featured_media":0,"parent":995,"menu_order":0,"comment_status":"closed","ping_status":"closed","template":"templates\/template-application-platform.php","meta":{"publish_to_discourse":"","publish_post_category":"","wpdc_auto_publish_overridden":"","wpdc_topic_tags":"","wpdc_pin_topic":"","wpdc_pin_until":"","discourse_post_id":"","discourse_permalink":"","wpdc_publishing_response":"","wpdc_publishing_error":"","footnotes":""},"class_list":["post-7818","page","type-page","status-publish","hentry"],"yoast_head":"<!-- This site is optimized with the Yoast SEO plugin v25.3.1 - https:\/\/yoast.com\/wordpress\/plugins\/seo\/ -->\n<title>Iconos de redes sociales: agregue la extensi\u00f3n de iconos sociales a Magento<\/title>\n<meta name=\"description\" content=\"Consulte nuestros \u00edconos de redes sociales para Magento de forma gratuita. \u00a1Dise\u00f1a \u00edconos personalizados para tu sitio en solo un par de minutos!\" \/>\n<meta name=\"robots\" content=\"index, follow, max-snippet:-1, max-image-preview:large, max-video-preview:-1\" \/>\n<link rel=\"canonical\" href=\"https:\/\/elfsight.com\/es\/social-media-icons-widget\/magento\/\" \/>\n<meta property=\"og:locale\" content=\"es_ES\" \/>\n<meta property=\"og:type\" content=\"article\" \/>\n<meta property=\"og:title\" content=\"Iconos de redes sociales: agregue la extensi\u00f3n de iconos sociales a Magento\" \/>\n<meta property=\"og:description\" content=\"Consulte nuestros \u00edconos de redes sociales para Magento de forma gratuita. \u00a1Dise\u00f1a \u00edconos personalizados para tu sitio en solo un par de minutos!\" \/>\n<meta property=\"og:url\" content=\"https:\/\/elfsight.com\/es\/social-media-icons-widget\/magento\/\" \/>\n<meta property=\"og:site_name\" content=\"Elfsight ES\" \/>\n<meta property=\"article:modified_time\" content=\"2025-02-06T15:46:14+00:00\" \/>\n<meta name=\"twitter:card\" content=\"summary_large_image\" \/>\n<meta name=\"twitter:label1\" content=\"Tiempo de lectura\" \/>\n\t<meta name=\"twitter:data1\" content=\"3 minutos\" \/>\n<!-- \/ Yoast SEO plugin. -->","yoast_head_json":{"title":"Iconos de redes sociales: agregue la extensi\u00f3n de iconos sociales a Magento","description":"Consulte nuestros \u00edconos de redes sociales para Magento de forma gratuita. \u00a1Dise\u00f1a \u00edconos personalizados para tu sitio en solo un par de minutos!","robots":{"index":"index","follow":"follow","max-snippet":"max-snippet:-1","max-image-preview":"max-image-preview:large","max-video-preview":"max-video-preview:-1"},"canonical":"https:\/\/elfsight.com\/es\/social-media-icons-widget\/magento\/","og_locale":"es_ES","og_type":"article","og_title":"Iconos de redes sociales: agregue la extensi\u00f3n de iconos sociales a Magento","og_description":"Consulte nuestros \u00edconos de redes sociales para Magento de forma gratuita. \u00a1Dise\u00f1a \u00edconos personalizados para tu sitio en solo un par de minutos!","og_url":"https:\/\/elfsight.com\/es\/social-media-icons-widget\/magento\/","og_site_name":"Elfsight ES","article_modified_time":"2025-02-06T15:46:14+00:00","twitter_card":"summary_large_image","twitter_misc":{"Tiempo de lectura":"3 minutos"},"schema":{"@context":"https:\/\/schema.org","@graph":[{"@type":"WebPage","@id":"https:\/\/elfsight.com\/es\/social-media-icons-widget\/magento\/","url":"https:\/\/elfsight.com\/es\/social-media-icons-widget\/magento\/","name":"Iconos de redes sociales: agregue la extensi\u00f3n de iconos sociales a Magento","isPartOf":{"@id":"https:\/\/elfsight.com\/es\/#website"},"datePublished":"1970-01-01T00:00:00+00:00","dateModified":"2025-02-06T15:46:14+00:00","description":"Consulte nuestros \u00edconos de redes sociales para Magento de forma gratuita. \u00a1Dise\u00f1a \u00edconos personalizados para tu sitio en solo un par de minutos!","breadcrumb":{"@id":"https:\/\/elfsight.com\/es\/social-media-icons-widget\/magento\/#breadcrumb"},"inLanguage":"es","potentialAction":[{"@type":"ReadAction","target":["https:\/\/elfsight.com\/es\/social-media-icons-widget\/magento\/"]}]},{"@type":"BreadcrumbList","@id":"https:\/\/elfsight.com\/es\/social-media-icons-widget\/magento\/#breadcrumb","itemListElement":[{"@type":"ListItem","position":1,"name":"Home","item":"https:\/\/elfsight.com\/es\/"},{"@type":"ListItem","position":2,"name":"Social Media Icons","item":"https:\/\/elfsight.com\/es\/social-media-icons-widget\/"},{"@type":"ListItem","position":3,"name":"Social Media Icons &#8211; Magento"}]},{"@type":"WebSite","@id":"https:\/\/elfsight.com\/es\/#website","url":"https:\/\/elfsight.com\/es\/","name":"Elfsight ES","description":"Just another Elfsight Sites site","potentialAction":[{"@type":"SearchAction","target":{"@type":"EntryPoint","urlTemplate":"https:\/\/elfsight.com\/es\/?s={search_term_string}"},"query-input":{"@type":"PropertyValueSpecification","valueRequired":true,"valueName":"search_term_string"}}],"inLanguage":"es"}]}},"meta_box":{"industry":"","seo_heading":"","heading":"","description":"","cta_heading":"","cta_description":"","application":"994","h1":"\u00cdconos de redes sociales para Magento","h1_caption":"Un instrumento f\u00e1cil para que los clientes se pongan en contacto con su negocio sin ning\u00fan esfuerzo","application_category":[],"applications_title":"","applications_request_title":"","applications_request_button_text":"","hero_text":"","hero_video":"","hero_video_schema_markup":"","selling_points_title":"","selling_points_caption":"","selling_points":[],"selling_points_cta_text":"","features_title":"","features":"","ed_cta_examples_text":"","ed_cta_examples_hidden":"","ed_cta_demo_text":"","ed_cta_demo_hidden":"","why_caption":"","why_editor_title":"","why_editor_text":"","why_team_title":"","why_team_text":"","why_service_title":"","why_service_text":"","template_catalog_visible":"","template_catalog_title":"","template_catalog_text":"","template_catalog_categories_visible":"","demo_title":"Crea tu extensi\u00f3n de iconos de redes sociales","demo_caption":"\u00a1Configure sus \u00edconos de redes sociales y agr\u00e9guelos a su sitio web Magento gratis!","default_faq_hidden":"","app_template_category":[],"platform":"82","template_public_id":"","codecanyon_url":"","codecanyon_item_id":"","codecanyon_price":"","pricing_caption":"","pricing_elfsight_apps_hide_column":"","pricing_elfsight_apps_url":"","pricing_codecanyon_price_caption":"","integration_category":[],"integration_request_title":"","integration_request_cta":"","integration_platform":"","integrations":[],"platform_category":[],"video_schema_markup":"","price":"desde $0 \/ mes","trial":"","benefits":[{"text":"Asistencia de instalaci\u00f3n gratuita"},{"text":"Servicio al cliente competente"},{"text":"Garant\u00eda de reembolso de 14 d\u00edas"},{"text":"Mejoras peri\u00f3dicas"}],"button_url":"#demo","button_target_blank":"","button_nofollow":"","attributes":[{"name":"Instalaciones","content":"10,000 - 100,000"},{"name":"Sensible","content":"S\u00ed"},{"name":"Navegadores compatibles","content":"Firefox, Safari, Opera, Chrome, Edge"}],"tags":[],"tags_disable_links":"","hide_more_platforms":"","video_object":"","demo_hide_cta":"","demo_hide_cloud_options":"","pricing_title":"","pricing":[{"pricing_icon":"platform","pricing_title":"Elfsight Apps","pricing_title_caption":"Soluci\u00f3n multiplataforma que se adapta a cualquier sitio web","pricing_price":"desde $0 \/ mes","pricing_price_caption":"comienza con un plan gratuito","pricing_benefits":[{"text":"Dominios ilimitados"},{"text":"Soporte gratuito, puntual y bien documentado."},{"text":"Asistencia de instalaci\u00f3n gratuita"},{"text":"100% personalizable"}],"pricing_button_text":"A\u00f1adir al sitio web","pricing_button_url":"#demo"}],"related_apps_title":"","related_apps_hidden":"","author":"","image":[],"title":"","job":"","social_networks":[]},"_links":{"self":[{"href":"https:\/\/elfsight.com\/es\/wp-json\/wp\/v2\/pages\/7818","targetHints":{"allow":["GET"]}}],"collection":[{"href":"https:\/\/elfsight.com\/es\/wp-json\/wp\/v2\/pages"}],"about":[{"href":"https:\/\/elfsight.com\/es\/wp-json\/wp\/v2\/types\/page"}],"author":[{"embeddable":true,"href":"https:\/\/elfsight.com\/es\/wp-json\/wp\/v2\/users\/9"}],"replies":[{"embeddable":true,"href":"https:\/\/elfsight.com\/es\/wp-json\/wp\/v2\/comments?post=7818"}],"version-history":[{"count":2,"href":"https:\/\/elfsight.com\/es\/wp-json\/wp\/v2\/pages\/7818\/revisions"}],"predecessor-version":[{"id":18774,"href":"https:\/\/elfsight.com\/es\/wp-json\/wp\/v2\/pages\/7818\/revisions\/18774"}],"up":[{"embeddable":true,"href":"https:\/\/elfsight.com\/es\/wp-json\/wp\/v2\/pages\/995"}],"wp:attachment":[{"href":"https:\/\/elfsight.com\/es\/wp-json\/wp\/v2\/media?parent=7818"}],"curies":[{"name":"wp","href":"https:\/\/api.w.org\/{rel}","templated":true}]}}