{"id":7812,"date":"1970-01-01T00:00:00","date_gmt":"1970-01-01T00:00:00","guid":{"rendered":"https:\/\/elfsight.com\/es\/?page_id=7812"},"modified":"2025-02-06T15:46:14","modified_gmt":"2025-02-06T15:46:14","slug":"jquery","status":"publish","type":"page","link":"https:\/\/elfsight.com\/es\/social-media-icons-widget\/jquery\/","title":{"rendered":"Social Media Icons &#8211; jQuery"},"content":{"rendered":"<div class=\"application-platform-content-item-description application-platform-content-item\" id=\"description\" data-nav-section=\"description\"><h2>Descripci\u00f3n<\/h2><p>Los pr\u00e1cticos y eficaces jQuery Icons de Elfsight vincular\u00e1n su sitio web con las redes sociales necesarias. Mant\u00e9n conexiones con tus visitantes, transform\u00e1ndolos en tus seguidores. Un dise\u00f1o adaptable, amplia personalizaci\u00f3n de la apariencia y el dise\u00f1o con \u00edconos listos para usar de todas las redes sociales clave.<\/p><p><b>Ampl\u00ede el alcance de su negocio en las redes sociales.<\/b><\/p><ul><li><b>Una variante adicional para contactar con los usuarios<\/b>.<br>Las redes sociales son una variante adicional para mantener los v\u00ednculos con los clientes y desarrollar sus relaciones.<\/li><li><b>N\u00famero creciente de suscriptores en las redes sociales<\/b>.<br>Impulsar la n\u00famero de lectores de sus p\u00e1ginas multimedia atrae constantemente a los visitantes del sitio web y los transforma en suscriptores.<\/li><li><b>Est\u00e9 siempre en contacto con los usuarios<\/b>.<br>Duplica el nivel de confianza en tu negocio entre los usuarios del sitio web gracias a las p\u00e1ginas en las redes sociales m\u00e1s exitosas.<\/li><li><b>Un fuerte argumento social<\/b>.<br>Proporciona a los lectores m\u00e9todos complementarios de comunicaci\u00f3n especialmente convenientes y brinda apoyo a trav\u00e9s de las redes sociales. media.<\/li><\/ul><\/div><div class=\"application-platform-content-item-features application-platform-content-item\" id=\"features\" data-nav-section=\"features\"><h2>Caracter\u00edsticas<\/h2><p>Las caracter\u00edsticas clave que hacen de nuestros \u00edconos el mejor complemento de \u00edconos sociales de jQuery.<\/p><ul><li>M\u00e1s de 50 plataformas sociales predefinidas;<\/li><li>5 opciones de tama\u00f1o de \u00edconos;<\/li><li>3 variantes de posici\u00f3n;<\/li><li>5 animaciones tipos;<\/li><li>3 combinaciones de colores para \u00edconos, fondo y efecto de desplazamiento;<\/li><li>5 tipos de efecto de desplazamiento.<\/li><\/ul><p><a href=\"#demo\">Pruebe las funciones clave en nuestra demostraci\u00f3n<\/a><\/p><\/div><div class=\"application-platform-content-item-installation application-platform-content-item\" id=\"installation\" data-nav-section=\"installation\"><h2>C\u00f3mo agregar \u00edconos de redes sociales al sitio web jQuery<\/h2><p>Un manual simple instalar iconos en una p\u00e1gina sin conocimientos en programaci\u00f3n. La duraci\u00f3n aproximada de la configuraci\u00f3n no es m\u00e1s de 3 minutos.<\/p><ol><li><b>Cree sus \u00edconos sociales personalizados<\/b>.<br>Con la ayuda de nuestra demostraci\u00f3n gratuita, cree un complemento con el dise\u00f1o y las funciones necesarios.<\/li><li><b>Copia un c\u00f3digo para integrar el complemento en el sitio web<\/b>.<br>Despu\u00e9s de configurar el widget, verifique la ventana que aparece en Elfsight Apps para copiar su c\u00f3digo de instalaci\u00f3n<\/li><li><b>Muestre el complemento en sitio<\/b>.<br>Coloque el complemento en el lugar necesario del sitio web y guarde las ediciones.<\/li><li><b>Realiz\u00f3 completamente la instalaci\u00f3n<\/b>.<br>Vaya a su sitio web para verificar su trabajo.<\/li><\/ol><p>\u00bfNo logr\u00f3 crear o personalizar los \u00edconos en un sitio web? Estudie nuestra extensa gu\u00eda \u00ab<a href=\"https:\/\/elfsight.com\/tutorials\/how-to-add-social-media-icons-to-jquery\/\" target=\"_blank\" rel=\"noopener noreferrer\">C\u00f3mo agregar iconos en jQuery<\/a>\u00bb o dir\u00edjase a nuestro equipo de soporte.<\/p><\/div><div class=\"faq\" data-component=\"FAQ\"><div class=\"faq-item\">\r\n\t\t\t\t\t<div class=\"faq-item-question\">\r\n\t\t\t\t\t\t<h3 class=\"faq-item-question-text\">\u00bfDe qu\u00e9 manera es posible incrustar \u00edconos de redes sociales en mi jQuery sin experiencia en programaci\u00f3n?<\/h3>\r\n\r\n\t\t\t\t\t\t<div class=\"faq-item-question-icon\"><\/div>\r\n\t\t\t\t\t<\/div>\r\n\r\n\t\t\t\t\t<div class=\"faq-item-answer\">\r\n\t\t\t\t\t\t<div class=\"faq-item-answer-text\"><p>La compa\u00f1\u00eda Elfsight proporciona una soluci\u00f3n en la nube que permite a las personas crear un widget de \u00edconos de redes sociales usted mismo. Descubra los sencillos pasos: <\/p><ul><li>Trabaja en el editor en l\u00ednea para crear un complemento de \u00edconos de redes sociales que le gustar\u00eda incrustar en su p\u00e1gina de inicio de jQuery.<\/li><li>Elija una de nuestras plantillas predise\u00f1adas y ajuste las redes sociales. Configuraci\u00f3n de iconos, actualice su contenido, cambie el dise\u00f1o y el color de los elementos sin codificaci\u00f3n.<\/li><li>Guarde las configuraciones que ha realizado en Social Media Icons y copie el c\u00f3digo para la instalaci\u00f3n, que puede agregarse en el sitio web jQuery sin comprar un plan pago.<\/li><\/ul><p>Con el editor f\u00e1cil de usar, cada usuario de Internet puede crear un complemento de Social Media Icons en l\u00ednea y agregarlo f\u00e1cilmente a la p\u00e1gina web de jQuery. No es necesario obtener una suscripci\u00f3n paga ni ingresar los datos de su tarjeta para acceder a nuestro servicio. Si tiene alg\u00fan problema de cualquier tipo, contin\u00fae y comun\u00edquese con nuestro equipo de soporte.<\/p><\/div>\r\n\t\t\t\t\t<\/div>\r\n\t\t\t\t<\/div><\/div>","protected":false},"excerpt":{"rendered":"","protected":false},"author":9,"featured_media":0,"parent":995,"menu_order":0,"comment_status":"closed","ping_status":"closed","template":"templates\/template-application-platform.php","meta":{"publish_to_discourse":"","publish_post_category":"","wpdc_auto_publish_overridden":"","wpdc_topic_tags":"","wpdc_pin_topic":"","wpdc_pin_until":"","discourse_post_id":"","discourse_permalink":"","wpdc_publishing_response":"","wpdc_publishing_error":"","footnotes":""},"class_list":["post-7812","page","type-page","status-publish","hentry"],"yoast_head":"<!-- This site is optimized with the Yoast SEO plugin v25.3.1 - https:\/\/yoast.com\/wordpress\/plugins\/seo\/ -->\n<title>Iconos de redes sociales - jQuery Social Icons para su sitio web<\/title>\n<meta name=\"description\" content=\"Consulte nuestro sitio web de Iconos de redes sociales para JQuery ahora mismo. \u00a1Cree iconos jQuery de Elfsight para su sitio web en solo unos minutos!\" \/>\n<meta name=\"robots\" content=\"index, follow, max-snippet:-1, max-image-preview:large, max-video-preview:-1\" \/>\n<link rel=\"canonical\" href=\"https:\/\/elfsight.com\/es\/social-media-icons-widget\/jquery\/\" \/>\n<meta property=\"og:locale\" content=\"es_ES\" \/>\n<meta property=\"og:type\" content=\"article\" \/>\n<meta property=\"og:title\" content=\"Iconos de redes sociales - jQuery Social Icons para su sitio web\" \/>\n<meta property=\"og:description\" content=\"Consulte nuestro sitio web de Iconos de redes sociales para JQuery ahora mismo. \u00a1Cree iconos jQuery de Elfsight para su sitio web en solo unos minutos!\" \/>\n<meta property=\"og:url\" content=\"https:\/\/elfsight.com\/es\/social-media-icons-widget\/jquery\/\" \/>\n<meta property=\"og:site_name\" content=\"Elfsight ES\" \/>\n<meta property=\"article:modified_time\" content=\"2025-02-06T15:46:14+00:00\" \/>\n<meta name=\"twitter:card\" content=\"summary_large_image\" \/>\n<meta name=\"twitter:label1\" content=\"Tiempo de lectura\" \/>\n\t<meta name=\"twitter:data1\" content=\"3 minutos\" \/>\n<!-- \/ Yoast SEO plugin. -->","yoast_head_json":{"title":"Iconos de redes sociales - jQuery Social Icons para su sitio web","description":"Consulte nuestro sitio web de Iconos de redes sociales para JQuery ahora mismo. \u00a1Cree iconos jQuery de Elfsight para su sitio web en solo unos minutos!","robots":{"index":"index","follow":"follow","max-snippet":"max-snippet:-1","max-image-preview":"max-image-preview:large","max-video-preview":"max-video-preview:-1"},"canonical":"https:\/\/elfsight.com\/es\/social-media-icons-widget\/jquery\/","og_locale":"es_ES","og_type":"article","og_title":"Iconos de redes sociales - jQuery Social Icons para su sitio web","og_description":"Consulte nuestro sitio web de Iconos de redes sociales para JQuery ahora mismo. \u00a1Cree iconos jQuery de Elfsight para su sitio web en solo unos minutos!","og_url":"https:\/\/elfsight.com\/es\/social-media-icons-widget\/jquery\/","og_site_name":"Elfsight ES","article_modified_time":"2025-02-06T15:46:14+00:00","twitter_card":"summary_large_image","twitter_misc":{"Tiempo de lectura":"3 minutos"},"schema":{"@context":"https:\/\/schema.org","@graph":[{"@type":"WebPage","@id":"https:\/\/elfsight.com\/es\/social-media-icons-widget\/jquery\/","url":"https:\/\/elfsight.com\/es\/social-media-icons-widget\/jquery\/","name":"Iconos de redes sociales - jQuery Social Icons para su sitio web","isPartOf":{"@id":"https:\/\/elfsight.com\/es\/#website"},"datePublished":"1970-01-01T00:00:00+00:00","dateModified":"2025-02-06T15:46:14+00:00","description":"Consulte nuestro sitio web de Iconos de redes sociales para JQuery ahora mismo. \u00a1Cree iconos jQuery de Elfsight para su sitio web en solo unos minutos!","breadcrumb":{"@id":"https:\/\/elfsight.com\/es\/social-media-icons-widget\/jquery\/#breadcrumb"},"inLanguage":"es","potentialAction":[{"@type":"ReadAction","target":["https:\/\/elfsight.com\/es\/social-media-icons-widget\/jquery\/"]}]},{"@type":"BreadcrumbList","@id":"https:\/\/elfsight.com\/es\/social-media-icons-widget\/jquery\/#breadcrumb","itemListElement":[{"@type":"ListItem","position":1,"name":"Home","item":"https:\/\/elfsight.com\/es\/"},{"@type":"ListItem","position":2,"name":"Social Media Icons","item":"https:\/\/elfsight.com\/es\/social-media-icons-widget\/"},{"@type":"ListItem","position":3,"name":"Social Media Icons &#8211; jQuery"}]},{"@type":"WebSite","@id":"https:\/\/elfsight.com\/es\/#website","url":"https:\/\/elfsight.com\/es\/","name":"Elfsight ES","description":"Just another Elfsight Sites site","potentialAction":[{"@type":"SearchAction","target":{"@type":"EntryPoint","urlTemplate":"https:\/\/elfsight.com\/es\/?s={search_term_string}"},"query-input":{"@type":"PropertyValueSpecification","valueRequired":true,"valueName":"search_term_string"}}],"inLanguage":"es"}]}},"meta_box":{"industry":"","seo_heading":"","heading":"","description":"","cta_heading":"","cta_description":"","application":"994","h1":"Iconos de redes sociales jQuery","h1_caption":"Una herramienta r\u00e1pida para que los clientes encuentren y contacten con su empresa sin ning\u00fan esfuerzo","application_category":[],"applications_title":"","applications_request_title":"","applications_request_button_text":"","hero_text":"","hero_video":"","hero_video_schema_markup":"","selling_points_title":"","selling_points_caption":"","selling_points":[],"selling_points_cta_text":"","features_title":"","features":"","ed_cta_examples_text":"","ed_cta_examples_hidden":"","ed_cta_demo_text":"","ed_cta_demo_hidden":"","why_caption":"","why_editor_title":"","why_editor_text":"","why_team_title":"","why_team_text":"","why_service_title":"","why_service_text":"","template_catalog_visible":"","template_catalog_title":"","template_catalog_text":"","template_catalog_categories_visible":"","demo_title":"Crea tu complemento de iconos de redes sociales","demo_caption":"\u00a1Configure sus \u00edconos de redes sociales y agr\u00e9guelos a su sitio web jQuery gratis!","default_faq_hidden":"","app_template_category":[],"platform":"76","template_public_id":"","codecanyon_url":"","codecanyon_item_id":"","codecanyon_price":"","pricing_caption":"","pricing_elfsight_apps_hide_column":"","pricing_elfsight_apps_url":"","pricing_codecanyon_price_caption":"","integration_category":[],"integration_request_title":"","integration_request_cta":"","integration_platform":"","integrations":[],"platform_category":[],"video_schema_markup":"","price":"desde $0 \/ mes","trial":"","benefits":[{"text":"Asistencia de instalaci\u00f3n gratuita"},{"text":"Atenci\u00f3n al cliente experimentada"},{"text":"Garant\u00eda de reembolso de 14 d\u00edas"},{"text":"Actualizando constantemente"}],"button_url":"#demo","button_target_blank":"","button_nofollow":"","attributes":[{"name":"Instalaciones","content":"10,000 - 100,000"},{"name":"Sensible","content":"S\u00ed"},{"name":"Navegadores compatibles","content":"Firefox, Safari, Opera, Chrome, Edge"}],"tags":[],"tags_disable_links":"","hide_more_platforms":"","video_object":"","demo_hide_cta":"","demo_hide_cloud_options":"","pricing_title":"","pricing":[{"pricing_icon":"platform","pricing_title":"Elfsight Apps","pricing_title_caption":"Soluci\u00f3n multiplataforma que se adapta a cualquier sitio web.","pricing_price":"desde $0 \/ mes","pricing_price_caption":"comienza con el plan gratuito","pricing_benefits":[{"text":"Dominios ilimitados"},{"text":"Soporte gratuito, puntual y bien documentado."},{"text":"Soporte de instalaci\u00f3n gratuito"},{"text":"Totalmente personalizable"}],"pricing_button_text":"A\u00f1adir al sitio web","pricing_button_url":"#demo"}],"related_apps_title":"","related_apps_hidden":"","author":"","image":[],"title":"","job":"","social_networks":[]},"_links":{"self":[{"href":"https:\/\/elfsight.com\/es\/wp-json\/wp\/v2\/pages\/7812","targetHints":{"allow":["GET"]}}],"collection":[{"href":"https:\/\/elfsight.com\/es\/wp-json\/wp\/v2\/pages"}],"about":[{"href":"https:\/\/elfsight.com\/es\/wp-json\/wp\/v2\/types\/page"}],"author":[{"embeddable":true,"href":"https:\/\/elfsight.com\/es\/wp-json\/wp\/v2\/users\/9"}],"replies":[{"embeddable":true,"href":"https:\/\/elfsight.com\/es\/wp-json\/wp\/v2\/comments?post=7812"}],"version-history":[{"count":2,"href":"https:\/\/elfsight.com\/es\/wp-json\/wp\/v2\/pages\/7812\/revisions"}],"predecessor-version":[{"id":18776,"href":"https:\/\/elfsight.com\/es\/wp-json\/wp\/v2\/pages\/7812\/revisions\/18776"}],"up":[{"embeddable":true,"href":"https:\/\/elfsight.com\/es\/wp-json\/wp\/v2\/pages\/995"}],"wp:attachment":[{"href":"https:\/\/elfsight.com\/es\/wp-json\/wp\/v2\/media?parent=7812"}],"curies":[{"name":"wp","href":"https:\/\/api.w.org\/{rel}","templated":true}]}}