{"id":7811,"date":"1970-01-01T00:00:00","date_gmt":"1970-01-01T00:00:00","guid":{"rendered":"https:\/\/elfsight.com\/es\/?page_id=7811"},"modified":"2025-02-06T15:46:14","modified_gmt":"2025-02-06T15:46:14","slug":"joomla","status":"publish","type":"page","link":"https:\/\/elfsight.com\/es\/social-media-icons-widget\/joomla\/","title":{"rendered":"Social Media Icons &#8211; Joomla"},"content":{"rendered":"<div class=\"application-platform-content-item-description application-platform-content-item\" id=\"description\" data-nav-section=\"description\"><h2>Descripci\u00f3n<\/h2><p>Iconos sociales simples y eficientes de Elfsight para conectar su sitio con las redes sociales necesarias. Mant\u00e9n contactos con tus visitantes, convirti\u00e9ndolos en tus suscriptores. Un dise\u00f1o adaptable, apariencia y estilo flexibles con \u00edconos listos para todas las redes sociales clave.<\/p><p><b>Agregue presencia de su empresa en las redes sociales.<\/b><\/p><ul><li><b>Aumente su presencia en las redes sociales<\/b>.<br>Muestre a los lectores de su sitio que su empresa ocupa una posici\u00f3n s\u00f3lida en diferentes redes sociales y ll\u00e9velos a sus perfiles sociales con 1 clic del mouse.<\/li><li><b>La mayor cantidad de lectores para su red social media<\/b>.<br>Brinde a los clientes del sitio web una forma sencilla de visitar su p\u00e1gina social y tenga m\u00e1s lectores en las redes sociales.<\/li><li><b>Una prueba social s\u00f3lida<\/b>.<br>Mejore la confianza en su negocio entre los lectores de su sitio con cuentas en todas las redes sociales de moda.<\/li><\/ul><\/div><div class=\"application-platform-content-item-features application-platform-content-item\" id=\"features\" data-nav-section=\"features\"><h2>Caracter\u00edsticas<\/h2><p>Las caracter\u00edsticas sobresalientes que hacen de nuestros \u00edconos la mejor extensi\u00f3n social de Joomla.<\/p><ul><li>Agregue un nuevo medio simplemente insertando una URL a su perfil;<\/li><li>5 opciones de tama\u00f1o de \u00edcono;<\/li><li>Dise\u00f1o flotante para que los \u00edconos sigan el desplazamiento;<\/li><li>Colores de fondo blanco, negro y nativo al pasar el mouse;<\/li><li>3 variantes del radio del borde: c\u00edrculo, redondeado, radio de borde cuadrado.<\/li><\/ul><p><a href=\"#demo\">Consulta las funciones b\u00e1sicas en nuestro editor<\/a><\/p><\/div><div class=\"application-platform-content-item-installation application-platform-content-item\" id=\"installation\" data-nav-section=\"installation\"><h2>C\u00f3mo agregar la extensi\u00f3n de iconos de redes sociales a Joomla<\/h2><div class=\"video-container\"><iframe width=\"720\" height=\"405\" src=\"https:\/\/www.youtube.com\/embed\/IyRmWOoqhCA\" frameborder=\"0\"><\/iframe><\/div><p>Simplemente siga las instrucciones a continuaci\u00f3n para comenzar a trabajar con la herramienta en Joomla.<\/p> <ol><li><b>Inicie nuestra demostraci\u00f3n gratuita y comience a crear su extensi\u00f3n personalizada de \u00edconos de redes sociales. <\/b><br> Elija el aspecto seleccionado y las especificaciones de la extensi\u00f3n y guarde las correcciones. <\/li> <li><b>Reciba su c\u00f3digo personal que aparece en el cuadro de Elfsight Apps. <\/b><br> Una vez completada la configuraci\u00f3n de su complemento personal, copie el c\u00f3digo personal en la ventana emergente que aparece y gu\u00e1rdelo para usarlo en el futuro. <\/li> <li><b>Iniciar el uso de la herramienta en el sitio Joomla. <\/b><br>Integre el c\u00f3digo guardado anteriormente en su sitio web y guarde las correcciones. <\/li> <li><b>\u00a1Listo! La integraci\u00f3n se realiza por completo. <\/b><br>Visite su sitio para ver en acci\u00f3n el trabajo de la herramienta. <\/li><\/ol><p>\u00bfNo puedes dar forma o insertar iconos en un sitio web? Lea nuestro completo tutorial \u00ab<a href=\"https:\/\/elfsight.com\/tutorials\/how-to-add-social-media-icons-to-joomla\/\" target=\"_blank\" rel=\"noopener noreferrer\">C\u00f3mo instalar iconos en Joomla<\/a>\u00bb o p\u00f3ngase en contacto con nuestro centro de ayuda.<\/p><\/div><div class=\"faq\" data-component=\"FAQ\"><div class=\"faq-item\">\r\n\t\t\t\t\t<div class=\"faq-item-question\">\r\n\t\t\t\t\t\t<h3 class=\"faq-item-question-text\">\u00bfDe qu\u00e9 manera puedo incrustar \u00edconos de redes sociales en mi sitio web Joomla sin conocimientos de codificaci\u00f3n?<\/h3>\r\n\r\n\t\t\t\t\t\t<div class=\"faq-item-question-icon\"><\/div>\r\n\t\t\t\t\t<\/div>\r\n\r\n\t\t\t\t\t<div class=\"faq-item-answer\">\r\n\t\t\t\t\t\t<div class=\"faq-item-answer-text\"><p>La compa\u00f1\u00eda Elfsight proporciona una soluci\u00f3n en la nube que le permite establecer un complemento de \u00edconos de redes sociales usted mismo. Consulte la gu\u00eda sencilla: <\/p><ul><li>Comience a trabajar directamente en el editor en vivo para crear una secci\u00f3n de \u00edconos de redes sociales que le gustar\u00eda que aparezca en su Joomla.<\/li><li>Decida una de las muchas plantillas predise\u00f1adas y modifique los \u00edconos de redes sociales. configuraciones, agregue su contenido, transforme el dise\u00f1o y la combinaci\u00f3n de colores sin conocimientos de codificaci\u00f3n.<\/li><li>Guarde las configuraciones que ha realizado en los \u00edconos de redes sociales y obtenga el c\u00f3digo del widget para incrustarlo, que puede incluir sin esfuerzo en la p\u00e1gina de inicio de Joomla usando un plan gratuito.<\/li><\/ul><p>Utilizando nuestro sencillo editor, cada usuario web puede generar una secci\u00f3n de \u00edconos de redes sociales en l\u00ednea y simplemente incluirla en el sitio de Joomla. No es necesario obtener una suscripci\u00f3n paga ni ingresar las credenciales de su tarjeta para acceder a Elfsight Editor. Si enfrenta alg\u00fan obst\u00e1culo en alg\u00fan paso, no dude en comunicarse con nuestro personal de soporte t\u00e9cnico.<\/p><\/div>\r\n\t\t\t\t\t<\/div>\r\n\t\t\t\t<\/div><\/div>","protected":false},"excerpt":{"rendered":"","protected":false},"author":9,"featured_media":0,"parent":995,"menu_order":0,"comment_status":"closed","ping_status":"closed","template":"templates\/template-application-platform.php","meta":{"publish_to_discourse":"","publish_post_category":"","wpdc_auto_publish_overridden":"","wpdc_topic_tags":"","wpdc_pin_topic":"","wpdc_pin_until":"","discourse_post_id":"","discourse_permalink":"","wpdc_publishing_response":"","wpdc_publishing_error":"","footnotes":""},"class_list":["post-7811","page","type-page","status-publish","hentry"],"yoast_head":"<!-- This site is optimized with the Yoast SEO plugin v25.3.1 - https:\/\/yoast.com\/wordpress\/plugins\/seo\/ -->\n<title>Iconos de redes sociales: agregue la extensi\u00f3n de iconos sociales a Joomla<\/title>\n<meta name=\"description\" content=\"Pruebe los iconos de redes sociales de Elfsight para Joomla ahora mismo. \u00a1Crea \u00edconos personalizados para tu sitio web solo en unos minutos!\" \/>\n<meta name=\"robots\" content=\"index, follow, max-snippet:-1, max-image-preview:large, max-video-preview:-1\" \/>\n<link rel=\"canonical\" href=\"https:\/\/elfsight.com\/es\/social-media-icons-widget\/joomla\/\" \/>\n<meta property=\"og:locale\" content=\"es_ES\" \/>\n<meta property=\"og:type\" content=\"article\" \/>\n<meta property=\"og:title\" content=\"Iconos de redes sociales: agregue la extensi\u00f3n de iconos sociales a Joomla\" \/>\n<meta property=\"og:description\" content=\"Pruebe los iconos de redes sociales de Elfsight para Joomla ahora mismo. \u00a1Crea \u00edconos personalizados para tu sitio web solo en unos minutos!\" \/>\n<meta property=\"og:url\" content=\"https:\/\/elfsight.com\/es\/social-media-icons-widget\/joomla\/\" \/>\n<meta property=\"og:site_name\" content=\"Elfsight ES\" \/>\n<meta property=\"article:modified_time\" content=\"2025-02-06T15:46:14+00:00\" \/>\n<meta name=\"twitter:card\" content=\"summary_large_image\" \/>\n<meta name=\"twitter:label1\" content=\"Tiempo de lectura\" \/>\n\t<meta name=\"twitter:data1\" content=\"3 minutos\" \/>\n<!-- \/ Yoast SEO plugin. -->","yoast_head_json":{"title":"Iconos de redes sociales: agregue la extensi\u00f3n de iconos sociales a Joomla","description":"Pruebe los iconos de redes sociales de Elfsight para Joomla ahora mismo. \u00a1Crea \u00edconos personalizados para tu sitio web solo en unos minutos!","robots":{"index":"index","follow":"follow","max-snippet":"max-snippet:-1","max-image-preview":"max-image-preview:large","max-video-preview":"max-video-preview:-1"},"canonical":"https:\/\/elfsight.com\/es\/social-media-icons-widget\/joomla\/","og_locale":"es_ES","og_type":"article","og_title":"Iconos de redes sociales: agregue la extensi\u00f3n de iconos sociales a Joomla","og_description":"Pruebe los iconos de redes sociales de Elfsight para Joomla ahora mismo. \u00a1Crea \u00edconos personalizados para tu sitio web solo en unos minutos!","og_url":"https:\/\/elfsight.com\/es\/social-media-icons-widget\/joomla\/","og_site_name":"Elfsight ES","article_modified_time":"2025-02-06T15:46:14+00:00","twitter_card":"summary_large_image","twitter_misc":{"Tiempo de lectura":"3 minutos"},"schema":{"@context":"https:\/\/schema.org","@graph":[{"@type":"WebPage","@id":"https:\/\/elfsight.com\/es\/social-media-icons-widget\/joomla\/","url":"https:\/\/elfsight.com\/es\/social-media-icons-widget\/joomla\/","name":"Iconos de redes sociales: agregue la extensi\u00f3n de iconos sociales a Joomla","isPartOf":{"@id":"https:\/\/elfsight.com\/es\/#website"},"datePublished":"1970-01-01T00:00:00+00:00","dateModified":"2025-02-06T15:46:14+00:00","description":"Pruebe los iconos de redes sociales de Elfsight para Joomla ahora mismo. \u00a1Crea \u00edconos personalizados para tu sitio web solo en unos minutos!","breadcrumb":{"@id":"https:\/\/elfsight.com\/es\/social-media-icons-widget\/joomla\/#breadcrumb"},"inLanguage":"es","potentialAction":[{"@type":"ReadAction","target":["https:\/\/elfsight.com\/es\/social-media-icons-widget\/joomla\/"]}]},{"@type":"BreadcrumbList","@id":"https:\/\/elfsight.com\/es\/social-media-icons-widget\/joomla\/#breadcrumb","itemListElement":[{"@type":"ListItem","position":1,"name":"Home","item":"https:\/\/elfsight.com\/es\/"},{"@type":"ListItem","position":2,"name":"Social Media Icons","item":"https:\/\/elfsight.com\/es\/social-media-icons-widget\/"},{"@type":"ListItem","position":3,"name":"Social Media Icons &#8211; Joomla"}]},{"@type":"WebSite","@id":"https:\/\/elfsight.com\/es\/#website","url":"https:\/\/elfsight.com\/es\/","name":"Elfsight ES","description":"Just another Elfsight Sites site","potentialAction":[{"@type":"SearchAction","target":{"@type":"EntryPoint","urlTemplate":"https:\/\/elfsight.com\/es\/?s={search_term_string}"},"query-input":{"@type":"PropertyValueSpecification","valueRequired":true,"valueName":"search_term_string"}}],"inLanguage":"es"}]}},"meta_box":{"industry":"","seo_heading":"","heading":"","description":"","cta_heading":"","cta_description":"","application":"994","h1":"Iconos de redes sociales para Joomla","h1_caption":"El mejor m\u00e9todo para crear \u00edconos sociales para tu sitio web","application_category":[],"applications_title":"","applications_request_title":"","applications_request_button_text":"","hero_text":"","hero_video":"","hero_video_schema_markup":"","selling_points_title":"","selling_points_caption":"","selling_points":[],"selling_points_cta_text":"","features_title":"","features":"","ed_cta_examples_text":"","ed_cta_examples_hidden":"","ed_cta_demo_text":"","ed_cta_demo_hidden":"","why_caption":"","why_editor_title":"","why_editor_text":"","why_team_title":"","why_team_text":"","why_service_title":"","why_service_text":"","template_catalog_visible":"","template_catalog_title":"","template_catalog_text":"","template_catalog_categories_visible":"","demo_title":"Crea tu complemento de iconos de redes sociales","demo_caption":"\u00a1Configure sus \u00edconos de redes sociales y agr\u00e9guelos a su sitio web Joomla gratis!","default_faq_hidden":"","app_template_category":[],"platform":"73","template_public_id":"","codecanyon_url":"","codecanyon_item_id":"","codecanyon_price":"","pricing_caption":"","pricing_elfsight_apps_hide_column":"","pricing_elfsight_apps_url":"","pricing_codecanyon_price_caption":"","integration_category":[],"integration_request_title":"","integration_request_cta":"","integration_platform":"","integrations":[],"platform_category":[],"video_schema_markup":"","price":"desde $0 \/ mes","trial":"","benefits":[{"text":"Ayuda de instalaci\u00f3n gratuita"},{"text":"Soporte excepcional"},{"text":"Garant\u00eda de devoluci\u00f3n de dinero de 14 d\u00edas"},{"text":"Actualizando constantemente"}],"button_url":"#demo","button_target_blank":"","button_nofollow":"","attributes":[{"name":"Instalaciones","content":"10,000 - 100,000"},{"name":"Sensible","content":"S\u00ed"},{"name":"Navegadores compatibles","content":"Firefox, Safari, Opera, Chrome, Edge"}],"tags":[],"tags_disable_links":"","hide_more_platforms":"","video_object":"","demo_hide_cta":"","demo_hide_cloud_options":"","pricing_title":"","pricing":[{"pricing_icon":"cloud","pricing_title":"Elfsight Apps","pricing_title_caption":"Versi\u00f3n independiente de la plataforma que se adapta a cualquier sitio","pricing_price":"desde $0 \/ mes","pricing_price_caption":"comienza con el plan gratuito","pricing_benefits":[{"text":"Dominios ilimitados"},{"text":"Atenci\u00f3n al cliente 24 horas al d\u00eda, 7 d\u00edas a la semana"},{"text":"Soporte de instalaci\u00f3n gratuito"},{"text":"Oferta por tiempo limitado para m\u00faltiples aplicaciones"}],"pricing_button_text":"A\u00f1adir al sitio web","pricing_button_url":"#demo"}],"related_apps_title":"","related_apps_hidden":"","author":"","image":[],"title":"","job":"","social_networks":[]},"_links":{"self":[{"href":"https:\/\/elfsight.com\/es\/wp-json\/wp\/v2\/pages\/7811","targetHints":{"allow":["GET"]}}],"collection":[{"href":"https:\/\/elfsight.com\/es\/wp-json\/wp\/v2\/pages"}],"about":[{"href":"https:\/\/elfsight.com\/es\/wp-json\/wp\/v2\/types\/page"}],"author":[{"embeddable":true,"href":"https:\/\/elfsight.com\/es\/wp-json\/wp\/v2\/users\/9"}],"replies":[{"embeddable":true,"href":"https:\/\/elfsight.com\/es\/wp-json\/wp\/v2\/comments?post=7811"}],"version-history":[{"count":2,"href":"https:\/\/elfsight.com\/es\/wp-json\/wp\/v2\/pages\/7811\/revisions"}],"predecessor-version":[{"id":18777,"href":"https:\/\/elfsight.com\/es\/wp-json\/wp\/v2\/pages\/7811\/revisions\/18777"}],"up":[{"embeddable":true,"href":"https:\/\/elfsight.com\/es\/wp-json\/wp\/v2\/pages\/995"}],"wp:attachment":[{"href":"https:\/\/elfsight.com\/es\/wp-json\/wp\/v2\/media?parent=7811"}],"curies":[{"name":"wp","href":"https:\/\/api.w.org\/{rel}","templated":true}]}}