{"id":7810,"date":"1970-01-01T00:00:00","date_gmt":"1970-01-01T00:00:00","guid":{"rendered":"https:\/\/elfsight.com\/es\/?page_id=7810"},"modified":"2025-02-06T15:46:22","modified_gmt":"2025-02-06T15:46:22","slug":"jimdo","status":"publish","type":"page","link":"https:\/\/elfsight.com\/es\/social-media-icons-widget\/jimdo\/","title":{"rendered":"Social Media Icons &#8211; Jimdo"},"content":{"rendered":"<div class=\"application-platform-content-item-description application-platform-content-item\" id=\"description\" data-nav-section=\"description\"><h2>Descripci\u00f3n<\/h2> <p>Elfsight Social Media Icons es una herramienta f\u00e1cil de colocar en un sitio web \u00edconos de las redes sociales, donde su negocio es m\u00e1s activo. Instale este widget con \u00edconos ilimitados y su audiencia tendr\u00e1 una nueva forma de mantenerse en contacto y convertirse en sus seguidores. El widget Elfsight Social Media Icons ofrece una amplia personalizaci\u00f3n que le ayudar\u00e1 a crear un widget perfecto para su caso de uso. <\/p><p><b>Con los \u00edconos de redes sociales, inicie un crecimiento empresarial s\u00f3lido y mayores ventas <\/b><\/p> <\/div> <div class=\"application-platform-content-item-features application-platform-content-item\" id=\"features\" data-nav-section=\"features\"> <h2>Las caracter\u00edsticas m\u00e1s importantes del widget incluyen<\/h2> <ul><li>m\u00e1s de 50 plataformas sociales predefinidas<\/li><li>5 opciones de tama\u00f1o de \u00edcono<\/li><li>Dos dise\u00f1os: flotante y en l\u00ednea<\/li><li>eliminar, reordenar \u00edconos, agregar y duplicar<\/li><li>3 variantes de alineaci\u00f3n de los \u00edconos<\/li><li>5 animaciones al pasar el mouse<\/li><li>3 tipos de radio de borde<\/li><li>Opacidad ajustable de los \u00edconos<\/li><li>Seis estilos de \u00edconos incrustados <\/li><\/ul><p><a href=\"#demo\">Pruebe todas las funciones de personalizaci\u00f3n en una demostraci\u00f3n con todas las funciones<\/a><\/p> <\/div> <div class=\"application-platform-content-item-installation application-platform-content-item\" id=\"installation\" data-nav-section=\"installation\"> <h2>\u00bfC\u00f3mo agrego \u00edconos de redes sociales a mi p\u00e1gina web de Jimdo? <\/h2> <p>Simplemente siga las pautas a continuaci\u00f3n para comenzar a trabajar con la herramienta. <\/p> <ol><li><b>Abre nuestro configurador gratuito y comienza a formar tu widget personalizado. <\/b><br> Encuentre la interfaz preferida y las opciones del widget y guarde las modificaciones. <\/li> <li><b>Adquiera el c\u00f3digo individual que aparece en el cuadro de Elfsight Apps. <\/b><br> Inmediatamente despu\u00e9s de finalizar la configuraci\u00f3n de su herramienta personal, copie el c\u00f3digo exclusivo en la ventana emergente y gu\u00e1rdelo para usarlo m\u00e1s adelante. <\/li> <li><b>Inicia la aplicaci\u00f3n del widget en tu sitio Jimdo. <\/b><br>Incrusta el c\u00f3digo que has guardado antes en tu p\u00e1gina web y guarda los ajustes. <\/li> <li><b>\u00a1Ya terminaste! La incrustaci\u00f3n se realiza con \u00e9xito. <\/b><br>Visite su p\u00e1gina para inspeccionar el rendimiento de la herramienta. <\/li><\/ol> <p>En caso de tener dudas o superar algunos obst\u00e1culos, no dude en ponerse en contacto con nuestro equipo de atenci\u00f3n al cliente. Nuestros consultores desean ayudarle con todos los problemas que pueda tener con el widget. <\/p> <\/div><div class=\"faq\" data-component=\"FAQ\"><div class=\"faq-item\">\r\n\t\t\t\t\t<div class=\"faq-item-question\">\r\n\t\t\t\t\t\t<h3 class=\"faq-item-question-text\">\u00bfDe qu\u00e9 manera es posible agregar \u00edconos de redes sociales a mi sitio Jimdo sin conocimientos de codificaci\u00f3n?<\/h3>\r\n\r\n\t\t\t\t\t\t<div class=\"faq-item-question-icon\"><\/div>\r\n\t\t\t\t\t<\/div>\r\n\r\n\t\t\t\t\t<div class=\"faq-item-answer\">\r\n\t\t\t\t\t\t<div class=\"faq-item-answer-text\"><p>La empresa Elfsight ofrece una soluci\u00f3n en la nube que permite a las personas crear un complemento de \u00edconos de redes sociales por s\u00ed mismos, mire la gu\u00eda sencilla: <\/p><ul><li>Comience a trabajar directamente en el editor en vivo para crear una red social Widget de \u00edconos que le gustar\u00eda integrar en su sitio web Jimdo.<\/li><li>Elija una de las plantillas listas para usar y cambie la configuraci\u00f3n de los \u00edconos de redes sociales, cambie el dise\u00f1o y los colores, incluya su contenido sin experiencia en codificaci\u00f3n.<\/li><li>Guarde los \u00edconos de redes sociales y copie el c\u00f3digo de instalaci\u00f3n del widget, que se puede agregar en el sitio de Jimdo usando un plan gratuito.<\/li><\/ul><p>Trabajando en el sencillo Configurador, cada usuario web puede generar la aplicaci\u00f3n de \u00edconos de redes sociales en l\u00ednea y pegarla f\u00e1cilmente en su p\u00e1gina de inicio de Jimdo. No debes pagar ni ingresar los datos de tu tarjeta para ingresar a Elfsight Editor. Si enfrenta alg\u00fan obst\u00e1culo de cualquier tipo, no dude en comunicarse con nuestro personal de soporte.<\/p><\/div>\r\n\t\t\t\t\t<\/div>\r\n\t\t\t\t<\/div><\/div>","protected":false},"excerpt":{"rendered":"","protected":false},"author":9,"featured_media":0,"parent":995,"menu_order":0,"comment_status":"closed","ping_status":"closed","template":"templates\/template-application-platform.php","meta":{"publish_to_discourse":"","publish_post_category":"","wpdc_auto_publish_overridden":"","wpdc_topic_tags":"","wpdc_pin_topic":"","wpdc_pin_until":"","discourse_post_id":"","discourse_permalink":"","wpdc_publishing_response":"","wpdc_publishing_error":"","footnotes":""},"class_list":["post-7810","page","type-page","status-publish","hentry"],"yoast_head":"<!-- This site is optimized with the Yoast SEO plugin v25.3.1 - https:\/\/yoast.com\/wordpress\/plugins\/seo\/ -->\n<title>Iconos de redes sociales: a\u00f1ade el widget de iconos sociales a Jimdo<\/title>\n<meta name=\"description\" content=\"Prueba gratis los iconos de redes sociales de Elfsight para Jimdo. \u00a1Genera \u00edconos personalizados para tu sitio solo en unos minutos!\" \/>\n<meta name=\"robots\" content=\"index, follow, max-snippet:-1, max-image-preview:large, max-video-preview:-1\" \/>\n<link rel=\"canonical\" href=\"https:\/\/elfsight.com\/es\/social-media-icons-widget\/jimdo\/\" \/>\n<meta property=\"og:locale\" content=\"es_ES\" \/>\n<meta property=\"og:type\" content=\"article\" \/>\n<meta property=\"og:title\" content=\"Iconos de redes sociales: a\u00f1ade el widget de iconos sociales a Jimdo\" \/>\n<meta property=\"og:description\" content=\"Prueba gratis los iconos de redes sociales de Elfsight para Jimdo. \u00a1Genera \u00edconos personalizados para tu sitio solo en unos minutos!\" \/>\n<meta property=\"og:url\" content=\"https:\/\/elfsight.com\/es\/social-media-icons-widget\/jimdo\/\" \/>\n<meta property=\"og:site_name\" content=\"Elfsight ES\" \/>\n<meta property=\"article:modified_time\" content=\"2025-02-06T15:46:22+00:00\" \/>\n<meta name=\"twitter:card\" content=\"summary_large_image\" \/>\n<meta name=\"twitter:label1\" content=\"Tiempo de lectura\" \/>\n\t<meta name=\"twitter:data1\" content=\"3 minutos\" \/>\n<!-- \/ Yoast SEO plugin. -->","yoast_head_json":{"title":"Iconos de redes sociales: a\u00f1ade el widget de iconos sociales a Jimdo","description":"Prueba gratis los iconos de redes sociales de Elfsight para Jimdo. \u00a1Genera \u00edconos personalizados para tu sitio solo en unos minutos!","robots":{"index":"index","follow":"follow","max-snippet":"max-snippet:-1","max-image-preview":"max-image-preview:large","max-video-preview":"max-video-preview:-1"},"canonical":"https:\/\/elfsight.com\/es\/social-media-icons-widget\/jimdo\/","og_locale":"es_ES","og_type":"article","og_title":"Iconos de redes sociales: a\u00f1ade el widget de iconos sociales a Jimdo","og_description":"Prueba gratis los iconos de redes sociales de Elfsight para Jimdo. \u00a1Genera \u00edconos personalizados para tu sitio solo en unos minutos!","og_url":"https:\/\/elfsight.com\/es\/social-media-icons-widget\/jimdo\/","og_site_name":"Elfsight ES","article_modified_time":"2025-02-06T15:46:22+00:00","twitter_card":"summary_large_image","twitter_misc":{"Tiempo de lectura":"3 minutos"},"schema":{"@context":"https:\/\/schema.org","@graph":[{"@type":"WebPage","@id":"https:\/\/elfsight.com\/es\/social-media-icons-widget\/jimdo\/","url":"https:\/\/elfsight.com\/es\/social-media-icons-widget\/jimdo\/","name":"Iconos de redes sociales: a\u00f1ade el widget de iconos sociales a Jimdo","isPartOf":{"@id":"https:\/\/elfsight.com\/es\/#website"},"datePublished":"1970-01-01T00:00:00+00:00","dateModified":"2025-02-06T15:46:22+00:00","description":"Prueba gratis los iconos de redes sociales de Elfsight para Jimdo. \u00a1Genera \u00edconos personalizados para tu sitio solo en unos minutos!","breadcrumb":{"@id":"https:\/\/elfsight.com\/es\/social-media-icons-widget\/jimdo\/#breadcrumb"},"inLanguage":"es","potentialAction":[{"@type":"ReadAction","target":["https:\/\/elfsight.com\/es\/social-media-icons-widget\/jimdo\/"]}]},{"@type":"BreadcrumbList","@id":"https:\/\/elfsight.com\/es\/social-media-icons-widget\/jimdo\/#breadcrumb","itemListElement":[{"@type":"ListItem","position":1,"name":"Home","item":"https:\/\/elfsight.com\/es\/"},{"@type":"ListItem","position":2,"name":"Social Media Icons","item":"https:\/\/elfsight.com\/es\/social-media-icons-widget\/"},{"@type":"ListItem","position":3,"name":"Social Media Icons &#8211; Jimdo"}]},{"@type":"WebSite","@id":"https:\/\/elfsight.com\/es\/#website","url":"https:\/\/elfsight.com\/es\/","name":"Elfsight ES","description":"Just another Elfsight Sites site","potentialAction":[{"@type":"SearchAction","target":{"@type":"EntryPoint","urlTemplate":"https:\/\/elfsight.com\/es\/?s={search_term_string}"},"query-input":{"@type":"PropertyValueSpecification","valueRequired":true,"valueName":"search_term_string"}}],"inLanguage":"es"}]}},"meta_box":{"industry":"","seo_heading":"","heading":"","description":"","cta_heading":"","cta_description":"","application":"994","h1":"Widget de iconos de redes sociales para Jimdo","h1_caption":"Aumente su popularidad en las redes sociales con pr\u00e1cticos \u00edconos","application_category":[],"applications_title":"","applications_request_title":"","applications_request_button_text":"","hero_text":"","hero_video":"","hero_video_schema_markup":"","selling_points_title":"","selling_points_caption":"","selling_points":[],"selling_points_cta_text":"","features_title":"","features":"","ed_cta_examples_text":"","ed_cta_examples_hidden":"","ed_cta_demo_text":"","ed_cta_demo_hidden":"","why_caption":"","why_editor_title":"","why_editor_text":"","why_team_title":"","why_team_text":"","why_service_title":"","why_service_text":"","template_catalog_visible":"","template_catalog_title":"","template_catalog_text":"","template_catalog_categories_visible":"","demo_title":"Crea tu widget de iconos de redes sociales","demo_caption":"\u00a1Configura tus iconos de redes sociales y a\u00f1\u00e1delos a tu sitio web Jimdo gratis!","default_faq_hidden":"","app_template_category":[],"platform":"2198","template_public_id":"","codecanyon_url":"","codecanyon_item_id":"","codecanyon_price":"","pricing_caption":"","pricing_elfsight_apps_hide_column":"","pricing_elfsight_apps_url":"","pricing_codecanyon_price_caption":"","integration_category":[],"integration_request_title":"","integration_request_cta":"","integration_platform":"","integrations":[],"platform_category":[],"video_schema_markup":"","price":"desde $0 \/ mes","trial":"","benefits":[{"text":"Ayuda de instalaci\u00f3n gratuita"},{"text":"Soporte premium"},{"text":"Garant\u00eda de reembolso de 14 d\u00edas"},{"text":"Desarrollo continuo"}],"button_url":"#demo","button_target_blank":"","button_nofollow":"","attributes":[{"name":"Instalaciones","content":"10,000 - 100,000"},{"name":"Sensible","content":"S\u00ed"},{"name":"Navegadores compatibles","content":"Firefox, Safari, Opera, Chrome, Edge"}],"tags":[],"tags_disable_links":"","hide_more_platforms":"","video_object":"","demo_hide_cta":"","demo_hide_cloud_options":"","pricing_title":"","pricing":[{"pricing_icon":"platform","pricing_title":"Elfsight Apps","pricing_title_caption":"Versi\u00f3n independiente de la plataforma que funciona en cualquier sitio","pricing_price":"desde $0 \/ mes","pricing_price_caption":"comienza con un plan gratuito","pricing_benefits":[{"text":"Dominios ilimitados"},{"text":"Soporte empresarial dedicado"},{"text":"Servicio de instalaci\u00f3n gratuito"},{"text":"Totalmente personalizable"}],"pricing_button_text":"A\u00f1adir al sitio web","pricing_button_url":"#demo"}],"related_apps_title":"","related_apps_hidden":"","author":"","image":[],"title":"","job":"","social_networks":[]},"_links":{"self":[{"href":"https:\/\/elfsight.com\/es\/wp-json\/wp\/v2\/pages\/7810","targetHints":{"allow":["GET"]}}],"collection":[{"href":"https:\/\/elfsight.com\/es\/wp-json\/wp\/v2\/pages"}],"about":[{"href":"https:\/\/elfsight.com\/es\/wp-json\/wp\/v2\/types\/page"}],"author":[{"embeddable":true,"href":"https:\/\/elfsight.com\/es\/wp-json\/wp\/v2\/users\/9"}],"replies":[{"embeddable":true,"href":"https:\/\/elfsight.com\/es\/wp-json\/wp\/v2\/comments?post=7810"}],"version-history":[{"count":2,"href":"https:\/\/elfsight.com\/es\/wp-json\/wp\/v2\/pages\/7810\/revisions"}],"predecessor-version":[{"id":18778,"href":"https:\/\/elfsight.com\/es\/wp-json\/wp\/v2\/pages\/7810\/revisions\/18778"}],"up":[{"embeddable":true,"href":"https:\/\/elfsight.com\/es\/wp-json\/wp\/v2\/pages\/995"}],"wp:attachment":[{"href":"https:\/\/elfsight.com\/es\/wp-json\/wp\/v2\/media?parent=7810"}],"curies":[{"name":"wp","href":"https:\/\/api.w.org\/{rel}","templated":true}]}}