{"id":7805,"date":"1970-01-01T00:00:00","date_gmt":"1970-01-01T00:00:00","guid":{"rendered":"https:\/\/elfsight.com\/es\/?page_id=7805"},"modified":"2025-02-06T15:46:22","modified_gmt":"2025-02-06T15:46:22","slug":"iframe","status":"publish","type":"page","link":"https:\/\/elfsight.com\/es\/social-media-icons-widget\/iframe\/","title":{"rendered":"Social Media Icons &#8211; iFrame"},"content":{"rendered":"<div class=\"application-platform-content-item-description application-platform-content-item\" id=\"description\" data-nav-section=\"description\"><h2>Incorpore iconos de redes sociales en iFrame con el widget de Elfsight<\/h2><p>Social Icons de Elfsight conectar\u00e1 su sitio web con casi cualquier red social. Fortalece la conexi\u00f3n con tus clientes, convirti\u00e9ndolos en tus suscriptores. Un dise\u00f1o responsivo, personalizaci\u00f3n de colores y estilos, e \u00edconos listos para usar de todas las principales redes sociales.<\/p> <p><b>Aumente el alcance de su empresa en los servicios sociales.<\/b><\/p> <p><b>Una forma adicional de comunicarse con los clientes<\/b><br> Las redes sociales son una variante adicional para fortalecer sus v\u00ednculos con los usuarios y facilitar la b\u00fasqueda de su empresa en l\u00ednea.<\/p><p><b>Cantidad m\u00e1xima de visitantes para sus redes sociales<\/b><br> Ofrezca a los clientes del sitio una opci\u00f3n sencilla variante para llegar a su p\u00e1gina social y encontrar el m\u00e1ximo de visitantes en las redes sociales.<\/p><p><b>Lleve la interacci\u00f3n con los usuarios a una nueva etapa<\/b><br> Muestre a sus usuarios actuales y nuevos m\u00e1s formas de conectarse y mejorar la calidad del centro de ayuda.<\/p><\/div><div class=\"application-platform-content-item-features application-platform-content-item\" id=\"features\" data-nav-section=\"features\"><h2>Caracter\u00edsticas principales del widget de iconos de redes sociales<\/h2><p>Las caracter\u00edsticas b\u00e1sicas que convierten a Elfsight \u00edconos en el mejor complemento social IFrame.<\/p><ul><li>M\u00e1s de 50 plataformas sociales predefinidas;<\/li><li>5 opciones de tama\u00f1o de \u00edconos;<\/li><li>2 dise\u00f1os: en l\u00ednea y flotante;<\/li><li>3 variantes de alineaci\u00f3n de los \u00edconos;<\/li><li>5 animaciones al pasar el mouse.<\/li><\/ul><p><a href=\"#demo\">Compruebe todas las funciones b\u00e1sicas en nuestro editor<\/a><\/p><\/div><div class=\"application-platform-content-item-installation application-platform-content-item\" id=\"installation\" data-nav-section=\"installation\"><h2>C\u00f3mo agregar \u00edconos sociales al sitio web iFrame<\/h2><p>Un tutorial claro sobre c\u00f3mo crear \u00edconos en una p\u00e1gina sin competencia en desarrollos. El tiempo de configuraci\u00f3n aproximado es de menos de 3 minutos.<\/p><ol><li><b>Cree su complemento social personalizado<\/b><br> Al administrar nuestro configurador gratuito, cree un complemento con una interfaz preferida y caracter\u00edsticas funcionales. <\/li><li><b>Copia el c\u00f3digo personal para insertar el complemento<\/b><br> Despu\u00e9s de haber configurado tu complemento, recibir\u00e1s tu c\u00f3digo personal en la notificaci\u00f3n que aparece en Elfsight Apps. C\u00f3pialo. <\/li> <li><b>Publique el complemento en su sitio iFrame<\/b><br> Elija el \u00e1rea en la que planea revelar el complemento e inserte el c\u00f3digo guardado all\u00ed. Publicar las ediciones. <\/li> <li><b>\u00a1La incrustaci\u00f3n se realiz\u00f3 correctamente! <\/b><br>Visita tu tienda para ver tus \u00edconos. <\/li> <\/ol><p>\u00bfNo puedes crear o configurar los \u00edconos en tu sitio? Lea nuestro manual completo \u00abC\u00f3mo configurar \u00edconos en IFrame\u00bb o comun\u00edquese con nuestro equipo de soporte.<\/p><\/div><div class=\"faq\" data-component=\"FAQ\"><div class=\"faq-item\">\r\n\t\t\t\t\t<div class=\"faq-item-question\">\r\n\t\t\t\t\t\t<h3 class=\"faq-item-question-text\">\u00bfExiste una opci\u00f3n para incrustar \u00edconos de redes sociales en mi p\u00e1gina de inicio de iFrame sin conocimientos de codificaci\u00f3n?<\/h3>\r\n\r\n\t\t\t\t\t\t<div class=\"faq-item-question-icon\"><\/div>\r\n\t\t\t\t\t<\/div>\r\n\r\n\t\t\t\t\t<div class=\"faq-item-answer\">\r\n\t\t\t\t\t\t<div class=\"faq-item-answer-text\"><p>La empresa Elfsight ofrece una soluci\u00f3n SaaS que permite a los propietarios de sitios crear una aplicaci\u00f3n de \u00edconos de redes sociales por s\u00ed mismos. observe lo f\u00e1cil que es el proceso: <\/p><ul><li>Comience a trabajar directamente en el Editor en l\u00ednea para crear un widget de \u00edconos de redes sociales que le gustar\u00eda incrustar en el sitio iFrame.<\/li><li>Haga clic en una de las plantillas predise\u00f1adas y ajuste la configuraci\u00f3n de los \u00edconos de redes sociales, cambie el dise\u00f1o y la combinaci\u00f3n de colores, agregue su contenido sin ning\u00fan conocimiento de codificaci\u00f3n.<\/li><li>Haga clic para guardar los \u00edconos de redes sociales y obtener el c\u00f3digo de instalaci\u00f3n del widget, que puede incluirse f\u00e1cilmente en cualquier p\u00e1gina de inicio de iFrame. gratis.<\/li><\/ul><p>Utilizando el editor f\u00e1cil de usar, cada usuario web puede establecer el complemento de iconos de redes sociales en l\u00ednea e incrustarlo sin esfuerzo en su p\u00e1gina de inicio de iFrame. No es necesario pagar ni introducir los datos de tu tarjeta para acceder al Editor. Si se enfrenta a obst\u00e1culos de cualquier tipo, no dude en ponerse en contacto con nuestro equipo de soporte t\u00e9cnico.<\/p><\/div>\r\n\t\t\t\t\t<\/div>\r\n\t\t\t\t<\/div><\/div>","protected":false},"excerpt":{"rendered":"","protected":false},"author":9,"featured_media":0,"parent":995,"menu_order":0,"comment_status":"closed","ping_status":"closed","template":"templates\/template-application-platform.php","meta":{"publish_to_discourse":"","publish_post_category":"","wpdc_auto_publish_overridden":"","wpdc_topic_tags":"","wpdc_pin_topic":"","wpdc_pin_until":"","discourse_post_id":"","discourse_permalink":"","wpdc_publishing_response":"","wpdc_publishing_error":"","footnotes":""},"class_list":["post-7805","page","type-page","status-publish","hentry"],"yoast_head":"<!-- This site is optimized with the Yoast SEO plugin v25.3.1 - https:\/\/yoast.com\/wordpress\/plugins\/seo\/ -->\n<title>Complemento iFrame Social Media Icons para su sitio web (gratis y r\u00e1pido)<\/title>\n<meta name=\"description\" content=\"Pruebe el complemento Elfsight Social Media Icons para iFrame ahora mismo. \u00a1Crea \u00edconos personalizados para tu sitio web en solo un par de minutos!\" \/>\n<meta name=\"robots\" content=\"index, follow, max-snippet:-1, max-image-preview:large, max-video-preview:-1\" \/>\n<link rel=\"canonical\" href=\"https:\/\/elfsight.com\/es\/social-media-icons-widget\/iframe\/\" \/>\n<meta property=\"og:locale\" content=\"es_ES\" \/>\n<meta property=\"og:type\" content=\"article\" \/>\n<meta property=\"og:title\" content=\"Complemento iFrame Social Media Icons para su sitio web (gratis y r\u00e1pido)\" \/>\n<meta property=\"og:description\" content=\"Pruebe el complemento Elfsight Social Media Icons para iFrame ahora mismo. \u00a1Crea \u00edconos personalizados para tu sitio web en solo un par de minutos!\" \/>\n<meta property=\"og:url\" content=\"https:\/\/elfsight.com\/es\/social-media-icons-widget\/iframe\/\" \/>\n<meta property=\"og:site_name\" content=\"Elfsight ES\" \/>\n<meta property=\"article:modified_time\" content=\"2025-02-06T15:46:22+00:00\" \/>\n<meta name=\"twitter:card\" content=\"summary_large_image\" \/>\n<meta name=\"twitter:label1\" content=\"Tiempo de lectura\" \/>\n\t<meta name=\"twitter:data1\" content=\"3 minutos\" \/>\n<!-- \/ Yoast SEO plugin. -->","yoast_head_json":{"title":"Complemento iFrame Social Media Icons para su sitio web (gratis y r\u00e1pido)","description":"Pruebe el complemento Elfsight Social Media Icons para iFrame ahora mismo. \u00a1Crea \u00edconos personalizados para tu sitio web en solo un par de minutos!","robots":{"index":"index","follow":"follow","max-snippet":"max-snippet:-1","max-image-preview":"max-image-preview:large","max-video-preview":"max-video-preview:-1"},"canonical":"https:\/\/elfsight.com\/es\/social-media-icons-widget\/iframe\/","og_locale":"es_ES","og_type":"article","og_title":"Complemento iFrame Social Media Icons para su sitio web (gratis y r\u00e1pido)","og_description":"Pruebe el complemento Elfsight Social Media Icons para iFrame ahora mismo. \u00a1Crea \u00edconos personalizados para tu sitio web en solo un par de minutos!","og_url":"https:\/\/elfsight.com\/es\/social-media-icons-widget\/iframe\/","og_site_name":"Elfsight ES","article_modified_time":"2025-02-06T15:46:22+00:00","twitter_card":"summary_large_image","twitter_misc":{"Tiempo de lectura":"3 minutos"},"schema":{"@context":"https:\/\/schema.org","@graph":[{"@type":"WebPage","@id":"https:\/\/elfsight.com\/es\/social-media-icons-widget\/iframe\/","url":"https:\/\/elfsight.com\/es\/social-media-icons-widget\/iframe\/","name":"Complemento iFrame Social Media Icons para su sitio web (gratis y r\u00e1pido)","isPartOf":{"@id":"https:\/\/elfsight.com\/es\/#website"},"datePublished":"1970-01-01T00:00:00+00:00","dateModified":"2025-02-06T15:46:22+00:00","description":"Pruebe el complemento Elfsight Social Media Icons para iFrame ahora mismo. \u00a1Crea \u00edconos personalizados para tu sitio web en solo un par de minutos!","breadcrumb":{"@id":"https:\/\/elfsight.com\/es\/social-media-icons-widget\/iframe\/#breadcrumb"},"inLanguage":"es","potentialAction":[{"@type":"ReadAction","target":["https:\/\/elfsight.com\/es\/social-media-icons-widget\/iframe\/"]}]},{"@type":"BreadcrumbList","@id":"https:\/\/elfsight.com\/es\/social-media-icons-widget\/iframe\/#breadcrumb","itemListElement":[{"@type":"ListItem","position":1,"name":"Home","item":"https:\/\/elfsight.com\/es\/"},{"@type":"ListItem","position":2,"name":"Social Media Icons","item":"https:\/\/elfsight.com\/es\/social-media-icons-widget\/"},{"@type":"ListItem","position":3,"name":"Social Media Icons &#8211; iFrame"}]},{"@type":"WebSite","@id":"https:\/\/elfsight.com\/es\/#website","url":"https:\/\/elfsight.com\/es\/","name":"Elfsight ES","description":"Just another Elfsight Sites site","potentialAction":[{"@type":"SearchAction","target":{"@type":"EntryPoint","urlTemplate":"https:\/\/elfsight.com\/es\/?s={search_term_string}"},"query-input":{"@type":"PropertyValueSpecification","valueRequired":true,"valueName":"search_term_string"}}],"inLanguage":"es"}]}},"meta_box":{"industry":"","seo_heading":"","heading":"","description":"","cta_heading":"","cta_description":"","application":"994","h1":"Iconos de redes sociales iFrame","h1_caption":"Convierta a los usuarios de su sitio web en fan\u00e1ticos sociales","application_category":[],"applications_title":"","applications_request_title":"","applications_request_button_text":"","hero_text":"","hero_video":"","hero_video_schema_markup":"","selling_points_title":"","selling_points_caption":"","selling_points":[],"selling_points_cta_text":"","features_title":"","features":"","ed_cta_examples_text":"","ed_cta_examples_hidden":"","ed_cta_demo_text":"","ed_cta_demo_hidden":"","why_caption":"","why_editor_title":"","why_editor_text":"","why_team_title":"","why_team_text":"","why_service_title":"","why_service_text":"","template_catalog_visible":"","template_catalog_title":"","template_catalog_text":"","template_catalog_categories_visible":"","demo_title":"Crea tu widget de iconos de redes sociales","demo_caption":"\u00a1Configure sus \u00edconos de redes sociales y agr\u00e9guelos a su sitio web iFrame gratis!","default_faq_hidden":"","app_template_category":[],"platform":"2192","template_public_id":"","codecanyon_url":"","codecanyon_item_id":"","codecanyon_price":"","pricing_caption":"","pricing_elfsight_apps_hide_column":"","pricing_elfsight_apps_url":"","pricing_codecanyon_price_caption":"","integration_category":[],"integration_request_title":"","integration_request_cta":"","integration_platform":"","integrations":[],"platform_category":[],"video_schema_markup":"","price":"desde $0 \/ mes","trial":"","benefits":[{"text":"Ayuda de instalaci\u00f3n gratuita"},{"text":"Servicio al cliente competente"},{"text":"Garant\u00eda de reembolso de 14 d\u00edas"},{"text":"Futuras mejoras gratuitas"}],"button_url":"#demo","button_target_blank":"","button_nofollow":"","attributes":[{"name":"Instalaciones","content":"10,000 - 100,000"},{"name":"Sensible","content":"S\u00ed"},{"name":"Navegadores compatibles","content":"Edge, Chrome, Firefox, Safari, Opera"}],"tags":[],"tags_disable_links":"","hide_more_platforms":"","video_object":"","demo_hide_cta":"","demo_hide_cloud_options":"","pricing_title":"","pricing":[{"pricing_icon":"platform","pricing_title":"Elfsight Apps","pricing_title_caption":"Versi\u00f3n multiplataforma","pricing_price":"desde $0 \/ mes","pricing_price_caption":"comienza con el plan gratuito","pricing_benefits":[{"text":"Sitios web ilimitados"},{"text":"Atenci\u00f3n al cliente profesional"},{"text":"Soporte de instalaci\u00f3n gratuito"},{"text":"Oferta especial para m\u00faltiples aplicaciones."}],"pricing_button_text":"A\u00f1adir al sitio web","pricing_button_url":"#demo"}],"related_apps_title":"","related_apps_hidden":"","author":"","image":[],"title":"","job":"","social_networks":[]},"_links":{"self":[{"href":"https:\/\/elfsight.com\/es\/wp-json\/wp\/v2\/pages\/7805","targetHints":{"allow":["GET"]}}],"collection":[{"href":"https:\/\/elfsight.com\/es\/wp-json\/wp\/v2\/pages"}],"about":[{"href":"https:\/\/elfsight.com\/es\/wp-json\/wp\/v2\/types\/page"}],"author":[{"embeddable":true,"href":"https:\/\/elfsight.com\/es\/wp-json\/wp\/v2\/users\/9"}],"replies":[{"embeddable":true,"href":"https:\/\/elfsight.com\/es\/wp-json\/wp\/v2\/comments?post=7805"}],"version-history":[{"count":2,"href":"https:\/\/elfsight.com\/es\/wp-json\/wp\/v2\/pages\/7805\/revisions"}],"predecessor-version":[{"id":18779,"href":"https:\/\/elfsight.com\/es\/wp-json\/wp\/v2\/pages\/7805\/revisions\/18779"}],"up":[{"embeddable":true,"href":"https:\/\/elfsight.com\/es\/wp-json\/wp\/v2\/pages\/995"}],"wp:attachment":[{"href":"https:\/\/elfsight.com\/es\/wp-json\/wp\/v2\/media?parent=7805"}],"curies":[{"name":"wp","href":"https:\/\/api.w.org\/{rel}","templated":true}]}}