{"id":7803,"date":"1970-01-01T00:00:00","date_gmt":"1970-01-01T00:00:00","guid":{"rendered":"https:\/\/elfsight.com\/es\/?page_id=7803"},"modified":"2025-02-06T15:46:22","modified_gmt":"2025-02-06T15:46:22","slug":"google-sites","status":"publish","type":"page","link":"https:\/\/elfsight.com\/es\/social-media-icons-widget\/google-sites\/","title":{"rendered":"Social Media Icons &#8211; Google Sites"},"content":{"rendered":"<div class=\"application-platform-content-item-description application-platform-content-item\" id=\"description\" data-nav-section=\"description\"> <h2>Incorpore \u00edconos de redes sociales en sitios de Google con el widget de Elfsight<\/h2> <p>Inserci\u00f3n r\u00e1pida y sencilla de \u00edconos de varias redes sociales, mensajer\u00eda y muchos otros recursos multimedia con un enlace a su perfil en su p\u00e1gina web. No pierda el tiempo dise\u00f1ando logotipos y modificando plantillas web: pruebe un widget listo para usar creado por Elfsight.<\/p> <p><b>Con los \u00edconos de redes sociales, tenga un desarrollo comercial activo y aumente las ventas <\/b><\/p> <\/div><div class=\"application-platform-content-item-features application-platform-content-item\" id=\"features\" data-nav-section=\"features\"> <h2>Vea la lista de las caracter\u00edsticas m\u00e1s destacadas: <\/h2> <ul><li>Izquierda, alineaci\u00f3n de los botones hacia la derecha o hacia el centro<\/li><li>3 opciones de forma de los botones<\/li><li>Transparencia ajustable de los botones<\/li><li>3 combinaciones de colores para iconos, fondo y desplazamiento<\/li><\/ul><p><a href=\"#demo\">Puedes explorar todas las capacidades del widget en la demostraci\u00f3n <\/a><\/p> <\/div> <div class=\"application-platform-content-item-installation application-platform-content-item\" id=\"installation\" data-nav-section=\"installation\"> <h2>\u00bfC\u00f3mo incrustar \u00edconos de redes sociales en mi sitio de Google Sites? <\/h2> <div class=\"video-container\"><iframe width=\"720\" height=\"405\" src=\"https:\/\/www.youtube.com\/embed\/UK2IP7tVsZ8\" frameborder=\"0\"><\/iframe><\/div><p>Simplemente siga las pautas a continuaci\u00f3n para agregar la herramienta. <\/p> <ol><li><b>Utiliza nuestro configurador gratuito y empieza a darle forma a tu propio complemento. <\/b><br> Determine el dise\u00f1o preferido y las caracter\u00edsticas funcionales de la herramienta y aplique las modificaciones. <\/li> <li><b>Adquiera su c\u00f3digo personal que se muestra en el cuadro de Elfsight Apps. <\/b><br> Una vez finalizada la creaci\u00f3n de su herramienta personal, copie el c\u00f3digo exclusivo de la ventana que aparece y gu\u00e1rdelo para usarlo en el futuro. <\/li> <li><b>Comience a aplicar el complemento en su sitio de Google Sites. <\/b><br>Integra el c\u00f3digo que has copiado anteriormente en tu p\u00e1gina de inicio y guarda las modificaciones. <\/li> <li><b>\u00a1Ya terminaste! La incrustaci\u00f3n ha finalizado por completo. <\/b><br>Vaya a su p\u00e1gina web para inspeccionar el funcionamiento del widget. <\/li><\/ol> <div class=\"tip-yellow tip\"><b>Debido a las peculiaridades del trabajo de Google Sites, el widget puede tener un aspecto diferente al de la demostraci\u00f3n en l\u00ednea. Nos disculpamos por cualquier inconveniente causado.<\/b><\/div><p>En caso de enfrentar consultas o encontrar obst\u00e1culos, no tema buscar ayuda de nuestro personal de servicio al cliente. Nuestros consultores est\u00e1n ansiosos por ayudarle con todas las dificultades que pueda tener con el complemento. <\/p> <div class=\"faq\" data-component=\"FAQ\"><div class=\"faq-item\">\r\n\t\t\t\t\t<div class=\"faq-item-question\">\r\n\t\t\t\t\t\t<h3 class=\"faq-item-question-text\">\u00bfC\u00f3mo puedo insertar \u00edconos de redes sociales en mi p\u00e1gina de Google Sites sin conocimientos de codificaci\u00f3n?<\/h3>\r\n\r\n\t\t\t\t\t\t<div class=\"faq-item-question-icon\"><\/div>\r\n\t\t\t\t\t<\/div>\r\n\r\n\t\t\t\t\t<div class=\"faq-item-answer\">\r\n\t\t\t\t\t\t<div class=\"faq-item-answer-text\"><p>Elfsight ofrece una soluci\u00f3n basada en la nube que permite a los usuarios insertar \u00edconos de redes sociales por su cuenta. Vea lo simple que es el proceso:<\/p><ul><li>Acceda al editor en l\u00ednea para generar una secci\u00f3n de \u00edconos de redes sociales que desee integrar en su p\u00e1gina de Google Sites.<\/li><li>Elija uno de nuestros plantillas predise\u00f1adas y personalice la configuraci\u00f3n de los \u00edconos de redes sociales, modifique el dise\u00f1o y la combinaci\u00f3n de colores, incluya su contenido sin necesidad de codificaci\u00f3n.<\/li><li>Guarde la configuraci\u00f3n que ha configurado para los \u00edconos de redes sociales y obtenga el c\u00f3digo del widget para incrustar, que puede agregarse f\u00e1cilmente a su p\u00e1gina de Google Sites sin costo alguno.<\/li><\/ul><p>Al trabajar en el editor f\u00e1cil de usar, cualquier usuario de Internet puede crear una secci\u00f3n de \u00edconos de redes sociales e incrustarla en sus sitios de Google. p\u00e1gina. No es necesario realizar ning\u00fan pago ni revelar la informaci\u00f3n de su tarjeta para acceder al Editor de Elfsight. Si encuentra alguna dificultad en cualquier etapa, no dude en comunicarse con nuestro servicio de atenci\u00f3n al cliente.<\/p><\/div>\r\n\t\t\t\t\t<\/div>\r\n\t\t\t\t<\/div><\/div><\/div>","protected":false},"excerpt":{"rendered":"","protected":false},"author":9,"featured_media":0,"parent":995,"menu_order":0,"comment_status":"closed","ping_status":"closed","template":"templates\/template-application-platform.php","meta":{"publish_to_discourse":"","publish_post_category":"","wpdc_auto_publish_overridden":"","wpdc_topic_tags":"","wpdc_pin_topic":"","wpdc_pin_until":"","discourse_post_id":"","discourse_permalink":"","wpdc_publishing_response":"","wpdc_publishing_error":"","footnotes":""},"class_list":["post-7803","page","type-page","status-publish","hentry"],"yoast_head":"<!-- This site is optimized with the Yoast SEO plugin v25.3.1 - https:\/\/yoast.com\/wordpress\/plugins\/seo\/ -->\n<title>\u00cdconos de redes sociales: agregue \u00edconos sociales a Google Sites (2026)<\/title>\n<meta name=\"description\" content=\"Incruste un widget de Iconos de redes sociales responsivo en su sitio Google Sites y obtenga plena confianza. Utilice la demostraci\u00f3n f\u00e1cil de usar de Elfsight para crear su herramienta personalizada.\" \/>\n<meta name=\"robots\" content=\"index, follow, max-snippet:-1, max-image-preview:large, max-video-preview:-1\" \/>\n<link rel=\"canonical\" href=\"https:\/\/elfsight.com\/es\/social-media-icons-widget\/google-sites\/\" \/>\n<meta property=\"og:locale\" content=\"es_ES\" \/>\n<meta property=\"og:type\" content=\"article\" \/>\n<meta property=\"og:title\" content=\"\u00cdconos de redes sociales: agregue \u00edconos sociales a Google Sites (2026)\" \/>\n<meta property=\"og:description\" content=\"Incruste un widget de Iconos de redes sociales responsivo en su sitio Google Sites y obtenga plena confianza. Utilice la demostraci\u00f3n f\u00e1cil de usar de Elfsight para crear su herramienta personalizada.\" \/>\n<meta property=\"og:url\" content=\"https:\/\/elfsight.com\/es\/social-media-icons-widget\/google-sites\/\" \/>\n<meta property=\"og:site_name\" content=\"Elfsight ES\" \/>\n<meta property=\"article:modified_time\" content=\"2025-02-06T15:46:22+00:00\" \/>\n<meta name=\"twitter:card\" content=\"summary_large_image\" \/>\n<meta name=\"twitter:label1\" content=\"Tiempo de lectura\" \/>\n\t<meta name=\"twitter:data1\" content=\"3 minutos\" \/>\n<!-- \/ Yoast SEO plugin. -->","yoast_head_json":{"title":"\u00cdconos de redes sociales: agregue \u00edconos sociales a Google Sites (2026)","description":"Incruste un widget de Iconos de redes sociales responsivo en su sitio Google Sites y obtenga plena confianza. Utilice la demostraci\u00f3n f\u00e1cil de usar de Elfsight para crear su herramienta personalizada.","robots":{"index":"index","follow":"follow","max-snippet":"max-snippet:-1","max-image-preview":"max-image-preview:large","max-video-preview":"max-video-preview:-1"},"canonical":"https:\/\/elfsight.com\/es\/social-media-icons-widget\/google-sites\/","og_locale":"es_ES","og_type":"article","og_title":"\u00cdconos de redes sociales: agregue \u00edconos sociales a Google Sites (2026)","og_description":"Incruste un widget de Iconos de redes sociales responsivo en su sitio Google Sites y obtenga plena confianza. Utilice la demostraci\u00f3n f\u00e1cil de usar de Elfsight para crear su herramienta personalizada.","og_url":"https:\/\/elfsight.com\/es\/social-media-icons-widget\/google-sites\/","og_site_name":"Elfsight ES","article_modified_time":"2025-02-06T15:46:22+00:00","twitter_card":"summary_large_image","twitter_misc":{"Tiempo de lectura":"3 minutos"},"schema":{"@context":"https:\/\/schema.org","@graph":[{"@type":"WebPage","@id":"https:\/\/elfsight.com\/es\/social-media-icons-widget\/google-sites\/","url":"https:\/\/elfsight.com\/es\/social-media-icons-widget\/google-sites\/","name":"\u00cdconos de redes sociales: agregue \u00edconos sociales a Google Sites (2026)","isPartOf":{"@id":"https:\/\/elfsight.com\/es\/#website"},"datePublished":"1970-01-01T00:00:00+00:00","dateModified":"2025-02-06T15:46:22+00:00","description":"Incruste un widget de Iconos de redes sociales responsivo en su sitio Google Sites y obtenga plena confianza. Utilice la demostraci\u00f3n f\u00e1cil de usar de Elfsight para crear su herramienta personalizada.","breadcrumb":{"@id":"https:\/\/elfsight.com\/es\/social-media-icons-widget\/google-sites\/#breadcrumb"},"inLanguage":"es","potentialAction":[{"@type":"ReadAction","target":["https:\/\/elfsight.com\/es\/social-media-icons-widget\/google-sites\/"]}]},{"@type":"BreadcrumbList","@id":"https:\/\/elfsight.com\/es\/social-media-icons-widget\/google-sites\/#breadcrumb","itemListElement":[{"@type":"ListItem","position":1,"name":"Home","item":"https:\/\/elfsight.com\/es\/"},{"@type":"ListItem","position":2,"name":"Social Media Icons","item":"https:\/\/elfsight.com\/es\/social-media-icons-widget\/"},{"@type":"ListItem","position":3,"name":"Social Media Icons &#8211; Google Sites"}]},{"@type":"WebSite","@id":"https:\/\/elfsight.com\/es\/#website","url":"https:\/\/elfsight.com\/es\/","name":"Elfsight ES","description":"Just another Elfsight Sites site","potentialAction":[{"@type":"SearchAction","target":{"@type":"EntryPoint","urlTemplate":"https:\/\/elfsight.com\/es\/?s={search_term_string}"},"query-input":{"@type":"PropertyValueSpecification","valueRequired":true,"valueName":"search_term_string"}}],"inLanguage":"es"}]}},"meta_box":{"industry":"","seo_heading":"","heading":"","description":"","cta_heading":"","cta_description":"","application":"994","h1":"Widget de iconos de redes sociales de Google Sites","h1_caption":"M\u00e1s acciones de su contenido ayudan a llegar a su p\u00fablico objetivo","application_category":[],"applications_title":"","applications_request_title":"","applications_request_button_text":"","hero_text":"","hero_video":"","hero_video_schema_markup":"","selling_points_title":"","selling_points_caption":"","selling_points":[],"selling_points_cta_text":"","features_title":"","features":"","ed_cta_examples_text":"","ed_cta_examples_hidden":"","ed_cta_demo_text":"","ed_cta_demo_hidden":"","why_caption":"","why_editor_title":"","why_editor_text":"","why_team_title":"","why_team_text":"","why_service_title":"","why_service_text":"","template_catalog_visible":"","template_catalog_title":"","template_catalog_text":"","template_catalog_categories_visible":"","demo_title":"Crea tu widget de iconos de redes sociales","demo_caption":"\u00a1Configure sus \u00edconos de redes sociales y agr\u00e9guelos a su sitio web de Google Sites de forma gratuita!","default_faq_hidden":"","app_template_category":[],"platform":"67","template_public_id":"","codecanyon_url":"","codecanyon_item_id":"","codecanyon_price":"","pricing_caption":"","pricing_elfsight_apps_hide_column":"","pricing_elfsight_apps_url":"","pricing_codecanyon_price_caption":"","integration_category":[],"integration_request_title":"","integration_request_cta":"","integration_platform":"","integrations":[],"platform_category":[],"video_schema_markup":"","price":"desde $0 \/ mes","trial":"","benefits":[{"text":"Asistencia de instalaci\u00f3n gratuita"},{"text":"Servicio al cliente competente"},{"text":"Garant\u00eda de reembolso de 14 d\u00edas"},{"text":"Mejoras continuas y gratuitas"}],"button_url":"#demo","button_target_blank":"","button_nofollow":"","attributes":[{"name":"Instalaciones","content":"10,000 - 100,000"},{"name":"Sensible","content":"Funciona en la versi\u00f3n m\u00f3vil del sitio web."},{"name":"Navegadores compatibles","content":"Opera, Chrome, Edge, Safari, Firefox"}],"tags":[],"tags_disable_links":"","hide_more_platforms":"","video_object":"","demo_hide_cta":"","demo_hide_cloud_options":"","pricing_title":"","pricing":[{"pricing_icon":"platform","pricing_title":"Elfsight Apps","pricing_title_caption":"Versi\u00f3n multiplataforma que funciona en cualquier sitio web","pricing_price":"desde $0 \/ mes","pricing_price_caption":"comienza con el plan gratuito","pricing_benefits":[{"text":"N\u00famero ilimitado de sitios web"},{"text":"Soporte premium"},{"text":"Servicio de instalaci\u00f3n gratuito"},{"text":"Precio especial para m\u00faltiples aplicaciones"}],"pricing_button_text":"A\u00f1adir al sitio web","pricing_button_url":"#demo"}],"related_apps_title":"","related_apps_hidden":"","author":"","image":[],"title":"","job":"","social_networks":[]},"_links":{"self":[{"href":"https:\/\/elfsight.com\/es\/wp-json\/wp\/v2\/pages\/7803","targetHints":{"allow":["GET"]}}],"collection":[{"href":"https:\/\/elfsight.com\/es\/wp-json\/wp\/v2\/pages"}],"about":[{"href":"https:\/\/elfsight.com\/es\/wp-json\/wp\/v2\/types\/page"}],"author":[{"embeddable":true,"href":"https:\/\/elfsight.com\/es\/wp-json\/wp\/v2\/users\/9"}],"replies":[{"embeddable":true,"href":"https:\/\/elfsight.com\/es\/wp-json\/wp\/v2\/comments?post=7803"}],"version-history":[{"count":2,"href":"https:\/\/elfsight.com\/es\/wp-json\/wp\/v2\/pages\/7803\/revisions"}],"predecessor-version":[{"id":18781,"href":"https:\/\/elfsight.com\/es\/wp-json\/wp\/v2\/pages\/7803\/revisions\/18781"}],"up":[{"embeddable":true,"href":"https:\/\/elfsight.com\/es\/wp-json\/wp\/v2\/pages\/995"}],"wp:attachment":[{"href":"https:\/\/elfsight.com\/es\/wp-json\/wp\/v2\/media?parent=7803"}],"curies":[{"name":"wp","href":"https:\/\/api.w.org\/{rel}","templated":true}]}}