{"id":7802,"date":"1970-01-01T00:00:00","date_gmt":"1970-01-01T00:00:00","guid":{"rendered":"https:\/\/elfsight.com\/es\/?page_id=7802"},"modified":"2025-02-06T15:46:31","modified_gmt":"2025-02-06T15:46:31","slug":"godaddy","status":"publish","type":"page","link":"https:\/\/elfsight.com\/es\/social-media-icons-widget\/godaddy\/","title":{"rendered":"Social Media Icons &#8211; GoDaddy"},"content":{"rendered":"<div class=\"application-platform-content-item-description application-platform-content-item\" id=\"description\" data-nav-section=\"description\"> <h2>Incorpore \u00edconos de redes sociales en GoDaddy con el widget de Elfsight<\/h2> <p>Elfsight Social Media Icons es un complemento sencillo para GoDaddy que le permite colocar en un sitio web \u00edconos de redes sociales, donde su negocio es m\u00e1s activo. Instale este complemento con \u00edconos ilimitados y su audiencia tendr\u00e1 una nueva forma de mantenerse en contacto y convertirse en sus seguidores. El complemento Elfsight Social Media Icons ofrece una amplia personalizaci\u00f3n que lo ayudar\u00e1 a crear un complemento perfecto adecuado para su caso de uso.<\/p> <p><b>\u00a1Mayor comunicaci\u00f3n con el cliente debido a que se muestran formas m\u00e1s r\u00e1pidas de contactar!<\/b><\/p> <\/div> <div class=\"application-platform-content-item-features application-platform-content-item\" id=\"features\" data-nav-section=\"features\"> <h2>El complemento incluye funciones pr\u00e1cticas y sencillas, estas son algunas de ellas: <\/h2> <ul><li>3 esquemas de color para \u00edconos, fondo y efecto de desplazamiento<\/li><li>Opacidad ajustable de los \u00edconos<\/li><li>Actualizaciones peri\u00f3dicas en vivo disponibles<\/li><li>Pr\u00e1ctico editor sin necesidad de codificaci\u00f3n<\/li><li>Soporte premium por parte de un equipo profesional<\/li><\/ul><p><a href=\"#demo\">Pruebe todas las configuraciones en una demostraci\u00f3n con todas las funciones<\/a><\/p> <\/div> <div class=\"application-platform-content-item-installation application-platform-content-item\" id=\"installation\" data-nav-section=\"installation\"> <h2>\u00bfC\u00f3mo agrego \u00edconos de redes sociales a mi sitio GoDaddy? <\/h2> <p>Simplemente siga las instrucciones a continuaci\u00f3n para integrar el complemento. <\/p> <ol><li><b>Emplee nuestro editor gratuito y comience a crear su complemento personalizado. <\/b><br> Especifique la interfaz y las opciones adecuadas del complemento y aplique las modificaciones. <\/li> <li><b>Copia tu c\u00f3digo individual que se muestra en el cuadro de Elfsight Apps. <\/b><br> Una vez establecido el complemento, copie el c\u00f3digo individual del cuadro que aparece y gu\u00e1rdelo para usarlo m\u00e1s adelante. <\/li> <li><b>Inicie el uso del complemento en el sitio web de GoDaddy. <\/b><br>Integre el c\u00f3digo copiado recientemente en su sitio web y guarde las correcciones. <\/li> <li><b>\u00a1Listo! La integraci\u00f3n ha terminado por completo. <\/b><br>Visite su sitio web para inspeccionar el funcionamiento del complemento. <\/li><\/ol> <div class=\"tip-yellow tip\"><b>Debido a las peculiaridades de mostrar inserciones personalizadas con c\u00f3digo, las plantillas flotantes pueden tener un aspecto diferente al de la demostraci\u00f3n en l\u00ednea. T\u00f3mese su tiempo para probar sus widgets.<\/b><\/div><p>Si tiene preguntas o encuentra alg\u00fan problema, p\u00f3ngase en contacto con nuestro equipo de atenci\u00f3n al cliente. Nuestros especialistas esperan resolver todas las dificultades que pueda tener con el complemento. <\/p> <\/div><div class=\"faq\" data-component=\"FAQ\"><div class=\"faq-item\">\r\n\t\t\t\t\t<div class=\"faq-item-question\">\r\n\t\t\t\t\t\t<h3 class=\"faq-item-question-text\">\u00bfDe qu\u00e9 manera puedo agregar \u00edconos de redes sociales a mi p\u00e1gina web de GoDaddy sin codificar?<\/h3>\r\n\r\n\t\t\t\t\t\t<div class=\"faq-item-question-icon\"><\/div>\r\n\t\t\t\t\t<\/div>\r\n\r\n\t\t\t\t\t<div class=\"faq-item-answer\">\r\n\t\t\t\t\t\t<div class=\"faq-item-answer-text\"><p>La compa\u00f1\u00eda Elfsight proporciona una soluci\u00f3n en la nube que permite a los usuarios establecer un complemento de \u00edconos de redes sociales usted mismo; mire la gu\u00eda sencilla: <\/p><ul><li>Trabaje directamente en el editor en l\u00ednea para establecer un complemento de \u00edconos de redes sociales que desee para agregar en el sitio de GoDaddy.<\/li><li>Haga clic en una de las plantillas predise\u00f1adas y modifique la configuraci\u00f3n de los \u00edconos de redes sociales, actualice su contenido, cambie el dise\u00f1o y la combinaci\u00f3n de colores sin conocimientos de codificaci\u00f3n.<\/li><li>Haga clic para guardar los \u00edconos de redes sociales y copie su c\u00f3digo de instalaci\u00f3n, que se puede pegar f\u00e1cilmente en el sitio web de GoDaddy de forma gratuita.<\/li><\/ul><p>Utilizando nuestro editor f\u00e1cil de usar, cualquier usuario web puede establecer \u00edconos de redes sociales y pegarlos f\u00e1cilmente en GoDaddy. p\u00e1gina de inicio. No debe pagar ni enviar las credenciales de su tarjeta para ingresar al servicio de Elfsight. Si tiene alg\u00fan problema en cualquier paso, no dude en hablar con nuestro servicio t\u00e9cnico de atenci\u00f3n al cliente.<\/p><\/div>\r\n\t\t\t\t\t<\/div>\r\n\t\t\t\t<\/div><\/div>","protected":false},"excerpt":{"rendered":"","protected":false},"author":9,"featured_media":0,"parent":995,"menu_order":0,"comment_status":"closed","ping_status":"closed","template":"templates\/template-application-platform.php","meta":{"publish_to_discourse":"","publish_post_category":"","wpdc_auto_publish_overridden":"","wpdc_topic_tags":"","wpdc_pin_topic":"","wpdc_pin_until":"","discourse_post_id":"","discourse_permalink":"","wpdc_publishing_response":"","wpdc_publishing_error":"","footnotes":""},"class_list":["post-7802","page","type-page","status-publish","hentry"],"yoast_head":"<!-- This site is optimized with the Yoast SEO plugin v25.3.1 - https:\/\/yoast.com\/wordpress\/plugins\/seo\/ -->\n<title>\u00cdconos de redes sociales: agregue un complemento de \u00edconos sociales al sitio web de GoDaddy.<\/title>\n<meta name=\"description\" content=\"Mejore la funcionalidad de su sitio web GoDaddy con un complemento responsivo de \u00edconos de redes sociales de Elfsight. \u00a1Impulsa tu negocio en 1-2-3!\" \/>\n<meta name=\"robots\" content=\"index, follow, max-snippet:-1, max-image-preview:large, max-video-preview:-1\" \/>\n<link rel=\"canonical\" href=\"https:\/\/elfsight.com\/es\/social-media-icons-widget\/godaddy\/\" \/>\n<meta property=\"og:locale\" content=\"es_ES\" \/>\n<meta property=\"og:type\" content=\"article\" \/>\n<meta property=\"og:title\" content=\"\u00cdconos de redes sociales: agregue un complemento de \u00edconos sociales al sitio web de GoDaddy.\" \/>\n<meta property=\"og:description\" content=\"Mejore la funcionalidad de su sitio web GoDaddy con un complemento responsivo de \u00edconos de redes sociales de Elfsight. \u00a1Impulsa tu negocio en 1-2-3!\" \/>\n<meta property=\"og:url\" content=\"https:\/\/elfsight.com\/es\/social-media-icons-widget\/godaddy\/\" \/>\n<meta property=\"og:site_name\" content=\"Elfsight ES\" \/>\n<meta property=\"article:modified_time\" content=\"2025-02-06T15:46:31+00:00\" \/>\n<meta name=\"twitter:card\" content=\"summary_large_image\" \/>\n<meta name=\"twitter:label1\" content=\"Tiempo de lectura\" \/>\n\t<meta name=\"twitter:data1\" content=\"3 minutos\" \/>\n<!-- \/ Yoast SEO plugin. -->","yoast_head_json":{"title":"\u00cdconos de redes sociales: agregue un complemento de \u00edconos sociales al sitio web de GoDaddy.","description":"Mejore la funcionalidad de su sitio web GoDaddy con un complemento responsivo de \u00edconos de redes sociales de Elfsight. \u00a1Impulsa tu negocio en 1-2-3!","robots":{"index":"index","follow":"follow","max-snippet":"max-snippet:-1","max-image-preview":"max-image-preview:large","max-video-preview":"max-video-preview:-1"},"canonical":"https:\/\/elfsight.com\/es\/social-media-icons-widget\/godaddy\/","og_locale":"es_ES","og_type":"article","og_title":"\u00cdconos de redes sociales: agregue un complemento de \u00edconos sociales al sitio web de GoDaddy.","og_description":"Mejore la funcionalidad de su sitio web GoDaddy con un complemento responsivo de \u00edconos de redes sociales de Elfsight. \u00a1Impulsa tu negocio en 1-2-3!","og_url":"https:\/\/elfsight.com\/es\/social-media-icons-widget\/godaddy\/","og_site_name":"Elfsight ES","article_modified_time":"2025-02-06T15:46:31+00:00","twitter_card":"summary_large_image","twitter_misc":{"Tiempo de lectura":"3 minutos"},"schema":{"@context":"https:\/\/schema.org","@graph":[{"@type":"WebPage","@id":"https:\/\/elfsight.com\/es\/social-media-icons-widget\/godaddy\/","url":"https:\/\/elfsight.com\/es\/social-media-icons-widget\/godaddy\/","name":"\u00cdconos de redes sociales: agregue un complemento de \u00edconos sociales al sitio web de GoDaddy.","isPartOf":{"@id":"https:\/\/elfsight.com\/es\/#website"},"datePublished":"1970-01-01T00:00:00+00:00","dateModified":"2025-02-06T15:46:31+00:00","description":"Mejore la funcionalidad de su sitio web GoDaddy con un complemento responsivo de \u00edconos de redes sociales de Elfsight. \u00a1Impulsa tu negocio en 1-2-3!","breadcrumb":{"@id":"https:\/\/elfsight.com\/es\/social-media-icons-widget\/godaddy\/#breadcrumb"},"inLanguage":"es","potentialAction":[{"@type":"ReadAction","target":["https:\/\/elfsight.com\/es\/social-media-icons-widget\/godaddy\/"]}]},{"@type":"BreadcrumbList","@id":"https:\/\/elfsight.com\/es\/social-media-icons-widget\/godaddy\/#breadcrumb","itemListElement":[{"@type":"ListItem","position":1,"name":"Home","item":"https:\/\/elfsight.com\/es\/"},{"@type":"ListItem","position":2,"name":"Social Media Icons","item":"https:\/\/elfsight.com\/es\/social-media-icons-widget\/"},{"@type":"ListItem","position":3,"name":"Social Media Icons &#8211; GoDaddy"}]},{"@type":"WebSite","@id":"https:\/\/elfsight.com\/es\/#website","url":"https:\/\/elfsight.com\/es\/","name":"Elfsight ES","description":"Just another Elfsight Sites site","potentialAction":[{"@type":"SearchAction","target":{"@type":"EntryPoint","urlTemplate":"https:\/\/elfsight.com\/es\/?s={search_term_string}"},"query-input":{"@type":"PropertyValueSpecification","valueRequired":true,"valueName":"search_term_string"}}],"inLanguage":"es"}]}},"meta_box":{"industry":"","seo_heading":"","heading":"","description":"","cta_heading":"","cta_description":"","application":"994","h1":"Complemento de iconos de redes sociales de GoDaddy","h1_caption":"Aumentar el n\u00famero de seguidores al demostrar su participaci\u00f3n activa en las redes sociales.","application_category":[],"applications_title":"","applications_request_title":"","applications_request_button_text":"","hero_text":"","hero_video":"","hero_video_schema_markup":"","selling_points_title":"","selling_points_caption":"","selling_points":[],"selling_points_cta_text":"","features_title":"","features":"","ed_cta_examples_text":"","ed_cta_examples_hidden":"","ed_cta_demo_text":"","ed_cta_demo_hidden":"","why_caption":"","why_editor_title":"","why_editor_text":"","why_team_title":"","why_team_text":"","why_service_title":"","why_service_text":"","template_catalog_visible":"","template_catalog_title":"","template_catalog_text":"","template_catalog_categories_visible":"","demo_title":"Crea tu complemento de iconos de redes sociales","demo_caption":"\u00a1Configura tus \u00edconos de redes sociales y agr\u00e9galos a tu sitio web de GoDaddy gratis!","default_faq_hidden":"","app_template_category":[],"platform":"2183","template_public_id":"","codecanyon_url":"","codecanyon_item_id":"","codecanyon_price":"","pricing_caption":"","pricing_elfsight_apps_hide_column":"","pricing_elfsight_apps_url":"","pricing_codecanyon_price_caption":"","integration_category":[],"integration_request_title":"","integration_request_cta":"","integration_platform":"","integrations":[],"platform_category":[],"video_schema_markup":"","price":"desde $0 \/ mes","trial":"","benefits":[{"text":"Servicio de instalaci\u00f3n gratuito"},{"text":"Servicio al cliente eficaz"},{"text":"Garant\u00eda de devoluci\u00f3n de dinero de 14 d\u00edas"},{"text":"Actualizando constantemente"}],"button_url":"#demo","button_target_blank":"","button_nofollow":"","attributes":[{"name":"Instalaciones","content":"10,000 - 100,000"},{"name":"Sensible","content":"S\u00ed"},{"name":"Navegadores compatibles","content":"IE11, Firefox, Safari, Opera, Chrome, Edge"}],"tags":[],"tags_disable_links":"","hide_more_platforms":"","video_object":"","demo_hide_cta":"","demo_hide_cloud_options":"","pricing_title":"","pricing":[{"pricing_icon":"platform","pricing_title":"Elfsight Apps","pricing_title_caption":"Software independiente de la plataforma","pricing_price":"desde $0 \/ mes","pricing_price_caption":"comienza con el plan gratuito","pricing_benefits":[{"text":"Sitios web ilimitados"},{"text":"Soporte profesional, puntual y bien documentado."},{"text":"Asistencia de instalaci\u00f3n gratuita"},{"text":"Totalmente personalizable"}],"pricing_button_text":"A\u00f1adir al sitio web","pricing_button_url":"#demo"}],"related_apps_title":"","related_apps_hidden":"","author":"","image":[],"title":"","job":"","social_networks":[]},"_links":{"self":[{"href":"https:\/\/elfsight.com\/es\/wp-json\/wp\/v2\/pages\/7802","targetHints":{"allow":["GET"]}}],"collection":[{"href":"https:\/\/elfsight.com\/es\/wp-json\/wp\/v2\/pages"}],"about":[{"href":"https:\/\/elfsight.com\/es\/wp-json\/wp\/v2\/types\/page"}],"author":[{"embeddable":true,"href":"https:\/\/elfsight.com\/es\/wp-json\/wp\/v2\/users\/9"}],"replies":[{"embeddable":true,"href":"https:\/\/elfsight.com\/es\/wp-json\/wp\/v2\/comments?post=7802"}],"version-history":[{"count":2,"href":"https:\/\/elfsight.com\/es\/wp-json\/wp\/v2\/pages\/7802\/revisions"}],"predecessor-version":[{"id":18782,"href":"https:\/\/elfsight.com\/es\/wp-json\/wp\/v2\/pages\/7802\/revisions\/18782"}],"up":[{"embeddable":true,"href":"https:\/\/elfsight.com\/es\/wp-json\/wp\/v2\/pages\/995"}],"wp:attachment":[{"href":"https:\/\/elfsight.com\/es\/wp-json\/wp\/v2\/media?parent=7802"}],"curies":[{"name":"wp","href":"https:\/\/api.w.org\/{rel}","templated":true}]}}