{"id":7797,"date":"1970-01-01T00:00:00","date_gmt":"1970-01-01T00:00:00","guid":{"rendered":"https:\/\/elfsight.com\/es\/?page_id=7797"},"modified":"2025-02-06T15:46:31","modified_gmt":"2025-02-06T15:46:31","slug":"facebook","status":"publish","type":"page","link":"https:\/\/elfsight.com\/es\/social-media-icons-widget\/facebook\/","title":{"rendered":"Social Media Icons &#8211; Facebook Page"},"content":{"rendered":"<div class=\"application-platform-content-item-description application-platform-content-item\" id=\"description\" data-nav-section=\"description\"><h2>Descripci\u00f3n<\/h2><p>\u00cdconos sociales de Elfsight f\u00e1ciles y eficientes para unir su p\u00e1gina comercial con todas las redes sociales. Mantente conectado con tus clientes, transform\u00e1ndolos en tus suscriptores. Un dise\u00f1o adaptable, configuraciones detalladas de combinaci\u00f3n de colores y estilo con \u00edconos integrados de todas las redes sociales clave.<\/p><p><b>Aumenta la popularidad de tu marca en los servicios sociales.<\/b><\/p><\/div><div class=\"application-platform-content-item-features application-platform-content-item\" id=\"features\" data-nav-section=\"features\"><h2>Caracter\u00edsticas<\/h2><p>Comprueba las caracter\u00edsticas m\u00e1s importantes que hacen de nuestros \u00edconos el mejor widget social para la p\u00e1gina comercial de Facebook.<\/p><ul><li>50+ plataformas sociales predefinidas;<\/li><li>5 opciones de tama\u00f1o de \u00edconos;<\/li><li>2 dise\u00f1os: en l\u00ednea y flotante;<\/li><li>Agregar, eliminar, duplicar y reordenar \u00edconos;<\/li><li>3 alinear variantes de los \u00edconos.<\/li><\/ul><p><a href=\"#demo\">Consulte las caracter\u00edsticas m\u00e1s importantes en el configurador de Elfsight<\/a><\/p><\/div> <div class=\"application-platform-content-item-installation application-platform-content-item\" id=\"installation\" data-nav-section=\"installation\"><h2>C\u00f3mo agregar enlaces de redes sociales a la p\u00e1gina de Facebook<\/h2><p>Una instrucci\u00f3n clara para crear \u00edconos en una p\u00e1gina sin conocimientos de programaci\u00f3n. El tiempo medio de instalaci\u00f3n es de aproximadamente 1 minuto.<\/p><ul><li><b>Dise\u00f1e sus iconos sociales personalizados<\/b><br>Mediante nuestro configurador gratuito, configure un complemento con una interfaz preferible y caracter\u00edsticas funcionales. <\/li><li><b>Adquiera el c\u00f3digo individual para publicar el complemento<\/b><br>Despu\u00e9s de haber generado su widget, recibir\u00e1 el c\u00f3digo de instalaci\u00f3n en la ventana emergente de Elfsight Apps. C\u00f3pialo para usarlo m\u00e1s adelante. <\/li><li><b>Agrega el widget a la p\u00e1gina de Facebook<\/b><br> Crea tu pesta\u00f1a personalizada de Facebook. Inserte el c\u00f3digo que recibi\u00f3 en las aplicaciones de elfsight en la pesta\u00f1a. Si tiene alg\u00fan problema, consulte nuestra gu\u00eda sobre <a href=\"https:\/\/elfsight.com\/blog\/how-to-add-custom-tab-to-facebook-page\/\" target=\"_blank\" rel=\"noopener noreferrer\">creaci\u00f3n de una pesta\u00f1a personalizada de Facebook<\/a><\/li><li><b>La configuraci\u00f3n est\u00e1 completa<\/b><br>Ingrese a la p\u00e1gina para ver su widget.<\/li><\/ul><p>No puedo crear ni agregar los \u00edconos en tu pagina? Lea nuestro tutorial detallado \u00abC\u00f3mo agregar \u00edconos en Facebook\u00bb o dir\u00edjase a nuestro centro de ayuda.<\/p><\/div>","protected":false},"excerpt":{"rendered":"","protected":false},"author":9,"featured_media":0,"parent":995,"menu_order":0,"comment_status":"closed","ping_status":"closed","template":"templates\/template-application-platform.php","meta":{"publish_to_discourse":"","publish_post_category":"","wpdc_auto_publish_overridden":"","wpdc_topic_tags":"","wpdc_pin_topic":"","wpdc_pin_until":"","discourse_post_id":"","discourse_permalink":"","wpdc_publishing_response":"","wpdc_publishing_error":"","footnotes":""},"class_list":["post-7797","page","type-page","status-publish","hentry"],"yoast_head":"<!-- This site is optimized with the Yoast SEO plugin v25.3.1 - https:\/\/yoast.com\/wordpress\/plugins\/seo\/ -->\n<title>Agregar pesta\u00f1a de enlaces de redes sociales a la p\u00e1gina de Facebook (2026)<\/title>\n<meta name=\"description\" content=\"Con Elfsight, cree su pesta\u00f1a Enlaces de redes sociales y agr\u00e9guela r\u00e1pidamente a la p\u00e1gina de Facebook. Disponemos de atenci\u00f3n al cliente gratuita y otros bonos.\" \/>\n<meta name=\"robots\" content=\"index, follow, max-snippet:-1, max-image-preview:large, max-video-preview:-1\" \/>\n<link rel=\"canonical\" href=\"https:\/\/elfsight.com\/es\/social-media-icons-widget\/facebook\/\" \/>\n<meta property=\"og:locale\" content=\"es_ES\" \/>\n<meta property=\"og:type\" content=\"article\" \/>\n<meta property=\"og:title\" content=\"Agregar pesta\u00f1a de enlaces de redes sociales a la p\u00e1gina de Facebook (2026)\" \/>\n<meta property=\"og:description\" content=\"Con Elfsight, cree su pesta\u00f1a Enlaces de redes sociales y agr\u00e9guela r\u00e1pidamente a la p\u00e1gina de Facebook. Disponemos de atenci\u00f3n al cliente gratuita y otros bonos.\" \/>\n<meta property=\"og:url\" content=\"https:\/\/elfsight.com\/es\/social-media-icons-widget\/facebook\/\" \/>\n<meta property=\"og:site_name\" content=\"Elfsight ES\" \/>\n<meta property=\"article:modified_time\" content=\"2025-02-06T15:46:31+00:00\" \/>\n<meta name=\"twitter:card\" content=\"summary_large_image\" \/>\n<meta name=\"twitter:label1\" content=\"Tiempo de lectura\" \/>\n\t<meta name=\"twitter:data1\" content=\"2 minutos\" \/>\n<!-- \/ Yoast SEO plugin. -->","yoast_head_json":{"title":"Agregar pesta\u00f1a de enlaces de redes sociales a la p\u00e1gina de Facebook (2026)","description":"Con Elfsight, cree su pesta\u00f1a Enlaces de redes sociales y agr\u00e9guela r\u00e1pidamente a la p\u00e1gina de Facebook. Disponemos de atenci\u00f3n al cliente gratuita y otros bonos.","robots":{"index":"index","follow":"follow","max-snippet":"max-snippet:-1","max-image-preview":"max-image-preview:large","max-video-preview":"max-video-preview:-1"},"canonical":"https:\/\/elfsight.com\/es\/social-media-icons-widget\/facebook\/","og_locale":"es_ES","og_type":"article","og_title":"Agregar pesta\u00f1a de enlaces de redes sociales a la p\u00e1gina de Facebook (2026)","og_description":"Con Elfsight, cree su pesta\u00f1a Enlaces de redes sociales y agr\u00e9guela r\u00e1pidamente a la p\u00e1gina de Facebook. Disponemos de atenci\u00f3n al cliente gratuita y otros bonos.","og_url":"https:\/\/elfsight.com\/es\/social-media-icons-widget\/facebook\/","og_site_name":"Elfsight ES","article_modified_time":"2025-02-06T15:46:31+00:00","twitter_card":"summary_large_image","twitter_misc":{"Tiempo de lectura":"2 minutos"},"schema":{"@context":"https:\/\/schema.org","@graph":[{"@type":"WebPage","@id":"https:\/\/elfsight.com\/es\/social-media-icons-widget\/facebook\/","url":"https:\/\/elfsight.com\/es\/social-media-icons-widget\/facebook\/","name":"Agregar pesta\u00f1a de enlaces de redes sociales a la p\u00e1gina de Facebook (2026)","isPartOf":{"@id":"https:\/\/elfsight.com\/es\/#website"},"datePublished":"1970-01-01T00:00:00+00:00","dateModified":"2025-02-06T15:46:31+00:00","description":"Con Elfsight, cree su pesta\u00f1a Enlaces de redes sociales y agr\u00e9guela r\u00e1pidamente a la p\u00e1gina de Facebook. Disponemos de atenci\u00f3n al cliente gratuita y otros bonos.","breadcrumb":{"@id":"https:\/\/elfsight.com\/es\/social-media-icons-widget\/facebook\/#breadcrumb"},"inLanguage":"es","potentialAction":[{"@type":"ReadAction","target":["https:\/\/elfsight.com\/es\/social-media-icons-widget\/facebook\/"]}]},{"@type":"BreadcrumbList","@id":"https:\/\/elfsight.com\/es\/social-media-icons-widget\/facebook\/#breadcrumb","itemListElement":[{"@type":"ListItem","position":1,"name":"Home","item":"https:\/\/elfsight.com\/es\/"},{"@type":"ListItem","position":2,"name":"Social Media Icons","item":"https:\/\/elfsight.com\/es\/social-media-icons-widget\/"},{"@type":"ListItem","position":3,"name":"Social Media Icons &#8211; Facebook Page"}]},{"@type":"WebSite","@id":"https:\/\/elfsight.com\/es\/#website","url":"https:\/\/elfsight.com\/es\/","name":"Elfsight ES","description":"Just another Elfsight Sites site","potentialAction":[{"@type":"SearchAction","target":{"@type":"EntryPoint","urlTemplate":"https:\/\/elfsight.com\/es\/?s={search_term_string}"},"query-input":{"@type":"PropertyValueSpecification","valueRequired":true,"valueName":"search_term_string"}}],"inLanguage":"es"}]}},"meta_box":{"industry":"","seo_heading":"","heading":"","description":"","cta_heading":"","cta_description":"","application":"994","h1":"C\u00f3mo agregar enlaces de redes sociales a la p\u00e1gina de Facebook","h1_caption":"Un instrumento r\u00e1pido para que los usuarios encuentren y aborden su negocio sin ning\u00fan esfuerzo","application_category":[],"applications_title":"","applications_request_title":"","applications_request_button_text":"","hero_text":"","hero_video":"","hero_video_schema_markup":"","selling_points_title":"","selling_points_caption":"","selling_points":[],"selling_points_cta_text":"","features_title":"","features":"","ed_cta_examples_text":"","ed_cta_examples_hidden":"","ed_cta_demo_text":"","ed_cta_demo_hidden":"","why_caption":"","why_editor_title":"","why_editor_text":"","why_team_title":"","why_team_text":"","why_service_title":"","why_service_text":"","template_catalog_visible":"","template_catalog_title":"","template_catalog_text":"","template_catalog_categories_visible":"","demo_title":"Crea tu widget de iconos de redes sociales","demo_caption":"\u00a1Configure sus \u00edconos de redes sociales y agr\u00e9guelos al sitio web de su p\u00e1gina de Facebook de forma gratuita!","default_faq_hidden":"","app_template_category":[],"platform":"64","template_public_id":"","codecanyon_url":"","codecanyon_item_id":"","codecanyon_price":"","pricing_caption":"","pricing_elfsight_apps_hide_column":"","pricing_elfsight_apps_url":"","pricing_codecanyon_price_caption":"","integration_category":[],"integration_request_title":"","integration_request_cta":"","integration_platform":"","integrations":[],"platform_category":[],"video_schema_markup":"","price":"desde $0 \/ mes","trial":"","benefits":[{"text":"Ayuda de instalaci\u00f3n gratuita"},{"text":"Servicio al cliente profesional"},{"text":"Garant\u00eda de devoluci\u00f3n de dinero de 14 d\u00edas"},{"text":"Futuras mejoras gratuitas"}],"button_url":"#demo","button_target_blank":"","button_nofollow":"","attributes":[{"name":"Instalaciones","content":"10,000 - 100,000"},{"name":"Sensible","content":"S\u00ed"},{"name":"Navegadores compatibles","content":"Opera, Edge, Chrome, Safari, Firefox"}],"tags":[],"tags_disable_links":"","hide_more_platforms":"","video_object":"","demo_hide_cta":"","demo_hide_cloud_options":"","pricing_title":"","pricing":[{"pricing_icon":"platform","pricing_title":"Elfsight Apps","pricing_title_caption":"Versi\u00f3n multiplataforma que se adapta a cualquier sitio web","pricing_price":"desde $0 \/ mes","pricing_price_caption":"comienza con el plan gratuito","pricing_benefits":[{"text":"Sitios web ilimitados"},{"text":"Soporte dedicado y puntual"},{"text":"Soporte de instalaci\u00f3n gratuito"},{"text":"Oferta especial para m\u00faltiples aplicaciones"}],"pricing_button_text":"A\u00f1adir al sitio web","pricing_button_url":"#demo"}],"related_apps_title":"","related_apps_hidden":"","author":"","image":[],"title":"","job":"","social_networks":[]},"_links":{"self":[{"href":"https:\/\/elfsight.com\/es\/wp-json\/wp\/v2\/pages\/7797","targetHints":{"allow":["GET"]}}],"collection":[{"href":"https:\/\/elfsight.com\/es\/wp-json\/wp\/v2\/pages"}],"about":[{"href":"https:\/\/elfsight.com\/es\/wp-json\/wp\/v2\/types\/page"}],"author":[{"embeddable":true,"href":"https:\/\/elfsight.com\/es\/wp-json\/wp\/v2\/users\/9"}],"replies":[{"embeddable":true,"href":"https:\/\/elfsight.com\/es\/wp-json\/wp\/v2\/comments?post=7797"}],"version-history":[{"count":2,"href":"https:\/\/elfsight.com\/es\/wp-json\/wp\/v2\/pages\/7797\/revisions"}],"predecessor-version":[{"id":18783,"href":"https:\/\/elfsight.com\/es\/wp-json\/wp\/v2\/pages\/7797\/revisions\/18783"}],"up":[{"embeddable":true,"href":"https:\/\/elfsight.com\/es\/wp-json\/wp\/v2\/pages\/995"}],"wp:attachment":[{"href":"https:\/\/elfsight.com\/es\/wp-json\/wp\/v2\/media?parent=7797"}],"curies":[{"name":"wp","href":"https:\/\/api.w.org\/{rel}","templated":true}]}}