{"id":7795,"date":"1970-01-01T00:00:00","date_gmt":"1970-01-01T00:00:00","guid":{"rendered":"https:\/\/elfsight.com\/es\/?page_id=7795"},"modified":"2025-02-06T15:46:31","modified_gmt":"2025-02-06T15:46:31","slug":"drupal","status":"publish","type":"page","link":"https:\/\/elfsight.com\/es\/social-media-icons-widget\/drupal\/","title":{"rendered":"Social Media Icons &#8211; Drupal"},"content":{"rendered":"<div class=\"application-platform-content-item-description application-platform-content-item\" id=\"description\" data-nav-section=\"description\"><h2>Descripci\u00f3n<\/h2><p>Iconos sociales pr\u00e1cticos y efectivos de Elfsight para unir su sitio con diferentes redes sociales. Desarrolla contactos con tus clientes, convirti\u00e9ndolos en tus fans. Una plantilla responsiva, amplias opciones de personalizaci\u00f3n de interfaz y estilo con \u00edconos listos para usar de todas las principales redes sociales.<\/p><p><b>Mejore la popularidad de su marca en las redes sociales<\/b><\/p><ul><li><b>Consiga nuevos suscriptores<\/b>.<br>Proporcione un enlace a las cuentas sociales requeridas y aumente las posibilidades de que los visitantes de su sitio se conviertan en sus suscriptores.<\/li><li><b>Nuevos lectores en las redes sociales<\/b>.<br>Aumente la cobertura de sus p\u00e1ginas de medios involucrar constantemente a los lectores del sitio y transformarlos en suscriptores.<\/li><li><b>Mant\u00e9ngase conectado con los clientes 24 horas al d\u00eda, 7 d\u00edas a la semana<\/b>.<br>Brinda a los lectores la oportunidad de elegir una de las herramientas adicionales m\u00e1s convenientes de comunicaci\u00f3n y asistencia a trav\u00e9s de las redes sociales.<\/li><li><b>Participaci\u00f3n productiva de los clientes<\/b>.<br>Muestre su estado activo en las redes sociales y encuentre atenci\u00f3n adicional para su negocio entre los visitantes del sitio. sitio web.<\/li><\/ul><\/div><div class=\"application-platform-content-item-features application-platform-content-item\" id=\"features\" data-nav-section=\"features\"><h2>Caracter\u00edsticas<\/h2><p>Los puntos clave que convierten los \u00edconos de Elfsight en el mejor m\u00f3dulo social de Drupal.<\/p><ul><li>Una biblioteca de \u00edconos de los medios m\u00e1s populares;<\/li><li>Duplicar y eliminar \u00edconos;<\/li><li>3 variantes de alineaci\u00f3n de los \u00edconos: izquierda, derecha, centro;<\/li><li>Colores negro, nativo y blanco de los \u00edconos al pasar el mouse;<\/li><li>Opacidad ajustable en porcentajes de los \u00edconos y al pasar el mouse.<\/li><\/ul><p><a href=\"#demo\">Estudie las funciones m\u00e1s destacadas en el configurador de Elfsight<\/a><\/p><\/div><div class=\"application-platform-content-item-installation application-platform-content-item\" id=\"installation\" data-nav-section=\"installation\"><h2>C\u00f3mo agregar redes sociales M\u00f3dulo de iconos para Drupal<\/h2><div class=\"video-container\"> <iframe width=\"720\" height=\"405\" src=\"https:\/\/www.youtube.com\/embed\/Od2kZQ-3mPQ\" frameborder=\"0\"><\/iframe><\/div><p>Simplemente siga los siguientes pasos que se describen a continuaci\u00f3n para comenzar a usar el m\u00f3dulo de iconos de redes sociales en Drupal.<\/p> <ol><li><b>Administre nuestro configurador gratuito y comience a darle forma a su m\u00f3dulo personalizado. <\/b><br> Encuentre el dise\u00f1o y las caracter\u00edsticas preferidas del widget y guarde las correcciones. <\/li> <li><b>Reciba el c\u00f3digo personal que aparece en la ventana de Elfsight Apps. <\/b><br> Tan pronto como finalice la configuraci\u00f3n de su complemento personal, copie el c\u00f3digo personal en la ventana que aparece y gu\u00e1rdelo para su uso posterior. <\/li> <li><b>Iniciar el empleo del m\u00f3dulo en el sitio web de Drupal. <\/b><br>Implemente el c\u00f3digo que ha copiado recientemente en su sitio web y aplique los ajustes. <\/li> <li><b>\u00a1Listo! La integraci\u00f3n ha terminado por completo. <\/b><br>Vaya a su p\u00e1gina para inspeccionar el rendimiento de la herramienta. <\/li><\/ol><p>\u00bfLe resulta dif\u00edcil configurar o agregar \u00edconos en un sitio? Compru\u00e9balo en nuestro tutorial detallado \u00ab<a href=\"https:\/\/elfsight.com\/tutorials\/how-to-add-social-media-icons-to-drupal\/\" target=\"_blank\" rel=\"noopener noreferrer\">C\u00f3mo colocar iconos en Drupal<\/a>\u00bb o ponte en contacto con nuestro centro de ayuda.<\/p><\/div><div class=\"faq\" data-component=\"FAQ\"><div class=\"faq-item\">\r\n\t\t\t\t\t<div class=\"faq-item-question\">\r\n\t\t\t\t\t\t<h3 class=\"faq-item-question-text\">\u00bfDe qu\u00e9 manera puedo agregar \u00edconos de redes sociales a mi Drupal sin experiencia en codificaci\u00f3n?<\/h3>\r\n\r\n\t\t\t\t\t\t<div class=\"faq-item-question-icon\"><\/div>\r\n\t\t\t\t\t<\/div>\r\n\r\n\t\t\t\t\t<div class=\"faq-item-answer\">\r\n\t\t\t\t\t\t<div class=\"faq-item-answer-text\"><p>La compa\u00f1\u00eda Elfsight presenta una soluci\u00f3n que permite a los usuarios generar una secci\u00f3n de \u00edconos de redes sociales ellos mismos. Descubra la gu\u00eda sencilla: <\/p><ul><li>Comience a trabajar en el editor en l\u00ednea para crear un widget de \u00edconos de redes sociales que le gustar\u00eda ver en su Drupal. p\u00e1gina de inicio.<\/li><li>Seleccione una de nuestras plantillas predise\u00f1adas y cambie la configuraci\u00f3n de los \u00edconos de redes sociales, modifique el dise\u00f1o y los colores, agregue su contenido sin codificaci\u00f3n.<\/li><li>Guarde los \u00edconos de redes sociales y obtenga el c\u00f3digo para la instalaci\u00f3n, que puede simplemente incrustar en su p\u00e1gina de inicio de Drupal dentro de un plan gratuito.<\/li><\/ul><p>Con la ayuda del Configurador f\u00e1cil de usar, cualquier usuario web puede crear una aplicaci\u00f3n de \u00edconos de redes sociales e incluirla en la p\u00e1gina de inicio de Drupal. No es necesario pagar ni enviar los datos de tu tarjeta para acceder a nuestro Editor. Si tiene alg\u00fan problema en cualquier paso, contin\u00fae y p\u00f3ngase en contacto con nuestro equipo de soporte.<\/p><\/div>\r\n\t\t\t\t\t<\/div>\r\n\t\t\t\t<\/div><\/div>","protected":false},"excerpt":{"rendered":"","protected":false},"author":9,"featured_media":0,"parent":995,"menu_order":0,"comment_status":"closed","ping_status":"closed","template":"templates\/template-application-platform.php","meta":{"publish_to_discourse":"","publish_post_category":"","wpdc_auto_publish_overridden":"","wpdc_topic_tags":"","wpdc_pin_topic":"","wpdc_pin_until":"","discourse_post_id":"","discourse_permalink":"","wpdc_publishing_response":"","wpdc_publishing_error":"","footnotes":""},"class_list":["post-7795","page","type-page","status-publish","hentry"],"yoast_head":"<!-- This site is optimized with the Yoast SEO plugin v25.3.1 - https:\/\/yoast.com\/wordpress\/plugins\/seo\/ -->\n<title>Iconos de redes sociales: agregue el m\u00f3dulo de iconos sociales a Drupal<\/title>\n<meta name=\"description\" content=\"Pruebe nuestros \u00edconos de redes sociales para Drupal ahora mismo. \u00a1Crea \u00edconos dise\u00f1ados individualmente para tu sitio en solo unos minutos!\" \/>\n<meta name=\"robots\" content=\"index, follow, max-snippet:-1, max-image-preview:large, max-video-preview:-1\" \/>\n<link rel=\"canonical\" href=\"https:\/\/elfsight.com\/es\/social-media-icons-widget\/drupal\/\" \/>\n<meta property=\"og:locale\" content=\"es_ES\" \/>\n<meta property=\"og:type\" content=\"article\" \/>\n<meta property=\"og:title\" content=\"Iconos de redes sociales: agregue el m\u00f3dulo de iconos sociales a Drupal\" \/>\n<meta property=\"og:description\" content=\"Pruebe nuestros \u00edconos de redes sociales para Drupal ahora mismo. \u00a1Crea \u00edconos dise\u00f1ados individualmente para tu sitio en solo unos minutos!\" \/>\n<meta property=\"og:url\" content=\"https:\/\/elfsight.com\/es\/social-media-icons-widget\/drupal\/\" \/>\n<meta property=\"og:site_name\" content=\"Elfsight ES\" \/>\n<meta property=\"article:modified_time\" content=\"2025-02-06T15:46:31+00:00\" \/>\n<meta name=\"twitter:card\" content=\"summary_large_image\" \/>\n<meta name=\"twitter:label1\" content=\"Tiempo de lectura\" \/>\n\t<meta name=\"twitter:data1\" content=\"3 minutos\" \/>\n<!-- \/ Yoast SEO plugin. -->","yoast_head_json":{"title":"Iconos de redes sociales: agregue el m\u00f3dulo de iconos sociales a Drupal","description":"Pruebe nuestros \u00edconos de redes sociales para Drupal ahora mismo. \u00a1Crea \u00edconos dise\u00f1ados individualmente para tu sitio en solo unos minutos!","robots":{"index":"index","follow":"follow","max-snippet":"max-snippet:-1","max-image-preview":"max-image-preview:large","max-video-preview":"max-video-preview:-1"},"canonical":"https:\/\/elfsight.com\/es\/social-media-icons-widget\/drupal\/","og_locale":"es_ES","og_type":"article","og_title":"Iconos de redes sociales: agregue el m\u00f3dulo de iconos sociales a Drupal","og_description":"Pruebe nuestros \u00edconos de redes sociales para Drupal ahora mismo. \u00a1Crea \u00edconos dise\u00f1ados individualmente para tu sitio en solo unos minutos!","og_url":"https:\/\/elfsight.com\/es\/social-media-icons-widget\/drupal\/","og_site_name":"Elfsight ES","article_modified_time":"2025-02-06T15:46:31+00:00","twitter_card":"summary_large_image","twitter_misc":{"Tiempo de lectura":"3 minutos"},"schema":{"@context":"https:\/\/schema.org","@graph":[{"@type":"WebPage","@id":"https:\/\/elfsight.com\/es\/social-media-icons-widget\/drupal\/","url":"https:\/\/elfsight.com\/es\/social-media-icons-widget\/drupal\/","name":"Iconos de redes sociales: agregue el m\u00f3dulo de iconos sociales a Drupal","isPartOf":{"@id":"https:\/\/elfsight.com\/es\/#website"},"datePublished":"1970-01-01T00:00:00+00:00","dateModified":"2025-02-06T15:46:31+00:00","description":"Pruebe nuestros \u00edconos de redes sociales para Drupal ahora mismo. \u00a1Crea \u00edconos dise\u00f1ados individualmente para tu sitio en solo unos minutos!","breadcrumb":{"@id":"https:\/\/elfsight.com\/es\/social-media-icons-widget\/drupal\/#breadcrumb"},"inLanguage":"es","potentialAction":[{"@type":"ReadAction","target":["https:\/\/elfsight.com\/es\/social-media-icons-widget\/drupal\/"]}]},{"@type":"BreadcrumbList","@id":"https:\/\/elfsight.com\/es\/social-media-icons-widget\/drupal\/#breadcrumb","itemListElement":[{"@type":"ListItem","position":1,"name":"Home","item":"https:\/\/elfsight.com\/es\/"},{"@type":"ListItem","position":2,"name":"Social Media Icons","item":"https:\/\/elfsight.com\/es\/social-media-icons-widget\/"},{"@type":"ListItem","position":3,"name":"Social Media Icons &#8211; Drupal"}]},{"@type":"WebSite","@id":"https:\/\/elfsight.com\/es\/#website","url":"https:\/\/elfsight.com\/es\/","name":"Elfsight ES","description":"Just another Elfsight Sites site","potentialAction":[{"@type":"SearchAction","target":{"@type":"EntryPoint","urlTemplate":"https:\/\/elfsight.com\/es\/?s={search_term_string}"},"query-input":{"@type":"PropertyValueSpecification","valueRequired":true,"valueName":"search_term_string"}}],"inLanguage":"es"}]}},"meta_box":{"industry":"","seo_heading":"","heading":"","description":"","cta_heading":"","cta_description":"","application":"994","h1":"\u00cdconos de redes sociales para Drupal","h1_caption":"Convierta a los clientes de su sitio web en fan\u00e1ticos sociales","application_category":[],"applications_title":"","applications_request_title":"","applications_request_button_text":"","hero_text":"","hero_video":"","hero_video_schema_markup":"","selling_points_title":"","selling_points_caption":"","selling_points":[],"selling_points_cta_text":"","features_title":"","features":"","ed_cta_examples_text":"","ed_cta_examples_hidden":"","ed_cta_demo_text":"","ed_cta_demo_hidden":"","why_caption":"","why_editor_title":"","why_editor_text":"","why_team_title":"","why_team_text":"","why_service_title":"","why_service_text":"","template_catalog_visible":"","template_catalog_title":"","template_catalog_text":"","template_catalog_categories_visible":"","demo_title":"Crea tu m\u00f3dulo de iconos de redes sociales","demo_caption":"\u00a1Configura tus \u00edconos de redes sociales y agr\u00e9galos a tu sitio web Drupal gratis!","default_faq_hidden":"","app_template_category":[],"platform":"2161","template_public_id":"","codecanyon_url":"","codecanyon_item_id":"","codecanyon_price":"","pricing_caption":"","pricing_elfsight_apps_hide_column":"","pricing_elfsight_apps_url":"","pricing_codecanyon_price_caption":"","integration_category":[],"integration_request_title":"","integration_request_cta":"","integration_platform":"","integrations":[],"platform_category":[],"video_schema_markup":"","price":"desde $0 \/ mes","trial":"","benefits":[{"text":"Servicio de instalaci\u00f3n gratuito"},{"text":"Atenci\u00f3n al cliente experimentada"},{"text":"Garant\u00eda de reembolso de 14 d\u00edas"},{"text":"Futuras actualizaciones gratuitas"}],"button_url":"#demo","button_target_blank":"","button_nofollow":"","attributes":[{"name":"Instalaciones","content":"10,000 - 100,000"},{"name":"Sensible","content":"S\u00ed"},{"name":"Navegadores compatibles","content":"Firefox, Safari, Opera, Chrome, Edge"}],"tags":[],"tags_disable_links":"","hide_more_platforms":"","video_object":"","demo_hide_cta":"","demo_hide_cloud_options":"","pricing_title":"","pricing":[{"pricing_icon":"cloud","pricing_title":"Elfsight Apps","pricing_title_caption":"Versi\u00f3n multiplataforma que se adapta a cualquier sitio.","pricing_price":"desde $0 \/ mes","pricing_price_caption":"comienza con el plan gratuito","pricing_benefits":[{"text":"Dominios ilimitados"},{"text":"Atenci\u00f3n al cliente gratuita y bien documentada."},{"text":"Soporte de instalaci\u00f3n gratuito"},{"text":"Gran oferta para m\u00faltiples aplicaciones"}],"pricing_button_text":"A\u00f1adir al sitio web","pricing_button_url":"#demo"}],"related_apps_title":"","related_apps_hidden":"","author":"","image":[],"title":"","job":"","social_networks":[]},"_links":{"self":[{"href":"https:\/\/elfsight.com\/es\/wp-json\/wp\/v2\/pages\/7795","targetHints":{"allow":["GET"]}}],"collection":[{"href":"https:\/\/elfsight.com\/es\/wp-json\/wp\/v2\/pages"}],"about":[{"href":"https:\/\/elfsight.com\/es\/wp-json\/wp\/v2\/types\/page"}],"author":[{"embeddable":true,"href":"https:\/\/elfsight.com\/es\/wp-json\/wp\/v2\/users\/9"}],"replies":[{"embeddable":true,"href":"https:\/\/elfsight.com\/es\/wp-json\/wp\/v2\/comments?post=7795"}],"version-history":[{"count":2,"href":"https:\/\/elfsight.com\/es\/wp-json\/wp\/v2\/pages\/7795\/revisions"}],"predecessor-version":[{"id":18785,"href":"https:\/\/elfsight.com\/es\/wp-json\/wp\/v2\/pages\/7795\/revisions\/18785"}],"up":[{"embeddable":true,"href":"https:\/\/elfsight.com\/es\/wp-json\/wp\/v2\/pages\/995"}],"wp:attachment":[{"href":"https:\/\/elfsight.com\/es\/wp-json\/wp\/v2\/media?parent=7795"}],"curies":[{"name":"wp","href":"https:\/\/api.w.org\/{rel}","templated":true}]}}