{"id":7794,"date":"1970-01-01T00:00:00","date_gmt":"1970-01-01T00:00:00","guid":{"rendered":"https:\/\/elfsight.com\/es\/?page_id=7794"},"modified":"2025-02-06T15:46:38","modified_gmt":"2025-02-06T15:46:38","slug":"blogger","status":"publish","type":"page","link":"https:\/\/elfsight.com\/es\/social-media-icons-widget\/blogger\/","title":{"rendered":"Social Media Icons &#8211; Blogger"},"content":{"rendered":"<div class=\"application-platform-content-item-description application-platform-content-item\" id=\"description\" data-nav-section=\"description\"><h2>Descripci\u00f3n<\/h2>\u00cdconos sociales pr\u00e1cticos y ventajosos de Elfsight para conectar su sitio web con diversas redes sociales. Contin\u00faa apoyando la conexi\u00f3n con tus clientes, transform\u00e1ndolos en tus suscriptores. Un dise\u00f1o adaptable, personalizaci\u00f3n integral de la apariencia y el dise\u00f1o con \u00edconos listos para usar en todas las redes sociales m\u00e1s populares.<b>Aumente la presencia de su empresa en las redes sociales.<\/b><ul><li><b>Demuestre su posici\u00f3n en las redes sociales<\/b>. Informe a los usuarios de nuestro sitio web que la marca ocupa una posici\u00f3n s\u00f3lida en varias redes sociales y env\u00edelos a sus p\u00e1ginas sociales con solo presionar el mouse.<\/li><li><b>N\u00famero m\u00e1ximo de visitantes para sus redes sociales<\/b>. Ofrezca a los usuarios del sitio una variante desenredada para llegar a su perfil social y disfrutar del m\u00e1ximo de usuarios en las redes sociales.<\/li><li><b>Lleve la interacci\u00f3n con los clientes al siguiente nivel<\/b>.Muestre a sus clientes actuales y potenciales m\u00e1s m\u00e9todos para ayudar y mejorar la calidad del soporte.<\/li><\/ul><\/div><div class=\"application-platform-content-item-features application-platform-content-item\" id=\"features\" data-nav-section=\"features\"><h2>Caracter\u00edsticas<\/h2>Las ventajas m\u00e1s importantes para hacer de nuestros iconos el mejor Blogger social widget.<ul><li>Agregue \u00edconos ilimitados;<\/li><li>Cambiar el orden de la demostraci\u00f3n de los \u00edconos;<\/li><li>Dise\u00f1o flotante para que los \u00edconos sigan el desplazamiento;<\/li><li>Colores nativos, blanco y negro de los \u00edconos;<\/li><li>3 variantes del radio del borde: c\u00edrculo, redondeado y radio del borde cuadrado.<\/li><\/ul><a href=\"#demo\">Pruebe las caracter\u00edsticas principales de nuestro demostraci\u00f3n<\/a><\/div><div class=\"application-platform-content-item-installation application-platform-content-item\" id=\"installation\" data-nav-section=\"installation\"><h2>C\u00f3mo agregar el widget de iconos de redes sociales a Blogger<\/h2><div class=\"video-container\"><iframe width=\"720\" height=\"405\" src=\"https:\/\/www.youtube.com\/embed\/2Ca9W3tHyxA\" frameborder=\"0\"><\/iframe><\/div>Una gu\u00eda sencilla para mostrar iconos en una p\u00e1gina sin experiencia en programaci\u00f3n. La duraci\u00f3n de la integraci\u00f3n completa es inferior a 60 segundos.<ol><li><b>Construya sus iconos sociales personalizados<\/b>. Con la ayuda de nuestra demostraci\u00f3n gratuita, cree un complemento con el dise\u00f1o y las funciones necesarios.<\/li><li><b>Obtenga el c\u00f3digo para integrar el complemento<\/b>. Despu\u00e9s de configurar el widget, reciba el c\u00f3digo para el complemento de iconos de la notificaci\u00f3n que aparece en Elfsight Apps.<\/li><li><b>Muestre el complemento en el sitio web de Blogger<\/b>.Agregue el complemento en el lugar necesario del sitio web y aplique los resultados.<\/li><li><b>Realiz\u00f3 completamente la instalaci\u00f3n<\/b>. Ingrese a su sitio para verificar su complemento.<\/li><\/ol>\u00bfNo pudo colocar o configurar los \u00edconos en un sitio web? Lea nuestras instrucciones detalladas \u00ab<a href=\"https:\/\/elfsight.com\/tutorials\/how-to-add-social-media-icons-to-blogger\/\" target=\"_blank\" rel=\"noopener noreferrer\">C\u00f3mo agregar \u00edconos en Blogger<\/a>\u00bb o deje una consulta a nuestro equipo de soporte.<\/div><div class=\"faq\" data-component=\"FAQ\"><div class=\"faq-item\">\r\n\t\t\t\t\t<div class=\"faq-item-question\">\r\n\t\t\t\t\t\t<h3 class=\"faq-item-question-text\">\u00bfExiste alg\u00fan m\u00e9todo para incrustar \u00edconos de redes sociales en mi p\u00e1gina web de Blogger sin codificaci\u00f3n?<\/h3>\r\n\r\n\t\t\t\t\t\t<div class=\"faq-item-question-icon\"><\/div>\r\n\t\t\t\t\t<\/div>\r\n\r\n\t\t\t\t\t<div class=\"faq-item-answer\">\r\n\t\t\t\t\t\t<div class=\"faq-item-answer-text\"><p>La compa\u00f1\u00eda Elfsight ofrece una soluci\u00f3n en la nube que permite a las personas crear una aplicaci\u00f3n de \u00edconos de redes sociales usted mismo. Descubra la gu\u00eda sencilla: <\/p><ul><li>Vaya al editor en vivo para generar un complemento de \u00edconos de redes sociales que le gustar\u00eda ver en su p\u00e1gina web de Blogger.<\/li><li>Elija una de nuestras plantillas listas para usar y modifique las redes sociales. Configuraci\u00f3n de \u00edconos, modifique el dise\u00f1o y los colores, actualice su contenido sin conocimientos de codificaci\u00f3n.<\/li><li>Haga clic para guardar los \u00edconos de redes sociales y copie el c\u00f3digo para la instalaci\u00f3n, que puede agregar sin esfuerzo en el sitio web de Blogger de forma gratuita.<\/li><\/ul><p>Utilizando nuestro configurador intuitivo, cada usuario web puede generar una secci\u00f3n de \u00edconos de redes sociales en l\u00ednea e incrustarla en el sitio web de Blogger. No debes pagar ni revelar las credenciales de tu tarjeta para ingresar a nuestro Editor. Si encuentra alg\u00fan obst\u00e1culo en alg\u00fan paso, contin\u00fae y comun\u00edquese con nuestro equipo de soporte.<\/p><\/div>\r\n\t\t\t\t\t<\/div>\r\n\t\t\t\t<\/div><\/div>","protected":false},"excerpt":{"rendered":"","protected":false},"author":9,"featured_media":0,"parent":995,"menu_order":0,"comment_status":"closed","ping_status":"closed","template":"templates\/template-application-platform.php","meta":{"publish_to_discourse":"","publish_post_category":"","wpdc_auto_publish_overridden":"","wpdc_topic_tags":"","wpdc_pin_topic":"","wpdc_pin_until":"","discourse_post_id":"","discourse_permalink":"","wpdc_publishing_response":"","wpdc_publishing_error":"","footnotes":""},"class_list":["post-7794","page","type-page","status-publish","hentry"],"yoast_head":"<!-- This site is optimized with the Yoast SEO plugin v25.3.1 - https:\/\/yoast.com\/wordpress\/plugins\/seo\/ -->\n<title>\u00cdconos de redes sociales: agregue el widget de \u00edconos sociales a Blogger<\/title>\n<meta name=\"description\" content=\"Pruebe los iconos de redes sociales de Elfsight para Blogger de forma gratuita. \u00a1Configure \u00edconos personalizados para su sitio web solo en un par de minutos!\" \/>\n<meta name=\"robots\" content=\"index, follow, max-snippet:-1, max-image-preview:large, max-video-preview:-1\" \/>\n<link rel=\"canonical\" href=\"https:\/\/elfsight.com\/es\/social-media-icons-widget\/blogger\/\" \/>\n<meta property=\"og:locale\" content=\"es_ES\" \/>\n<meta property=\"og:type\" content=\"article\" \/>\n<meta property=\"og:title\" content=\"\u00cdconos de redes sociales: agregue el widget de \u00edconos sociales a Blogger\" \/>\n<meta property=\"og:description\" content=\"Pruebe los iconos de redes sociales de Elfsight para Blogger de forma gratuita. \u00a1Configure \u00edconos personalizados para su sitio web solo en un par de minutos!\" \/>\n<meta property=\"og:url\" content=\"https:\/\/elfsight.com\/es\/social-media-icons-widget\/blogger\/\" \/>\n<meta property=\"og:site_name\" content=\"Elfsight ES\" \/>\n<meta property=\"article:modified_time\" content=\"2025-02-06T15:46:38+00:00\" \/>\n<meta name=\"twitter:card\" content=\"summary_large_image\" \/>\n<meta name=\"twitter:label1\" content=\"Tiempo de lectura\" \/>\n\t<meta name=\"twitter:data1\" content=\"3 minutos\" \/>\n<!-- \/ Yoast SEO plugin. -->","yoast_head_json":{"title":"\u00cdconos de redes sociales: agregue el widget de \u00edconos sociales a Blogger","description":"Pruebe los iconos de redes sociales de Elfsight para Blogger de forma gratuita. \u00a1Configure \u00edconos personalizados para su sitio web solo en un par de minutos!","robots":{"index":"index","follow":"follow","max-snippet":"max-snippet:-1","max-image-preview":"max-image-preview:large","max-video-preview":"max-video-preview:-1"},"canonical":"https:\/\/elfsight.com\/es\/social-media-icons-widget\/blogger\/","og_locale":"es_ES","og_type":"article","og_title":"\u00cdconos de redes sociales: agregue el widget de \u00edconos sociales a Blogger","og_description":"Pruebe los iconos de redes sociales de Elfsight para Blogger de forma gratuita. \u00a1Configure \u00edconos personalizados para su sitio web solo en un par de minutos!","og_url":"https:\/\/elfsight.com\/es\/social-media-icons-widget\/blogger\/","og_site_name":"Elfsight ES","article_modified_time":"2025-02-06T15:46:38+00:00","twitter_card":"summary_large_image","twitter_misc":{"Tiempo de lectura":"3 minutos"},"schema":{"@context":"https:\/\/schema.org","@graph":[{"@type":"WebPage","@id":"https:\/\/elfsight.com\/es\/social-media-icons-widget\/blogger\/","url":"https:\/\/elfsight.com\/es\/social-media-icons-widget\/blogger\/","name":"\u00cdconos de redes sociales: agregue el widget de \u00edconos sociales a Blogger","isPartOf":{"@id":"https:\/\/elfsight.com\/es\/#website"},"datePublished":"1970-01-01T00:00:00+00:00","dateModified":"2025-02-06T15:46:38+00:00","description":"Pruebe los iconos de redes sociales de Elfsight para Blogger de forma gratuita. \u00a1Configure \u00edconos personalizados para su sitio web solo en un par de minutos!","breadcrumb":{"@id":"https:\/\/elfsight.com\/es\/social-media-icons-widget\/blogger\/#breadcrumb"},"inLanguage":"es","potentialAction":[{"@type":"ReadAction","target":["https:\/\/elfsight.com\/es\/social-media-icons-widget\/blogger\/"]}]},{"@type":"BreadcrumbList","@id":"https:\/\/elfsight.com\/es\/social-media-icons-widget\/blogger\/#breadcrumb","itemListElement":[{"@type":"ListItem","position":1,"name":"Home","item":"https:\/\/elfsight.com\/es\/"},{"@type":"ListItem","position":2,"name":"Social Media Icons","item":"https:\/\/elfsight.com\/es\/social-media-icons-widget\/"},{"@type":"ListItem","position":3,"name":"Social Media Icons &#8211; Blogger"}]},{"@type":"WebSite","@id":"https:\/\/elfsight.com\/es\/#website","url":"https:\/\/elfsight.com\/es\/","name":"Elfsight ES","description":"Just another Elfsight Sites site","potentialAction":[{"@type":"SearchAction","target":{"@type":"EntryPoint","urlTemplate":"https:\/\/elfsight.com\/es\/?s={search_term_string}"},"query-input":{"@type":"PropertyValueSpecification","valueRequired":true,"valueName":"search_term_string"}}],"inLanguage":"es"}]}},"meta_box":{"industry":"","seo_heading":"","heading":"","description":"","cta_heading":"","cta_description":"","application":"994","h1":"Iconos de redes sociales para Blogger","h1_caption":"Convierta a los visitantes de su sitio web en suscriptores sociales","application_category":[],"applications_title":"","applications_request_title":"","applications_request_button_text":"","hero_text":"","hero_video":"","hero_video_schema_markup":"","selling_points_title":"","selling_points_caption":"","selling_points":[],"selling_points_cta_text":"","features_title":"","features":"","ed_cta_examples_text":"","ed_cta_examples_hidden":"","ed_cta_demo_text":"","ed_cta_demo_hidden":"","why_caption":"","why_editor_title":"","why_editor_text":"","why_team_title":"","why_team_text":"","why_service_title":"","why_service_text":"","template_catalog_visible":"","template_catalog_title":"","template_catalog_text":"","template_catalog_categories_visible":"","demo_title":"Crea tu widget de iconos de redes sociales","demo_caption":"\u00a1Configura tus \u00edconos de redes sociales y agr\u00e9galos a tu sitio web de Blogger gratis!","default_faq_hidden":"","app_template_category":[],"platform":"39","template_public_id":"","codecanyon_url":"","codecanyon_item_id":"","codecanyon_price":"","pricing_caption":"","pricing_elfsight_apps_hide_column":"","pricing_elfsight_apps_url":"","pricing_codecanyon_price_caption":"","integration_category":[],"integration_request_title":"","integration_request_cta":"","integration_platform":"","integrations":[],"platform_category":[],"video_schema_markup":"","price":"desde $0 \/ mes","trial":"","benefits":[{"text":"Servicio de instalaci\u00f3n gratuito"},{"text":"Servicio al cliente profesional"},{"text":"Garant\u00eda de devoluci\u00f3n de dinero de 14 d\u00edas"},{"text":"Mejoras gratuitas continuas"}],"button_url":"#demo","button_target_blank":"","button_nofollow":"","attributes":[{"name":"Instalaciones","content":"10,000 - 100,000"},{"name":"Sensible","content":"S\u00ed"},{"name":"Navegadores compatibles","content":"Firefox, Safari, Opera, Chrome, Edge"}],"tags":[],"tags_disable_links":"","hide_more_platforms":"","video_object":"","demo_hide_cta":"","demo_hide_cloud_options":"","pricing_title":"","pricing":[{"pricing_icon":"platform","pricing_title":"Elfsight Apps","pricing_title_caption":"Versi\u00f3n multiplataforma que se adapta a cualquier sitio web.","pricing_price":"desde $0 \/ mes","pricing_price_caption":"comienza con el plan gratuito","pricing_benefits":[{"text":"Sitios web ilimitados"},{"text":"Soporte r\u00e1pido y bien documentado."},{"text":"Ayuda de instalaci\u00f3n gratuita"},{"text":"Dise\u00f1o flexible"}],"pricing_button_text":"A\u00f1adir al sitio web","pricing_button_url":"#demo"}],"related_apps_title":"","related_apps_hidden":"","author":"","image":[],"title":"","job":"","social_networks":[]},"_links":{"self":[{"href":"https:\/\/elfsight.com\/es\/wp-json\/wp\/v2\/pages\/7794","targetHints":{"allow":["GET"]}}],"collection":[{"href":"https:\/\/elfsight.com\/es\/wp-json\/wp\/v2\/pages"}],"about":[{"href":"https:\/\/elfsight.com\/es\/wp-json\/wp\/v2\/types\/page"}],"author":[{"embeddable":true,"href":"https:\/\/elfsight.com\/es\/wp-json\/wp\/v2\/users\/9"}],"replies":[{"embeddable":true,"href":"https:\/\/elfsight.com\/es\/wp-json\/wp\/v2\/comments?post=7794"}],"version-history":[{"count":2,"href":"https:\/\/elfsight.com\/es\/wp-json\/wp\/v2\/pages\/7794\/revisions"}],"predecessor-version":[{"id":18786,"href":"https:\/\/elfsight.com\/es\/wp-json\/wp\/v2\/pages\/7794\/revisions\/18786"}],"up":[{"embeddable":true,"href":"https:\/\/elfsight.com\/es\/wp-json\/wp\/v2\/pages\/995"}],"wp:attachment":[{"href":"https:\/\/elfsight.com\/es\/wp-json\/wp\/v2\/media?parent=7794"}],"curies":[{"name":"wp","href":"https:\/\/api.w.org\/{rel}","templated":true}]}}