{"id":7789,"date":"1970-01-01T00:00:00","date_gmt":"1970-01-01T00:00:00","guid":{"rendered":"https:\/\/elfsight.com\/es\/?page_id=7789"},"modified":"2025-02-06T15:46:38","modified_gmt":"2025-02-06T15:46:38","slug":"bigcommerce","status":"publish","type":"page","link":"https:\/\/elfsight.com\/es\/social-media-icons-widget\/bigcommerce\/","title":{"rendered":"Social Media Icons &#8211; BigCommerce"},"content":{"rendered":"<div class=\"application-platform-content-item-description application-platform-content-item\" id=\"description\" data-nav-section=\"description\"><h2>Descripci\u00f3n<\/h2><p>Iconos sociales f\u00e1ciles y eficientes de Elfsight para unir su sitio con las redes sociales m\u00e1s populares. Estrecha v\u00ednculos con tus usuarios, convirti\u00e9ndolos en tus seguidores. Una plantilla responsiva, par\u00e1metros de personalizaci\u00f3n detallados de combinaci\u00f3n de colores y estilo con \u00edconos integrados de todas las principales redes sociales.<\/p><p><b>Aumente el alcance de su empresa en las plataformas sociales.<\/b><\/p><ul><li><b>Atraiga m\u00e1s seguidores<\/b>.<br> Demuestre el camino a las p\u00e1ginas sociales necesarias y duplique la probabilidad de que los usuarios de su sitio web se transformen en sus seguidores.<\/li><li><b>La mayor cantidad de lectores para sus p\u00e1ginas sociales<\/b>.<br> Proporcione a los usuarios del sitio web una direcci\u00f3n r\u00e1pida para llegar su p\u00e1gina de redes sociales y obtenga m\u00e1s visitantes en las redes sociales.<\/li><li><b>Un argumento social s\u00f3lido<\/b>.<br> Fortalezca la confianza en su marca entre los visitantes de su sitio web con la ayuda de perfiles en las redes sociales m\u00e1s exitosas.<\/li><\/ul><\/div><div class=\"application-platform-content-item-features application-platform-content-item\" id=\"features\" data-nav-section=\"features\"><h2>Caracter\u00edsticas<\/h2><p>Las caracter\u00edsticas b\u00e1sicas que hacen de los iconos de Elfsight el mejor BigCommerce aplicaci\u00f3n social.<\/p><ul><li>Agregue un nuevo medio simplemente insertando una URL en su perfil;<\/li><li>Duplicar y eliminar \u00edconos;<\/li><li>Dise\u00f1o en l\u00ednea para colocar \u00edconos en el \u00e1rea de contenido;<\/li><li>3 combinaciones de colores para \u00edconos, fondo y efecto de desplazamiento;<\/li><li>6 estilos de \u00edconos integrados.<\/li><\/ul><p><a href=\"#demo\">Pruebe las caracter\u00edsticas clave de nuestra editor<\/a><\/p><\/div><div class=\"application-platform-content-item-installation application-platform-content-item\" id=\"installation\" data-nav-section=\"installation\"><h2>C\u00f3mo agregar \u00edconos de redes sociales a BigCommerce<\/h2><div class=\"video-container\"><iframe width=\"720\" height=\"405\" src=\"https:\/\/www.youtube.com\/embed\/QPMmCtKIfAI\" frameborder=\"0\"><\/iframe><\/div><p>Simplemente siga un par de pasos que se describen a continuaci\u00f3n para integrar la aplicaci\u00f3n en BigCommerce.<\/p> <ol><li><b>Emplee nuestra demostraci\u00f3n gratuita y comience a crear su widget personalizado. <\/b><br> Especifique el aspecto y los aspectos preferibles del widget y aplique las correcciones. <\/li> <li><b>Reciba su c\u00f3digo personal expuesto en el cuadro de Elfsight Apps. <\/b><br> Tan pronto como finalice la generaci\u00f3n de sus \u00edconos de redes sociales, copie el c\u00f3digo exclusivo en el cuadro que aparece y gu\u00e1rdelo para su uso posterior. <\/li> <li><b>Comience a utilizar la herramienta en el sitio de BigCommerce. <\/b><br>Implemente el c\u00f3digo que ha copiado recientemente en su p\u00e1gina y aplique las modificaciones. <\/li> <li><b>La instalaci\u00f3n se realiz\u00f3 correctamente. <\/b><br>Visite su sitio para revisar el funcionamiento de la aplicaci\u00f3n. <\/li><\/ol><p>\u00bfNo lograste instalar o demostrar los \u00edconos en un sitio web? Estudia nuestra gu\u00eda completa \u00ab<a href=\"https:\/\/elfsight.com\/tutorials\/how-to-add-social-media-icons-to-bigcommerce\/\" target=\"_blank\" rel=\"noopener noreferrer\">C\u00f3mo configurar iconos en BigCommerce<\/a>\u00bb o escribe un mensaje a nuestro centro de ayuda.<\/p><\/div><div class=\"faq\" data-component=\"FAQ\"><div class=\"faq-item\">\r\n\t\t\t\t\t<div class=\"faq-item-question\">\r\n\t\t\t\t\t\t<h3 class=\"faq-item-question-text\">\u00bfExiste alg\u00fan m\u00e9todo para agregar \u00edconos de redes sociales a mi p\u00e1gina web de BigCommerce sin experiencia en codificaci\u00f3n?<\/h3>\r\n\r\n\t\t\t\t\t\t<div class=\"faq-item-question-icon\"><\/div>\r\n\t\t\t\t\t<\/div>\r\n\r\n\t\t\t\t\t<div class=\"faq-item-answer\">\r\n\t\t\t\t\t\t<div class=\"faq-item-answer-text\"><p>La compa\u00f1\u00eda Elfsight presenta una soluci\u00f3n SaaS que permite a una amplia audiencia crear una secci\u00f3n de \u00edconos de redes sociales usted mismo. Consulte las sencillas instrucciones: <\/p><ul><li>Vaya a la demostraci\u00f3n en l\u00ednea para generar un complemento de \u00edconos de redes sociales que le gustar\u00eda insertar en su p\u00e1gina de inicio de BigCommerce.<\/li><li>Seleccione uno de los muchos predise\u00f1ados. plantillas y modifique la configuraci\u00f3n de los \u00edconos de redes sociales, cambie el dise\u00f1o y la combinaci\u00f3n de colores, agregue su contenido sin conocimientos de codificaci\u00f3n.<\/li><li>Guarde los \u00edconos de redes sociales y obtenga el c\u00f3digo de instalaci\u00f3n, que puede incluirse en la p\u00e1gina web de BigCommerce dentro de un plan gratuito.<\/li><\/ul><p>Con el Configurador f\u00e1cil de usar, cualquier usuario de Internet puede crear un widget de \u00edconos de redes sociales en l\u00ednea y simplemente incluirlo en el sitio web de BigCommerce. No debe pagar ni revelar las credenciales de su tarjeta para acceder al Editor. Si enfrenta alg\u00fan obst\u00e1culo de cualquier tipo, no dude en hablar con nuestro servicio de atenci\u00f3n al cliente.<\/p><\/div>\r\n\t\t\t\t\t<\/div>\r\n\t\t\t\t<\/div><\/div>","protected":false},"excerpt":{"rendered":"","protected":false},"author":9,"featured_media":0,"parent":995,"menu_order":0,"comment_status":"closed","ping_status":"closed","template":"templates\/template-application-platform.php","meta":{"publish_to_discourse":"","publish_post_category":"","wpdc_auto_publish_overridden":"","wpdc_topic_tags":"","wpdc_pin_topic":"","wpdc_pin_until":"","discourse_post_id":"","discourse_permalink":"","wpdc_publishing_response":"","wpdc_publishing_error":"","footnotes":""},"class_list":["post-7789","page","type-page","status-publish","hentry"],"yoast_head":"<!-- This site is optimized with the Yoast SEO plugin v25.3.1 - https:\/\/yoast.com\/wordpress\/plugins\/seo\/ -->\n<title>Iconos de redes sociales: agregue la aplicaci\u00f3n Iconos sociales a BigCommerce<\/title>\n<meta name=\"description\" content=\"Conozca nuestros \u00edconos de redes sociales para BigCommerce ahora mismo. \u00a1Dise\u00f1a \u00edconos \u00fanicos para tu sitio web en solo unos minutos!\" \/>\n<meta name=\"robots\" content=\"index, follow, max-snippet:-1, max-image-preview:large, max-video-preview:-1\" \/>\n<link rel=\"canonical\" href=\"https:\/\/elfsight.com\/es\/social-media-icons-widget\/bigcommerce\/\" \/>\n<meta property=\"og:locale\" content=\"es_ES\" \/>\n<meta property=\"og:type\" content=\"article\" \/>\n<meta property=\"og:title\" content=\"Iconos de redes sociales: agregue la aplicaci\u00f3n Iconos sociales a BigCommerce\" \/>\n<meta property=\"og:description\" content=\"Conozca nuestros \u00edconos de redes sociales para BigCommerce ahora mismo. \u00a1Dise\u00f1a \u00edconos \u00fanicos para tu sitio web en solo unos minutos!\" \/>\n<meta property=\"og:url\" content=\"https:\/\/elfsight.com\/es\/social-media-icons-widget\/bigcommerce\/\" \/>\n<meta property=\"og:site_name\" content=\"Elfsight ES\" \/>\n<meta property=\"article:modified_time\" content=\"2025-02-06T15:46:38+00:00\" \/>\n<meta name=\"twitter:card\" content=\"summary_large_image\" \/>\n<meta name=\"twitter:label1\" content=\"Tiempo de lectura\" \/>\n\t<meta name=\"twitter:data1\" content=\"3 minutos\" \/>\n<!-- \/ Yoast SEO plugin. -->","yoast_head_json":{"title":"Iconos de redes sociales: agregue la aplicaci\u00f3n Iconos sociales a BigCommerce","description":"Conozca nuestros \u00edconos de redes sociales para BigCommerce ahora mismo. \u00a1Dise\u00f1a \u00edconos \u00fanicos para tu sitio web en solo unos minutos!","robots":{"index":"index","follow":"follow","max-snippet":"max-snippet:-1","max-image-preview":"max-image-preview:large","max-video-preview":"max-video-preview:-1"},"canonical":"https:\/\/elfsight.com\/es\/social-media-icons-widget\/bigcommerce\/","og_locale":"es_ES","og_type":"article","og_title":"Iconos de redes sociales: agregue la aplicaci\u00f3n Iconos sociales a BigCommerce","og_description":"Conozca nuestros \u00edconos de redes sociales para BigCommerce ahora mismo. \u00a1Dise\u00f1a \u00edconos \u00fanicos para tu sitio web en solo unos minutos!","og_url":"https:\/\/elfsight.com\/es\/social-media-icons-widget\/bigcommerce\/","og_site_name":"Elfsight ES","article_modified_time":"2025-02-06T15:46:38+00:00","twitter_card":"summary_large_image","twitter_misc":{"Tiempo de lectura":"3 minutos"},"schema":{"@context":"https:\/\/schema.org","@graph":[{"@type":"WebPage","@id":"https:\/\/elfsight.com\/es\/social-media-icons-widget\/bigcommerce\/","url":"https:\/\/elfsight.com\/es\/social-media-icons-widget\/bigcommerce\/","name":"Iconos de redes sociales: agregue la aplicaci\u00f3n Iconos sociales a BigCommerce","isPartOf":{"@id":"https:\/\/elfsight.com\/es\/#website"},"datePublished":"1970-01-01T00:00:00+00:00","dateModified":"2025-02-06T15:46:38+00:00","description":"Conozca nuestros \u00edconos de redes sociales para BigCommerce ahora mismo. \u00a1Dise\u00f1a \u00edconos \u00fanicos para tu sitio web en solo unos minutos!","breadcrumb":{"@id":"https:\/\/elfsight.com\/es\/social-media-icons-widget\/bigcommerce\/#breadcrumb"},"inLanguage":"es","potentialAction":[{"@type":"ReadAction","target":["https:\/\/elfsight.com\/es\/social-media-icons-widget\/bigcommerce\/"]}]},{"@type":"BreadcrumbList","@id":"https:\/\/elfsight.com\/es\/social-media-icons-widget\/bigcommerce\/#breadcrumb","itemListElement":[{"@type":"ListItem","position":1,"name":"Home","item":"https:\/\/elfsight.com\/es\/"},{"@type":"ListItem","position":2,"name":"Social Media Icons","item":"https:\/\/elfsight.com\/es\/social-media-icons-widget\/"},{"@type":"ListItem","position":3,"name":"Social Media Icons &#8211; BigCommerce"}]},{"@type":"WebSite","@id":"https:\/\/elfsight.com\/es\/#website","url":"https:\/\/elfsight.com\/es\/","name":"Elfsight ES","description":"Just another Elfsight Sites site","potentialAction":[{"@type":"SearchAction","target":{"@type":"EntryPoint","urlTemplate":"https:\/\/elfsight.com\/es\/?s={search_term_string}"},"query-input":{"@type":"PropertyValueSpecification","valueRequired":true,"valueName":"search_term_string"}}],"inLanguage":"es"}]}},"meta_box":{"industry":"","seo_heading":"","heading":"","description":"","cta_heading":"","cta_description":"","application":"994","h1":"Iconos de redes sociales de BigCommerce","h1_caption":"Instrumento n\u00famero uno para integrar \u00edconos sociales en cualquier sitio web","application_category":[],"applications_title":"","applications_request_title":"","applications_request_button_text":"","hero_text":"","hero_video":"","hero_video_schema_markup":"","selling_points_title":"","selling_points_caption":"","selling_points":[],"selling_points_cta_text":"","features_title":"","features":"","ed_cta_examples_text":"","ed_cta_examples_hidden":"","ed_cta_demo_text":"","ed_cta_demo_hidden":"","why_caption":"","why_editor_title":"","why_editor_text":"","why_team_title":"","why_team_text":"","why_service_title":"","why_service_text":"","template_catalog_visible":"","template_catalog_title":"","template_catalog_text":"","template_catalog_categories_visible":"","demo_title":"Crea tu aplicaci\u00f3n de iconos de redes sociales","demo_caption":"\u00a1Configure sus \u00edconos de redes sociales y agr\u00e9guelos a su sitio web BigCommerce gratis!","default_faq_hidden":"","app_template_category":[],"platform":"33","template_public_id":"","codecanyon_url":"","codecanyon_item_id":"","codecanyon_price":"","pricing_caption":"","pricing_elfsight_apps_hide_column":"","pricing_elfsight_apps_url":"","pricing_codecanyon_price_caption":"","integration_category":[],"integration_request_title":"","integration_request_cta":"","integration_platform":"","integrations":[],"platform_category":[],"video_schema_markup":"","price":"desde $0 \/ mes","trial":"","benefits":[{"text":"Asistencia de instalaci\u00f3n gratuita"},{"text":"Servicio al cliente competente"},{"text":"Garant\u00eda de devoluci\u00f3n de dinero de 14 d\u00edas"},{"text":"Actualizaciones gratuitas de por vida"}],"button_url":"#demo","button_target_blank":"","button_nofollow":"","attributes":[{"name":"Instalaciones","content":"10,000 - 100,000"},{"name":"Sensible","content":"S\u00ed"},{"name":"Navegadores compatibles","content":"Firefox, Safari, Opera, Chrome, Edge"}],"tags":[],"tags_disable_links":"","hide_more_platforms":"","video_object":"","demo_hide_cta":"","demo_hide_cloud_options":"","pricing_title":"","pricing":[{"pricing_icon":"cloud","pricing_title":"Elfsight Apps","pricing_title_caption":"Soluci\u00f3n digital multiplataforma que funciona en cualquier sitio","pricing_price":"desde $0 \/ mes","pricing_price_caption":"comienza con un plan gratuito","pricing_benefits":[{"text":"Sitios web ilimitados"},{"text":"Soporte r\u00e1pido de la empresa y bien documentado."},{"text":"Ayuda de instalaci\u00f3n gratuita"},{"text":"Totalmente personalizable"}],"pricing_button_text":"A\u00f1adir al sitio web","pricing_button_url":"#demo"}],"related_apps_title":"","related_apps_hidden":"","author":"","image":[],"title":"","job":"","social_networks":[]},"_links":{"self":[{"href":"https:\/\/elfsight.com\/es\/wp-json\/wp\/v2\/pages\/7789","targetHints":{"allow":["GET"]}}],"collection":[{"href":"https:\/\/elfsight.com\/es\/wp-json\/wp\/v2\/pages"}],"about":[{"href":"https:\/\/elfsight.com\/es\/wp-json\/wp\/v2\/types\/page"}],"author":[{"embeddable":true,"href":"https:\/\/elfsight.com\/es\/wp-json\/wp\/v2\/users\/9"}],"replies":[{"embeddable":true,"href":"https:\/\/elfsight.com\/es\/wp-json\/wp\/v2\/comments?post=7789"}],"version-history":[{"count":2,"href":"https:\/\/elfsight.com\/es\/wp-json\/wp\/v2\/pages\/7789\/revisions"}],"predecessor-version":[{"id":18787,"href":"https:\/\/elfsight.com\/es\/wp-json\/wp\/v2\/pages\/7789\/revisions\/18787"}],"up":[{"embeddable":true,"href":"https:\/\/elfsight.com\/es\/wp-json\/wp\/v2\/pages\/995"}],"wp:attachment":[{"href":"https:\/\/elfsight.com\/es\/wp-json\/wp\/v2\/media?parent=7789"}],"curies":[{"name":"wp","href":"https:\/\/api.w.org\/{rel}","templated":true}]}}