{"id":7780,"date":"1970-01-01T00:00:00","date_gmt":"1970-01-01T00:00:00","guid":{"rendered":"https:\/\/elfsight.com\/es\/?page_id=7780"},"modified":"2025-02-06T15:46:47","modified_gmt":"2025-02-06T15:46:47","slug":"weebly","status":"publish","type":"page","link":"https:\/\/elfsight.com\/es\/telegram-chat-widget\/weebly\/","title":{"rendered":"Telegram Chat &#8211; Weebly"},"content":{"rendered":"<div class=\"application-platform-content-item-description application-platform-content-item\" id=\"description\" data-nav-section=\"description\"><h2>Descripci\u00f3n<\/h2><p>La aplicaci\u00f3n Telegram de Elfsight es una variante \u00fatil para que los usuarios de su p\u00e1gina web se comuniquen con usted y obtengan respuestas a sus preguntas. Estar disponible en l\u00ednea para la clientela en uno de los mensajeros m\u00e1s populares las 24 horas, los 7 d\u00edas de la semana. Inserte Telegram Chat en su p\u00e1gina web y config\u00farelo para que aparezca en las p\u00e1ginas m\u00e1s importantes o para tipos particulares de visitantes, establezca activadores de inicio de chat, incluya su mensaje de bienvenida personalizado, seleccione \u00edconos y mucho m\u00e1s. Al tener Telegram Messenger integrado en el sitio web, estar\u00e1s disponible para tu gente en cualquier momento y desde cualquier lugar.<\/p><p><b>\u00a1Es la forma m\u00e1s f\u00e1cil para que las personas se comuniquen contigo y resuelvan sus problemas!<\/b><\/p><\/div><div class=\"application-platform-content-item-features application-platform-content-item\" id=\"features\" data-nav-section=\"features\"><h2>Caracter\u00edsticas<\/h2><p>Consulta una lista de todas las funciones de Telegram Chat. Est\u00e1n disponibles directamente en el editor y le ayudar\u00e1n a crear el widget adecuado para su caso.<\/p><ul><li>Agregue Telegram Messenger en su p\u00e1gina para chatear con los usuarios<li>3 tipos de posiciones de chat: burbuja flotante, burbuja incrustada y ventana de chat incrustada;<\/li><li>Una colecci\u00f3n de iconos de burbujas para que pueda seleccionar;<\/li><li>Opci\u00f3n para editar el texto de la burbuja;<\/li><li>Encabezado de chat con imagen de p\u00e1gina, nombre y t\u00edtulo.<\/li><\/ul><p><a href=\"#demo\">Vea c\u00f3mo funcionan todas las funciones en nuestra demostraci\u00f3n<\/a><\/p><\/div><div class=\"application-platform-content-item-installation application-platform-content-item\" id=\"installation\" data-nav-section=\"installation\"><h2>\u00bfC\u00f3mo agrego Telegram Chat a Weebly?<\/h2><div class=\"video-container\"><iframe width=\"720\" height=\"405\" src=\"https:\/\/www.youtube.com\/embed\/3O6Vd_mgOiM\" frameborder=\"0\"><\/iframe><\/div><p>Para integrar el widget, siga las pautas a continuaci\u00f3n.<\/p><ol><li><b>Realice nuestra demostraci\u00f3n gratuita y comience a trabajar con su aplicaci\u00f3n personalizada. <\/b><br> Encuentre el aspecto personalizado y las caracter\u00edsticas de la aplicaci\u00f3n y guarde todas las correcciones. <\/li> <li><b>Reciba el c\u00f3digo \u00fanico que aparece en la ventana de Elfsight Apps. <\/b><br> Inmediatamente despu\u00e9s de finalizar la configuraci\u00f3n de su aplicaci\u00f3n, copie su c\u00f3digo de la ventana emergente que aparece y gu\u00e1rdelo para futuras necesidades. <\/li> <li><b>Comience a usar la aplicaci\u00f3n en su sitio Weebly. <\/b><br>Incruste el c\u00f3digo copiado recientemente en su sitio y aplique las mejoras. <\/li> <li><b>La instalaci\u00f3n se realiz\u00f3 exitosamente. <\/b><br>Visite su sitio para ver el trabajo de la aplicaci\u00f3n. <\/li><\/ol><p>No dudes en comunicarte con el soporte de nuestros clientes en caso de que necesites ayuda o tengas preguntas. Nuestros especialistas estar\u00e1n encantados de ayudarle con cada solicitud.<\/p><div class=\"faq\" data-component=\"FAQ\"> <div class=\"faq-item\">\r\n\t\t\t\t\t<div class=\"faq-item-question\">\r\n\t\t\t\t\t\t<h3 class=\"faq-item-question-text\">\u00bfC\u00f3mo puedo agregar Telegram Chat a mi sitio web Weebly sin conocimientos de codificaci\u00f3n?<\/h3>\r\n\r\n\t\t\t\t\t\t<div class=\"faq-item-question-icon\"><\/div>\r\n\t\t\t\t\t<\/div>\r\n\r\n\t\t\t\t\t<div class=\"faq-item-answer\">\r\n\t\t\t\t\t\t<div class=\"faq-item-answer-text\"> <p>Elfsight proporciona una soluci\u00f3n SaaS que le permite crear un widget de Telegram Chat usted mismo. Vea lo f\u00e1cil que es el proceso: trabaje directamente en el editor en l\u00ednea para crear un widget de Telegram Chat que le gustar\u00eda ver en su sitio web Weebly. Elija una de las plantillas predise\u00f1adas y ajuste la configuraci\u00f3n de Telegram Chat, agregue su contenido, cambie el dise\u00f1o y los colores sin conocimientos de codificaci\u00f3n. Guarda el Chat de Telegram y copia su c\u00f3digo de instalaci\u00f3n, que podr\u00e1s incluir f\u00e1cilmente en tu sitio web Weebly sin necesidad de comprar un plan pago. Con nuestro editor intuitivo, cualquier usuario de Internet puede crear un widget de Telegram Chat en l\u00ednea e incrustarlo f\u00e1cilmente en su sitio web Weebly. No es necesario pagar ni ingresar las credenciales de su tarjeta para acceder al servicio. Si tiene alg\u00fan problema en cualquier paso, no dude en ponerse en contacto con nuestro equipo de soporte t\u00e9cnico.<\/p> <\/div>\r\n\t\t\t\t\t<\/div>\r\n\t\t\t\t<\/div> <\/div> <\/div>","protected":false},"excerpt":{"rendered":"","protected":false},"author":9,"featured_media":0,"parent":1014,"menu_order":0,"comment_status":"closed","ping_status":"closed","template":"templates\/template-application-platform.php","meta":{"publish_to_discourse":"","publish_post_category":"","wpdc_auto_publish_overridden":"","wpdc_topic_tags":"","wpdc_pin_topic":"","wpdc_pin_until":"","discourse_post_id":"","discourse_permalink":"","wpdc_publishing_response":"","wpdc_publishing_error":"","footnotes":""},"class_list":["post-7780","page","type-page","status-publish","hentry"],"yoast_head":"<!-- This site is optimized with the Yoast SEO plugin v25.3.1 - https:\/\/yoast.com\/wordpress\/plugins\/seo\/ -->\n<title>Agregue Telegram Chat Box al sitio web de Weebly (gratis y r\u00e1pido)<\/title>\n<meta name=\"description\" content=\"Es f\u00e1cil darle forma a su aplicaci\u00f3n Telegram Chat Box y colocarla en su sitio Weebly. El servicio al cliente de Elfsight es gratuito y r\u00e1pido.\" \/>\n<meta name=\"robots\" content=\"index, follow, max-snippet:-1, max-image-preview:large, max-video-preview:-1\" \/>\n<link rel=\"canonical\" href=\"https:\/\/elfsight.com\/es\/telegram-chat-widget\/weebly\/\" \/>\n<meta property=\"og:locale\" content=\"es_ES\" \/>\n<meta property=\"og:type\" content=\"article\" \/>\n<meta property=\"og:title\" content=\"Agregue Telegram Chat Box al sitio web de Weebly (gratis y r\u00e1pido)\" \/>\n<meta property=\"og:description\" content=\"Es f\u00e1cil darle forma a su aplicaci\u00f3n Telegram Chat Box y colocarla en su sitio Weebly. El servicio al cliente de Elfsight es gratuito y r\u00e1pido.\" \/>\n<meta property=\"og:url\" content=\"https:\/\/elfsight.com\/es\/telegram-chat-widget\/weebly\/\" \/>\n<meta property=\"og:site_name\" content=\"Elfsight ES\" \/>\n<meta property=\"article:modified_time\" content=\"2025-02-06T15:46:47+00:00\" \/>\n<meta name=\"twitter:card\" content=\"summary_large_image\" \/>\n<meta name=\"twitter:label1\" content=\"Tiempo de lectura\" \/>\n\t<meta name=\"twitter:data1\" content=\"3 minutos\" \/>\n<!-- \/ Yoast SEO plugin. -->","yoast_head_json":{"title":"Agregue Telegram Chat Box al sitio web de Weebly (gratis y r\u00e1pido)","description":"Es f\u00e1cil darle forma a su aplicaci\u00f3n Telegram Chat Box y colocarla en su sitio Weebly. El servicio al cliente de Elfsight es gratuito y r\u00e1pido.","robots":{"index":"index","follow":"follow","max-snippet":"max-snippet:-1","max-image-preview":"max-image-preview:large","max-video-preview":"max-video-preview:-1"},"canonical":"https:\/\/elfsight.com\/es\/telegram-chat-widget\/weebly\/","og_locale":"es_ES","og_type":"article","og_title":"Agregue Telegram Chat Box al sitio web de Weebly (gratis y r\u00e1pido)","og_description":"Es f\u00e1cil darle forma a su aplicaci\u00f3n Telegram Chat Box y colocarla en su sitio Weebly. El servicio al cliente de Elfsight es gratuito y r\u00e1pido.","og_url":"https:\/\/elfsight.com\/es\/telegram-chat-widget\/weebly\/","og_site_name":"Elfsight ES","article_modified_time":"2025-02-06T15:46:47+00:00","twitter_card":"summary_large_image","twitter_misc":{"Tiempo de lectura":"3 minutos"},"schema":{"@context":"https:\/\/schema.org","@graph":[{"@type":"WebPage","@id":"https:\/\/elfsight.com\/es\/telegram-chat-widget\/weebly\/","url":"https:\/\/elfsight.com\/es\/telegram-chat-widget\/weebly\/","name":"Agregue Telegram Chat Box al sitio web de Weebly (gratis y r\u00e1pido)","isPartOf":{"@id":"https:\/\/elfsight.com\/es\/#website"},"datePublished":"1970-01-01T00:00:00+00:00","dateModified":"2025-02-06T15:46:47+00:00","description":"Es f\u00e1cil darle forma a su aplicaci\u00f3n Telegram Chat Box y colocarla en su sitio Weebly. El servicio al cliente de Elfsight es gratuito y r\u00e1pido.","breadcrumb":{"@id":"https:\/\/elfsight.com\/es\/telegram-chat-widget\/weebly\/#breadcrumb"},"inLanguage":"es","potentialAction":[{"@type":"ReadAction","target":["https:\/\/elfsight.com\/es\/telegram-chat-widget\/weebly\/"]}]},{"@type":"BreadcrumbList","@id":"https:\/\/elfsight.com\/es\/telegram-chat-widget\/weebly\/#breadcrumb","itemListElement":[{"@type":"ListItem","position":1,"name":"Home","item":"https:\/\/elfsight.com\/es\/"},{"@type":"ListItem","position":2,"name":"Telegram Chat","item":"https:\/\/elfsight.com\/es\/telegram-chat-widget\/"},{"@type":"ListItem","position":3,"name":"Telegram Chat &#8211; Weebly"}]},{"@type":"WebSite","@id":"https:\/\/elfsight.com\/es\/#website","url":"https:\/\/elfsight.com\/es\/","name":"Elfsight ES","description":"Just another Elfsight Sites site","potentialAction":[{"@type":"SearchAction","target":{"@type":"EntryPoint","urlTemplate":"https:\/\/elfsight.com\/es\/?s={search_term_string}"},"query-input":{"@type":"PropertyValueSpecification","valueRequired":true,"valueName":"search_term_string"}}],"inLanguage":"es"}]}},"meta_box":{"industry":"","seo_heading":"","heading":"","description":"","cta_heading":"","cta_description":"","application":"1013","h1":"Chat de Telegram de Weebly","h1_caption":"La forma m\u00e1s pr\u00e1ctica de interactuar directamente en su p\u00e1gina web","application_category":[],"applications_title":"","applications_request_title":"","applications_request_button_text":"","hero_text":"","hero_video":"","hero_video_schema_markup":"","selling_points_title":"","selling_points_caption":"","selling_points":[],"selling_points_cta_text":"","features_title":"","features":"","ed_cta_examples_text":"","ed_cta_examples_hidden":"","ed_cta_demo_text":"","ed_cta_demo_hidden":"","why_caption":"","why_editor_title":"","why_editor_text":"","why_team_title":"","why_team_text":"","why_service_title":"","why_service_text":"","template_catalog_visible":"","template_catalog_title":"","template_catalog_text":"","template_catalog_categories_visible":"","demo_title":"Crea tu aplicaci\u00f3n Telegram Chat","demo_caption":"\u00a1Configura tu chat de Telegram y agr\u00e9galo a tu sitio web Weebly gratis!","default_faq_hidden":"","app_template_category":[],"platform":"109","template_public_id":"","codecanyon_url":"","codecanyon_item_id":"","codecanyon_price":"","pricing_caption":"","pricing_elfsight_apps_hide_column":"","pricing_elfsight_apps_url":"","pricing_codecanyon_price_caption":"","integration_category":[],"integration_request_title":"","integration_request_cta":"","integration_platform":"","integrations":[],"platform_category":[],"video_schema_markup":"","price":"desde $0 \/ mes","trial":"","benefits":[{"text":"Servicio de instalaci\u00f3n gratuito"},{"text":"Servicio al cliente eficaz"},{"text":"Garant\u00eda de reembolso de 14 d\u00edas"},{"text":"Actualizaciones futuras"}],"button_url":"#demo","button_target_blank":"","button_nofollow":"","attributes":[{"name":"Instalaciones","content":"10,000 - 100,000"},{"name":"Sensible","content":"S\u00ed"},{"name":"Navegadores compatibles","content":"Firefox, Safari, Opera, Chrome, Edge"}],"tags":[],"tags_disable_links":"","hide_more_platforms":"","video_object":"","demo_hide_cta":"","demo_hide_cloud_options":"","pricing_title":"","pricing":[{"pricing_icon":"platform","pricing_title":"Elfsight Apps","pricing_title_caption":"Versi\u00f3n multiplataforma que funciona en cualquier sitio web.","pricing_price":"desde $0 \/ mes","pricing_price_caption":"comienza con un plan gratuito","pricing_benefits":[{"text":"Sitios web ilimitados"},{"text":"Atenci\u00f3n al cliente premium"},{"text":"Servicio de instalaci\u00f3n gratuito"},{"text":"Totalmente personalizable"}],"pricing_button_text":"A\u00f1adir al sitio web","pricing_button_url":"#demo"}],"related_apps_title":"","related_apps_hidden":"","author":"","image":[],"title":"","job":"","social_networks":[]},"_links":{"self":[{"href":"https:\/\/elfsight.com\/es\/wp-json\/wp\/v2\/pages\/7780","targetHints":{"allow":["GET"]}}],"collection":[{"href":"https:\/\/elfsight.com\/es\/wp-json\/wp\/v2\/pages"}],"about":[{"href":"https:\/\/elfsight.com\/es\/wp-json\/wp\/v2\/types\/page"}],"author":[{"embeddable":true,"href":"https:\/\/elfsight.com\/es\/wp-json\/wp\/v2\/users\/9"}],"replies":[{"embeddable":true,"href":"https:\/\/elfsight.com\/es\/wp-json\/wp\/v2\/comments?post=7780"}],"version-history":[{"count":2,"href":"https:\/\/elfsight.com\/es\/wp-json\/wp\/v2\/pages\/7780\/revisions"}],"predecessor-version":[{"id":18791,"href":"https:\/\/elfsight.com\/es\/wp-json\/wp\/v2\/pages\/7780\/revisions\/18791"}],"up":[{"embeddable":true,"href":"https:\/\/elfsight.com\/es\/wp-json\/wp\/v2\/pages\/1014"}],"wp:attachment":[{"href":"https:\/\/elfsight.com\/es\/wp-json\/wp\/v2\/media?parent=7780"}],"curies":[{"name":"wp","href":"https:\/\/api.w.org\/{rel}","templated":true}]}}