{"id":7778,"date":"1970-01-01T00:00:00","date_gmt":"1970-01-01T00:00:00","guid":{"rendered":"https:\/\/elfsight.com\/es\/?page_id=7778"},"modified":"2025-02-06T15:46:47","modified_gmt":"2025-02-06T15:46:47","slug":"webflow","status":"publish","type":"page","link":"https:\/\/elfsight.com\/es\/telegram-chat-widget\/webflow\/","title":{"rendered":"Telegram Chat &#8211; Webflow"},"content":{"rendered":"<div class=\"application-platform-content-item-description application-platform-content-item\" id=\"description\" data-nav-section=\"description\"><h2>Incorpore Telegram Chat en Webflow con el widget de Elfsight<\/h2><p>El widget de Telegram desarrollado por Elfsight es una variante perfecta para que los usuarios de su sitio se comuniquen con usted y tengan respuestas a sus preguntas y solicitudes. Puede permanecer disponible en l\u00ednea para los espectadores en su mensajer\u00eda m\u00e1s popular en cualquier momento. Coloque Telegram Chat en el sitio web y elija que aparezca en ciertas p\u00e1ginas o para tipos particulares de audiencia, elija activadores de inicio de chat, muestre su propio mensaje de bienvenida, alinee \u00edconos y haga m\u00e1s. Con Telegram Messenger, tus usuarios podr\u00e1n acceder f\u00e1cilmente a ti en cualquier momento y desde cualquier lugar.<\/p><p><b>\u00a1Es la forma m\u00e1s pr\u00e1ctica para que las personas se dirijan a ti y resuelvan sus problemas!<\/b><\/p><\/div><div class=\"application-platform-content-item-features application-platform-content-item\" id=\"features\" data-nav-section=\"features\"><h2>Caracter\u00edsticas principales del widget de Telegram Chat<\/h2><p>Aqu\u00ed tienes una lista de todas las funciones de Telegram Chat. Est\u00e1n disponibles directamente en el editor y te ayudar\u00e1n a crear el widget que se ajuste a tus necesidades.<\/p><ul><li>Incorpora Telegram Messenger en tu sitio web para chatear con los visitantes<\/li><li>3 tipos de posiciones de chat: burbuja flotante, burbuja incrustada y ventana de chat incrustada;<\/li><li>Una colecci\u00f3n de \u00edconos de burbujas para elegir;<\/li><li>Opci\u00f3n para editar el texto de la burbuja;<\/li><li>Encabezado de chat con logotipo de p\u00e1gina, nombre y t\u00edtulo.<\/li><\/ul><p><a href=\"#demo\">Vea c\u00f3mo funcionan todas las funciones en nuestra demostraci\u00f3n<\/a><\/p><\/div><div class=\"application-platform-content-item-installation application-platform-content-item\" id=\"installation\" data-nav-section=\"installation\"><h2>\u00bfC\u00f3mo puedo integrar Telegram Chat Box con mi sitio web Webflow?<\/h2><div class=\"video-container\"><iframe width=\"720\" height=\"405\" src=\"https:\/\/www.youtube.com\/embed\/-QzUmkPuJWw\"><\/iframe><\/div><p>Para incrustar un widget, simplemente siga las instrucciones a continuaci\u00f3n.<\/p><ol><li><b>Cree su widget exclusivo de Telegram<\/b><br>Con la ayuda de nuestra demostraci\u00f3n gratuita, obtenga un complemento con una composici\u00f3n seleccionada y caracter\u00edsticas funcionales.<\/li><li><b>Adquiera el c\u00f3digo personal para publicar el widget<\/b><br>Despu\u00e9s de haber creado su widget, obtendr\u00e1 su c\u00f3digo personal de la notificaci\u00f3n que aparece en Elfsight Apps. C\u00f3pielo.<\/li><li><b>Agregue el widget en su sitio Webflow<\/b><br>Seleccione el lugar donde desea integrar el complemento y agregue el c\u00f3digo guardado all\u00ed. Guarde los resultados.<\/li><li><b>Has completado completamente la instalaci\u00f3n<\/b><br>Ingresa a tu sitio para ver tu trabajo.<\/li><\/ol><p>T\u00f3mate un minuto para comunicarte con nuestro servicio de atenci\u00f3n al cliente en caso de que necesites asesoramiento o tengas problemas. Estaremos encantados de ayudarle con cada solicitud.<\/p><div class=\"faq\" data-component=\"FAQ\"> <div class=\"faq-item\">\r\n\t\t\t\t\t<div class=\"faq-item-question\">\r\n\t\t\t\t\t\t<h3 class=\"faq-item-question-text\">\u00bfC\u00f3mo puedo agregar Telegram Chat a mi sitio web Webflow sin conocimientos de codificaci\u00f3n?<\/h3>\r\n\r\n\t\t\t\t\t\t<div class=\"faq-item-question-icon\"><\/div>\r\n\t\t\t\t\t<\/div>\r\n\r\n\t\t\t\t\t<div class=\"faq-item-answer\">\r\n\t\t\t\t\t\t<div class=\"faq-item-answer-text\"> <p>Elfsight proporciona una soluci\u00f3n SaaS que le permite crear un widget de Telegram Chat usted mismo. Vea lo f\u00e1cil que es el proceso: trabaje directamente en el editor en l\u00ednea para crear un widget de Telegram Chat que le gustar\u00eda ver en su sitio web Webflow. Elija una de las plantillas predise\u00f1adas y ajuste la configuraci\u00f3n de Telegram Chat, agregue su contenido, cambie el dise\u00f1o y los colores sin conocimientos de codificaci\u00f3n. Guarde Telegram Chat y copie su c\u00f3digo de instalaci\u00f3n, que puede incluir f\u00e1cilmente en su sitio web Webflow sin necesidad de comprar una suscripci\u00f3n paga. Con nuestro editor intuitivo, cualquier usuario de Internet puede crear un widget de Telegram Chat en l\u00ednea e incrustarlo f\u00e1cilmente en su sitio web Webflow. No es necesario pagar ni ingresar las credenciales de su tarjeta para acceder al servicio. Si tiene alg\u00fan problema en cualquier paso, no dude en ponerse en contacto con nuestro equipo de soporte t\u00e9cnico.<\/p> <\/div>\r\n\t\t\t\t\t<\/div>\r\n\t\t\t\t<\/div> <\/div> <\/div>","protected":false},"excerpt":{"rendered":"","protected":false},"author":9,"featured_media":0,"parent":1014,"menu_order":0,"comment_status":"closed","ping_status":"closed","template":"templates\/template-application-platform.php","meta":{"publish_to_discourse":"","publish_post_category":"","wpdc_auto_publish_overridden":"","wpdc_topic_tags":"","wpdc_pin_topic":"","wpdc_pin_until":"","discourse_post_id":"","discourse_permalink":"","wpdc_publishing_response":"","wpdc_publishing_error":"","footnotes":""},"class_list":["post-7778","page","type-page","status-publish","hentry"],"yoast_head":"<!-- This site is optimized with the Yoast SEO plugin v25.3.1 - https:\/\/yoast.com\/wordpress\/plugins\/seo\/ -->\n<title>Agregue Telegram Chat Box al sitio web de Webflow (gratis y r\u00e1pido)<\/title>\n<meta name=\"description\" content=\"Es muy sencillo crear su widget Telegram Chat Box y agregarlo al sitio web de Webflow. El servicio al cliente de Elfsight es gratuito.\" \/>\n<meta name=\"robots\" content=\"index, follow, max-snippet:-1, max-image-preview:large, max-video-preview:-1\" \/>\n<link rel=\"canonical\" href=\"https:\/\/elfsight.com\/es\/telegram-chat-widget\/webflow\/\" \/>\n<meta property=\"og:locale\" content=\"es_ES\" \/>\n<meta property=\"og:type\" content=\"article\" \/>\n<meta property=\"og:title\" content=\"Agregue Telegram Chat Box al sitio web de Webflow (gratis y r\u00e1pido)\" \/>\n<meta property=\"og:description\" content=\"Es muy sencillo crear su widget Telegram Chat Box y agregarlo al sitio web de Webflow. El servicio al cliente de Elfsight es gratuito.\" \/>\n<meta property=\"og:url\" content=\"https:\/\/elfsight.com\/es\/telegram-chat-widget\/webflow\/\" \/>\n<meta property=\"og:site_name\" content=\"Elfsight ES\" \/>\n<meta property=\"article:modified_time\" content=\"2025-02-06T15:46:47+00:00\" \/>\n<meta name=\"twitter:card\" content=\"summary_large_image\" \/>\n<meta name=\"twitter:label1\" content=\"Tiempo de lectura\" \/>\n\t<meta name=\"twitter:data1\" content=\"3 minutos\" \/>\n<!-- \/ Yoast SEO plugin. -->","yoast_head_json":{"title":"Agregue Telegram Chat Box al sitio web de Webflow (gratis y r\u00e1pido)","description":"Es muy sencillo crear su widget Telegram Chat Box y agregarlo al sitio web de Webflow. El servicio al cliente de Elfsight es gratuito.","robots":{"index":"index","follow":"follow","max-snippet":"max-snippet:-1","max-image-preview":"max-image-preview:large","max-video-preview":"max-video-preview:-1"},"canonical":"https:\/\/elfsight.com\/es\/telegram-chat-widget\/webflow\/","og_locale":"es_ES","og_type":"article","og_title":"Agregue Telegram Chat Box al sitio web de Webflow (gratis y r\u00e1pido)","og_description":"Es muy sencillo crear su widget Telegram Chat Box y agregarlo al sitio web de Webflow. El servicio al cliente de Elfsight es gratuito.","og_url":"https:\/\/elfsight.com\/es\/telegram-chat-widget\/webflow\/","og_site_name":"Elfsight ES","article_modified_time":"2025-02-06T15:46:47+00:00","twitter_card":"summary_large_image","twitter_misc":{"Tiempo de lectura":"3 minutos"},"schema":{"@context":"https:\/\/schema.org","@graph":[{"@type":"WebPage","@id":"https:\/\/elfsight.com\/es\/telegram-chat-widget\/webflow\/","url":"https:\/\/elfsight.com\/es\/telegram-chat-widget\/webflow\/","name":"Agregue Telegram Chat Box al sitio web de Webflow (gratis y r\u00e1pido)","isPartOf":{"@id":"https:\/\/elfsight.com\/es\/#website"},"datePublished":"1970-01-01T00:00:00+00:00","dateModified":"2025-02-06T15:46:47+00:00","description":"Es muy sencillo crear su widget Telegram Chat Box y agregarlo al sitio web de Webflow. El servicio al cliente de Elfsight es gratuito.","breadcrumb":{"@id":"https:\/\/elfsight.com\/es\/telegram-chat-widget\/webflow\/#breadcrumb"},"inLanguage":"es","potentialAction":[{"@type":"ReadAction","target":["https:\/\/elfsight.com\/es\/telegram-chat-widget\/webflow\/"]}]},{"@type":"BreadcrumbList","@id":"https:\/\/elfsight.com\/es\/telegram-chat-widget\/webflow\/#breadcrumb","itemListElement":[{"@type":"ListItem","position":1,"name":"Home","item":"https:\/\/elfsight.com\/es\/"},{"@type":"ListItem","position":2,"name":"Telegram Chat","item":"https:\/\/elfsight.com\/es\/telegram-chat-widget\/"},{"@type":"ListItem","position":3,"name":"Telegram Chat &#8211; Webflow"}]},{"@type":"WebSite","@id":"https:\/\/elfsight.com\/es\/#website","url":"https:\/\/elfsight.com\/es\/","name":"Elfsight ES","description":"Just another Elfsight Sites site","potentialAction":[{"@type":"SearchAction","target":{"@type":"EntryPoint","urlTemplate":"https:\/\/elfsight.com\/es\/?s={search_term_string}"},"query-input":{"@type":"PropertyValueSpecification","valueRequired":true,"valueName":"search_term_string"}}],"inLanguage":"es"}]}},"meta_box":{"industry":"","seo_heading":"","heading":"","description":"","cta_heading":"","cta_description":"","application":"1013","h1":"Chat de Telegram de flujo web","h1_caption":"La herramienta m\u00e1s c\u00f3moda para comunicarte directamente en tu sitio web","application_category":[],"applications_title":"","applications_request_title":"","applications_request_button_text":"","hero_text":"","hero_video":"","hero_video_schema_markup":"","selling_points_title":"","selling_points_caption":"","selling_points":[],"selling_points_cta_text":"","features_title":"","features":"","ed_cta_examples_text":"","ed_cta_examples_hidden":"","ed_cta_demo_text":"","ed_cta_demo_hidden":"","why_caption":"","why_editor_title":"","why_editor_text":"","why_team_title":"","why_team_text":"","why_service_title":"","why_service_text":"","template_catalog_visible":"","template_catalog_title":"","template_catalog_text":"","template_catalog_categories_visible":"","demo_title":"Crea tu widget de chat de Telegram","demo_caption":"\u00a1Configura tu chat de Telegram y agr\u00e9galo a tu sitio web Webflow gratis!","default_faq_hidden":"","app_template_category":[],"platform":"106","template_public_id":"","codecanyon_url":"","codecanyon_item_id":"","codecanyon_price":"","pricing_caption":"","pricing_elfsight_apps_hide_column":"","pricing_elfsight_apps_url":"","pricing_codecanyon_price_caption":"","integration_category":[],"integration_request_title":"","integration_request_cta":"","integration_platform":"","integrations":[],"platform_category":[],"video_schema_markup":"","price":"desde $0 \/ mes","trial":"","benefits":[{"text":"Servicio de instalaci\u00f3n gratuito"},{"text":"Soporte premium"},{"text":"Garant\u00eda de reembolso de 14 d\u00edas"},{"text":"Mejoras gratuitas continuas"}],"button_url":"#demo","button_target_blank":"","button_nofollow":"","attributes":[{"name":"Instalaciones","content":"10,000 - 100,000"},{"name":"Sensible","content":"S\u00ed"},{"name":"Navegadores compatibles","content":"Firefox, Chrome, Edge, Opera, Safari"}],"tags":[],"tags_disable_links":"","hide_more_platforms":"","video_object":"","demo_hide_cta":"","demo_hide_cloud_options":"","pricing_title":"","pricing":[{"pricing_icon":"platform","pricing_title":"Elfsight Apps","pricing_title_caption":"Soluci\u00f3n digital multiplataforma que se adapta a cualquier sitio web","pricing_price":"desde $0 \/ mes","pricing_price_caption":"comienza con el plan gratuito","pricing_benefits":[{"text":"Sitios web ilimitados"},{"text":"Soporte r\u00e1pido y puntual"},{"text":"Servicio de instalaci\u00f3n gratuito"},{"text":"Oferta especial para m\u00faltiples aplicaciones"}],"pricing_button_text":"A\u00f1adir al sitio web","pricing_button_url":"#demo"}],"related_apps_title":"","related_apps_hidden":"","author":"","image":[],"title":"","job":"","social_networks":[]},"_links":{"self":[{"href":"https:\/\/elfsight.com\/es\/wp-json\/wp\/v2\/pages\/7778","targetHints":{"allow":["GET"]}}],"collection":[{"href":"https:\/\/elfsight.com\/es\/wp-json\/wp\/v2\/pages"}],"about":[{"href":"https:\/\/elfsight.com\/es\/wp-json\/wp\/v2\/types\/page"}],"author":[{"embeddable":true,"href":"https:\/\/elfsight.com\/es\/wp-json\/wp\/v2\/users\/9"}],"replies":[{"embeddable":true,"href":"https:\/\/elfsight.com\/es\/wp-json\/wp\/v2\/comments?post=7778"}],"version-history":[{"count":2,"href":"https:\/\/elfsight.com\/es\/wp-json\/wp\/v2\/pages\/7778\/revisions"}],"predecessor-version":[{"id":18793,"href":"https:\/\/elfsight.com\/es\/wp-json\/wp\/v2\/pages\/7778\/revisions\/18793"}],"up":[{"embeddable":true,"href":"https:\/\/elfsight.com\/es\/wp-json\/wp\/v2\/pages\/1014"}],"wp:attachment":[{"href":"https:\/\/elfsight.com\/es\/wp-json\/wp\/v2\/media?parent=7778"}],"curies":[{"name":"wp","href":"https:\/\/api.w.org\/{rel}","templated":true}]}}