{"id":7764,"date":"1970-01-01T00:00:00","date_gmt":"1970-01-01T00:00:00","guid":{"rendered":"https:\/\/elfsight.com\/es\/?page_id=7764"},"modified":"2025-02-06T15:47:03","modified_gmt":"2025-02-06T15:47:03","slug":"magento","status":"publish","type":"page","link":"https:\/\/elfsight.com\/es\/telegram-chat-widget\/magento\/","title":{"rendered":"Telegram Chat &#8211; Magento"},"content":{"rendered":"<div class=\"application-platform-content-item-description application-platform-content-item\" id=\"description\" data-nav-section=\"description\"><h2>Descripci\u00f3n<\/h2><p>La extensi\u00f3n de Telegram creada por Elfsight es una variante f\u00e1cil para que los clientes de su sitio web charlen con usted y obtengan respuestas a sus preguntas. Puede permanecer disponible en l\u00ednea para su clientela en su mensajero favorito dondequiera que est\u00e9. Configure Telegram Chat en la p\u00e1gina web y d\u00e9jelo aparecer en p\u00e1ginas seleccionadas o para tipos espec\u00edficos de visitantes, cree activadores de inicio de chat, env\u00ede su mensaje de bienvenida personal, seleccione \u00edconos y haga m\u00e1s. Al tener Telegram Messenger en tu sitio web, tus usuarios te publicar\u00e1n en todo momento y sin importar tu ubicaci\u00f3n.<\/p><p><b>\u00a1Es la forma m\u00e1s pr\u00e1ctica para que las personas se dirijan a ti y resuelvan sus preguntas!<\/b><\/p><\/div><div class=\"application-platform-content-item-features application-platform-content-item\" id=\"features\" data-nav-section=\"features\"><h2>Caracter\u00edsticas<\/h2><p>Comprueba todas las caracter\u00edsticas funcionales de Telegram Chat. Est\u00e1n disponibles directamente en el editor y le ayudar\u00e1n a darle forma al widget que se ajuste a su caso de uso.<\/p><ul><li>Integre Telegram Messenger en su sitio web para chatear con los usuarios<li>3 tipos de posiciones de chat: burbuja flotante, burbuja incrustada y ventana de chat incrustada;<\/li><li>Una colecci\u00f3n de iconos de burbujas para elegir;<\/li><li>Texto de burbuja editable;<\/li><li>Encabezado de chat con imagen de p\u00e1gina, nombre y t\u00edtulo.<\/li><\/ul><p><a href=\"#demo\">Puedes probar todas las caracter\u00edsticas funcionales del widget directamente en la demostraci\u00f3n<\/a><\/p><\/div><div class=\"application-platform-content-item-installation application-platform-content-item\" id=\"installation\" data-nav-section=\"installation\"><h2>\u00bfC\u00f3mo agregar Telegram Chat Box a mi sitio web Magento?<\/h2><p>Simplemente sigue las instrucciones a continuaci\u00f3n para insertar el widget en Magento.<\/p> <ol><li><b>Utiliza nuestra demostraci\u00f3n gratuita y comienza Creando tu instrumento \u00fanico. <\/b><br> Especifique la forma y las opciones adecuadas de la extensi\u00f3n y guarde las ediciones. <\/li> <li><b>Adquiera su c\u00f3digo personal expuesto en la ventana de Elfsight Apps. <\/b><br> Inmediatamente despu\u00e9s de que finalice la creaci\u00f3n de su extensi\u00f3n de Telegram, copie el c\u00f3digo exclusivo en el cuadro que aparece y gu\u00e1rdelo para usarlo en el futuro. <\/li> <li><b>Inicie el uso del widget en su sitio web Magento. <\/b><br> A\u00f1ade el c\u00f3digo que has copiado antes en tu p\u00e1gina de inicio y guarda las modificaciones. <\/li> <li><b>\u00a1Ya terminaste! La incrustaci\u00f3n finaliz\u00f3 exitosamente. <\/b><br> Visite su sitio para ver en acci\u00f3n c\u00f3mo funciona el widget. <\/li><\/ol><p>Le invitamos a comunicarse con el servicio de atenci\u00f3n al cliente de Elfsight si necesita asesoramiento o tiene algo que preguntar. Estaremos encantados de ayudarle con cada solicitud.<\/p><div class=\"faq\" data-component=\"FAQ\"> <div class=\"faq-item\">\r\n\t\t\t\t\t<div class=\"faq-item-question\">\r\n\t\t\t\t\t\t<h3 class=\"faq-item-question-text\">\u00bfC\u00f3mo puedo agregar Telegram Chat a mi sitio web de Magento sin conocimientos de codificaci\u00f3n?<\/h3>\r\n\r\n\t\t\t\t\t\t<div class=\"faq-item-question-icon\"><\/div>\r\n\t\t\t\t\t<\/div>\r\n\r\n\t\t\t\t\t<div class=\"faq-item-answer\">\r\n\t\t\t\t\t\t<div class=\"faq-item-answer-text\"> <p>Elfsight proporciona una soluci\u00f3n SaaS que le permite crear un widget de Telegram Chat usted mismo. Vea lo f\u00e1cil que es el proceso: trabaje directamente en el editor en l\u00ednea para crear un widget de Telegram Chat que le gustar\u00eda ver en su sitio web de Magento. Elija una de las plantillas predise\u00f1adas y ajuste la configuraci\u00f3n de Telegram Chat, agregue su contenido, cambie el dise\u00f1o y los colores sin conocimientos de codificaci\u00f3n. Guarde Telegram Chat y copie su c\u00f3digo de instalaci\u00f3n, que puede incluir f\u00e1cilmente en su sitio web Magento sin comprar una suscripci\u00f3n paga. Con nuestro editor intuitivo, cualquier usuario de Internet puede crear un widget de Telegram Chat en l\u00ednea e incrustarlo f\u00e1cilmente en su sitio web Magento. No es necesario pagar ni ingresar las credenciales de su tarjeta para acceder al servicio. Si tiene alg\u00fan problema en cualquier paso, no dude en ponerse en contacto con nuestro equipo de soporte t\u00e9cnico.<\/p> <\/div>\r\n\t\t\t\t\t<\/div>\r\n\t\t\t\t<\/div> <\/div> <\/div>","protected":false},"excerpt":{"rendered":"","protected":false},"author":9,"featured_media":0,"parent":1014,"menu_order":0,"comment_status":"closed","ping_status":"closed","template":"templates\/template-application-platform.php","meta":{"publish_to_discourse":"","publish_post_category":"","wpdc_auto_publish_overridden":"","wpdc_topic_tags":"","wpdc_pin_topic":"","wpdc_pin_until":"","discourse_post_id":"","discourse_permalink":"","wpdc_publishing_response":"","wpdc_publishing_error":"","footnotes":""},"class_list":["post-7764","page","type-page","status-publish","hentry"],"yoast_head":"<!-- This site is optimized with the Yoast SEO plugin v25.3.1 - https:\/\/yoast.com\/wordpress\/plugins\/seo\/ -->\n<title>Agregue Telegram Chat Box al sitio web de Magento (gratis y r\u00e1pido)<\/title>\n<meta name=\"description\" content=\"Aqu\u00ed existe la posibilidad de crear la extensi\u00f3n Telegram Chat Box y agregarla a su sitio web Magento. Disfrute de asistencia al cliente gratuita y otras bonificaciones de Elfsight.\" \/>\n<meta name=\"robots\" content=\"index, follow, max-snippet:-1, max-image-preview:large, max-video-preview:-1\" \/>\n<link rel=\"canonical\" href=\"https:\/\/elfsight.com\/es\/telegram-chat-widget\/magento\/\" \/>\n<meta property=\"og:locale\" content=\"es_ES\" \/>\n<meta property=\"og:type\" content=\"article\" \/>\n<meta property=\"og:title\" content=\"Agregue Telegram Chat Box al sitio web de Magento (gratis y r\u00e1pido)\" \/>\n<meta property=\"og:description\" content=\"Aqu\u00ed existe la posibilidad de crear la extensi\u00f3n Telegram Chat Box y agregarla a su sitio web Magento. Disfrute de asistencia al cliente gratuita y otras bonificaciones de Elfsight.\" \/>\n<meta property=\"og:url\" content=\"https:\/\/elfsight.com\/es\/telegram-chat-widget\/magento\/\" \/>\n<meta property=\"og:site_name\" content=\"Elfsight ES\" \/>\n<meta property=\"article:modified_time\" content=\"2025-02-06T15:47:03+00:00\" \/>\n<meta name=\"twitter:card\" content=\"summary_large_image\" \/>\n<meta name=\"twitter:label1\" content=\"Tiempo de lectura\" \/>\n\t<meta name=\"twitter:data1\" content=\"3 minutos\" \/>\n<!-- \/ Yoast SEO plugin. -->","yoast_head_json":{"title":"Agregue Telegram Chat Box al sitio web de Magento (gratis y r\u00e1pido)","description":"Aqu\u00ed existe la posibilidad de crear la extensi\u00f3n Telegram Chat Box y agregarla a su sitio web Magento. Disfrute de asistencia al cliente gratuita y otras bonificaciones de Elfsight.","robots":{"index":"index","follow":"follow","max-snippet":"max-snippet:-1","max-image-preview":"max-image-preview:large","max-video-preview":"max-video-preview:-1"},"canonical":"https:\/\/elfsight.com\/es\/telegram-chat-widget\/magento\/","og_locale":"es_ES","og_type":"article","og_title":"Agregue Telegram Chat Box al sitio web de Magento (gratis y r\u00e1pido)","og_description":"Aqu\u00ed existe la posibilidad de crear la extensi\u00f3n Telegram Chat Box y agregarla a su sitio web Magento. Disfrute de asistencia al cliente gratuita y otras bonificaciones de Elfsight.","og_url":"https:\/\/elfsight.com\/es\/telegram-chat-widget\/magento\/","og_site_name":"Elfsight ES","article_modified_time":"2025-02-06T15:47:03+00:00","twitter_card":"summary_large_image","twitter_misc":{"Tiempo de lectura":"3 minutos"},"schema":{"@context":"https:\/\/schema.org","@graph":[{"@type":"WebPage","@id":"https:\/\/elfsight.com\/es\/telegram-chat-widget\/magento\/","url":"https:\/\/elfsight.com\/es\/telegram-chat-widget\/magento\/","name":"Agregue Telegram Chat Box al sitio web de Magento (gratis y r\u00e1pido)","isPartOf":{"@id":"https:\/\/elfsight.com\/es\/#website"},"datePublished":"1970-01-01T00:00:00+00:00","dateModified":"2025-02-06T15:47:03+00:00","description":"Aqu\u00ed existe la posibilidad de crear la extensi\u00f3n Telegram Chat Box y agregarla a su sitio web Magento. Disfrute de asistencia al cliente gratuita y otras bonificaciones de Elfsight.","breadcrumb":{"@id":"https:\/\/elfsight.com\/es\/telegram-chat-widget\/magento\/#breadcrumb"},"inLanguage":"es","potentialAction":[{"@type":"ReadAction","target":["https:\/\/elfsight.com\/es\/telegram-chat-widget\/magento\/"]}]},{"@type":"BreadcrumbList","@id":"https:\/\/elfsight.com\/es\/telegram-chat-widget\/magento\/#breadcrumb","itemListElement":[{"@type":"ListItem","position":1,"name":"Home","item":"https:\/\/elfsight.com\/es\/"},{"@type":"ListItem","position":2,"name":"Telegram Chat","item":"https:\/\/elfsight.com\/es\/telegram-chat-widget\/"},{"@type":"ListItem","position":3,"name":"Telegram Chat &#8211; Magento"}]},{"@type":"WebSite","@id":"https:\/\/elfsight.com\/es\/#website","url":"https:\/\/elfsight.com\/es\/","name":"Elfsight ES","description":"Just another Elfsight Sites site","potentialAction":[{"@type":"SearchAction","target":{"@type":"EntryPoint","urlTemplate":"https:\/\/elfsight.com\/es\/?s={search_term_string}"},"query-input":{"@type":"PropertyValueSpecification","valueRequired":true,"valueName":"search_term_string"}}],"inLanguage":"es"}]}},"meta_box":{"industry":"","seo_heading":"","heading":"","description":"","cta_heading":"","cta_description":"","application":"1013","h1":"Chat de Telegram de Magento","h1_caption":"La forma m\u00e1s pr\u00e1ctica de comunicarse directamente en su sitio","application_category":[],"applications_title":"","applications_request_title":"","applications_request_button_text":"","hero_text":"","hero_video":"","hero_video_schema_markup":"","selling_points_title":"","selling_points_caption":"","selling_points":[],"selling_points_cta_text":"","features_title":"","features":"","ed_cta_examples_text":"","ed_cta_examples_hidden":"","ed_cta_demo_text":"","ed_cta_demo_hidden":"","why_caption":"","why_editor_title":"","why_editor_text":"","why_team_title":"","why_team_text":"","why_service_title":"","why_service_text":"","template_catalog_visible":"","template_catalog_title":"","template_catalog_text":"","template_catalog_categories_visible":"","demo_title":"Crea tu extensi\u00f3n de Chat de Telegram","demo_caption":"\u00a1Configura tu chat de Telegram y agr\u00e9galo a tu sitio web Magento gratis!","default_faq_hidden":"","app_template_category":[],"platform":"82","template_public_id":"","codecanyon_url":"","codecanyon_item_id":"","codecanyon_price":"","pricing_caption":"","pricing_elfsight_apps_hide_column":"","pricing_elfsight_apps_url":"","pricing_codecanyon_price_caption":"","integration_category":[],"integration_request_title":"","integration_request_cta":"","integration_platform":"","integrations":[],"platform_category":[],"video_schema_markup":"","price":"desde $0 \/ mes","trial":"","benefits":[{"text":"Ayuda de instalaci\u00f3n gratuita"},{"text":"Servicio al cliente profesional"},{"text":"Garant\u00eda de reembolso de 14 d\u00edas"},{"text":"Mejoras peri\u00f3dicas"}],"button_url":"#demo","button_target_blank":"","button_nofollow":"","attributes":[{"name":"Instalaciones","content":"10,000 - 100,000"},{"name":"Sensible","content":"S\u00ed"},{"name":"Navegadores compatibles","content":"Firefox, Safari, Opera, Chrome, Edge"}],"tags":[],"tags_disable_links":"","hide_more_platforms":"","video_object":"","demo_hide_cta":"","demo_hide_cloud_options":"","pricing_title":"","pricing":[{"pricing_icon":"platform","pricing_title":"Elfsight Apps","pricing_title_caption":"Versi\u00f3n independiente de la plataforma","pricing_price":"desde $0 \/ mes","pricing_price_caption":"comienza con un plan gratuito","pricing_benefits":[{"text":"Sitios web ilimitados"},{"text":"Soporte r\u00e1pido y puntual"},{"text":"Soporte de instalaci\u00f3n gratuito"},{"text":"Dise\u00f1o flexible"}],"pricing_button_text":"A\u00f1adir al sitio web","pricing_button_url":"#demo"}],"related_apps_title":"","related_apps_hidden":"","author":"","image":[],"title":"","job":"","social_networks":[]},"_links":{"self":[{"href":"https:\/\/elfsight.com\/es\/wp-json\/wp\/v2\/pages\/7764","targetHints":{"allow":["GET"]}}],"collection":[{"href":"https:\/\/elfsight.com\/es\/wp-json\/wp\/v2\/pages"}],"about":[{"href":"https:\/\/elfsight.com\/es\/wp-json\/wp\/v2\/types\/page"}],"author":[{"embeddable":true,"href":"https:\/\/elfsight.com\/es\/wp-json\/wp\/v2\/users\/9"}],"replies":[{"embeddable":true,"href":"https:\/\/elfsight.com\/es\/wp-json\/wp\/v2\/comments?post=7764"}],"version-history":[{"count":2,"href":"https:\/\/elfsight.com\/es\/wp-json\/wp\/v2\/pages\/7764\/revisions"}],"predecessor-version":[{"id":18799,"href":"https:\/\/elfsight.com\/es\/wp-json\/wp\/v2\/pages\/7764\/revisions\/18799"}],"up":[{"embeddable":true,"href":"https:\/\/elfsight.com\/es\/wp-json\/wp\/v2\/pages\/1014"}],"wp:attachment":[{"href":"https:\/\/elfsight.com\/es\/wp-json\/wp\/v2\/media?parent=7764"}],"curies":[{"name":"wp","href":"https:\/\/api.w.org\/{rel}","templated":true}]}}