{"id":7749,"date":"1970-01-01T00:00:00","date_gmt":"1970-01-01T00:00:00","guid":{"rendered":"https:\/\/elfsight.com\/es\/?page_id=7749"},"modified":"2025-02-06T15:47:19","modified_gmt":"2025-02-06T15:47:19","slug":"google-sites","status":"publish","type":"page","link":"https:\/\/elfsight.com\/es\/telegram-chat-widget\/google-sites\/","title":{"rendered":"Telegram Chat &#8211; Google Sites"},"content":{"rendered":"<div class=\"application-platform-content-item-description application-platform-content-item\" id=\"description\" data-nav-section=\"description\"><h2>Incorpore Telegram Chat en Google Sites con el widget de Elfsight<\/h2><p>Telegram Chat para Google Sites creado por Elfsight es la forma m\u00e1s r\u00e1pida para que los clientes de su sitio se comuniquen con usted y obtengan respuestas a sus preguntas. Puede permanecer disponible en vivo para los clientes en su popular Messenger las 24 horas, los 7 d\u00edas de la semana. Agregue Telegram Chat en la p\u00e1gina web y haga que aparezca en p\u00e1ginas espec\u00edficas o para categor\u00edas espec\u00edficas de personas, elija activadores de inicio de chat, env\u00ede su mensaje de bienvenida personal, elija \u00edconos y mucho m\u00e1s. Con la ayuda del chat de Telegram que funciona en el sitio, usted permanecer\u00e1 conectado y ser\u00e1 su cliente en cualquier momento y sin importar d\u00f3nde se encuentre.<\/p><p><b>Nuestro chat de Telegram lo ayudar\u00e1 a estar disponible para los visitantes de su sitio en cualquier momento y desde cualquier lugar. \u00a1Es una de las formas m\u00e1s convenientes para que las personas se comuniquen contigo y resuelvan sus problemas!<\/b><\/p><\/div><div class=\"application-platform-content-item-features application-platform-content-item\" id=\"features\" data-nav-section=\"features\"><h2>Caracter\u00edsticas principales del widget de Telegram Chat<\/h2><p>Comprueba todas las funciones de Telegram Chat. Puede ajustarlos directamente en el editor y le ayudar\u00e1n a configurar el widget especialmente para sus necesidades.<\/p><ul><li>Integre Telegram Messenger en su sitio para tener conversaciones con los visitantes<\/li><li>Tres tipos de posici\u00f3n de chat: burbuja flotante, burbuja incrustada y ventana de chat incrustada;<\/li><li>Una biblioteca de iconos de burbujas para que pueda seleccionar;<\/li><li>Opci\u00f3n para editar el texto de la burbuja;<\/li><li>Encabezado de chat flexible con logotipo de p\u00e1gina, nombre y caption.<\/li><\/ul><p><a href=\"#demo\">Puedes probar todas las caracter\u00edsticas funcionales del widget directamente en la demostraci\u00f3n<\/a><\/p><\/div><div class=\"application-platform-content-item-installation application-platform-content-item\" id=\"installation\" data-nav-section=\"installation\"><h2>\u00bfC\u00f3mo integro Telegram Chat con mi sitio de Google Sites?<\/h2><p>Para comenzar a usar el widget, sigue las instrucciones a continuaci\u00f3n.<\/p><ol><li><b>Genere su widget de chat de Telegram personalizado<\/b><br>Administrando nuestro editor gratuito, configure un complemento con un dise\u00f1o preferido y caracter\u00edsticas funcionales.<\/li><li><b>Copia el c\u00f3digo individual para configurar el widget<\/b><br>Despu\u00e9s de haber generado su widget, obtendr\u00e1 el c\u00f3digo individual de la ventana que aparece en Elfsight Apps. Copie este c\u00f3digo.<\/li><li><b>Muestre el widget en su sitio Muse<\/b><br>Defina el lugar donde le gustar\u00eda mostrar el complemento y agregue el c\u00f3digo guardado all\u00ed. Guarde los cambios.<\/li><li><b>\u00a1Felicitaciones! \u00a1Acabas de integrar el widget!<\/b><br>Visita tu tienda para comprobar tu widget.<\/li><\/ol><div class=\"tip-yellow tip\"><b>Debido a las peculiaridades del funcionamiento de Google Sites, el widget puede tener un aspecto diferente al de la demostraci\u00f3n en l\u00ednea. Nos disculpamos por cualquier inconveniente causado.<\/b><\/div><p>Si se enfrenta a alg\u00fan obst\u00e1culo, no dude en ponerse en contacto con nuestro equipo de atenci\u00f3n al cliente. Nuestros especialistas estar\u00e1n encantados de resolver todas las preguntas que pueda tener con el complemento.<\/p> <div class=\"faq\" data-component=\"FAQ\"> <div class=\"faq-item\">\r\n\t\t\t\t\t<div class=\"faq-item-question\">\r\n\t\t\t\t\t\t<h3 class=\"faq-item-question-text\">\u00bfC\u00f3mo agregar Telegram Chat a mi sitio web de Google Sites sin conocimientos de codificaci\u00f3n?<\/h3>\r\n\r\n\t\t\t\t\t\t<div class=\"faq-item-question-icon\"><\/div>\r\n\t\t\t\t\t<\/div>\r\n\r\n\t\t\t\t\t<div class=\"faq-item-answer\">\r\n\t\t\t\t\t\t<div class=\"faq-item-answer-text\"> <p>Elfsight proporciona una soluci\u00f3n SaaS que le permite crear un widget de Telegram Chat usted mismo. Vea lo f\u00e1cil que es el proceso: trabaje directamente en el editor en l\u00ednea para crear un widget de Telegram Chat que le gustar\u00eda ver en su sitio web de Google Sites. Elija una de las plantillas predise\u00f1adas y ajuste la configuraci\u00f3n de Telegram Chat, agregue su contenido, cambie el dise\u00f1o y los colores sin conocimientos de codificaci\u00f3n. Guarde Telegram Chat y copie su c\u00f3digo de instalaci\u00f3n, que puede pegar f\u00e1cilmente en su sitio web de Google Sites sin comprar una versi\u00f3n paga. Con nuestro editor intuitivo, cualquier usuario de Internet puede crear un widget de Telegram Chat en l\u00ednea e incrustarlo f\u00e1cilmente en su sitio web de Google Sites. No es necesario pagar ni ingresar las credenciales de su tarjeta para acceder al servicio. Si tiene alg\u00fan problema en cualquier paso, no dude en ponerse en contacto con nuestro equipo de soporte t\u00e9cnico.<\/p> <\/div>\r\n\t\t\t\t\t<\/div>\r\n\t\t\t\t<\/div> <\/div> <\/div>","protected":false},"excerpt":{"rendered":"","protected":false},"author":9,"featured_media":0,"parent":1014,"menu_order":0,"comment_status":"closed","ping_status":"closed","template":"templates\/template-application-platform.php","meta":{"publish_to_discourse":"","publish_post_category":"","wpdc_auto_publish_overridden":"","wpdc_topic_tags":"","wpdc_pin_topic":"","wpdc_pin_until":"","discourse_post_id":"","discourse_permalink":"","wpdc_publishing_response":"","wpdc_publishing_error":"","footnotes":""},"class_list":["post-7749","page","type-page","status-publish","hentry"],"yoast_head":"<!-- This site is optimized with the Yoast SEO plugin v25.3.1 - https:\/\/yoast.com\/wordpress\/plugins\/seo\/ -->\n<title>Telegram Chat: agregue un widget de chat a Google Sites (2025)<\/title>\n<meta name=\"description\" content=\"Implemente un widget responsivo de Telegram Chat en su p\u00e1gina web de Google Sites y gane plena confianza. Utilice la pr\u00e1ctica demostraci\u00f3n de Elfsight para crear su herramienta \u00fanica.\" \/>\n<meta name=\"robots\" content=\"index, follow, max-snippet:-1, max-image-preview:large, max-video-preview:-1\" \/>\n<link rel=\"canonical\" href=\"https:\/\/elfsight.com\/es\/telegram-chat-widget\/google-sites\/\" \/>\n<meta property=\"og:locale\" content=\"es_ES\" \/>\n<meta property=\"og:type\" content=\"article\" \/>\n<meta property=\"og:title\" content=\"Telegram Chat: agregue un widget de chat a Google Sites (2025)\" \/>\n<meta property=\"og:description\" content=\"Implemente un widget responsivo de Telegram Chat en su p\u00e1gina web de Google Sites y gane plena confianza. Utilice la pr\u00e1ctica demostraci\u00f3n de Elfsight para crear su herramienta \u00fanica.\" \/>\n<meta property=\"og:url\" content=\"https:\/\/elfsight.com\/es\/telegram-chat-widget\/google-sites\/\" \/>\n<meta property=\"og:site_name\" content=\"Elfsight ES\" \/>\n<meta property=\"article:modified_time\" content=\"2025-02-06T15:47:19+00:00\" \/>\n<meta name=\"twitter:card\" content=\"summary_large_image\" \/>\n<meta name=\"twitter:label1\" content=\"Tiempo de lectura\" \/>\n\t<meta name=\"twitter:data1\" content=\"3 minutos\" \/>\n<!-- \/ Yoast SEO plugin. -->","yoast_head_json":{"title":"Telegram Chat: agregue un widget de chat a Google Sites (2025)","description":"Implemente un widget responsivo de Telegram Chat en su p\u00e1gina web de Google Sites y gane plena confianza. Utilice la pr\u00e1ctica demostraci\u00f3n de Elfsight para crear su herramienta \u00fanica.","robots":{"index":"index","follow":"follow","max-snippet":"max-snippet:-1","max-image-preview":"max-image-preview:large","max-video-preview":"max-video-preview:-1"},"canonical":"https:\/\/elfsight.com\/es\/telegram-chat-widget\/google-sites\/","og_locale":"es_ES","og_type":"article","og_title":"Telegram Chat: agregue un widget de chat a Google Sites (2025)","og_description":"Implemente un widget responsivo de Telegram Chat en su p\u00e1gina web de Google Sites y gane plena confianza. Utilice la pr\u00e1ctica demostraci\u00f3n de Elfsight para crear su herramienta \u00fanica.","og_url":"https:\/\/elfsight.com\/es\/telegram-chat-widget\/google-sites\/","og_site_name":"Elfsight ES","article_modified_time":"2025-02-06T15:47:19+00:00","twitter_card":"summary_large_image","twitter_misc":{"Tiempo de lectura":"3 minutos"},"schema":{"@context":"https:\/\/schema.org","@graph":[{"@type":"WebPage","@id":"https:\/\/elfsight.com\/es\/telegram-chat-widget\/google-sites\/","url":"https:\/\/elfsight.com\/es\/telegram-chat-widget\/google-sites\/","name":"Telegram Chat: agregue un widget de chat a Google Sites (2025)","isPartOf":{"@id":"https:\/\/elfsight.com\/es\/#website"},"datePublished":"1970-01-01T00:00:00+00:00","dateModified":"2025-02-06T15:47:19+00:00","description":"Implemente un widget responsivo de Telegram Chat en su p\u00e1gina web de Google Sites y gane plena confianza. Utilice la pr\u00e1ctica demostraci\u00f3n de Elfsight para crear su herramienta \u00fanica.","breadcrumb":{"@id":"https:\/\/elfsight.com\/es\/telegram-chat-widget\/google-sites\/#breadcrumb"},"inLanguage":"es","potentialAction":[{"@type":"ReadAction","target":["https:\/\/elfsight.com\/es\/telegram-chat-widget\/google-sites\/"]}]},{"@type":"BreadcrumbList","@id":"https:\/\/elfsight.com\/es\/telegram-chat-widget\/google-sites\/#breadcrumb","itemListElement":[{"@type":"ListItem","position":1,"name":"Home","item":"https:\/\/elfsight.com\/es\/"},{"@type":"ListItem","position":2,"name":"Telegram Chat","item":"https:\/\/elfsight.com\/es\/telegram-chat-widget\/"},{"@type":"ListItem","position":3,"name":"Telegram Chat &#8211; Google Sites"}]},{"@type":"WebSite","@id":"https:\/\/elfsight.com\/es\/#website","url":"https:\/\/elfsight.com\/es\/","name":"Elfsight ES","description":"Just another Elfsight Sites site","potentialAction":[{"@type":"SearchAction","target":{"@type":"EntryPoint","urlTemplate":"https:\/\/elfsight.com\/es\/?s={search_term_string}"},"query-input":{"@type":"PropertyValueSpecification","valueRequired":true,"valueName":"search_term_string"}}],"inLanguage":"es"}]}},"meta_box":{"industry":"","seo_heading":"","heading":"","description":"","cta_heading":"","cta_description":"","application":"1013","h1":"Widget de chat de Telegram de Google Sites","h1_caption":"La forma m\u00e1s pr\u00e1ctica de interactuar directamente en su sitio web","application_category":[],"applications_title":"","applications_request_title":"","applications_request_button_text":"","hero_text":"","hero_video":"","hero_video_schema_markup":"","selling_points_title":"","selling_points_caption":"","selling_points":[],"selling_points_cta_text":"","features_title":"","features":"","ed_cta_examples_text":"","ed_cta_examples_hidden":"","ed_cta_demo_text":"","ed_cta_demo_hidden":"","why_caption":"","why_editor_title":"","why_editor_text":"","why_team_title":"","why_team_text":"","why_service_title":"","why_service_text":"","template_catalog_visible":"","template_catalog_title":"","template_catalog_text":"","template_catalog_categories_visible":"","demo_title":"Crea tu widget de chat de Telegram","demo_caption":"\u00a1Configura tu chat de Telegram y agr\u00e9galo a tu sitio web de Google Sites gratis!","default_faq_hidden":"","app_template_category":[],"platform":"67","template_public_id":"","codecanyon_url":"","codecanyon_item_id":"","codecanyon_price":"","pricing_caption":"","pricing_elfsight_apps_hide_column":"","pricing_elfsight_apps_url":"","pricing_codecanyon_price_caption":"","integration_category":[],"integration_request_title":"","integration_request_cta":"","integration_platform":"","integrations":[],"platform_category":[],"video_schema_markup":"","price":"desde $0 \/ mes","trial":"","benefits":[{"text":"Servicio de instalaci\u00f3n gratuito"},{"text":"Soporte excepcional"},{"text":"Garant\u00eda de reembolso de 14 d\u00edas"},{"text":"Actualizaciones continuas"}],"button_url":"#demo","button_target_blank":"","button_nofollow":"","attributes":[{"name":"Instalaciones","content":"10,000 - 100,000"},{"name":"Sensible","content":"Optimizado para dispositivos m\u00f3viles"},{"name":"Navegadores compatibles","content":"Chrome, Safari, Opera, Firefox, Edge"}],"tags":[],"tags_disable_links":"","hide_more_platforms":"","video_object":"","demo_hide_cta":"","demo_hide_cloud_options":"","pricing_title":"","pricing":[{"pricing_icon":"platform","pricing_title":"Elfsight Apps","pricing_title_caption":"Software independiente de la plataforma que se adapta a cualquier sitio web","pricing_price":"desde $0 \/ mes","pricing_price_caption":"comienza con el plan gratuito","pricing_benefits":[{"text":"Sitios web ilimitados"},{"text":"Soporte premium y puntual"},{"text":"Servicio de instalaci\u00f3n gratuito"},{"text":"Oferta especial para m\u00faltiples aplicaciones."}],"pricing_button_text":"A\u00f1adir al sitio web","pricing_button_url":"#demo"}],"related_apps_title":"","related_apps_hidden":"","author":"","image":[],"title":"","job":"","social_networks":[]},"_links":{"self":[{"href":"https:\/\/elfsight.com\/es\/wp-json\/wp\/v2\/pages\/7749","targetHints":{"allow":["GET"]}}],"collection":[{"href":"https:\/\/elfsight.com\/es\/wp-json\/wp\/v2\/pages"}],"about":[{"href":"https:\/\/elfsight.com\/es\/wp-json\/wp\/v2\/types\/page"}],"author":[{"embeddable":true,"href":"https:\/\/elfsight.com\/es\/wp-json\/wp\/v2\/users\/9"}],"replies":[{"embeddable":true,"href":"https:\/\/elfsight.com\/es\/wp-json\/wp\/v2\/comments?post=7749"}],"version-history":[{"count":2,"href":"https:\/\/elfsight.com\/es\/wp-json\/wp\/v2\/pages\/7749\/revisions"}],"predecessor-version":[{"id":18806,"href":"https:\/\/elfsight.com\/es\/wp-json\/wp\/v2\/pages\/7749\/revisions\/18806"}],"up":[{"embeddable":true,"href":"https:\/\/elfsight.com\/es\/wp-json\/wp\/v2\/pages\/1014"}],"wp:attachment":[{"href":"https:\/\/elfsight.com\/es\/wp-json\/wp\/v2\/media?parent=7749"}],"curies":[{"name":"wp","href":"https:\/\/api.w.org\/{rel}","templated":true}]}}