{"id":7748,"date":"1970-01-01T00:00:00","date_gmt":"1970-01-01T00:00:00","guid":{"rendered":"https:\/\/elfsight.com\/es\/?page_id=7748"},"modified":"2025-02-06T15:47:19","modified_gmt":"2025-02-06T15:47:19","slug":"godaddy","status":"publish","type":"page","link":"https:\/\/elfsight.com\/es\/telegram-chat-widget\/godaddy\/","title":{"rendered":"Telegram Chat &#8211; GoDaddy"},"content":{"rendered":"<div class=\"application-platform-content-item-description application-platform-content-item\" id=\"description\" data-nav-section=\"description\"><h2>Incorpore Telegram Chat en GoDaddy con el widget de Elfsight<\/h2><p>Telegram Chat creado por Elfsight es la forma m\u00e1s r\u00e1pida para que los clientes de su sitio se comuniquen con usted y obtengan respuestas a sus preguntas. Puede permanecer disponible en vivo para los clientes en su popular Messenger las 24 horas, los 7 d\u00edas de la semana. Agregue Telegram Chat en la p\u00e1gina web y haga que aparezca en p\u00e1ginas espec\u00edficas o para categor\u00edas espec\u00edficas de personas, elija activadores de inicio de chat, env\u00ede su mensaje de bienvenida personal, elija \u00edconos y mucho m\u00e1s. Con la ayuda del chat de Telegram que funciona en el sitio, usted permanecer\u00e1 conectado y ser\u00e1 su cliente en cualquier momento y sin importar d\u00f3nde se encuentre.<\/p><p><b>Nuestro chat de Telegram lo ayudar\u00e1 a estar disponible para los visitantes de su sitio en cualquier momento y desde cualquier lugar. \u00a1Es una de las formas m\u00e1s convenientes para que las personas se comuniquen contigo y resuelvan sus problemas!<\/b><\/p><\/div><div class=\"application-platform-content-item-features application-platform-content-item\" id=\"features\" data-nav-section=\"features\"><h2>Caracter\u00edsticas principales del widget de Telegram Chat<\/h2><p>Comprueba todas las funciones de Telegram Chat. Puede ajustarlos directamente en el editor y le ayudar\u00e1n a configurar el complemento especialmente para sus necesidades.<\/p><ul><li>Integre Telegram Messenger en su sitio para tener conversaciones con los visitantes<\/li><li>Tres tipos de posici\u00f3n de chat: burbuja flotante, burbuja incrustada y ventana de chat incrustada;<\/li><li>Una biblioteca de iconos de burbujas para que pueda seleccionar;<\/li><li>Opci\u00f3n para editar el texto de la burbuja;<\/li><li>Encabezado de FlexibleChat con el logotipo de la p\u00e1gina, el nombre y caption.<\/li><\/ul><p><a href=\"#demo\">Puedes probar todas las caracter\u00edsticas funcionales del complemento directamente en la demostraci\u00f3n<\/a><\/p><\/div><div class=\"application-platform-content-item-installation application-platform-content-item\" id=\"installation\" data-nav-section=\"installation\"><h2>\u00bfC\u00f3mo integro Telegram Chat con mi sitio GoDaddy?<\/h2><p>Para comenzar a usar el complemento, sigue las siguientes pautas.<\/p><ol><li><b>Generar su complemento personalizado de Telegram Chat<\/b><br>Al administrar nuestro editor gratuito, configure un complemento con un dise\u00f1o preferido y caracter\u00edsticas funcionales.<\/li><li><b>Copia el c\u00f3digo individual para configurar el complemento<\/b><br>Despu\u00e9s de haber generado su complemento, obtendr\u00e1 el c\u00f3digo individual de la ventana que aparece en Elfsight Apps. Copie este c\u00f3digo.<\/li><li><b>Muestre el complemento en su sitio Muse<\/b><br>Defina el lugar donde desea mostrar el complemento y agregue el c\u00f3digo guardado all\u00ed. Guarde los cambios.<\/li><li><b>\u00a1Felicitaciones! \u00a1Acabas de integrar el complemento!<\/b><br>Visita tu tienda para comprobar tu complemento.<\/li><\/ol><div class=\"tip-yellow tip\"><b>Debido a las peculiaridades de mostrar inserciones personalizadas con c\u00f3digo, las plantillas flotantes pueden tener un aspecto diferente al de la demostraci\u00f3n en l\u00ednea. T\u00f3mate tu tiempo para probar tus widgets.<\/b><\/div><p>No lo pienses dos veces en comunicarte con el servicio de atenci\u00f3n al cliente si necesitas asesoramiento o tienes preguntas. Estaremos encantados de ayudarle con cada consulta.<\/p><div class=\"faq\" data-component=\"FAQ\"> <div class=\"faq-item\">\r\n\t\t\t\t\t<div class=\"faq-item-question\">\r\n\t\t\t\t\t\t<h3 class=\"faq-item-question-text\">\u00bfC\u00f3mo puedo agregar Telegram Chat a mi sitio web de GoDaddy sin conocimientos de codificaci\u00f3n?<\/h3>\r\n\r\n\t\t\t\t\t\t<div class=\"faq-item-question-icon\"><\/div>\r\n\t\t\t\t\t<\/div>\r\n\r\n\t\t\t\t\t<div class=\"faq-item-answer\">\r\n\t\t\t\t\t\t<div class=\"faq-item-answer-text\"> <p>Elfsight proporciona una soluci\u00f3n SaaS que le permite crear un widget de Telegram Chat usted mismo. Vea lo f\u00e1cil que es el proceso: trabaje directamente en el editor en l\u00ednea para crear un widget de Telegram Chat que le gustar\u00eda ver en su sitio web de GoDaddy. Elija una de las plantillas predise\u00f1adas y ajuste la configuraci\u00f3n de Telegram Chat, agregue su contenido, cambie el dise\u00f1o y los colores sin conocimientos de codificaci\u00f3n. Guarde Telegram Chat y copie su c\u00f3digo de instalaci\u00f3n, que puede pegar f\u00e1cilmente en su sitio web de GoDaddy sin comprar una versi\u00f3n paga. Con nuestro editor intuitivo, cualquier usuario de Internet puede crear un widget de Telegram Chat en l\u00ednea e incrustarlo f\u00e1cilmente en su sitio web GoDaddy. No es necesario pagar ni ingresar las credenciales de su tarjeta para acceder al servicio. Si tiene alg\u00fan problema en cualquier paso, no dude en ponerse en contacto con nuestro equipo de soporte t\u00e9cnico.<\/p> <\/div>\r\n\t\t\t\t\t<\/div>\r\n\t\t\t\t<\/div> <\/div> <\/div>","protected":false},"excerpt":{"rendered":"","protected":false},"author":9,"featured_media":0,"parent":1014,"menu_order":0,"comment_status":"closed","ping_status":"closed","template":"templates\/template-application-platform.php","meta":{"publish_to_discourse":"","publish_post_category":"","wpdc_auto_publish_overridden":"","wpdc_topic_tags":"","wpdc_pin_topic":"","wpdc_pin_until":"","discourse_post_id":"","discourse_permalink":"","wpdc_publishing_response":"","wpdc_publishing_error":"","footnotes":""},"class_list":["post-7748","page","type-page","status-publish","hentry"],"yoast_head":"<!-- This site is optimized with the Yoast SEO plugin v25.3.1 - https:\/\/yoast.com\/wordpress\/plugins\/seo\/ -->\n<title>Chat de Telegram: \u00a1agregue el complemento de chat de Telegram al sitio web de GoDaddy!<\/title>\n<meta name=\"description\" content=\"\u00a1Permita que los visitantes de su sitio web se comuniquen con usted a trav\u00e9s del complemento de chat de Telegram para GoDaddy! \u00a1Aumente las ventas en unos pocos clics junto con Elfsight!\" \/>\n<meta name=\"robots\" content=\"index, follow, max-snippet:-1, max-image-preview:large, max-video-preview:-1\" \/>\n<link rel=\"canonical\" href=\"https:\/\/elfsight.com\/es\/telegram-chat-widget\/godaddy\/\" \/>\n<meta property=\"og:locale\" content=\"es_ES\" \/>\n<meta property=\"og:type\" content=\"article\" \/>\n<meta property=\"og:title\" content=\"Chat de Telegram: \u00a1agregue el complemento de chat de Telegram al sitio web de GoDaddy!\" \/>\n<meta property=\"og:description\" content=\"\u00a1Permita que los visitantes de su sitio web se comuniquen con usted a trav\u00e9s del complemento de chat de Telegram para GoDaddy! \u00a1Aumente las ventas en unos pocos clics junto con Elfsight!\" \/>\n<meta property=\"og:url\" content=\"https:\/\/elfsight.com\/es\/telegram-chat-widget\/godaddy\/\" \/>\n<meta property=\"og:site_name\" content=\"Elfsight ES\" \/>\n<meta property=\"article:modified_time\" content=\"2025-02-06T15:47:19+00:00\" \/>\n<meta name=\"twitter:card\" content=\"summary_large_image\" \/>\n<meta name=\"twitter:label1\" content=\"Tiempo de lectura\" \/>\n\t<meta name=\"twitter:data1\" content=\"3 minutos\" \/>\n<!-- \/ Yoast SEO plugin. -->","yoast_head_json":{"title":"Chat de Telegram: \u00a1agregue el complemento de chat de Telegram al sitio web de GoDaddy!","description":"\u00a1Permita que los visitantes de su sitio web se comuniquen con usted a trav\u00e9s del complemento de chat de Telegram para GoDaddy! \u00a1Aumente las ventas en unos pocos clics junto con Elfsight!","robots":{"index":"index","follow":"follow","max-snippet":"max-snippet:-1","max-image-preview":"max-image-preview:large","max-video-preview":"max-video-preview:-1"},"canonical":"https:\/\/elfsight.com\/es\/telegram-chat-widget\/godaddy\/","og_locale":"es_ES","og_type":"article","og_title":"Chat de Telegram: \u00a1agregue el complemento de chat de Telegram al sitio web de GoDaddy!","og_description":"\u00a1Permita que los visitantes de su sitio web se comuniquen con usted a trav\u00e9s del complemento de chat de Telegram para GoDaddy! \u00a1Aumente las ventas en unos pocos clics junto con Elfsight!","og_url":"https:\/\/elfsight.com\/es\/telegram-chat-widget\/godaddy\/","og_site_name":"Elfsight ES","article_modified_time":"2025-02-06T15:47:19+00:00","twitter_card":"summary_large_image","twitter_misc":{"Tiempo de lectura":"3 minutos"},"schema":{"@context":"https:\/\/schema.org","@graph":[{"@type":"WebPage","@id":"https:\/\/elfsight.com\/es\/telegram-chat-widget\/godaddy\/","url":"https:\/\/elfsight.com\/es\/telegram-chat-widget\/godaddy\/","name":"Chat de Telegram: \u00a1agregue el complemento de chat de Telegram al sitio web de GoDaddy!","isPartOf":{"@id":"https:\/\/elfsight.com\/es\/#website"},"datePublished":"1970-01-01T00:00:00+00:00","dateModified":"2025-02-06T15:47:19+00:00","description":"\u00a1Permita que los visitantes de su sitio web se comuniquen con usted a trav\u00e9s del complemento de chat de Telegram para GoDaddy! \u00a1Aumente las ventas en unos pocos clics junto con Elfsight!","breadcrumb":{"@id":"https:\/\/elfsight.com\/es\/telegram-chat-widget\/godaddy\/#breadcrumb"},"inLanguage":"es","potentialAction":[{"@type":"ReadAction","target":["https:\/\/elfsight.com\/es\/telegram-chat-widget\/godaddy\/"]}]},{"@type":"BreadcrumbList","@id":"https:\/\/elfsight.com\/es\/telegram-chat-widget\/godaddy\/#breadcrumb","itemListElement":[{"@type":"ListItem","position":1,"name":"Home","item":"https:\/\/elfsight.com\/es\/"},{"@type":"ListItem","position":2,"name":"Telegram Chat","item":"https:\/\/elfsight.com\/es\/telegram-chat-widget\/"},{"@type":"ListItem","position":3,"name":"Telegram Chat &#8211; GoDaddy"}]},{"@type":"WebSite","@id":"https:\/\/elfsight.com\/es\/#website","url":"https:\/\/elfsight.com\/es\/","name":"Elfsight ES","description":"Just another Elfsight Sites site","potentialAction":[{"@type":"SearchAction","target":{"@type":"EntryPoint","urlTemplate":"https:\/\/elfsight.com\/es\/?s={search_term_string}"},"query-input":{"@type":"PropertyValueSpecification","valueRequired":true,"valueName":"search_term_string"}}],"inLanguage":"es"}]}},"meta_box":{"industry":"","seo_heading":"","heading":"","description":"","cta_heading":"","cta_description":"","application":"1013","h1":"Complemento GoDaddy Telegram Chat","h1_caption":"Una de las formas m\u00e1s \u00fatiles de contactarlo directamente en su p\u00e1gina web","application_category":[],"applications_title":"","applications_request_title":"","applications_request_button_text":"","hero_text":"","hero_video":"","hero_video_schema_markup":"","selling_points_title":"","selling_points_caption":"","selling_points":[],"selling_points_cta_text":"","features_title":"","features":"","ed_cta_examples_text":"","ed_cta_examples_hidden":"","ed_cta_demo_text":"","ed_cta_demo_hidden":"","why_caption":"","why_editor_title":"","why_editor_text":"","why_team_title":"","why_team_text":"","why_service_title":"","why_service_text":"","template_catalog_visible":"","template_catalog_title":"","template_catalog_text":"","template_catalog_categories_visible":"","demo_title":"Crea tu complemento de chat de Telegram","demo_caption":"\u00a1Configura tu chat de Telegram y agr\u00e9galo a tu sitio web de GoDaddy gratis!","default_faq_hidden":"","app_template_category":[],"platform":"2183","template_public_id":"","codecanyon_url":"","codecanyon_item_id":"","codecanyon_price":"","pricing_caption":"","pricing_elfsight_apps_hide_column":"","pricing_elfsight_apps_url":"","pricing_codecanyon_price_caption":"","integration_category":[],"integration_request_title":"","integration_request_cta":"","integration_platform":"","integrations":[],"platform_category":[],"video_schema_markup":"","price":"desde $0 \/ mes","trial":"","benefits":[{"text":"Ayuda de instalaci\u00f3n gratuita"},{"text":"Servicio al cliente profesional"},{"text":"Garant\u00eda de reembolso de 14 d\u00edas"},{"text":"Actualizaciones gratuitas de por vida"}],"button_url":"#demo","button_target_blank":"","button_nofollow":"","attributes":[{"name":"Instalaciones","content":"10,000 - 100,000"},{"name":"Sensible","content":"S\u00ed"},{"name":"Navegadores compatibles","content":"IE11, Firefox, Safari, Opera, Chrome, Edge"}],"tags":[],"tags_disable_links":"","hide_more_platforms":"","video_object":"","demo_hide_cta":"","demo_hide_cloud_options":"","pricing_title":"","pricing":[{"pricing_icon":"platform","pricing_title":"Elfsight Apps","pricing_title_caption":"Soluci\u00f3n digital multiplataforma que se adapta a cualquier sitio","pricing_price":"desde $0 \/ mes","pricing_price_caption":"comienza con el plan gratuito","pricing_benefits":[{"text":"Dominios ilimitados"},{"text":"Atenci\u00f3n al cliente premium y bien documentada."},{"text":"Ayuda de instalaci\u00f3n gratuita"},{"text":"Totalmente personalizable"}],"pricing_button_text":"A\u00f1adir al sitio web","pricing_button_url":"#demo"}],"related_apps_title":"","related_apps_hidden":"","author":"","image":[],"title":"","job":"","social_networks":[]},"_links":{"self":[{"href":"https:\/\/elfsight.com\/es\/wp-json\/wp\/v2\/pages\/7748","targetHints":{"allow":["GET"]}}],"collection":[{"href":"https:\/\/elfsight.com\/es\/wp-json\/wp\/v2\/pages"}],"about":[{"href":"https:\/\/elfsight.com\/es\/wp-json\/wp\/v2\/types\/page"}],"author":[{"embeddable":true,"href":"https:\/\/elfsight.com\/es\/wp-json\/wp\/v2\/users\/9"}],"replies":[{"embeddable":true,"href":"https:\/\/elfsight.com\/es\/wp-json\/wp\/v2\/comments?post=7748"}],"version-history":[{"count":2,"href":"https:\/\/elfsight.com\/es\/wp-json\/wp\/v2\/pages\/7748\/revisions"}],"predecessor-version":[{"id":18807,"href":"https:\/\/elfsight.com\/es\/wp-json\/wp\/v2\/pages\/7748\/revisions\/18807"}],"up":[{"embeddable":true,"href":"https:\/\/elfsight.com\/es\/wp-json\/wp\/v2\/pages\/1014"}],"wp:attachment":[{"href":"https:\/\/elfsight.com\/es\/wp-json\/wp\/v2\/media?parent=7748"}],"curies":[{"name":"wp","href":"https:\/\/api.w.org\/{rel}","templated":true}]}}