{"id":7747,"date":"1970-01-01T00:00:00","date_gmt":"1970-01-01T00:00:00","guid":{"rendered":"https:\/\/elfsight.com\/es\/?page_id=7747"},"modified":"2025-02-06T15:47:19","modified_gmt":"2025-02-06T15:47:19","slug":"facebook","status":"publish","type":"page","link":"https:\/\/elfsight.com\/es\/telegram-chat-widget\/facebook\/","title":{"rendered":"Telegram Chat &#8211; Facebook Page"},"content":{"rendered":"<div class=\"application-platform-content-item-description application-platform-content-item\" id=\"description\" data-nav-section=\"description\"><h2>Descripci\u00f3n<\/h2><p>Telegram Chat de Elfsight es la forma m\u00e1s r\u00e1pida para que los visitantes de su p\u00e1gina se comuniquen con usted y obtengan respuestas a sus preguntas. Ahora puedes estar disponible en l\u00ednea para los espectadores en el Messenger favorito durante todo el d\u00eda. Agregue el widget de Telegram a su p\u00e1gina comercial y haga que aparezca para grupos seleccionados de usuarios, asigne activadores de inicio de chat, muestre su mensaje de bienvenida personalizado, seleccione \u00edconos y aplique otras personalizaciones. Al tener Telegram funcionando en tu p\u00e1gina, estar\u00e1s disponible para tu audiencia en cualquier momento y desde cualquier lugar.<\/p><p><b>\u00a1Haz que sea lo m\u00e1s f\u00e1cil posible conectarte a trav\u00e9s de Telegram Chat!<\/b><\/p><\/div> <div class=\"application-platform-content-item-features application-platform-content-item\" id=\"features\" data-nav-section=\"features\"><h2>Caracter\u00edsticas<\/h2><p>Comprueba todas las funciones de Telegram Chat. Est\u00e1n disponibles directamente en el editor y le ayudar\u00e1n a crear el widget que se ajuste a sus necesidades.<\/p><ul> <li>Incorpore Telegram Messenger en su p\u00e1gina para conversar con los visitantes<li>3 variantes de posici\u00f3n del chat: burbuja flotante, burbuja incrustada y ventana de chat incrustada;<\/li><li>Una colecci\u00f3n de \u00edconos de burbujas para elegir;<\/li><li>Texto de burbuja editable;<\/li><li>Encabezado de chat con logotipo, nombre y t\u00edtulo de la p\u00e1gina.<\/li><\/ul><p><a href=\"#demo\">Compruebe todas las dem\u00e1s funciones en la demostraci\u00f3n<\/a><\/p><\/div> <div class=\"application-platform-content-item-installation application-platform-content-item\" id=\"installation\" data-nav-section=\"installation\"><h2>\u00bfC\u00f3mo agregar la pesta\u00f1a Chat de Telegram a su p\u00e1gina comercial de Facebook?<\/h2><p>Para activar el widget en su p\u00e1gina, aplique las instrucciones a continuaci\u00f3n.<\/p><ol><li><b>Construya su widget de chat personalizado<\/b><br>Usando nuestro software gratuito demo, cree un complemento con una apariencia personalizada y agregue su n\u00famero.<\/li><li><b>Obtenga un c\u00f3digo personal para integrar el widget<\/b><br>Despu\u00e9s de haber creado su widget, obtendr\u00e1 el c\u00f3digo \u00fanico de la notificaci\u00f3n que aparece en Elfsight Apps. C\u00f3pialo para usarlo m\u00e1s adelante.<\/li><li><b>Agrega la pesta\u00f1a Telegram a la p\u00e1gina de Facebook<\/b><br> Crea tu pesta\u00f1a personalizada de Facebook. Inserte el c\u00f3digo que recibi\u00f3 en las aplicaciones de elfsight en la pesta\u00f1a. Si tiene alg\u00fan problema, simplemente consulte nuestra gu\u00eda sobre <a href=\"https:\/\/elfsight.com\/blog\/how-to-add-custom-tab-to-facebook-page\/\" target=\"_blank\" rel=\"noopener noreferrer\">creaci\u00f3n de una pesta\u00f1a personalizada de Facebook<\/a><\/li><li><b>La configuraci\u00f3n est\u00e1 completa<\/b><br>Vaya a su p\u00e1gina para verificar su trabajo.<\/li><\/ol><p>No lo piense dos veces para solucionarlo. Servicio de atenci\u00f3n al cliente de Elfsight en caso de que necesite ayuda o tenga preguntas. Nuestros especialistas le ayudar\u00e1n con cada solicitud.<\/p><div class=\"faq\" data-component=\"FAQ\"> <div class=\"faq-item\">\r\n\t\t\t\t\t<div class=\"faq-item-question\">\r\n\t\t\t\t\t\t<h3 class=\"faq-item-question-text\">\u00bfC\u00f3mo agregar Telegram Chat al sitio web de mi p\u00e1gina de Facebook sin conocimientos de codificaci\u00f3n?<\/h3>\r\n\r\n\t\t\t\t\t\t<div class=\"faq-item-question-icon\"><\/div>\r\n\t\t\t\t\t<\/div>\r\n\r\n\t\t\t\t\t<div class=\"faq-item-answer\">\r\n\t\t\t\t\t\t<div class=\"faq-item-answer-text\"> <p>Elfsight proporciona una soluci\u00f3n SaaS que le permite crear un widget de Telegram Chat usted mismo. Vea lo f\u00e1cil que es el proceso: trabaje directamente en el editor en l\u00ednea para crear un widget de Telegram Chat que le gustar\u00eda ver en el sitio web de su p\u00e1gina de Facebook. Elija una de las plantillas predise\u00f1adas y ajuste la configuraci\u00f3n de Telegram Chat, agregue su contenido, cambie el dise\u00f1o y los colores sin conocimientos de codificaci\u00f3n. Guarde el chat de Telegram y copie su c\u00f3digo de instalaci\u00f3n, que puede pegar f\u00e1cilmente en el sitio web de su p\u00e1gina de Facebook sin comprar un plan pago. Con nuestro editor intuitivo, cualquier usuario de Internet puede crear un widget de Telegram Chat en l\u00ednea e incrustarlo f\u00e1cilmente en el sitio web de su p\u00e1gina de Facebook. No es necesario pagar ni ingresar las credenciales de su tarjeta para acceder al servicio. Si tiene alg\u00fan problema en cualquier paso, no dude en ponerse en contacto con nuestro equipo de soporte t\u00e9cnico.<\/p> <\/div>\r\n\t\t\t\t\t<\/div>\r\n\t\t\t\t<\/div> <\/div> <\/div>","protected":false},"excerpt":{"rendered":"","protected":false},"author":9,"featured_media":0,"parent":1014,"menu_order":0,"comment_status":"closed","ping_status":"closed","template":"templates\/template-application-platform.php","meta":{"publish_to_discourse":"","publish_post_category":"","wpdc_auto_publish_overridden":"","wpdc_topic_tags":"","wpdc_pin_topic":"","wpdc_pin_until":"","discourse_post_id":"","discourse_permalink":"","wpdc_publishing_response":"","wpdc_publishing_error":"","footnotes":""},"class_list":["post-7747","page","type-page","status-publish","hentry"],"yoast_head":"<!-- This site is optimized with the Yoast SEO plugin v25.3.1 - https:\/\/yoast.com\/wordpress\/plugins\/seo\/ -->\n<title>Agregue la pesta\u00f1a Chat de Telegram a la p\u00e1gina comercial de Facebook (2025)<\/title>\n<meta name=\"description\" content=\"Es muy sencillo crear su pesta\u00f1a Telegram Chat y agregarla a su p\u00e1gina comercial de Facebook. La atenci\u00f3n al cliente de Elfsight es gratuita y r\u00e1pida.\" \/>\n<meta name=\"robots\" content=\"index, follow, max-snippet:-1, max-image-preview:large, max-video-preview:-1\" \/>\n<link rel=\"canonical\" href=\"https:\/\/elfsight.com\/es\/telegram-chat-widget\/facebook\/\" \/>\n<meta property=\"og:locale\" content=\"es_ES\" \/>\n<meta property=\"og:type\" content=\"article\" \/>\n<meta property=\"og:title\" content=\"Agregue la pesta\u00f1a Chat de Telegram a la p\u00e1gina comercial de Facebook (2025)\" \/>\n<meta property=\"og:description\" content=\"Es muy sencillo crear su pesta\u00f1a Telegram Chat y agregarla a su p\u00e1gina comercial de Facebook. La atenci\u00f3n al cliente de Elfsight es gratuita y r\u00e1pida.\" \/>\n<meta property=\"og:url\" content=\"https:\/\/elfsight.com\/es\/telegram-chat-widget\/facebook\/\" \/>\n<meta property=\"og:site_name\" content=\"Elfsight ES\" \/>\n<meta property=\"article:modified_time\" content=\"2025-02-06T15:47:19+00:00\" \/>\n<meta name=\"twitter:card\" content=\"summary_large_image\" \/>\n<meta name=\"twitter:label1\" content=\"Tiempo de lectura\" \/>\n\t<meta name=\"twitter:data1\" content=\"3 minutos\" \/>\n<!-- \/ Yoast SEO plugin. -->","yoast_head_json":{"title":"Agregue la pesta\u00f1a Chat de Telegram a la p\u00e1gina comercial de Facebook (2025)","description":"Es muy sencillo crear su pesta\u00f1a Telegram Chat y agregarla a su p\u00e1gina comercial de Facebook. La atenci\u00f3n al cliente de Elfsight es gratuita y r\u00e1pida.","robots":{"index":"index","follow":"follow","max-snippet":"max-snippet:-1","max-image-preview":"max-image-preview:large","max-video-preview":"max-video-preview:-1"},"canonical":"https:\/\/elfsight.com\/es\/telegram-chat-widget\/facebook\/","og_locale":"es_ES","og_type":"article","og_title":"Agregue la pesta\u00f1a Chat de Telegram a la p\u00e1gina comercial de Facebook (2025)","og_description":"Es muy sencillo crear su pesta\u00f1a Telegram Chat y agregarla a su p\u00e1gina comercial de Facebook. La atenci\u00f3n al cliente de Elfsight es gratuita y r\u00e1pida.","og_url":"https:\/\/elfsight.com\/es\/telegram-chat-widget\/facebook\/","og_site_name":"Elfsight ES","article_modified_time":"2025-02-06T15:47:19+00:00","twitter_card":"summary_large_image","twitter_misc":{"Tiempo de lectura":"3 minutos"},"schema":{"@context":"https:\/\/schema.org","@graph":[{"@type":"WebPage","@id":"https:\/\/elfsight.com\/es\/telegram-chat-widget\/facebook\/","url":"https:\/\/elfsight.com\/es\/telegram-chat-widget\/facebook\/","name":"Agregue la pesta\u00f1a Chat de Telegram a la p\u00e1gina comercial de Facebook (2025)","isPartOf":{"@id":"https:\/\/elfsight.com\/es\/#website"},"datePublished":"1970-01-01T00:00:00+00:00","dateModified":"2025-02-06T15:47:19+00:00","description":"Es muy sencillo crear su pesta\u00f1a Telegram Chat y agregarla a su p\u00e1gina comercial de Facebook. La atenci\u00f3n al cliente de Elfsight es gratuita y r\u00e1pida.","breadcrumb":{"@id":"https:\/\/elfsight.com\/es\/telegram-chat-widget\/facebook\/#breadcrumb"},"inLanguage":"es","potentialAction":[{"@type":"ReadAction","target":["https:\/\/elfsight.com\/es\/telegram-chat-widget\/facebook\/"]}]},{"@type":"BreadcrumbList","@id":"https:\/\/elfsight.com\/es\/telegram-chat-widget\/facebook\/#breadcrumb","itemListElement":[{"@type":"ListItem","position":1,"name":"Home","item":"https:\/\/elfsight.com\/es\/"},{"@type":"ListItem","position":2,"name":"Telegram Chat","item":"https:\/\/elfsight.com\/es\/telegram-chat-widget\/"},{"@type":"ListItem","position":3,"name":"Telegram Chat &#8211; Facebook Page"}]},{"@type":"WebSite","@id":"https:\/\/elfsight.com\/es\/#website","url":"https:\/\/elfsight.com\/es\/","name":"Elfsight ES","description":"Just another Elfsight Sites site","potentialAction":[{"@type":"SearchAction","target":{"@type":"EntryPoint","urlTemplate":"https:\/\/elfsight.com\/es\/?s={search_term_string}"},"query-input":{"@type":"PropertyValueSpecification","valueRequired":true,"valueName":"search_term_string"}}],"inLanguage":"es"}]}},"meta_box":{"industry":"","seo_heading":"","heading":"","description":"","cta_heading":"","cta_description":"","application":"1013","h1":"Chat de Telegram para la p\u00e1gina comercial de Facebook","h1_caption":"La forma m\u00e1s c\u00f3moda de ponernos en contacto contigo","application_category":[],"applications_title":"","applications_request_title":"","applications_request_button_text":"","hero_text":"","hero_video":"","hero_video_schema_markup":"","selling_points_title":"","selling_points_caption":"","selling_points":[],"selling_points_cta_text":"","features_title":"","features":"","ed_cta_examples_text":"","ed_cta_examples_hidden":"","ed_cta_demo_text":"","ed_cta_demo_hidden":"","why_caption":"","why_editor_title":"","why_editor_text":"","why_team_title":"","why_team_text":"","why_service_title":"","why_service_text":"","template_catalog_visible":"","template_catalog_title":"","template_catalog_text":"","template_catalog_categories_visible":"","demo_title":"Crea tu widget de chat de Telegram","demo_caption":"\u00a1Configure su chat de Telegram y agr\u00e9guelo al sitio web de su p\u00e1gina de Facebook de forma gratuita!","default_faq_hidden":"","app_template_category":[],"platform":"64","template_public_id":"","codecanyon_url":"","codecanyon_item_id":"","codecanyon_price":"","pricing_caption":"","pricing_elfsight_apps_hide_column":"","pricing_elfsight_apps_url":"","pricing_codecanyon_price_caption":"","integration_category":[],"integration_request_title":"","integration_request_cta":"","integration_platform":"","integrations":[],"platform_category":[],"video_schema_markup":"","price":"desde $0 \/ mes","trial":"","benefits":[{"text":"Ayuda de instalaci\u00f3n gratuita"},{"text":"Atenci\u00f3n al cliente experimentada"},{"text":"Garant\u00eda de reembolso de 14 d\u00edas"},{"text":"Actualizando constantemente"}],"button_url":"#demo","button_target_blank":"","button_nofollow":"","attributes":[{"name":"Instalaciones","content":"10,000 - 100,000"},{"name":"Sensible","content":"S\u00ed"},{"name":"Navegadores compatibles","content":"Firefox, Opera, Chrome, Edge, Safari"}],"tags":[],"tags_disable_links":"","hide_more_platforms":"","video_object":"","demo_hide_cta":"","demo_hide_cloud_options":"","pricing_title":"","pricing":[{"pricing_icon":"platform","pricing_title":"Elfsight Apps","pricing_title_caption":"Versi\u00f3n multiplataforma que funciona en cualquier sitio web.","pricing_price":"desde $0 \/ mes","pricing_price_caption":"comienza con el plan gratuito","pricing_benefits":[{"text":"Dominios ilimitados"},{"text":"Soporte profesional y puntual"},{"text":"Soporte de instalaci\u00f3n gratuito"},{"text":"100% personalizable"}],"pricing_button_text":"A\u00f1adir al sitio web","pricing_button_url":"#demo"}],"related_apps_title":"","related_apps_hidden":"","author":"","image":[],"title":"","job":"","social_networks":[]},"_links":{"self":[{"href":"https:\/\/elfsight.com\/es\/wp-json\/wp\/v2\/pages\/7747","targetHints":{"allow":["GET"]}}],"collection":[{"href":"https:\/\/elfsight.com\/es\/wp-json\/wp\/v2\/pages"}],"about":[{"href":"https:\/\/elfsight.com\/es\/wp-json\/wp\/v2\/types\/page"}],"author":[{"embeddable":true,"href":"https:\/\/elfsight.com\/es\/wp-json\/wp\/v2\/users\/9"}],"replies":[{"embeddable":true,"href":"https:\/\/elfsight.com\/es\/wp-json\/wp\/v2\/comments?post=7747"}],"version-history":[{"count":2,"href":"https:\/\/elfsight.com\/es\/wp-json\/wp\/v2\/pages\/7747\/revisions"}],"predecessor-version":[{"id":18808,"href":"https:\/\/elfsight.com\/es\/wp-json\/wp\/v2\/pages\/7747\/revisions\/18808"}],"up":[{"embeddable":true,"href":"https:\/\/elfsight.com\/es\/wp-json\/wp\/v2\/pages\/1014"}],"wp:attachment":[{"href":"https:\/\/elfsight.com\/es\/wp-json\/wp\/v2\/media?parent=7747"}],"curies":[{"name":"wp","href":"https:\/\/api.w.org\/{rel}","templated":true}]}}