{"id":7741,"date":"1970-01-01T00:00:00","date_gmt":"1970-01-01T00:00:00","guid":{"rendered":"https:\/\/elfsight.com\/es\/?page_id=7741"},"modified":"2025-02-06T15:47:27","modified_gmt":"2025-02-06T15:47:27","slug":"drupal","status":"publish","type":"page","link":"https:\/\/elfsight.com\/es\/telegram-chat-widget\/drupal\/","title":{"rendered":"Telegram Chat &#8211; Drupal"},"content":{"rendered":"<div class=\"application-platform-content-item-description application-platform-content-item\" id=\"description\" data-nav-section=\"description\"><h2>Descripci\u00f3n<\/h2><p>El m\u00f3dulo Telegram desarrollado por Elfsight es la herramienta m\u00e1s \u00fatil para que los clientes de su p\u00e1gina web se comuniquen con usted y escuchen respuestas a sus preguntas y solicitudes. Eres libre de permanecer disponible en l\u00ednea para tu clientela en el mensajero m\u00e1s c\u00f3modo las 24 horas, los 7 d\u00edas de la semana. Inserte Telegram Chat en el sitio de su sitio web y d\u00e9jelo aparecer en p\u00e1ginas espec\u00edficas o para ciertos tipos de personas, seleccione activadores de inicio de chat, escriba su propio mensaje de bienvenida, cambie \u00edconos y mucho m\u00e1s. Al utilizar Telegram Messenger en su sitio web, permanecer\u00e1 conectado con sus usuarios en cualquier momento y sin importar d\u00f3nde se encuentre.<\/p><p><b>\u00a1Es una de las formas m\u00e1s f\u00e1ciles para que las personas se comuniquen con usted y resuelvan sus preguntas!<\/b><\/p><\/div><div class=\"application-platform-content-item-features application-platform-content-item\" id=\"features\" data-nav-section=\"features\"><h2>Caracter\u00edsticas<\/h2><p>Aqu\u00ed puede ver todas las caracter\u00edsticas funcionales de Telegram Chat. Puedes ajustarlos directamente en el editor y te ayudar\u00e1n a construir el widget especialmente para tu caso.<\/p><ul><li>Integra Telegram Messenger en tu p\u00e1gina para conversar con los visitantes<li>Tres variantes de posici\u00f3n del chat: burbuja flotante, burbuja incrustada y ventana de chat incrustada;<\/li><li>Una colecci\u00f3n de \u00edconos de burbujas para elegir;<\/li><li>Opci\u00f3n para editar el texto de la burbuja;<\/li><li>Encabezado de chat con imagen de p\u00e1gina, nombre y t\u00edtulo.<\/li><\/ul><p><a href=\"#demo\">Vea c\u00f3mo funcionan todas las funciones en nuestra demostraci\u00f3n<\/a><\/p><\/div><div class=\"application-platform-content-item-installation application-platform-content-item\" id=\"installation\" data-nav-section=\"installation\"><h2>\u00bfC\u00f3mo agregar Telegram Chat Box a Drupal?<\/h2><p>Simplemente siga varios pasos que se detallan a continuaci\u00f3n para insertar la herramienta en Drupal.<\/p> <ol><li><b>Utilice nuestro configurador gratuito y comience a crear el suyo propio. M\u00f3dulo de chat de Telegram. <\/b><br> Determine la interfaz adecuada y las especificaciones del m\u00f3dulo y aplique las ediciones. <\/li> <li><b>Adquiere tu c\u00f3digo personal que aparece en el cuadro de Elfsight Apps. <\/b><br> Cuando finalice la configuraci\u00f3n de su m\u00f3dulo personal, copie el c\u00f3digo exclusivo en la ventana emergente que aparece y gu\u00e1rdelo para su uso posterior. <\/li> <li><b>Empiece a utilizar el widget en su sitio web Drupal. <\/b><br>Integra el c\u00f3digo que has copiado anteriormente en tu sitio web y aplica las mejoras. <\/li> <li><b>La configuraci\u00f3n se realiz\u00f3 correctamente. <\/b><br> Vaya a su sitio web para inspeccionar c\u00f3mo funciona la herramienta. <\/li><\/ol><p>No lo piense dos veces en comunicarse con el servicio de atenci\u00f3n al cliente de Elfsight si necesita asesoramiento o tiene problemas. Nuestros especialistas estar\u00e1n encantados de ayudarle con cada solicitud.<\/p><div class=\"faq\" data-component=\"FAQ\"> <div class=\"faq-item\">\r\n\t\t\t\t\t<div class=\"faq-item-question\">\r\n\t\t\t\t\t\t<h3 class=\"faq-item-question-text\">\u00bfC\u00f3mo agregar Telegram Chat a mi sitio web Drupal sin conocimientos de codificaci\u00f3n?<\/h3>\r\n\r\n\t\t\t\t\t\t<div class=\"faq-item-question-icon\"><\/div>\r\n\t\t\t\t\t<\/div>\r\n\r\n\t\t\t\t\t<div class=\"faq-item-answer\">\r\n\t\t\t\t\t\t<div class=\"faq-item-answer-text\"> <p>Elfsight proporciona una soluci\u00f3n SaaS que le permite crear un widget de Telegram Chat usted mismo. Vea lo f\u00e1cil que es el proceso: trabaje directamente en el editor en l\u00ednea para crear un widget de Telegram Chat que le gustar\u00eda ver en su sitio web Drupal. Elija una de las plantillas predise\u00f1adas y ajuste la configuraci\u00f3n de Telegram Chat, agregue su contenido, cambie el dise\u00f1o y los colores sin conocimientos de codificaci\u00f3n. Guarde Telegram Chat y copie su c\u00f3digo de instalaci\u00f3n, que puede pegar f\u00e1cilmente en su sitio web Drupal sin comprar una suscripci\u00f3n paga. Con nuestro editor intuitivo, cualquier usuario de Internet puede crear un widget de Telegram Chat en l\u00ednea e incrustarlo f\u00e1cilmente en su sitio web Drupal. No es necesario pagar ni ingresar las credenciales de su tarjeta para acceder al servicio. Si tiene alg\u00fan problema en cualquier paso, no dude en ponerse en contacto con nuestro equipo de soporte t\u00e9cnico.<\/p> <\/div>\r\n\t\t\t\t\t<\/div>\r\n\t\t\t\t<\/div> <\/div> <\/div>","protected":false},"excerpt":{"rendered":"","protected":false},"author":9,"featured_media":0,"parent":1014,"menu_order":0,"comment_status":"closed","ping_status":"closed","template":"templates\/template-application-platform.php","meta":{"publish_to_discourse":"","publish_post_category":"","wpdc_auto_publish_overridden":"","wpdc_topic_tags":"","wpdc_pin_topic":"","wpdc_pin_until":"","discourse_post_id":"","discourse_permalink":"","wpdc_publishing_response":"","wpdc_publishing_error":"","footnotes":""},"class_list":["post-7741","page","type-page","status-publish","hentry"],"yoast_head":"<!-- This site is optimized with the Yoast SEO plugin v25.3.1 - https:\/\/yoast.com\/wordpress\/plugins\/seo\/ -->\n<title>Agregue Telegram Chat Box al sitio web de Drupal (gratis y r\u00e1pido)<\/title>\n<meta name=\"description\" content=\"Con Elfsight, cree su cuadro de chat de Telegram y agr\u00e9guelo r\u00e1pidamente a su sitio Drupal. Ofrecemos servicio al cliente gratuito y m\u00e1s bonos.\" \/>\n<meta name=\"robots\" content=\"index, follow, max-snippet:-1, max-image-preview:large, max-video-preview:-1\" \/>\n<link rel=\"canonical\" href=\"https:\/\/elfsight.com\/es\/telegram-chat-widget\/drupal\/\" \/>\n<meta property=\"og:locale\" content=\"es_ES\" \/>\n<meta property=\"og:type\" content=\"article\" \/>\n<meta property=\"og:title\" content=\"Agregue Telegram Chat Box al sitio web de Drupal (gratis y r\u00e1pido)\" \/>\n<meta property=\"og:description\" content=\"Con Elfsight, cree su cuadro de chat de Telegram y agr\u00e9guelo r\u00e1pidamente a su sitio Drupal. Ofrecemos servicio al cliente gratuito y m\u00e1s bonos.\" \/>\n<meta property=\"og:url\" content=\"https:\/\/elfsight.com\/es\/telegram-chat-widget\/drupal\/\" \/>\n<meta property=\"og:site_name\" content=\"Elfsight ES\" \/>\n<meta property=\"article:modified_time\" content=\"2025-02-06T15:47:27+00:00\" \/>\n<meta name=\"twitter:card\" content=\"summary_large_image\" \/>\n<meta name=\"twitter:label1\" content=\"Tiempo de lectura\" \/>\n\t<meta name=\"twitter:data1\" content=\"3 minutos\" \/>\n<!-- \/ Yoast SEO plugin. -->","yoast_head_json":{"title":"Agregue Telegram Chat Box al sitio web de Drupal (gratis y r\u00e1pido)","description":"Con Elfsight, cree su cuadro de chat de Telegram y agr\u00e9guelo r\u00e1pidamente a su sitio Drupal. Ofrecemos servicio al cliente gratuito y m\u00e1s bonos.","robots":{"index":"index","follow":"follow","max-snippet":"max-snippet:-1","max-image-preview":"max-image-preview:large","max-video-preview":"max-video-preview:-1"},"canonical":"https:\/\/elfsight.com\/es\/telegram-chat-widget\/drupal\/","og_locale":"es_ES","og_type":"article","og_title":"Agregue Telegram Chat Box al sitio web de Drupal (gratis y r\u00e1pido)","og_description":"Con Elfsight, cree su cuadro de chat de Telegram y agr\u00e9guelo r\u00e1pidamente a su sitio Drupal. Ofrecemos servicio al cliente gratuito y m\u00e1s bonos.","og_url":"https:\/\/elfsight.com\/es\/telegram-chat-widget\/drupal\/","og_site_name":"Elfsight ES","article_modified_time":"2025-02-06T15:47:27+00:00","twitter_card":"summary_large_image","twitter_misc":{"Tiempo de lectura":"3 minutos"},"schema":{"@context":"https:\/\/schema.org","@graph":[{"@type":"WebPage","@id":"https:\/\/elfsight.com\/es\/telegram-chat-widget\/drupal\/","url":"https:\/\/elfsight.com\/es\/telegram-chat-widget\/drupal\/","name":"Agregue Telegram Chat Box al sitio web de Drupal (gratis y r\u00e1pido)","isPartOf":{"@id":"https:\/\/elfsight.com\/es\/#website"},"datePublished":"1970-01-01T00:00:00+00:00","dateModified":"2025-02-06T15:47:27+00:00","description":"Con Elfsight, cree su cuadro de chat de Telegram y agr\u00e9guelo r\u00e1pidamente a su sitio Drupal. Ofrecemos servicio al cliente gratuito y m\u00e1s bonos.","breadcrumb":{"@id":"https:\/\/elfsight.com\/es\/telegram-chat-widget\/drupal\/#breadcrumb"},"inLanguage":"es","potentialAction":[{"@type":"ReadAction","target":["https:\/\/elfsight.com\/es\/telegram-chat-widget\/drupal\/"]}]},{"@type":"BreadcrumbList","@id":"https:\/\/elfsight.com\/es\/telegram-chat-widget\/drupal\/#breadcrumb","itemListElement":[{"@type":"ListItem","position":1,"name":"Home","item":"https:\/\/elfsight.com\/es\/"},{"@type":"ListItem","position":2,"name":"Telegram Chat","item":"https:\/\/elfsight.com\/es\/telegram-chat-widget\/"},{"@type":"ListItem","position":3,"name":"Telegram Chat &#8211; Drupal"}]},{"@type":"WebSite","@id":"https:\/\/elfsight.com\/es\/#website","url":"https:\/\/elfsight.com\/es\/","name":"Elfsight ES","description":"Just another Elfsight Sites site","potentialAction":[{"@type":"SearchAction","target":{"@type":"EntryPoint","urlTemplate":"https:\/\/elfsight.com\/es\/?s={search_term_string}"},"query-input":{"@type":"PropertyValueSpecification","valueRequired":true,"valueName":"search_term_string"}}],"inLanguage":"es"}]}},"meta_box":{"industry":"","seo_heading":"","heading":"","description":"","cta_heading":"","cta_description":"","application":"1013","h1":"Chat de Telegrama Drupal","h1_caption":"La herramienta m\u00e1s \u00fatil para interactuar directamente en su sitio web","application_category":[],"applications_title":"","applications_request_title":"","applications_request_button_text":"","hero_text":"","hero_video":"","hero_video_schema_markup":"","selling_points_title":"","selling_points_caption":"","selling_points":[],"selling_points_cta_text":"","features_title":"","features":"","ed_cta_examples_text":"","ed_cta_examples_hidden":"","ed_cta_demo_text":"","ed_cta_demo_hidden":"","why_caption":"","why_editor_title":"","why_editor_text":"","why_team_title":"","why_team_text":"","why_service_title":"","why_service_text":"","template_catalog_visible":"","template_catalog_title":"","template_catalog_text":"","template_catalog_categories_visible":"","demo_title":"Crea tu m\u00f3dulo de Chat de Telegram","demo_caption":"\u00a1Configura tu chat de Telegram y agr\u00e9galo a tu sitio web Drupal gratis!","default_faq_hidden":"","app_template_category":[],"platform":"2161","template_public_id":"","codecanyon_url":"","codecanyon_item_id":"","codecanyon_price":"","pricing_caption":"","pricing_elfsight_apps_hide_column":"","pricing_elfsight_apps_url":"","pricing_codecanyon_price_caption":"","integration_category":[],"integration_request_title":"","integration_request_cta":"","integration_platform":"","integrations":[],"platform_category":[],"video_schema_markup":"","price":"desde $0 \/ mes","trial":"","benefits":[{"text":"Asistencia de instalaci\u00f3n gratuita"},{"text":"Servicio al cliente profesional"},{"text":"Garant\u00eda de reembolso de 14 d\u00edas"},{"text":"Mejoras continuas"}],"button_url":"#demo","button_target_blank":"","button_nofollow":"","attributes":[{"name":"Instalaciones","content":"10,000 - 100,000"},{"name":"Sensible","content":"S\u00ed"},{"name":"Navegadores compatibles","content":"IE11, Firefox, Safari, Opera, Chrome, Edge"}],"tags":[],"tags_disable_links":"","hide_more_platforms":"","video_object":"","demo_hide_cta":"","demo_hide_cloud_options":"","pricing_title":"","pricing":[{"pricing_icon":"platform","pricing_title":"Elfsight Apps","pricing_title_caption":"Soluci\u00f3n digital multiplataforma","pricing_price":"desde $0 \/ mes","pricing_price_caption":"comienza con el plan gratuito","pricing_benefits":[{"text":"Dominios ilimitados"},{"text":"Atenci\u00f3n al cliente dedicada"},{"text":"Ayuda de instalaci\u00f3n gratuita"},{"text":"Oferta especial para m\u00faltiples aplicaciones."}],"pricing_button_text":"A\u00f1adir al sitio web","pricing_button_url":"#demo"}],"related_apps_title":"","related_apps_hidden":"","author":"","image":[],"title":"","job":"","social_networks":[]},"_links":{"self":[{"href":"https:\/\/elfsight.com\/es\/wp-json\/wp\/v2\/pages\/7741","targetHints":{"allow":["GET"]}}],"collection":[{"href":"https:\/\/elfsight.com\/es\/wp-json\/wp\/v2\/pages"}],"about":[{"href":"https:\/\/elfsight.com\/es\/wp-json\/wp\/v2\/types\/page"}],"author":[{"embeddable":true,"href":"https:\/\/elfsight.com\/es\/wp-json\/wp\/v2\/users\/9"}],"replies":[{"embeddable":true,"href":"https:\/\/elfsight.com\/es\/wp-json\/wp\/v2\/comments?post=7741"}],"version-history":[{"count":2,"href":"https:\/\/elfsight.com\/es\/wp-json\/wp\/v2\/pages\/7741\/revisions"}],"predecessor-version":[{"id":18810,"href":"https:\/\/elfsight.com\/es\/wp-json\/wp\/v2\/pages\/7741\/revisions\/18810"}],"up":[{"embeddable":true,"href":"https:\/\/elfsight.com\/es\/wp-json\/wp\/v2\/pages\/1014"}],"wp:attachment":[{"href":"https:\/\/elfsight.com\/es\/wp-json\/wp\/v2\/media?parent=7741"}],"curies":[{"name":"wp","href":"https:\/\/api.w.org\/{rel}","templated":true}]}}