{"id":7732,"date":"1970-01-01T00:00:00","date_gmt":"1970-01-01T00:00:00","guid":{"rendered":"https:\/\/elfsight.com\/es\/?page_id=7732"},"modified":"2025-02-06T15:47:35","modified_gmt":"2025-02-06T15:47:35","slug":"woocommerce","status":"publish","type":"page","link":"https:\/\/elfsight.com\/es\/visitor-counter-widget\/woocommerce\/","title":{"rendered":"Visitor Counter &#8211; WooCommerce"},"content":{"rendered":"<div class=\"application-platform-content-item-description application-platform-content-item\" id=\"description\" data-nav-section=\"description\"> <h2>Descripci\u00f3n<\/h2> <p> Contador de visitantes para WooCommerce es una herramienta sencilla que le permite monitorear una cantidad de visitantes y las p\u00e1ginas m\u00e1s populares vistas dentro de un per\u00edodo de tiempo espec\u00edfico. Ahora es conveniente monitorear las m\u00e9tricas b\u00e1sicas sin habilidades adicionales de codificaci\u00f3n o an\u00e1lisis de datos. Adem\u00e1s, puede asegurarse f\u00e1cilmente ante la audiencia de que es una empresa de buena reputaci\u00f3n y obtener muchos m\u00e1s clientes o suscriptores nuevos. Con nuestras opciones elegantes adaptables y dise\u00f1os pr\u00e1cticos, puede crear el widget en su sitio con solo unos pocos clics. <\/p> <p><b>\u00a1Inserte un contador de visitantes para mejorar su t\u00e1ctica de comercio electr\u00f3nico y alcanzar sus desaf\u00edos! <\/b><\/p><\/div> <div class=\"application-platform-content-item-features application-platform-content-item\" id=\"features\" data-nav-section=\"features\"> <h2>Las caracter\u00edsticas fundamentales del widget ofrecen: <\/h2> <ul><li>F\u00e1cil de administrar sin necesidad de conocimientos espec\u00edficos de an\u00e1lisis y codificaci\u00f3n<\/li><li>Una amplia variedad de duraci\u00f3n para contar sus m\u00e9tricas<\/li><li>Dise\u00f1os \u00fatiles para formar toda la informaci\u00f3n de la manera conveniente <\/li><li>Claro, oscuro y personalizable esquemas de color para ajustar la herramienta <\/li><li>Elija el tama\u00f1o y el peso de la fuente <\/li><li>Simplemente implemente incluso sin conocimientos de codificaci\u00f3n <\/li><\/ul><p><a href=\"#demo\">Puede descubrir todas las capacidades del widget en la demostraci\u00f3n siguiente<\/a><\/p> <\/div> <div class=\"application-platform-content-item-installation application-platform-content-item\" id=\"installation\" data-nav-section=\"installation\"> <h2>\u00bfC\u00f3mo puedo incrustar? \u00bfContador de visitantes en mi sitio WooCommerce? <\/h2> <p>Simplemente siga un par de pasos que se describen a continuaci\u00f3n para comenzar a utilizar la herramienta: <\/p> <ol><li><b>Emplee nuestro editor gratuito y comience a darle forma a su instrumento personalizado. <\/b><br> Encuentre el aspecto y la funcionalidad personalizados del complemento y guarde las correcciones. <\/li> <li><b>Adquiera su c\u00f3digo individual revelado en el cuadro de Elfsight Apps. <\/b><br> Cuando finalice la configuraci\u00f3n de su herramienta, copie el c\u00f3digo individual en el cuadro que aparece y gu\u00e1rdelo para usarlo en el futuro. <\/li> <li><b>Comience a usar el complemento en el sitio WooCommerce. <\/b><br>Incruste el c\u00f3digo copiado anteriormente en su sitio web y aplique las ediciones. <\/li> <li><b>\u00a1Ya terminaste! La integraci\u00f3n se logra con \u00e9xito. <\/b><br> Vaya a su sitio para ver el funcionamiento de la herramienta. <\/li><\/ol> <p>Si tienes dudas o te encuentras con alguna dificultad, no dudes en ponerte en contacto con nuestro personal de atenci\u00f3n al cliente. Nuestros consultores estar\u00e1n encantados de resolver todas las dudas que puedas tener con la herramienta. <\/p> <div class=\"faq\" data-component=\"FAQ\"><div class=\"faq-item\">\r\n\t\t\t\t\t<div class=\"faq-item-question\">\r\n\t\t\t\t\t\t<h3 class=\"faq-item-question-text\">\u00bfDe qu\u00e9 manera puedo agregar Visitor Counter a mi p\u00e1gina de inicio de WooCommerce sin conocimientos de codificaci\u00f3n?<\/h3>\r\n\r\n\t\t\t\t\t\t<div class=\"faq-item-question-icon\"><\/div>\r\n\t\t\t\t\t<\/div>\r\n\r\n\t\t\t\t\t<div class=\"faq-item-answer\">\r\n\t\t\t\t\t\t<div class=\"faq-item-answer-text\"> <p>Elfsight ofrece una soluci\u00f3n que permite a las personas crear una aplicaci\u00f3n Visitor Counter usted mismo; consulte la gu\u00eda sencilla: Comience a trabajar directamente en el Editor en vivo para crear un widget de Visitor Counter que le gustar\u00eda integrar en su sitio web WooCommerce. Seleccione una de las plantillas predise\u00f1adas y modifique la configuraci\u00f3n del Contador de visitantes, agregue su contenido, cambie el dise\u00f1o y los colores sin codificaci\u00f3n. Guarde la configuraci\u00f3n que realiz\u00f3 en Visitor Counter y obtenga el c\u00f3digo de instalaci\u00f3n del widget, que se puede agregar f\u00e1cilmente a la p\u00e1gina de inicio de WooCommerce usando un plan gratuito. Con la ayuda del sencillo Configurador, cada usuario de Internet puede establecer un widget de Contador de visitantes y simplemente agregarlo a su p\u00e1gina web WooCommerce. No es necesario obtener un plan pago ni revelar las credenciales de su tarjeta para ingresar a Elfsight Editor. Si encuentra alg\u00fan obst\u00e1culo de cualquier tipo, no dude en comunicarse con nuestro servicio de atenci\u00f3n al cliente.<\/p> <\/div>\r\n\t\t\t\t\t<\/div>\r\n\t\t\t\t<\/div> <\/div><\/div>","protected":false},"excerpt":{"rendered":"","protected":false},"author":9,"featured_media":0,"parent":1034,"menu_order":0,"comment_status":"closed","ping_status":"closed","template":"templates\/template-application-platform.php","meta":{"publish_to_discourse":"","publish_post_category":"","wpdc_auto_publish_overridden":"","wpdc_topic_tags":"","wpdc_pin_topic":"","wpdc_pin_until":"","discourse_post_id":"","discourse_permalink":"","wpdc_publishing_response":"","wpdc_publishing_error":"","footnotes":""},"class_list":["post-7732","page","type-page","status-publish","hentry"],"yoast_head":"<!-- This site is optimized with the Yoast SEO plugin v25.3.1 - https:\/\/yoast.com\/wordpress\/plugins\/seo\/ -->\n<title>Agregue el complemento Visitor Counter a su sitio web WooCommerce<\/title>\n<meta name=\"description\" content=\"Esta es la mejor oportunidad para dise\u00f1ar el widget Contador de visitantes e incrustarlo en su sitio web. Obtenga servicio de atenci\u00f3n al cliente gratuito de Elfsight.\" \/>\n<meta name=\"robots\" content=\"index, follow, max-snippet:-1, max-image-preview:large, max-video-preview:-1\" \/>\n<link rel=\"canonical\" href=\"https:\/\/elfsight.com\/es\/visitor-counter-widget\/woocommerce\/\" \/>\n<meta property=\"og:locale\" content=\"es_ES\" \/>\n<meta property=\"og:type\" content=\"article\" \/>\n<meta property=\"og:title\" content=\"Agregue el complemento Visitor Counter a su sitio web WooCommerce\" \/>\n<meta property=\"og:description\" content=\"Esta es la mejor oportunidad para dise\u00f1ar el widget Contador de visitantes e incrustarlo en su sitio web. Obtenga servicio de atenci\u00f3n al cliente gratuito de Elfsight.\" \/>\n<meta property=\"og:url\" content=\"https:\/\/elfsight.com\/es\/visitor-counter-widget\/woocommerce\/\" \/>\n<meta property=\"og:site_name\" content=\"Elfsight ES\" \/>\n<meta property=\"article:modified_time\" content=\"2025-02-06T15:47:35+00:00\" \/>\n<meta name=\"twitter:card\" content=\"summary_large_image\" \/>\n<meta name=\"twitter:label1\" content=\"Tiempo de lectura\" \/>\n\t<meta name=\"twitter:data1\" content=\"3 minutos\" \/>\n<!-- \/ Yoast SEO plugin. -->","yoast_head_json":{"title":"Agregue el complemento Visitor Counter a su sitio web WooCommerce","description":"Esta es la mejor oportunidad para dise\u00f1ar el widget Contador de visitantes e incrustarlo en su sitio web. Obtenga servicio de atenci\u00f3n al cliente gratuito de Elfsight.","robots":{"index":"index","follow":"follow","max-snippet":"max-snippet:-1","max-image-preview":"max-image-preview:large","max-video-preview":"max-video-preview:-1"},"canonical":"https:\/\/elfsight.com\/es\/visitor-counter-widget\/woocommerce\/","og_locale":"es_ES","og_type":"article","og_title":"Agregue el complemento Visitor Counter a su sitio web WooCommerce","og_description":"Esta es la mejor oportunidad para dise\u00f1ar el widget Contador de visitantes e incrustarlo en su sitio web. Obtenga servicio de atenci\u00f3n al cliente gratuito de Elfsight.","og_url":"https:\/\/elfsight.com\/es\/visitor-counter-widget\/woocommerce\/","og_site_name":"Elfsight ES","article_modified_time":"2025-02-06T15:47:35+00:00","twitter_card":"summary_large_image","twitter_misc":{"Tiempo de lectura":"3 minutos"},"schema":{"@context":"https:\/\/schema.org","@graph":[{"@type":"WebPage","@id":"https:\/\/elfsight.com\/es\/visitor-counter-widget\/woocommerce\/","url":"https:\/\/elfsight.com\/es\/visitor-counter-widget\/woocommerce\/","name":"Agregue el complemento Visitor Counter a su sitio web WooCommerce","isPartOf":{"@id":"https:\/\/elfsight.com\/es\/#website"},"datePublished":"1970-01-01T00:00:00+00:00","dateModified":"2025-02-06T15:47:35+00:00","description":"Esta es la mejor oportunidad para dise\u00f1ar el widget Contador de visitantes e incrustarlo en su sitio web. Obtenga servicio de atenci\u00f3n al cliente gratuito de Elfsight.","breadcrumb":{"@id":"https:\/\/elfsight.com\/es\/visitor-counter-widget\/woocommerce\/#breadcrumb"},"inLanguage":"es","potentialAction":[{"@type":"ReadAction","target":["https:\/\/elfsight.com\/es\/visitor-counter-widget\/woocommerce\/"]}]},{"@type":"BreadcrumbList","@id":"https:\/\/elfsight.com\/es\/visitor-counter-widget\/woocommerce\/#breadcrumb","itemListElement":[{"@type":"ListItem","position":1,"name":"Home","item":"https:\/\/elfsight.com\/es\/"},{"@type":"ListItem","position":2,"name":"Visitor Counter","item":"https:\/\/elfsight.com\/es\/visitor-counter-widget\/"},{"@type":"ListItem","position":3,"name":"Visitor Counter &#8211; WooCommerce"}]},{"@type":"WebSite","@id":"https:\/\/elfsight.com\/es\/#website","url":"https:\/\/elfsight.com\/es\/","name":"Elfsight ES","description":"Just another Elfsight Sites site","potentialAction":[{"@type":"SearchAction","target":{"@type":"EntryPoint","urlTemplate":"https:\/\/elfsight.com\/es\/?s={search_term_string}"},"query-input":{"@type":"PropertyValueSpecification","valueRequired":true,"valueName":"search_term_string"}}],"inLanguage":"es"}]}},"meta_box":{"industry":"","seo_heading":"","heading":"","description":"","cta_heading":"","cta_description":"","application":"1033","h1":"Complemento de contador de visitantes de WooCommerce","h1_caption":"Supervise los an\u00e1lisis de su p\u00e1gina web y mejore la credibilidad de su negocio","application_category":[],"applications_title":"","applications_request_title":"","applications_request_button_text":"","hero_text":"","hero_video":"","hero_video_schema_markup":"","selling_points_title":"","selling_points_caption":"","selling_points":[],"selling_points_cta_text":"","features_title":"","features":"","ed_cta_examples_text":"","ed_cta_examples_hidden":"","ed_cta_demo_text":"","ed_cta_demo_hidden":"","why_caption":"","why_editor_title":"","why_editor_text":"","why_team_title":"","why_team_text":"","why_service_title":"","why_service_text":"","template_catalog_visible":"","template_catalog_title":"","template_catalog_text":"","template_catalog_categories_visible":"","demo_title":"Crea tu aplicaci\u00f3n de Contador de Visitantes","demo_caption":"\u00a1Configure su contador de visitantes y agr\u00e9guelo a su sitio web WooCommerce de forma gratuita!","default_faq_hidden":"","app_template_category":[],"platform":"2311","template_public_id":"","codecanyon_url":"","codecanyon_item_id":"","codecanyon_price":"","pricing_caption":"","pricing_elfsight_apps_hide_column":"","pricing_elfsight_apps_url":"","pricing_codecanyon_price_caption":"","integration_category":[],"integration_request_title":"","integration_request_cta":"","integration_platform":"","integrations":[],"platform_category":[],"video_schema_markup":"","price":"desde $0 \/ mes","trial":"","benefits":[{"text":"Servicio de instalaci\u00f3n gratuito"},{"text":"Atenci\u00f3n al cliente experimentada"},{"text":"Garant\u00eda de devoluci\u00f3n de dinero de 14 d\u00edas"},{"text":"Mejoras peri\u00f3dicas gratuitas"}],"button_url":"#demo","button_target_blank":"","button_nofollow":"","attributes":[{"name":"Instalaciones","content":"10,000 - 100,000"},{"name":"Sensible","content":"S\u00ed"},{"name":"Navegadores compatibles","content":"Firefox, Safari, Opera, Chrome, Edge"}],"tags":[],"tags_disable_links":"","hide_more_platforms":"","video_object":"","demo_hide_cta":"","demo_hide_cloud_options":"","pricing_title":"","pricing":[{"pricing_icon":"platform","pricing_title":"Elfsight Apps","pricing_title_caption":"Soluci\u00f3n digital multiplataforma","pricing_price":"desde $0 \/ mes","pricing_price_caption":"comienza con el plan gratuito","pricing_benefits":[{"text":"Sitios web ilimitados"},{"text":"Atenci\u00f3n al cliente gratuita y bien documentada."},{"text":"Servicio de instalaci\u00f3n gratuito"},{"text":"Dise\u00f1o flexible"}],"pricing_button_text":"A\u00f1adir al sitio web","pricing_button_url":"#demo"}],"related_apps_title":"","related_apps_hidden":"","author":"","image":[],"title":"","job":"","social_networks":[]},"_links":{"self":[{"href":"https:\/\/elfsight.com\/es\/wp-json\/wp\/v2\/pages\/7732","targetHints":{"allow":["GET"]}}],"collection":[{"href":"https:\/\/elfsight.com\/es\/wp-json\/wp\/v2\/pages"}],"about":[{"href":"https:\/\/elfsight.com\/es\/wp-json\/wp\/v2\/types\/page"}],"author":[{"embeddable":true,"href":"https:\/\/elfsight.com\/es\/wp-json\/wp\/v2\/users\/9"}],"replies":[{"embeddable":true,"href":"https:\/\/elfsight.com\/es\/wp-json\/wp\/v2\/comments?post=7732"}],"version-history":[{"count":2,"href":"https:\/\/elfsight.com\/es\/wp-json\/wp\/v2\/pages\/7732\/revisions"}],"predecessor-version":[{"id":18814,"href":"https:\/\/elfsight.com\/es\/wp-json\/wp\/v2\/pages\/7732\/revisions\/18814"}],"up":[{"embeddable":true,"href":"https:\/\/elfsight.com\/es\/wp-json\/wp\/v2\/pages\/1034"}],"wp:attachment":[{"href":"https:\/\/elfsight.com\/es\/wp-json\/wp\/v2\/media?parent=7732"}],"curies":[{"name":"wp","href":"https:\/\/api.w.org\/{rel}","templated":true}]}}