{"id":7731,"date":"1970-01-01T00:00:00","date_gmt":"1970-01-01T00:00:00","guid":{"rendered":"https:\/\/elfsight.com\/es\/?page_id=7731"},"modified":"2025-02-06T15:47:35","modified_gmt":"2025-02-06T15:47:35","slug":"wix","status":"publish","type":"page","link":"https:\/\/elfsight.com\/es\/visitor-counter-widget\/wix\/","title":{"rendered":"Visitor Counter &#8211; Wix"},"content":{"rendered":"<div class=\"application-platform-content-item-description application-platform-content-item\" id=\"description\" data-nav-section=\"description\"><h2>Descripci\u00f3n<\/h2> <p> Visitor Counter para Wix es una herramienta sencilla que te permite controlar tu n\u00famero de visitantes y las p\u00e1ginas m\u00e1s populares vistas dentro de un per\u00edodo de tiempo exacto. Ahora resulta c\u00f3modo comprobar las estad\u00edsticas esenciales sin necesidad de conocimientos espec\u00edficos de codificaci\u00f3n o an\u00e1lisis de datos. Adem\u00e1s, puede garantizar f\u00e1cilmente a los usuarios que es una empresa confiable y obtener muchos m\u00e1s clientes o suscriptores nuevos. Con nuestras elegantes opciones personalizables y pr\u00e1cticos dise\u00f1os, puede integrar la aplicaci\u00f3n en su p\u00e1gina con solo un clic. <\/p> <p><b>Incorpore el Contador de visitantes para mejorar su plan de comercio electr\u00f3nico y alcanzar sus desaf\u00edos m\u00e1s r\u00e1pido. <\/b><\/p><\/div> <div class=\"application-platform-content-item-features application-platform-content-item\" id=\"features\" data-nav-section=\"features\"> <h2>Estas son solo algunas de las muchas caracter\u00edsticas de la aplicaci\u00f3n: <\/h2> <ul><li>F\u00e1cil de usar sin necesidad de habilidades profesionales de an\u00e1lisis y codificaci\u00f3n<\/li><li>Una gran variedad de per\u00edodos de tiempo para comprobar tus estad\u00edsticas<\/li><li>Dise\u00f1os \u00fatiles para gestionar todos los puntos de forma pr\u00e1ctica <\/li><li>Ligero, Esquemas de colores oscuros y personalizables para ajustar la herramienta <\/li><li>Ajustar el tama\u00f1o y el peso de la fuente <\/li><li>Simplemente agregar en el sitio web incluso sin conocimientos de codificaci\u00f3n <\/li><\/ul><p><a href=\"#demo\">Explore todas las configuraciones en una demostraci\u00f3n con todas las funciones<\/a><\/p> <\/div> <div class=\"application-platform-content-item-installation application-platform-content-item\" id=\"installation\" data-nav-section=\"installation\"> <h2>\u00bfC\u00f3mo puedo \u00bfInsertar Visitor Tracker en mi p\u00e1gina web de Wix? <\/h2> <div class=\"video-container\"><iframe width=\"720\" height=\"405\" src=\"https:\/\/www.youtube.com\/embed\/2Gsps851Uoo\"><\/iframe><\/div><p>Simplemente siga varios pasos que se detallan a continuaci\u00f3n para activar la aplicaci\u00f3n:<\/p> <ol><li><b>Inicie nuestro editor gratuito y comience a darle forma a su aplicaci\u00f3n personalizada. <\/b><br>Determine la interfaz personalizada y las caracter\u00edsticas de la aplicaci\u00f3n y guarde las modificaciones. <\/li> <li><b>Obtenga su c\u00f3digo personal emergente en el cuadro de Elfsight Apps. <\/b><br> Una vez finalizada la configuraci\u00f3n de su widget personal, copie el c\u00f3digo individual de la ventana que aparece y gu\u00e1rdelo para usarlo en el futuro. <\/li> <li><b>Inicia la aplicaci\u00f3n de la aplicaci\u00f3n en tu p\u00e1gina web Wix. <\/b><br>Incrusta el c\u00f3digo que has guardado anteriormente en tu sitio web y guarda las modificaciones. <\/li> <li><b>\u00a1Ya terminaste! La incrustaci\u00f3n se realiza por completo. <\/b><br> Vaya a su sitio para revisar c\u00f3mo est\u00e1 funcionando la aplicaci\u00f3n. <\/li><\/ol> <p>Si tiene preguntas o enfrenta alguna dificultad, no dude en ponerse en contacto con nuestro personal de soporte. Nuestra gente est\u00e1 ansiosa por ayudarte con todas las dificultades que puedas tener con la aplicaci\u00f3n. <\/p> <div class=\"faq\" data-component=\"FAQ\"><div class=\"faq-item\">\r\n\t\t\t\t\t<div class=\"faq-item-question\">\r\n\t\t\t\t\t\t<h3 class=\"faq-item-question-text\">\u00bfExiste una opci\u00f3n para agregar Contador de visitantes a mi p\u00e1gina web Wix sin conocimientos de codificaci\u00f3n?<\/h3>\r\n\r\n\t\t\t\t\t\t<div class=\"faq-item-question-icon\"><\/div>\r\n\t\t\t\t\t<\/div>\r\n\r\n\t\t\t\t\t<div class=\"faq-item-answer\">\r\n\t\t\t\t\t\t<div class=\"faq-item-answer-text\"> <p>Elfsight ofrece una soluci\u00f3n SaaS que le permite generar un widget de Contador de visitantes usted mismo. Vea lo simple que es el proceso: vaya al Editor en l\u00ednea para establecer un complemento de Contador de visitantes que le gustar\u00eda integrar en su p\u00e1gina web Wix. Elija una de las plantillas ya preparadas y modifique la configuraci\u00f3n del Contador de visitantes, cambie el dise\u00f1o y el color de los elementos y actualice su contenido, sin experiencia en codificaci\u00f3n. Haz clic para guardar la configuraci\u00f3n que has realizado en Visitor Counter y copia su c\u00f3digo de instalaci\u00f3n, que puedes incluir f\u00e1cilmente en la p\u00e1gina web de Wix sin necesidad de comprar una suscripci\u00f3n paga. Trabajando en el Configurador f\u00e1cil de usar, cada usuario de Internet puede crear un complemento de Contador de visitantes en l\u00ednea e incrustarlo sin esfuerzo en cualquier sitio Wix. No es necesario obtener un plan pago ni enviar los datos de su tarjeta para ingresar a nuestro servicio. Si encuentra alg\u00fan problema en cualquier paso, no dude en comunicarse con nuestro equipo de soporte t\u00e9cnico.<\/p> <\/div>\r\n\t\t\t\t\t<\/div>\r\n\t\t\t\t<\/div> <\/div><\/div><p><\/p>","protected":false},"excerpt":{"rendered":"","protected":false},"author":9,"featured_media":0,"parent":1034,"menu_order":0,"comment_status":"closed","ping_status":"closed","template":"templates\/template-application-platform.php","meta":{"publish_to_discourse":"","publish_post_category":"","wpdc_auto_publish_overridden":"","wpdc_topic_tags":"","wpdc_pin_topic":"","wpdc_pin_until":"","discourse_post_id":"","discourse_permalink":"","wpdc_publishing_response":"","wpdc_publishing_error":"","footnotes":""},"class_list":["post-7731","page","type-page","status-publish","hentry"],"yoast_head":"<!-- This site is optimized with the Yoast SEO plugin v25.3.1 - https:\/\/yoast.com\/wordpress\/plugins\/seo\/ -->\n<title>Contador de visitas: agregue el complemento Contador de visitantes a Wix (gratis y r\u00e1pido)<\/title>\n<meta name=\"description\" content=\"Dise\u00f1e su mejor aplicaci\u00f3n de contador de visitas e incr\u00fastela en su sitio web de forma r\u00e1pida y sencilla. Contamos con atenci\u00f3n al cliente gratuita y otras bonificaciones.\" \/>\n<meta name=\"robots\" content=\"index, follow, max-snippet:-1, max-image-preview:large, max-video-preview:-1\" \/>\n<link rel=\"canonical\" href=\"https:\/\/elfsight.com\/es\/visitor-counter-widget\/wix\/\" \/>\n<meta property=\"og:locale\" content=\"es_ES\" \/>\n<meta property=\"og:type\" content=\"article\" \/>\n<meta property=\"og:title\" content=\"Contador de visitas: agregue el complemento Contador de visitantes a Wix (gratis y r\u00e1pido)\" \/>\n<meta property=\"og:description\" content=\"Dise\u00f1e su mejor aplicaci\u00f3n de contador de visitas e incr\u00fastela en su sitio web de forma r\u00e1pida y sencilla. Contamos con atenci\u00f3n al cliente gratuita y otras bonificaciones.\" \/>\n<meta property=\"og:url\" content=\"https:\/\/elfsight.com\/es\/visitor-counter-widget\/wix\/\" \/>\n<meta property=\"og:site_name\" content=\"Elfsight ES\" \/>\n<meta property=\"article:modified_time\" content=\"2025-02-06T15:47:35+00:00\" \/>\n<meta name=\"twitter:card\" content=\"summary_large_image\" \/>\n<meta name=\"twitter:label1\" content=\"Tiempo de lectura\" \/>\n\t<meta name=\"twitter:data1\" content=\"3 minutos\" \/>\n<!-- \/ Yoast SEO plugin. -->","yoast_head_json":{"title":"Contador de visitas: agregue el complemento Contador de visitantes a Wix (gratis y r\u00e1pido)","description":"Dise\u00f1e su mejor aplicaci\u00f3n de contador de visitas e incr\u00fastela en su sitio web de forma r\u00e1pida y sencilla. Contamos con atenci\u00f3n al cliente gratuita y otras bonificaciones.","robots":{"index":"index","follow":"follow","max-snippet":"max-snippet:-1","max-image-preview":"max-image-preview:large","max-video-preview":"max-video-preview:-1"},"canonical":"https:\/\/elfsight.com\/es\/visitor-counter-widget\/wix\/","og_locale":"es_ES","og_type":"article","og_title":"Contador de visitas: agregue el complemento Contador de visitantes a Wix (gratis y r\u00e1pido)","og_description":"Dise\u00f1e su mejor aplicaci\u00f3n de contador de visitas e incr\u00fastela en su sitio web de forma r\u00e1pida y sencilla. Contamos con atenci\u00f3n al cliente gratuita y otras bonificaciones.","og_url":"https:\/\/elfsight.com\/es\/visitor-counter-widget\/wix\/","og_site_name":"Elfsight ES","article_modified_time":"2025-02-06T15:47:35+00:00","twitter_card":"summary_large_image","twitter_misc":{"Tiempo de lectura":"3 minutos"},"schema":{"@context":"https:\/\/schema.org","@graph":[{"@type":"WebPage","@id":"https:\/\/elfsight.com\/es\/visitor-counter-widget\/wix\/","url":"https:\/\/elfsight.com\/es\/visitor-counter-widget\/wix\/","name":"Contador de visitas: agregue el complemento Contador de visitantes a Wix (gratis y r\u00e1pido)","isPartOf":{"@id":"https:\/\/elfsight.com\/es\/#website"},"datePublished":"1970-01-01T00:00:00+00:00","dateModified":"2025-02-06T15:47:35+00:00","description":"Dise\u00f1e su mejor aplicaci\u00f3n de contador de visitas e incr\u00fastela en su sitio web de forma r\u00e1pida y sencilla. Contamos con atenci\u00f3n al cliente gratuita y otras bonificaciones.","breadcrumb":{"@id":"https:\/\/elfsight.com\/es\/visitor-counter-widget\/wix\/#breadcrumb"},"inLanguage":"es","potentialAction":[{"@type":"ReadAction","target":["https:\/\/elfsight.com\/es\/visitor-counter-widget\/wix\/"]}]},{"@type":"BreadcrumbList","@id":"https:\/\/elfsight.com\/es\/visitor-counter-widget\/wix\/#breadcrumb","itemListElement":[{"@type":"ListItem","position":1,"name":"Home","item":"https:\/\/elfsight.com\/es\/"},{"@type":"ListItem","position":2,"name":"Visitor Counter","item":"https:\/\/elfsight.com\/es\/visitor-counter-widget\/"},{"@type":"ListItem","position":3,"name":"Visitor Counter &#8211; Wix"}]},{"@type":"WebSite","@id":"https:\/\/elfsight.com\/es\/#website","url":"https:\/\/elfsight.com\/es\/","name":"Elfsight ES","description":"Just another Elfsight Sites site","potentialAction":[{"@type":"SearchAction","target":{"@type":"EntryPoint","urlTemplate":"https:\/\/elfsight.com\/es\/?s={search_term_string}"},"query-input":{"@type":"PropertyValueSpecification","valueRequired":true,"valueName":"search_term_string"}}],"inLanguage":"es"}]}},"meta_box":{"industry":"","seo_heading":"","heading":"","description":"","cta_heading":"","cta_description":"","application":"1033","h1":"Aplicaci\u00f3n Wix Visitor Counter","h1_caption":"Muestra la cantidad de visitantes a tu sitio web con un contador de visitantes en vivo, aumentando la credibilidad de tu sitio web en tu sitio web Wix sin esfuerzo.","application_category":[],"applications_title":"","applications_request_title":"","applications_request_button_text":"","hero_text":"","hero_video":"","hero_video_schema_markup":"","selling_points_title":"","selling_points_caption":"","selling_points":[],"selling_points_cta_text":"","features_title":"","features":"","ed_cta_examples_text":"","ed_cta_examples_hidden":"","ed_cta_demo_text":"","ed_cta_demo_hidden":"","why_caption":"","why_editor_title":"","why_editor_text":"","why_team_title":"","why_team_text":"","why_service_title":"","why_service_text":"","template_catalog_visible":"","template_catalog_title":"","template_catalog_text":"","template_catalog_categories_visible":"","demo_title":"Crea tu aplicaci\u00f3n de Contador de Visitantes","demo_caption":"\u00a1Configura tu Contador de Visitantes y agr\u00e9galo a tu sitio web Wix gratis!","default_faq_hidden":"","app_template_category":[],"platform":"112","template_public_id":"","codecanyon_url":"","codecanyon_item_id":"","codecanyon_price":"","pricing_caption":"","pricing_elfsight_apps_hide_column":"","pricing_elfsight_apps_url":"","pricing_codecanyon_price_caption":"","integration_category":[],"integration_request_title":"","integration_request_cta":"","integration_platform":"","integrations":[],"platform_category":[],"video_schema_markup":"","price":"desde $0 \/ mes","trial":"","benefits":[{"text":"Asistencia de instalaci\u00f3n gratuita"},{"text":"Atenci\u00f3n al cliente experimentada"},{"text":"Garant\u00eda de devoluci\u00f3n de dinero de 14 d\u00edas"},{"text":"Mejoras continuas y gratuitas"}],"button_url":"#demo","button_target_blank":"","button_nofollow":"","attributes":[{"name":"Instalaciones","content":"10,000 - 100,000"},{"name":"Sensible","content":"S\u00ed"},{"name":"Navegadores compatibles","content":"Firefox, Safari, Opera, Chrome, Edge"}],"tags":[],"tags_disable_links":"","hide_more_platforms":"","video_object":"","demo_hide_cta":"","demo_hide_cloud_options":"","pricing_title":"","pricing":[{"pricing_icon":"platform","pricing_title":"Elfsight Apps","pricing_title_caption":"Versi\u00f3n multiplataforma que funciona en cualquier sitio web","pricing_price":"desde $0 \/ mes","pricing_price_caption":"comienza con el plan gratuito","pricing_benefits":[{"text":"Dominios ilimitados"},{"text":"Atenci\u00f3n al cliente premium"},{"text":"Asistencia de instalaci\u00f3n gratuita"},{"text":"Oferta especial para m\u00faltiples aplicaciones."}],"pricing_button_text":"A\u00f1adir al sitio web","pricing_button_url":"#demo"}],"related_apps_title":"","related_apps_hidden":"","author":"","image":[],"title":"","job":"","social_networks":[]},"_links":{"self":[{"href":"https:\/\/elfsight.com\/es\/wp-json\/wp\/v2\/pages\/7731","targetHints":{"allow":["GET"]}}],"collection":[{"href":"https:\/\/elfsight.com\/es\/wp-json\/wp\/v2\/pages"}],"about":[{"href":"https:\/\/elfsight.com\/es\/wp-json\/wp\/v2\/types\/page"}],"author":[{"embeddable":true,"href":"https:\/\/elfsight.com\/es\/wp-json\/wp\/v2\/users\/9"}],"replies":[{"embeddable":true,"href":"https:\/\/elfsight.com\/es\/wp-json\/wp\/v2\/comments?post=7731"}],"version-history":[{"count":2,"href":"https:\/\/elfsight.com\/es\/wp-json\/wp\/v2\/pages\/7731\/revisions"}],"predecessor-version":[{"id":18815,"href":"https:\/\/elfsight.com\/es\/wp-json\/wp\/v2\/pages\/7731\/revisions\/18815"}],"up":[{"embeddable":true,"href":"https:\/\/elfsight.com\/es\/wp-json\/wp\/v2\/pages\/1034"}],"wp:attachment":[{"href":"https:\/\/elfsight.com\/es\/wp-json\/wp\/v2\/media?parent=7731"}],"curies":[{"name":"wp","href":"https:\/\/api.w.org\/{rel}","templated":true}]}}