{"id":7730,"date":"1970-01-01T00:00:00","date_gmt":"1970-01-01T00:00:00","guid":{"rendered":"https:\/\/elfsight.com\/es\/?page_id=7730"},"modified":"2025-02-06T15:47:35","modified_gmt":"2025-02-06T15:47:35","slug":"weebly","status":"publish","type":"page","link":"https:\/\/elfsight.com\/es\/visitor-counter-widget\/weebly\/","title":{"rendered":"Visitor Counter &#8211; Weebly"},"content":{"rendered":"<div class=\"application-platform-content-item-description application-platform-content-item\" id=\"description\" data-nav-section=\"description\"> <h2>Descripci\u00f3n<\/h2> <p> Visitor Counter for Weebly es una pr\u00e1ctica aplicaci\u00f3n que le permite controlar la cantidad de visitantes y las p\u00e1ginas m\u00e1s populares vistas en un per\u00edodo de tiempo determinado. Las m\u00e9tricas esenciales ahora son f\u00e1ciles de analizar sin ning\u00fan conocimiento de codificaci\u00f3n o an\u00e1lisis de datos. Adem\u00e1s, al utilizarlo, puede asegurarse f\u00e1cilmente de que su audiencia es una empresa confiable y tiene m\u00e1s clientes o suscriptores nuevos. Con nuestras elegantes opciones personalizables y pr\u00e1cticos dise\u00f1os, puede crear el widget para su sitio con solo unos pocos clics. <\/p> <p><b>\u00a1Haz m\u00e1s eficiente tu estrategia de comercio electr\u00f3nico y consigue m\u00e1s clientes con Visitor Counter! <\/b><\/p><\/div> <div class=\"application-platform-content-item-features application-platform-content-item\" id=\"features\" data-nav-section=\"features\"> <h2>A continuaci\u00f3n se detallan las caracter\u00edsticas b\u00e1sicas de la aplicaci\u00f3n: <\/h2> <ul><li>F\u00e1cil de administrar sin necesidad de competencia profesional en an\u00e1lisis de datos ni codificaci\u00f3n<\/li><li>Una amplia variedad de intervalos de tiempo para realizar un seguimiento de sus m\u00e9tricas<\/li><li>Dise\u00f1os pr\u00e1cticos para administrar todas las m\u00e9tricas de la manera m\u00e1s conveniente <\/li><li>Esquemas de colores claros, oscuros y personalizables para ajustar la herramienta <\/li><li>Configura el tama\u00f1o y el peso de la fuente <\/li><li> Simplemente para crear incluso sin conocimientos de codificaci\u00f3n <\/li><\/ul><p><a href=\"#demo\">Pruebe todas las configuraciones en una demostraci\u00f3n 100 % funcional<\/a><\/p> <\/div> <div class=\"application-platform-content-item-installation application-platform-content-item\" id=\"installation\" data-nav-section=\"installation\"> <h2>\u00bfC\u00f3mo puedo agregar un contador de visitantes en mi p\u00e1gina web Weebly? <\/h2> <div class=\"video-container\"><iframe width=\"720\" height=\"405\" src=\"https:\/\/www.youtube.com\/embed\/VgR9wn35uRY\"><\/iframe><\/div><p>Simplemente siga varios pasos que se describen a continuaci\u00f3n para comenzar a trabajar con la aplicaci\u00f3n: <\/p> <ol><li><b>Abra nuestro configurador gratuito y comience a formar su aplicaci\u00f3n personalizada. <\/b><br> Elija la interfaz preferida y las caracter\u00edsticas funcionales de la aplicaci\u00f3n y guarde todas las correcciones. <\/li> <li><b>Reciba su c\u00f3digo personal revelado en el cuadro de Elfsight Apps. <\/b><br> Tan pronto como finalice la generaci\u00f3n de su aplicaci\u00f3n personal, copie el c\u00f3digo individual en la ventana emergente que aparece y gu\u00e1rdelo para su uso posterior. <\/li> <li><b>Comience a utilizar la aplicaci\u00f3n en el sitio Weebly. <\/b><br> Inserta el c\u00f3digo que has guardado recientemente en tu p\u00e1gina web y guarda las ediciones. <\/li> <li><b>La instalaci\u00f3n se realiz\u00f3 exitosamente. <\/b><br>Abre tu p\u00e1gina web para examinar el rendimiento de la aplicaci\u00f3n. <\/li><\/ol><p>Si tiene preguntas o enfrenta alguna dificultad, no dude en contactar con nuestro equipo de atenci\u00f3n al cliente. Nuestra gente est\u00e1 ansiosa por resolver todas las dudas que puedas tener con el widget. <\/p> <div class=\"faq\" data-component=\"FAQ\"><div class=\"faq-item\">\r\n\t\t\t\t\t<div class=\"faq-item-question\">\r\n\t\t\t\t\t\t<h3 class=\"faq-item-question-text\">\u00bfExiste una opci\u00f3n para insertar el Contador de visitantes en mi sitio web Weebly sin necesidad de codificaci\u00f3n?<\/h3>\r\n\r\n\t\t\t\t\t\t<div class=\"faq-item-question-icon\"><\/div>\r\n\t\t\t\t\t<\/div>\r\n\r\n\t\t\t\t\t<div class=\"faq-item-answer\">\r\n\t\t\t\t\t\t<div class=\"faq-item-answer-text\"> <p>La empresa Elfsight ofrece una soluci\u00f3n SaaS que permite a los usuarios crear una secci\u00f3n de Contador de visitantes por s\u00ed mismos. Descubra las sencillas instrucciones: Vaya al editor en vivo para generar un complemento de Contador de visitantes que le gustar\u00eda ver en la p\u00e1gina de inicio de Weebly. Elija una de nuestras plantillas listas para usar y cambie la configuraci\u00f3n del Contador de visitantes, modifique el dise\u00f1o y el color de los elementos, agregue su contenido, sin conocimientos de codificaci\u00f3n. Haga clic para guardar el Contador de visitantes y obtener el c\u00f3digo de instalaci\u00f3n, que puede insertar f\u00e1cilmente en cualquier p\u00e1gina web de Weebly de forma gratuita. Utilizando nuestro Configurador intuitivo, cada usuario web puede crear un complemento de Contador de visitantes e incrustarlo en su p\u00e1gina de inicio de Weebly. No es necesario pagar ni ingresar las credenciales de tu tarjeta para acceder al servicio. Si tiene alg\u00fan problema de cualquier tipo, no dude en ponerse en contacto con nuestro equipo de soporte t\u00e9cnico.<\/p> <\/div>\r\n\t\t\t\t\t<\/div>\r\n\t\t\t\t<\/div> <\/div><\/div>","protected":false},"excerpt":{"rendered":"","protected":false},"author":9,"featured_media":0,"parent":1034,"menu_order":0,"comment_status":"closed","ping_status":"closed","template":"templates\/template-application-platform.php","meta":{"publish_to_discourse":"","publish_post_category":"","wpdc_auto_publish_overridden":"","wpdc_topic_tags":"","wpdc_pin_topic":"","wpdc_pin_until":"","discourse_post_id":"","discourse_permalink":"","wpdc_publishing_response":"","wpdc_publishing_error":"","footnotes":""},"class_list":["post-7730","page","type-page","status-publish","hentry"],"yoast_head":"<!-- This site is optimized with the Yoast SEO plugin v25.3.1 - https:\/\/yoast.com\/wordpress\/plugins\/seo\/ -->\n<title>Aplicaci\u00f3n Visitor Counter para el sitio web Weebly (r\u00e1pida y gratuita)<\/title>\n<meta name=\"description\" content=\"Muestre el mejor complemento de Contador de visitantes en su sitio web Weebly. Conozca nuestro editor interactivo y cree un widget de contador de visitas personal en solo 1 minuto.\" \/>\n<meta name=\"robots\" content=\"index, follow, max-snippet:-1, max-image-preview:large, max-video-preview:-1\" \/>\n<link rel=\"canonical\" href=\"https:\/\/elfsight.com\/es\/visitor-counter-widget\/weebly\/\" \/>\n<meta property=\"og:locale\" content=\"es_ES\" \/>\n<meta property=\"og:type\" content=\"article\" \/>\n<meta property=\"og:title\" content=\"Aplicaci\u00f3n Visitor Counter para el sitio web Weebly (r\u00e1pida y gratuita)\" \/>\n<meta property=\"og:description\" content=\"Muestre el mejor complemento de Contador de visitantes en su sitio web Weebly. Conozca nuestro editor interactivo y cree un widget de contador de visitas personal en solo 1 minuto.\" \/>\n<meta property=\"og:url\" content=\"https:\/\/elfsight.com\/es\/visitor-counter-widget\/weebly\/\" \/>\n<meta property=\"og:site_name\" content=\"Elfsight ES\" \/>\n<meta property=\"article:modified_time\" content=\"2025-02-06T15:47:35+00:00\" \/>\n<meta name=\"twitter:card\" content=\"summary_large_image\" \/>\n<meta name=\"twitter:label1\" content=\"Tiempo de lectura\" \/>\n\t<meta name=\"twitter:data1\" content=\"3 minutos\" \/>\n<!-- \/ Yoast SEO plugin. -->","yoast_head_json":{"title":"Aplicaci\u00f3n Visitor Counter para el sitio web Weebly (r\u00e1pida y gratuita)","description":"Muestre el mejor complemento de Contador de visitantes en su sitio web Weebly. Conozca nuestro editor interactivo y cree un widget de contador de visitas personal en solo 1 minuto.","robots":{"index":"index","follow":"follow","max-snippet":"max-snippet:-1","max-image-preview":"max-image-preview:large","max-video-preview":"max-video-preview:-1"},"canonical":"https:\/\/elfsight.com\/es\/visitor-counter-widget\/weebly\/","og_locale":"es_ES","og_type":"article","og_title":"Aplicaci\u00f3n Visitor Counter para el sitio web Weebly (r\u00e1pida y gratuita)","og_description":"Muestre el mejor complemento de Contador de visitantes en su sitio web Weebly. Conozca nuestro editor interactivo y cree un widget de contador de visitas personal en solo 1 minuto.","og_url":"https:\/\/elfsight.com\/es\/visitor-counter-widget\/weebly\/","og_site_name":"Elfsight ES","article_modified_time":"2025-02-06T15:47:35+00:00","twitter_card":"summary_large_image","twitter_misc":{"Tiempo de lectura":"3 minutos"},"schema":{"@context":"https:\/\/schema.org","@graph":[{"@type":"WebPage","@id":"https:\/\/elfsight.com\/es\/visitor-counter-widget\/weebly\/","url":"https:\/\/elfsight.com\/es\/visitor-counter-widget\/weebly\/","name":"Aplicaci\u00f3n Visitor Counter para el sitio web Weebly (r\u00e1pida y gratuita)","isPartOf":{"@id":"https:\/\/elfsight.com\/es\/#website"},"datePublished":"1970-01-01T00:00:00+00:00","dateModified":"2025-02-06T15:47:35+00:00","description":"Muestre el mejor complemento de Contador de visitantes en su sitio web Weebly. Conozca nuestro editor interactivo y cree un widget de contador de visitas personal en solo 1 minuto.","breadcrumb":{"@id":"https:\/\/elfsight.com\/es\/visitor-counter-widget\/weebly\/#breadcrumb"},"inLanguage":"es","potentialAction":[{"@type":"ReadAction","target":["https:\/\/elfsight.com\/es\/visitor-counter-widget\/weebly\/"]}]},{"@type":"BreadcrumbList","@id":"https:\/\/elfsight.com\/es\/visitor-counter-widget\/weebly\/#breadcrumb","itemListElement":[{"@type":"ListItem","position":1,"name":"Home","item":"https:\/\/elfsight.com\/es\/"},{"@type":"ListItem","position":2,"name":"Visitor Counter","item":"https:\/\/elfsight.com\/es\/visitor-counter-widget\/"},{"@type":"ListItem","position":3,"name":"Visitor Counter &#8211; Weebly"}]},{"@type":"WebSite","@id":"https:\/\/elfsight.com\/es\/#website","url":"https:\/\/elfsight.com\/es\/","name":"Elfsight ES","description":"Just another Elfsight Sites site","potentialAction":[{"@type":"SearchAction","target":{"@type":"EntryPoint","urlTemplate":"https:\/\/elfsight.com\/es\/?s={search_term_string}"},"query-input":{"@type":"PropertyValueSpecification","valueRequired":true,"valueName":"search_term_string"}}],"inLanguage":"es"}]}},"meta_box":{"industry":"","seo_heading":"","heading":"","description":"","cta_heading":"","cta_description":"","application":"1033","h1":"Aplicaci\u00f3n Weebly Visitor Counter","h1_caption":"Muestre la cantidad de visitantes a su sitio web con un contador de visitantes en vivo, aumentando la credibilidad de su sitio web en su sitio web Weebly sin esfuerzo.","application_category":[],"applications_title":"","applications_request_title":"","applications_request_button_text":"","hero_text":"","hero_video":"","hero_video_schema_markup":"","selling_points_title":"","selling_points_caption":"","selling_points":[],"selling_points_cta_text":"","features_title":"","features":"","ed_cta_examples_text":"","ed_cta_examples_hidden":"","ed_cta_demo_text":"","ed_cta_demo_hidden":"","why_caption":"","why_editor_title":"","why_editor_text":"","why_team_title":"","why_team_text":"","why_service_title":"","why_service_text":"","template_catalog_visible":"","template_catalog_title":"","template_catalog_text":"","template_catalog_categories_visible":"","demo_title":"Crea tu aplicaci\u00f3n de Contador de Visitantes","demo_caption":"\u00a1Configura tu Contador de Visitas y agr\u00e9galo a tu sitio web Weebly gratis!","default_faq_hidden":"","app_template_category":[],"platform":"109","template_public_id":"","codecanyon_url":"","codecanyon_item_id":"","codecanyon_price":"","pricing_caption":"","pricing_elfsight_apps_hide_column":"","pricing_elfsight_apps_url":"","pricing_codecanyon_price_caption":"","integration_category":[],"integration_request_title":"","integration_request_cta":"","integration_platform":"","integrations":[],"platform_category":[],"video_schema_markup":"","price":"desde $0 \/ mes","trial":"","benefits":[{"text":"Servicio de instalaci\u00f3n gratuito"},{"text":"Soporte excepcional"},{"text":"Garant\u00eda de devoluci\u00f3n de dinero de 14 d\u00edas"},{"text":"Desarrollo continuo"}],"button_url":"#demo","button_target_blank":"","button_nofollow":"","attributes":[{"name":"Instalaciones","content":"10,000 - 100,000"},{"name":"Sensible","content":"S\u00ed"},{"name":"Navegadores compatibles","content":"Firefox, Safari, Opera, Chrome, Edge"}],"tags":[],"tags_disable_links":"","hide_more_platforms":"","video_object":"","demo_hide_cta":"","demo_hide_cloud_options":"","pricing_title":"","pricing":[{"pricing_icon":"platform","pricing_title":"Elfsight Apps","pricing_title_caption":"Soluci\u00f3n digital multiplataforma","pricing_price":"desde $0 \/ mes","pricing_price_caption":"comienza con un plan gratuito","pricing_benefits":[{"text":"Dominios ilimitados"},{"text":"Soporte premium, puntual y bien documentado."},{"text":"Soporte de instalaci\u00f3n gratuito"},{"text":"Totalmente personalizable"}],"pricing_button_text":"A\u00f1adir al sitio web","pricing_button_url":"#demo"}],"related_apps_title":"","related_apps_hidden":"","author":"","image":[],"title":"","job":"","social_networks":[]},"_links":{"self":[{"href":"https:\/\/elfsight.com\/es\/wp-json\/wp\/v2\/pages\/7730","targetHints":{"allow":["GET"]}}],"collection":[{"href":"https:\/\/elfsight.com\/es\/wp-json\/wp\/v2\/pages"}],"about":[{"href":"https:\/\/elfsight.com\/es\/wp-json\/wp\/v2\/types\/page"}],"author":[{"embeddable":true,"href":"https:\/\/elfsight.com\/es\/wp-json\/wp\/v2\/users\/9"}],"replies":[{"embeddable":true,"href":"https:\/\/elfsight.com\/es\/wp-json\/wp\/v2\/comments?post=7730"}],"version-history":[{"count":2,"href":"https:\/\/elfsight.com\/es\/wp-json\/wp\/v2\/pages\/7730\/revisions"}],"predecessor-version":[{"id":18816,"href":"https:\/\/elfsight.com\/es\/wp-json\/wp\/v2\/pages\/7730\/revisions\/18816"}],"up":[{"embeddable":true,"href":"https:\/\/elfsight.com\/es\/wp-json\/wp\/v2\/pages\/1034"}],"wp:attachment":[{"href":"https:\/\/elfsight.com\/es\/wp-json\/wp\/v2\/media?parent=7730"}],"curies":[{"name":"wp","href":"https:\/\/api.w.org\/{rel}","templated":true}]}}