{"id":7725,"date":"1970-01-01T00:00:00","date_gmt":"1970-01-01T00:00:00","guid":{"rendered":"https:\/\/elfsight.com\/es\/?page_id=7725"},"modified":"2025-02-06T15:47:35","modified_gmt":"2025-02-06T15:47:35","slug":"webnode","status":"publish","type":"page","link":"https:\/\/elfsight.com\/es\/visitor-counter-widget\/webnode\/","title":{"rendered":"Visitor Counter &#8211; Webnode"},"content":{"rendered":"<div class=\"application-platform-content-item-description application-platform-content-item\" id=\"description\" data-nav-section=\"description\"> <h2>Descripci\u00f3n<\/h2> <p> Contador de visitantes para Webnode es un widget simple que le permite controlar su n\u00famero de visitantes y las p\u00e1ginas m\u00e1s populares vistas dentro de un intervalo de tiempo espec\u00edfico. Ahora es conveniente realizar un seguimiento de las m\u00e9tricas b\u00e1sicas sin necesidad de conocimientos espec\u00edficos de codificaci\u00f3n o an\u00e1lisis de datos. Adem\u00e1s, puede garantizar f\u00e1cilmente a los espectadores que es una empresa respetable y que tiene m\u00e1s clientes y ofertas nuevos. Con nuestras opciones elegantes y dise\u00f1os pr\u00e1cticos personalizados para el usuario, puede agregar el widget a su sitio web con solo unos pocos clics. <\/p> <p><b>\u00a1Con Visitor Counter analice sus estad\u00edsticas e inicie un crecimiento empresarial activo! <\/b><\/p><\/div> <div class=\"application-platform-content-item-features application-platform-content-item\" id=\"features\" data-nav-section=\"features\"> <h2>Las caracter\u00edsticas del widget m\u00e1s requeridas incluyen: <\/h2> <ul><li>F\u00e1cil de administrar sin demanda, se requiere competencia profesional en an\u00e1lisis de datos y codificaci\u00f3n<\/li><li>Una amplia variedad de tiempo para verificar sus estad\u00edsticas<\/li><li>Dise\u00f1os pr\u00e1cticos para administrar todas las m\u00e9tricas de la manera conveniente <\/li><li>Esquemas de colores claros, oscuros y personalizables para ajustar la herramienta <\/li><li>Elige el tama\u00f1o y el peso de la fuente <\/li><li>Simplemente incrustar incluso sin conocimientos de codificaci\u00f3n <\/li><\/ul><p><a href=\"#demo\">Prueba todas las funciones de personalizaci\u00f3n en una demostraci\u00f3n 100% funcional<\/a><\/p> <\/div> <div class=\"application-platform-content-item-installation application-platform-content-item\" id=\"installation\" data-nav-section=\"installation\"> <h2>\u00bfC\u00f3mo incrustar Visitor Counter en mi p\u00e1gina web Webnode? <\/h2> <p>Simplemente siga un par de pasos que se detallan a continuaci\u00f3n para integrar el widget: <\/p> <ol><li><b>Administre nuestra demostraci\u00f3n gratuita y comience a crear su widget personalizado. <\/b><br> Determine el dise\u00f1o y las caracter\u00edsticas preferidos del widget y guarde las ediciones. <\/li> <li><b>Adquiera el c\u00f3digo individual expuesto en la ventana de Elfsight Apps. <\/b><br> Inmediatamente despu\u00e9s de que finalice el establecimiento de su herramienta, copie el c\u00f3digo exclusivo de la ventana emergente que aparece y gu\u00e1rdelo para usarlo en el futuro. <\/li> <li><b>Empiece a utilizar la herramienta en la p\u00e1gina web de Webnode. <\/b><br> Inserta el c\u00f3digo que has copiado recientemente en tu sitio web y guarda las modificaciones. <\/li> <li><b>La instalaci\u00f3n se realiz\u00f3 exitosamente. <\/b><br>Visita su sitio web para comprobar el rendimiento de la herramienta. <\/li><\/ol> <p>Si tiene preguntas o tiene alg\u00fan problema, no dude en comunicarse con nuestro equipo de soporte. Nuestros especialistas estar\u00e1n encantados de ayudarte con todos los problemas que puedas tener con el producto. <\/p> <div class=\"faq\" data-component=\"FAQ\"><div class=\"faq-item\">\r\n\t\t\t\t\t<div class=\"faq-item-question\">\r\n\t\t\t\t\t\t<h3 class=\"faq-item-question-text\">\u00bfExiste una opci\u00f3n para incrustar el Contador de visitantes en mi sitio web Webnode sin conocimientos de codificaci\u00f3n?<\/h3>\r\n\r\n\t\t\t\t\t\t<div class=\"faq-item-question-icon\"><\/div>\r\n\t\t\t\t\t<\/div>\r\n\r\n\t\t\t\t\t<div class=\"faq-item-answer\">\r\n\t\t\t\t\t\t<div class=\"faq-item-answer-text\"> <p>Elfsight ofrece una soluci\u00f3n SaaS que le permite generar una secci\u00f3n de Contador de visitantes usted mismo. Descubra lo simple que es el proceso: comience a trabajar directamente en el Editor en l\u00ednea para formar un widget de Contador de visitantes que le gustar\u00eda incluir en Webnode. Elija una de las muchas plantillas listas para usar y modifique la configuraci\u00f3n del Contador de visitantes, incluya su contenido, transforme el dise\u00f1o y la combinaci\u00f3n de colores sin conocimientos de codificaci\u00f3n. Guarda el Contador de Visitas y obt\u00e9n el c\u00f3digo de instalaci\u00f3n del widget, que podr\u00e1s a\u00f1adir f\u00e1cilmente en cualquier web de Webnode sin necesidad de comprar una versi\u00f3n de pago. Usando nuestro editor f\u00e1cil de usar, cualquier usuario de Internet puede crear un complemento de Contador de visitantes en l\u00ednea e incluirlo en cualquier p\u00e1gina de inicio de Webnode. No es necesario obtener una suscripci\u00f3n paga ni enviar las credenciales de su tarjeta para acceder al Editor. Si encuentra alg\u00fan problema en cualquier paso, contin\u00fae y p\u00f3ngase en contacto con nuestro soporte t\u00e9cnico al cliente.<\/p> <\/div>\r\n\t\t\t\t\t<\/div>\r\n\t\t\t\t<\/div> <\/div><\/div>","protected":false},"excerpt":{"rendered":"","protected":false},"author":9,"featured_media":0,"parent":1034,"menu_order":0,"comment_status":"closed","ping_status":"closed","template":"templates\/template-application-platform.php","meta":{"publish_to_discourse":"","publish_post_category":"","wpdc_auto_publish_overridden":"","wpdc_topic_tags":"","wpdc_pin_topic":"","wpdc_pin_until":"","discourse_post_id":"","discourse_permalink":"","wpdc_publishing_response":"","wpdc_publishing_error":"","footnotes":""},"class_list":["post-7725","page","type-page","status-publish","hentry"],"yoast_head":"<!-- This site is optimized with the Yoast SEO plugin v25.3.1 - https:\/\/yoast.com\/wordpress\/plugins\/seo\/ -->\n<title>Mejor contador de visitantes: agregue el complemento Contador de visitas a Webnode (gratis y r\u00e1pido)<\/title>\n<meta name=\"description\" content=\"Crea tu mejor widget de Visitor Tracker y agr\u00e9galo al sitio web r\u00e1pidamente. Contamos con atenci\u00f3n al cliente gratuita y otros s\u00faper bonos.\" \/>\n<meta name=\"robots\" content=\"index, follow, max-snippet:-1, max-image-preview:large, max-video-preview:-1\" \/>\n<link rel=\"canonical\" href=\"https:\/\/elfsight.com\/es\/visitor-counter-widget\/webnode\/\" \/>\n<meta property=\"og:locale\" content=\"es_ES\" \/>\n<meta property=\"og:type\" content=\"article\" \/>\n<meta property=\"og:title\" content=\"Mejor contador de visitantes: agregue el complemento Contador de visitas a Webnode (gratis y r\u00e1pido)\" \/>\n<meta property=\"og:description\" content=\"Crea tu mejor widget de Visitor Tracker y agr\u00e9galo al sitio web r\u00e1pidamente. Contamos con atenci\u00f3n al cliente gratuita y otros s\u00faper bonos.\" \/>\n<meta property=\"og:url\" content=\"https:\/\/elfsight.com\/es\/visitor-counter-widget\/webnode\/\" \/>\n<meta property=\"og:site_name\" content=\"Elfsight ES\" \/>\n<meta property=\"article:modified_time\" content=\"2025-02-06T15:47:35+00:00\" \/>\n<meta name=\"twitter:card\" content=\"summary_large_image\" \/>\n<meta name=\"twitter:label1\" content=\"Tiempo de lectura\" \/>\n\t<meta name=\"twitter:data1\" content=\"3 minutos\" \/>\n<!-- \/ Yoast SEO plugin. -->","yoast_head_json":{"title":"Mejor contador de visitantes: agregue el complemento Contador de visitas a Webnode (gratis y r\u00e1pido)","description":"Crea tu mejor widget de Visitor Tracker y agr\u00e9galo al sitio web r\u00e1pidamente. Contamos con atenci\u00f3n al cliente gratuita y otros s\u00faper bonos.","robots":{"index":"index","follow":"follow","max-snippet":"max-snippet:-1","max-image-preview":"max-image-preview:large","max-video-preview":"max-video-preview:-1"},"canonical":"https:\/\/elfsight.com\/es\/visitor-counter-widget\/webnode\/","og_locale":"es_ES","og_type":"article","og_title":"Mejor contador de visitantes: agregue el complemento Contador de visitas a Webnode (gratis y r\u00e1pido)","og_description":"Crea tu mejor widget de Visitor Tracker y agr\u00e9galo al sitio web r\u00e1pidamente. Contamos con atenci\u00f3n al cliente gratuita y otros s\u00faper bonos.","og_url":"https:\/\/elfsight.com\/es\/visitor-counter-widget\/webnode\/","og_site_name":"Elfsight ES","article_modified_time":"2025-02-06T15:47:35+00:00","twitter_card":"summary_large_image","twitter_misc":{"Tiempo de lectura":"3 minutos"},"schema":{"@context":"https:\/\/schema.org","@graph":[{"@type":"WebPage","@id":"https:\/\/elfsight.com\/es\/visitor-counter-widget\/webnode\/","url":"https:\/\/elfsight.com\/es\/visitor-counter-widget\/webnode\/","name":"Mejor contador de visitantes: agregue el complemento Contador de visitas a Webnode (gratis y r\u00e1pido)","isPartOf":{"@id":"https:\/\/elfsight.com\/es\/#website"},"datePublished":"1970-01-01T00:00:00+00:00","dateModified":"2025-02-06T15:47:35+00:00","description":"Crea tu mejor widget de Visitor Tracker y agr\u00e9galo al sitio web r\u00e1pidamente. Contamos con atenci\u00f3n al cliente gratuita y otros s\u00faper bonos.","breadcrumb":{"@id":"https:\/\/elfsight.com\/es\/visitor-counter-widget\/webnode\/#breadcrumb"},"inLanguage":"es","potentialAction":[{"@type":"ReadAction","target":["https:\/\/elfsight.com\/es\/visitor-counter-widget\/webnode\/"]}]},{"@type":"BreadcrumbList","@id":"https:\/\/elfsight.com\/es\/visitor-counter-widget\/webnode\/#breadcrumb","itemListElement":[{"@type":"ListItem","position":1,"name":"Home","item":"https:\/\/elfsight.com\/es\/"},{"@type":"ListItem","position":2,"name":"Visitor Counter","item":"https:\/\/elfsight.com\/es\/visitor-counter-widget\/"},{"@type":"ListItem","position":3,"name":"Visitor Counter &#8211; Webnode"}]},{"@type":"WebSite","@id":"https:\/\/elfsight.com\/es\/#website","url":"https:\/\/elfsight.com\/es\/","name":"Elfsight ES","description":"Just another Elfsight Sites site","potentialAction":[{"@type":"SearchAction","target":{"@type":"EntryPoint","urlTemplate":"https:\/\/elfsight.com\/es\/?s={search_term_string}"},"query-input":{"@type":"PropertyValueSpecification","valueRequired":true,"valueName":"search_term_string"}}],"inLanguage":"es"}]}},"meta_box":{"industry":"","seo_heading":"","heading":"","description":"","cta_heading":"","cta_description":"","application":"1033","h1":"Widget de contador de visitantes de Webnode","h1_caption":"Muestra el n\u00famero de visitantes de tu sitio web con un contador de visitantes en vivo, aumentando la credibilidad de tu sitio web en tu sitio Webnode sin esfuerzo.","application_category":[],"applications_title":"","applications_request_title":"","applications_request_button_text":"","hero_text":"","hero_video":"","hero_video_schema_markup":"","selling_points_title":"","selling_points_caption":"","selling_points":[],"selling_points_cta_text":"","features_title":"","features":"","ed_cta_examples_text":"","ed_cta_examples_hidden":"","ed_cta_demo_text":"","ed_cta_demo_hidden":"","why_caption":"","why_editor_title":"","why_editor_text":"","why_team_title":"","why_team_text":"","why_service_title":"","why_service_text":"","template_catalog_visible":"","template_catalog_title":"","template_catalog_text":"","template_catalog_categories_visible":"","demo_title":"Crea tu widget de contador de visitantes","demo_caption":"\u00a1Configura tu Contador de Visitas y agr\u00e9galo a tu sitio web Webnode gratis!","default_faq_hidden":"","app_template_category":[],"platform":"2302","template_public_id":"","codecanyon_url":"","codecanyon_item_id":"","codecanyon_price":"","pricing_caption":"","pricing_elfsight_apps_hide_column":"","pricing_elfsight_apps_url":"","pricing_codecanyon_price_caption":"","integration_category":[],"integration_request_title":"","integration_request_cta":"","integration_platform":"","integrations":[],"platform_category":[],"video_schema_markup":"","price":"desde $0 \/ mes","trial":"","benefits":[{"text":"Servicio de instalaci\u00f3n gratuito"},{"text":"Servicio al cliente eficaz"},{"text":"Garant\u00eda de devoluci\u00f3n de dinero de 14 d\u00edas"},{"text":"Actualizando constantemente"}],"button_url":"#demo","button_target_blank":"","button_nofollow":"","attributes":[{"name":"Instalaciones","content":"10,000 - 100,000"},{"name":"Sensible","content":"S\u00ed"},{"name":"Navegadores compatibles","content":"Firefox, Safari, Opera, Chrome, Edge"}],"tags":[],"tags_disable_links":"","hide_more_platforms":"","video_object":"","demo_hide_cta":"","demo_hide_cloud_options":"","pricing_title":"","pricing":[{"pricing_icon":"platform","pricing_title":"Elfsight Apps","pricing_title_caption":"Versi\u00f3n multiplataforma","pricing_price":"desde $0 \/ mes","pricing_price_caption":"comienza con el plan gratuito","pricing_benefits":[{"text":"Dominios ilimitados"},{"text":"Atenci\u00f3n al cliente dedicada"},{"text":"Ayuda de instalaci\u00f3n gratuita"},{"text":"Oferta especial para m\u00faltiples aplicaciones."}],"pricing_button_text":"A\u00f1adir al sitio web","pricing_button_url":"#demo"}],"related_apps_title":"","related_apps_hidden":"","author":"","image":[],"title":"","job":"","social_networks":[]},"_links":{"self":[{"href":"https:\/\/elfsight.com\/es\/wp-json\/wp\/v2\/pages\/7725","targetHints":{"allow":["GET"]}}],"collection":[{"href":"https:\/\/elfsight.com\/es\/wp-json\/wp\/v2\/pages"}],"about":[{"href":"https:\/\/elfsight.com\/es\/wp-json\/wp\/v2\/types\/page"}],"author":[{"embeddable":true,"href":"https:\/\/elfsight.com\/es\/wp-json\/wp\/v2\/users\/9"}],"replies":[{"embeddable":true,"href":"https:\/\/elfsight.com\/es\/wp-json\/wp\/v2\/comments?post=7725"}],"version-history":[{"count":2,"href":"https:\/\/elfsight.com\/es\/wp-json\/wp\/v2\/pages\/7725\/revisions"}],"predecessor-version":[{"id":18817,"href":"https:\/\/elfsight.com\/es\/wp-json\/wp\/v2\/pages\/7725\/revisions\/18817"}],"up":[{"embeddable":true,"href":"https:\/\/elfsight.com\/es\/wp-json\/wp\/v2\/pages\/1034"}],"wp:attachment":[{"href":"https:\/\/elfsight.com\/es\/wp-json\/wp\/v2\/media?parent=7725"}],"curies":[{"name":"wp","href":"https:\/\/api.w.org\/{rel}","templated":true}]}}