{"id":7717,"date":"1970-01-01T00:00:00","date_gmt":"1970-01-01T00:00:00","guid":{"rendered":"https:\/\/elfsight.com\/es\/?page_id=7717"},"modified":"2025-02-06T15:47:43","modified_gmt":"2025-02-06T15:47:43","slug":"prestashop","status":"publish","type":"page","link":"https:\/\/elfsight.com\/es\/visitor-counter-widget\/prestashop\/","title":{"rendered":"Visitor Counter &#8211; PrestaShop"},"content":{"rendered":"<div class=\"application-platform-content-item-description application-platform-content-item\" id=\"description\" data-nav-section=\"description\"> <h2>Descripci\u00f3n<\/h2> <p> El Contador de visitantes para PrestaShop es una herramienta f\u00e1cil de administrar que le permite verificar la cantidad de visitantes y el contenido m\u00e1s popular visto dentro de un per\u00edodo de tiempo determinado. Ahora es f\u00e1cil realizar un seguimiento de las m\u00e9tricas esenciales sin necesidad de conocimientos adicionales de codificaci\u00f3n o an\u00e1lisis de datos. Adem\u00e1s, al utilizarlo, puede asegurarse f\u00e1cilmente a los visitantes de que es una empresa confiable y obtener muchas m\u00e1s ventas. Con nuestras elegantes oportunidades personalizadas para el usuario y nuestros pr\u00e1cticos dise\u00f1os, puede crear el widget en su sitio con solo unos pocos clics. <\/p> <p><b>\u00a1Agregue un contador de visitantes para mejorar su estrategia comercial y alcanzar sus objetivos m\u00e1s f\u00e1cilmente!<\/b><\/p><\/div> <div class=\"application-platform-content-item-features application-platform-content-item\" id=\"features\" data-nav-section=\"features\"> <h2>Ofrecemos funciones pr\u00e1cticas y sencillas, consulte algunas de ellas: <\/h2> <ul><li>F\u00e1cil de usar incluso sin conocimientos profesionales de an\u00e1lisis de datos<\/li><li>Gran variedad de intervalos de tiempo para contar su m\u00e9tricas <\/li><li>Un gr\u00e1fico interactivo para visualizar sus datos en din\u00e1mica<\/li><li>Dise\u00f1os pr\u00e1cticos para formar todos los puntos de manera accesible<\/li><li>Esquemas de colores oscuros, personalizables y claros para darle estilo a la herramienta <\/li><\/ul><p><a href=\"#demo\">Puede descubrir la funcionalidad completa del widget en la demostraci\u00f3n a continuaci\u00f3n<\/a><\/p> <\/div> <div class=\"application-platform-content-item-installation application-platform-content-item\" id=\"installation\" data-nav-section=\"installation\"> <h2>\u00bfC\u00f3mo incrusto %\u043f\u0440\u043e\u0434\u0443\u043a\u0442% en mi p\u00e1gina web PrestaShop? <\/h2> <p>Simplemente siga un par de pasos que se detallan a continuaci\u00f3n para activar el widget. <\/p> <ol><li><b>Realiza nuestra demostraci\u00f3n gratuita y comienza a formar tu instrumento \u00fanico. <\/b><br> Especifique el aspecto y las caracter\u00edsticas preferidas del complemento y guarde las modificaciones. <\/li> <li><b>Copia el c\u00f3digo personal que aparece en la ventana de Elfsight Apps. <\/b><br> Tan pronto como finalice la generaci\u00f3n de su herramienta, copie el c\u00f3digo exclusivo en la ventana que aparece y gu\u00e1rdelo para su uso posterior. <\/li> <li><b>Iniciar el uso de la herramienta en el sitio web de PrestaShop. <\/b><br>Integra el c\u00f3digo que has guardado antes en tu p\u00e1gina de inicio y aplica las mejoras. <\/li> <li><b>\u00a1Ya terminaste! La incrustaci\u00f3n se realiza con \u00e9xito. <\/b><br>Vaya a su p\u00e1gina para ver c\u00f3mo funciona la herramienta. <\/li><\/ol> <p>A condici\u00f3n de atender consultas o enfrentar algunas dificultades, no dude en buscar ayuda de nuestro personal de soporte. Nuestros especialistas estar\u00e1n encantados de ayudarle con todas las dificultades que pueda tener con el producto. <\/p> <div class=\"faq\" data-component=\"FAQ\"><div class=\"faq-item\">\r\n\t\t\t\t\t<div class=\"faq-item-question\">\r\n\t\t\t\t\t\t<h3 class=\"faq-item-question-text\">\u00bfExiste alguna manera de incrustar el Contador de visitantes en mi p\u00e1gina de inicio de PrestaShop sin conocimientos de codificaci\u00f3n?<\/h3>\r\n\r\n\t\t\t\t\t\t<div class=\"faq-item-question-icon\"><\/div>\r\n\t\t\t\t\t<\/div>\r\n\r\n\t\t\t\t\t<div class=\"faq-item-answer\">\r\n\t\t\t\t\t\t<div class=\"faq-item-answer-text\"> <p>Elfsight ofrece una soluci\u00f3n que permite a los propietarios de sitios crear un complemento de Contador de visitantes usted mismo. Descubra los sencillos pasos: comience a trabajar directamente en el Editor en l\u00ednea para crear un widget de Contador de visitantes que le gustar\u00eda integrar en su p\u00e1gina de inicio de PrestaShop. Elija una de las plantillas predise\u00f1adas y modifique la configuraci\u00f3n del Contador de visitantes, incluya su contenido, transforme el dise\u00f1o y la combinaci\u00f3n de colores sin conocimientos de codificaci\u00f3n. Haga clic para guardar la configuraci\u00f3n que realiz\u00f3 en Visitor Counter y obtener el c\u00f3digo de instalaci\u00f3n que se puede agregar f\u00e1cilmente en el sitio PrestaShop sin comprar una suscripci\u00f3n paga. Utilizando el sencillo Editor, cualquier usuario de Internet puede crear la secci\u00f3n Contador de visitantes e incluirla en el sitio web de PrestaShop. No debe pagar ni revelar las credenciales de su tarjeta para ingresar a Elfsight Editor. Si encuentra alg\u00fan problema en alg\u00fan paso, contin\u00fae y comun\u00edquese con nuestro equipo de soporte t\u00e9cnico.<\/p> <\/div>\r\n\t\t\t\t\t<\/div>\r\n\t\t\t\t<\/div> <\/div><\/div>","protected":false},"excerpt":{"rendered":"","protected":false},"author":9,"featured_media":0,"parent":1034,"menu_order":0,"comment_status":"closed","ping_status":"closed","template":"templates\/template-application-platform.php","meta":{"publish_to_discourse":"","publish_post_category":"","wpdc_auto_publish_overridden":"","wpdc_topic_tags":"","wpdc_pin_topic":"","wpdc_pin_until":"","discourse_post_id":"","discourse_permalink":"","wpdc_publishing_response":"","wpdc_publishing_error":"","footnotes":""},"class_list":["post-7717","page","type-page","status-publish","hentry"],"yoast_head":"<!-- This site is optimized with the Yoast SEO plugin v25.3.1 - https:\/\/yoast.com\/wordpress\/plugins\/seo\/ -->\n<title>Contador de visitantes: agregue el complemento Contador de visitas gratuito a PrestaShop<\/title>\n<meta name=\"description\" content=\"Es muy f\u00e1cil crear su mejor complemento de Contador de visitantes e incrustarlo en su sitio web. El servicio al cliente de Elfsight es gratuito y r\u00e1pido.\" \/>\n<meta name=\"robots\" content=\"index, follow, max-snippet:-1, max-image-preview:large, max-video-preview:-1\" \/>\n<link rel=\"canonical\" href=\"https:\/\/elfsight.com\/es\/visitor-counter-widget\/prestashop\/\" \/>\n<meta property=\"og:locale\" content=\"es_ES\" \/>\n<meta property=\"og:type\" content=\"article\" \/>\n<meta property=\"og:title\" content=\"Contador de visitantes: agregue el complemento Contador de visitas gratuito a PrestaShop\" \/>\n<meta property=\"og:description\" content=\"Es muy f\u00e1cil crear su mejor complemento de Contador de visitantes e incrustarlo en su sitio web. El servicio al cliente de Elfsight es gratuito y r\u00e1pido.\" \/>\n<meta property=\"og:url\" content=\"https:\/\/elfsight.com\/es\/visitor-counter-widget\/prestashop\/\" \/>\n<meta property=\"og:site_name\" content=\"Elfsight ES\" \/>\n<meta property=\"article:modified_time\" content=\"2025-02-06T15:47:43+00:00\" \/>\n<meta name=\"twitter:card\" content=\"summary_large_image\" \/>\n<meta name=\"twitter:label1\" content=\"Tiempo de lectura\" \/>\n\t<meta name=\"twitter:data1\" content=\"3 minutos\" \/>\n<!-- \/ Yoast SEO plugin. -->","yoast_head_json":{"title":"Contador de visitantes: agregue el complemento Contador de visitas gratuito a PrestaShop","description":"Es muy f\u00e1cil crear su mejor complemento de Contador de visitantes e incrustarlo en su sitio web. El servicio al cliente de Elfsight es gratuito y r\u00e1pido.","robots":{"index":"index","follow":"follow","max-snippet":"max-snippet:-1","max-image-preview":"max-image-preview:large","max-video-preview":"max-video-preview:-1"},"canonical":"https:\/\/elfsight.com\/es\/visitor-counter-widget\/prestashop\/","og_locale":"es_ES","og_type":"article","og_title":"Contador de visitantes: agregue el complemento Contador de visitas gratuito a PrestaShop","og_description":"Es muy f\u00e1cil crear su mejor complemento de Contador de visitantes e incrustarlo en su sitio web. El servicio al cliente de Elfsight es gratuito y r\u00e1pido.","og_url":"https:\/\/elfsight.com\/es\/visitor-counter-widget\/prestashop\/","og_site_name":"Elfsight ES","article_modified_time":"2025-02-06T15:47:43+00:00","twitter_card":"summary_large_image","twitter_misc":{"Tiempo de lectura":"3 minutos"},"schema":{"@context":"https:\/\/schema.org","@graph":[{"@type":"WebPage","@id":"https:\/\/elfsight.com\/es\/visitor-counter-widget\/prestashop\/","url":"https:\/\/elfsight.com\/es\/visitor-counter-widget\/prestashop\/","name":"Contador de visitantes: agregue el complemento Contador de visitas gratuito a PrestaShop","isPartOf":{"@id":"https:\/\/elfsight.com\/es\/#website"},"datePublished":"1970-01-01T00:00:00+00:00","dateModified":"2025-02-06T15:47:43+00:00","description":"Es muy f\u00e1cil crear su mejor complemento de Contador de visitantes e incrustarlo en su sitio web. El servicio al cliente de Elfsight es gratuito y r\u00e1pido.","breadcrumb":{"@id":"https:\/\/elfsight.com\/es\/visitor-counter-widget\/prestashop\/#breadcrumb"},"inLanguage":"es","potentialAction":[{"@type":"ReadAction","target":["https:\/\/elfsight.com\/es\/visitor-counter-widget\/prestashop\/"]}]},{"@type":"BreadcrumbList","@id":"https:\/\/elfsight.com\/es\/visitor-counter-widget\/prestashop\/#breadcrumb","itemListElement":[{"@type":"ListItem","position":1,"name":"Home","item":"https:\/\/elfsight.com\/es\/"},{"@type":"ListItem","position":2,"name":"Visitor Counter","item":"https:\/\/elfsight.com\/es\/visitor-counter-widget\/"},{"@type":"ListItem","position":3,"name":"Visitor Counter &#8211; PrestaShop"}]},{"@type":"WebSite","@id":"https:\/\/elfsight.com\/es\/#website","url":"https:\/\/elfsight.com\/es\/","name":"Elfsight ES","description":"Just another Elfsight Sites site","potentialAction":[{"@type":"SearchAction","target":{"@type":"EntryPoint","urlTemplate":"https:\/\/elfsight.com\/es\/?s={search_term_string}"},"query-input":{"@type":"PropertyValueSpecification","valueRequired":true,"valueName":"search_term_string"}}],"inLanguage":"es"}]}},"meta_box":{"industry":"","seo_heading":"","heading":"","description":"","cta_heading":"","cta_description":"","application":"1033","h1":"Complemento de contador de visitantes de PrestaShop","h1_caption":"Muestre la cantidad de visitantes a su sitio web con un contador de visitantes en vivo, aumentando la credibilidad de su sitio web en su sitio web Prestashop sin esfuerzo.","application_category":[],"applications_title":"","applications_request_title":"","applications_request_button_text":"","hero_text":"","hero_video":"","hero_video_schema_markup":"","selling_points_title":"","selling_points_caption":"","selling_points":[],"selling_points_cta_text":"","features_title":"","features":"","ed_cta_examples_text":"","ed_cta_examples_hidden":"","ed_cta_demo_text":"","ed_cta_demo_hidden":"","why_caption":"","why_editor_title":"","why_editor_text":"","why_team_title":"","why_team_text":"","why_service_title":"","why_service_text":"","template_catalog_visible":"","template_catalog_title":"","template_catalog_text":"","template_catalog_categories_visible":"","demo_title":"Crea tu complemento de contador de visitantes","demo_caption":"\u00a1Configura tu Contador de Visitas y agr\u00e9galo a tu sitio web PrestaShop gratis!","default_faq_hidden":"","app_template_category":[],"platform":"2250","template_public_id":"","codecanyon_url":"","codecanyon_item_id":"","codecanyon_price":"","pricing_caption":"","pricing_elfsight_apps_hide_column":"","pricing_elfsight_apps_url":"","pricing_codecanyon_price_caption":"","integration_category":[],"integration_request_title":"","integration_request_cta":"","integration_platform":"","integrations":[],"platform_category":[],"video_schema_markup":"","price":"desde $0 \/ mes","trial":"","benefits":[{"text":"Asistencia de instalaci\u00f3n gratuita"},{"text":"Soporte premium"},{"text":"Servicio al cliente eficaz"},{"text":"Mejoras continuas"}],"button_url":"#demo","button_target_blank":"","button_nofollow":"","attributes":[{"name":"Instalaciones","content":"10,000 - 100,000"},{"name":"Sensible","content":"S\u00ed"},{"name":"Navegadores compatibles","content":"Firefox, Safari, Opera, Chrome, Edge"}],"tags":[],"tags_disable_links":"","hide_more_platforms":"","video_object":"","demo_hide_cta":"","demo_hide_cloud_options":"","pricing_title":"","pricing":[{"pricing_icon":"platform","pricing_title":"Elfsight Apps","pricing_title_caption":"Soluci\u00f3n independiente de plataforma que funciona en cualquier sitio","pricing_price":"desde $0 \/ mes","pricing_price_caption":"comienza con un plan gratuito","pricing_benefits":[{"text":"Sitios web ilimitados"},{"text":"Soporte r\u00e1pido y puntual"},{"text":"Asistencia de instalaci\u00f3n gratuita"},{"text":"Totalmente personalizable"}],"pricing_button_text":"A\u00f1adir al sitio web","pricing_button_url":"#demo"}],"related_apps_title":"","related_apps_hidden":"","author":"","image":[],"title":"","job":"","social_networks":[]},"_links":{"self":[{"href":"https:\/\/elfsight.com\/es\/wp-json\/wp\/v2\/pages\/7717","targetHints":{"allow":["GET"]}}],"collection":[{"href":"https:\/\/elfsight.com\/es\/wp-json\/wp\/v2\/pages"}],"about":[{"href":"https:\/\/elfsight.com\/es\/wp-json\/wp\/v2\/types\/page"}],"author":[{"embeddable":true,"href":"https:\/\/elfsight.com\/es\/wp-json\/wp\/v2\/users\/9"}],"replies":[{"embeddable":true,"href":"https:\/\/elfsight.com\/es\/wp-json\/wp\/v2\/comments?post=7717"}],"version-history":[{"count":2,"href":"https:\/\/elfsight.com\/es\/wp-json\/wp\/v2\/pages\/7717\/revisions"}],"predecessor-version":[{"id":18821,"href":"https:\/\/elfsight.com\/es\/wp-json\/wp\/v2\/pages\/7717\/revisions\/18821"}],"up":[{"embeddable":true,"href":"https:\/\/elfsight.com\/es\/wp-json\/wp\/v2\/pages\/1034"}],"wp:attachment":[{"href":"https:\/\/elfsight.com\/es\/wp-json\/wp\/v2\/media?parent=7717"}],"curies":[{"name":"wp","href":"https:\/\/api.w.org\/{rel}","templated":true}]}}