{"id":7716,"date":"1970-01-01T00:00:00","date_gmt":"1970-01-01T00:00:00","guid":{"rendered":"https:\/\/elfsight.com\/es\/?page_id=7716"},"modified":"2025-02-06T15:47:52","modified_gmt":"2025-02-06T15:47:52","slug":"magento","status":"publish","type":"page","link":"https:\/\/elfsight.com\/es\/visitor-counter-widget\/magento\/","title":{"rendered":"Visitor Counter &#8211; Magento"},"content":{"rendered":"<div class=\"application-platform-content-item-description application-platform-content-item\" id=\"description\" data-nav-section=\"description\"> <h2>Descripci\u00f3n<\/h2><p>Elfsight Visitor Counter es una herramienta sencilla que le permite a usted y a sus usuarios ver la cantidad de visitantes y el contenido m\u00e1s popular visto dentro del intervalo de tiempo exacto. Las estad\u00edsticas esenciales ahora son f\u00e1ciles de comprobar sin necesidad de habilidades adicionales. Adem\u00e1s, utilizarlo puede hacerles creer f\u00e1cilmente que es una empresa confiable y obtener muchos m\u00e1s clientes potenciales. Con nuestras elegantes opciones personalizables y pr\u00e1cticos dise\u00f1os, puede crear el widget en su sitio con solo unos pocos clics. <\/p><p><b>Agregue un contador de visitantes para analizar las estad\u00edsticas de su sitio web y mejorar la credibilidad.<\/b><\/p> <\/div> <div class=\"application-platform-content-item-features application-platform-content-item\" id=\"features\" data-nav-section=\"features\"> <h2>Estas son las caracter\u00edsticas principales de la extensi\u00f3n: <\/h2> <ul><li>Compruebe estad\u00edsticas importantes sin necesidad de conocimientos adicionales de an\u00e1lisis o codificaci\u00f3n<\/li><li>Obtenga el n\u00famero de usuarios y cu\u00e1les de sus p\u00e1ginas son m\u00e1s vistas <\/li><li>Gran variedad de intervalos de tiempo para contar tus estad\u00edsticas <\/li><li> Dise\u00f1os f\u00e1ciles de usar para representar todas las estad\u00edsticas de forma accesible<\/li><li>Esquemas de colores claros, oscuros y personalizables para que la herramienta sea impresionante <\/li><li> Ajusta el cambio de color de todos los elementos: texto, combinaci\u00f3n de colores e \u00edconos <\/li><\/ul><p><a href=\"#demo\">Prueba todas las opciones en la demostraci\u00f3n en vivo<\/a><\/p> <\/div> <div class=\"application-platform-content-item-installation application-platform-content-item\" id=\"installation\" data-nav-section=\"installation\"> <h2>\u00bfC\u00f3mo agregar un contador de visitantes en su sitio web Magento? <\/h2> <p>Simplemente siga la gu\u00eda a continuaci\u00f3n para implementar la herramienta: <\/p> <ol><li><b>Genere su extensi\u00f3n personal de Contador de visitantes. <\/b><br> Al administrar nuestro editor gratuito, cree un complemento con un dise\u00f1o y una funcionalidad personalizados. <\/li> <li><b>Adquiera el c\u00f3digo personal para insertar la herramienta.<\/b><br> Despu\u00e9s de haber personalizado su widget, obtendr\u00e1 el c\u00f3digo de instalaci\u00f3n en la ventana que aparece en Elfsight Apps. C\u00f3pielo para su uso posterior. <\/li> <li><b>Incruste la extensi\u00f3n en su sitio Magento.<\/b><br> Busque el \u00e1rea donde desea colocar la herramienta e inserte el c\u00f3digo guardado all\u00ed. Guarde los cambios.  <\/li> <li><b>\u00a1Listo!<\/b><br> Ingrese al sitio web para ver su complemento. <\/li><\/ol><p>En caso de que tenga alguna dificultad o pregunta, no dude en comunicarse con nuestro equipo de soporte. Nuestros profesionales estar\u00e1n encantados de resolver todos los problemas con su extensi\u00f3n. <\/p> <div class=\"faq\" data-component=\"FAQ\"><div class=\"faq-item\">\r\n\t\t\t\t\t<div class=\"faq-item-question\">\r\n\t\t\t\t\t\t<h3 class=\"faq-item-question-text\">\u00bfC\u00f3mo incrustar Visitor Counter en mi p\u00e1gina web de Magento sin codificaci\u00f3n?<\/h3>\r\n\r\n\t\t\t\t\t\t<div class=\"faq-item-question-icon\"><\/div>\r\n\t\t\t\t\t<\/div>\r\n\r\n\t\t\t\t\t<div class=\"faq-item-answer\">\r\n\t\t\t\t\t\t<div class=\"faq-item-answer-text\"> <p>La compa\u00f1\u00eda Elfsight ofrece una soluci\u00f3n que permite a los propietarios de sitios crear un complemento de Visitor Counter usted mismo. Descubra las sencillas instrucciones: trabaje directamente en la demostraci\u00f3n en vivo para crear un complemento de Visitor Counter que le gustar\u00eda incrustar en la p\u00e1gina de inicio de Magento. Elija una de nuestras plantillas predise\u00f1adas y ajuste la configuraci\u00f3n del Contador de visitantes, cambie el dise\u00f1o y el color de los elementos, incluido su contenido, sin experiencia en codificaci\u00f3n. Haga clic para guardar la configuraci\u00f3n que realiz\u00f3 en Visitor Counter y obtener el c\u00f3digo de instalaci\u00f3n que puede agregar en su sitio web Magento sin necesidad de comprar una versi\u00f3n paga. Trabajando en nuestro sencillo Editor, cada usuario web puede crear un widget de Contador de visitantes en l\u00ednea e incrustarlo sin esfuerzo en la p\u00e1gina de inicio de Magento. No es necesario obtener un plan pago ni enviar los datos de su tarjeta para ingresar al servicio. Si encuentra alg\u00fan obst\u00e1culo en alg\u00fan paso, contin\u00fae y hable con nuestro servicio de atenci\u00f3n al cliente.<\/p> <\/div>\r\n\t\t\t\t\t<\/div>\r\n\t\t\t\t<\/div> <\/div><\/div>","protected":false},"excerpt":{"rendered":"","protected":false},"author":9,"featured_media":0,"parent":1034,"menu_order":0,"comment_status":"closed","ping_status":"closed","template":"templates\/template-application-platform.php","meta":{"publish_to_discourse":"","publish_post_category":"","wpdc_auto_publish_overridden":"","wpdc_topic_tags":"","wpdc_pin_topic":"","wpdc_pin_until":"","discourse_post_id":"","discourse_permalink":"","wpdc_publishing_response":"","wpdc_publishing_error":"","footnotes":""},"class_list":["post-7716","page","type-page","status-publish","hentry"],"yoast_head":"<!-- This site is optimized with the Yoast SEO plugin v25.3.1 - https:\/\/yoast.com\/wordpress\/plugins\/seo\/ -->\n<title>Complemento de contador de visitantes | Agregue el widget de contador de visitas al sitio web de Magento [2025]<\/title>\n<meta name=\"description\" content=\"Agregue un pr\u00e1ctico contador de visitantes a su sitio Magento. Utilice la demostraci\u00f3n en vivo de Elfsight y cree su propia extensi\u00f3n con solo unos pocos clics.\" \/>\n<meta name=\"robots\" content=\"index, follow, max-snippet:-1, max-image-preview:large, max-video-preview:-1\" \/>\n<link rel=\"canonical\" href=\"https:\/\/elfsight.com\/es\/visitor-counter-widget\/magento\/\" \/>\n<meta property=\"og:locale\" content=\"es_ES\" \/>\n<meta property=\"og:type\" content=\"article\" \/>\n<meta property=\"og:title\" content=\"Complemento de contador de visitantes | Agregue el widget de contador de visitas al sitio web de Magento [2025]\" \/>\n<meta property=\"og:description\" content=\"Agregue un pr\u00e1ctico contador de visitantes a su sitio Magento. Utilice la demostraci\u00f3n en vivo de Elfsight y cree su propia extensi\u00f3n con solo unos pocos clics.\" \/>\n<meta property=\"og:url\" content=\"https:\/\/elfsight.com\/es\/visitor-counter-widget\/magento\/\" \/>\n<meta property=\"og:site_name\" content=\"Elfsight ES\" \/>\n<meta property=\"article:modified_time\" content=\"2025-02-06T15:47:52+00:00\" \/>\n<meta name=\"twitter:card\" content=\"summary_large_image\" \/>\n<meta name=\"twitter:label1\" content=\"Tiempo de lectura\" \/>\n\t<meta name=\"twitter:data1\" content=\"3 minutos\" \/>\n<!-- \/ Yoast SEO plugin. -->","yoast_head_json":{"title":"Complemento de contador de visitantes | Agregue el widget de contador de visitas al sitio web de Magento [2025]","description":"Agregue un pr\u00e1ctico contador de visitantes a su sitio Magento. Utilice la demostraci\u00f3n en vivo de Elfsight y cree su propia extensi\u00f3n con solo unos pocos clics.","robots":{"index":"index","follow":"follow","max-snippet":"max-snippet:-1","max-image-preview":"max-image-preview:large","max-video-preview":"max-video-preview:-1"},"canonical":"https:\/\/elfsight.com\/es\/visitor-counter-widget\/magento\/","og_locale":"es_ES","og_type":"article","og_title":"Complemento de contador de visitantes | Agregue el widget de contador de visitas al sitio web de Magento [2025]","og_description":"Agregue un pr\u00e1ctico contador de visitantes a su sitio Magento. Utilice la demostraci\u00f3n en vivo de Elfsight y cree su propia extensi\u00f3n con solo unos pocos clics.","og_url":"https:\/\/elfsight.com\/es\/visitor-counter-widget\/magento\/","og_site_name":"Elfsight ES","article_modified_time":"2025-02-06T15:47:52+00:00","twitter_card":"summary_large_image","twitter_misc":{"Tiempo de lectura":"3 minutos"},"schema":{"@context":"https:\/\/schema.org","@graph":[{"@type":"WebPage","@id":"https:\/\/elfsight.com\/es\/visitor-counter-widget\/magento\/","url":"https:\/\/elfsight.com\/es\/visitor-counter-widget\/magento\/","name":"Complemento de contador de visitantes | Agregue el widget de contador de visitas al sitio web de Magento [2025]","isPartOf":{"@id":"https:\/\/elfsight.com\/es\/#website"},"datePublished":"1970-01-01T00:00:00+00:00","dateModified":"2025-02-06T15:47:52+00:00","description":"Agregue un pr\u00e1ctico contador de visitantes a su sitio Magento. Utilice la demostraci\u00f3n en vivo de Elfsight y cree su propia extensi\u00f3n con solo unos pocos clics.","breadcrumb":{"@id":"https:\/\/elfsight.com\/es\/visitor-counter-widget\/magento\/#breadcrumb"},"inLanguage":"es","potentialAction":[{"@type":"ReadAction","target":["https:\/\/elfsight.com\/es\/visitor-counter-widget\/magento\/"]}]},{"@type":"BreadcrumbList","@id":"https:\/\/elfsight.com\/es\/visitor-counter-widget\/magento\/#breadcrumb","itemListElement":[{"@type":"ListItem","position":1,"name":"Home","item":"https:\/\/elfsight.com\/es\/"},{"@type":"ListItem","position":2,"name":"Visitor Counter","item":"https:\/\/elfsight.com\/es\/visitor-counter-widget\/"},{"@type":"ListItem","position":3,"name":"Visitor Counter &#8211; Magento"}]},{"@type":"WebSite","@id":"https:\/\/elfsight.com\/es\/#website","url":"https:\/\/elfsight.com\/es\/","name":"Elfsight ES","description":"Just another Elfsight Sites site","potentialAction":[{"@type":"SearchAction","target":{"@type":"EntryPoint","urlTemplate":"https:\/\/elfsight.com\/es\/?s={search_term_string}"},"query-input":{"@type":"PropertyValueSpecification","valueRequired":true,"valueName":"search_term_string"}}],"inLanguage":"es"}]}},"meta_box":{"industry":"","seo_heading":"","heading":"","description":"","cta_heading":"","cta_description":"","application":"1033","h1":"Extensi\u00f3n del contador de visitantes de Magento","h1_caption":"Muestre la cantidad de visitantes a su sitio web con un contador de visitantes en vivo, aumentando la credibilidad de su sitio web en su sitio web Magento sin esfuerzo.","application_category":[],"applications_title":"","applications_request_title":"","applications_request_button_text":"","hero_text":"","hero_video":"","hero_video_schema_markup":"","selling_points_title":"","selling_points_caption":"","selling_points":[],"selling_points_cta_text":"","features_title":"","features":"","ed_cta_examples_text":"","ed_cta_examples_hidden":"","ed_cta_demo_text":"","ed_cta_demo_hidden":"","why_caption":"","why_editor_title":"","why_editor_text":"","why_team_title":"","why_team_text":"","why_service_title":"","why_service_text":"","template_catalog_visible":"","template_catalog_title":"","template_catalog_text":"","template_catalog_categories_visible":"","demo_title":"Crea tu extensi\u00f3n de Contador de Visitantes","demo_caption":"\u00a1Configure su Contador de Visitantes y agr\u00e9guelo a su sitio web Magento gratis!","default_faq_hidden":"","app_template_category":[],"platform":"82","template_public_id":"","codecanyon_url":"","codecanyon_item_id":"","codecanyon_price":"","pricing_caption":"","pricing_elfsight_apps_hide_column":"","pricing_elfsight_apps_url":"","pricing_codecanyon_price_caption":"","integration_category":[],"integration_request_title":"","integration_request_cta":"","integration_platform":"","integrations":[],"platform_category":[],"video_schema_markup":"","price":"desde $0 \/ mes","trial":"","benefits":[{"text":"Ayuda de instalaci\u00f3n gratuita"},{"text":"Servicio al cliente competente"},{"text":"Garant\u00eda de devoluci\u00f3n de dinero de 14 d\u00edas"},{"text":"Actualizaciones de por vida"}],"button_url":"#demo","button_target_blank":"","button_nofollow":"","attributes":[{"name":"Instalaciones","content":"10,000 - 100,000"},{"name":"Sensible","content":"S\u00ed"},{"name":"Navegadores compatibles","content":"Firefox, Safari, Opera, Chrome, Edge"}],"tags":[],"tags_disable_links":"","hide_more_platforms":"","video_object":"","demo_hide_cta":"","demo_hide_cloud_options":"","pricing_title":"","pricing":[{"pricing_icon":"platform","pricing_title":"Elfsight Apps","pricing_title_caption":"Soluci\u00f3n digital multiplataforma","pricing_price":"desde $0 \/ mes","pricing_price_caption":"comienza con un plan gratuito","pricing_benefits":[{"text":"Sitios web ilimitados"},{"text":"Soporte profesional de la empresa"},{"text":"Soporte de instalaci\u00f3n gratuito"},{"text":"100% personalizable"}],"pricing_button_text":"A\u00f1adir al sitio web","pricing_button_url":"#demo"}],"related_apps_title":"","related_apps_hidden":"","author":"","image":[],"title":"","job":"","social_networks":[]},"_links":{"self":[{"href":"https:\/\/elfsight.com\/es\/wp-json\/wp\/v2\/pages\/7716","targetHints":{"allow":["GET"]}}],"collection":[{"href":"https:\/\/elfsight.com\/es\/wp-json\/wp\/v2\/pages"}],"about":[{"href":"https:\/\/elfsight.com\/es\/wp-json\/wp\/v2\/types\/page"}],"author":[{"embeddable":true,"href":"https:\/\/elfsight.com\/es\/wp-json\/wp\/v2\/users\/9"}],"replies":[{"embeddable":true,"href":"https:\/\/elfsight.com\/es\/wp-json\/wp\/v2\/comments?post=7716"}],"version-history":[{"count":2,"href":"https:\/\/elfsight.com\/es\/wp-json\/wp\/v2\/pages\/7716\/revisions"}],"predecessor-version":[{"id":18822,"href":"https:\/\/elfsight.com\/es\/wp-json\/wp\/v2\/pages\/7716\/revisions\/18822"}],"up":[{"embeddable":true,"href":"https:\/\/elfsight.com\/es\/wp-json\/wp\/v2\/pages\/1034"}],"wp:attachment":[{"href":"https:\/\/elfsight.com\/es\/wp-json\/wp\/v2\/media?parent=7716"}],"curies":[{"name":"wp","href":"https:\/\/api.w.org\/{rel}","templated":true}]}}