{"id":7709,"date":"1970-01-01T00:00:00","date_gmt":"1970-01-01T00:00:00","guid":{"rendered":"https:\/\/elfsight.com\/es\/?page_id=7709"},"modified":"2025-02-06T15:47:52","modified_gmt":"2025-02-06T15:47:52","slug":"opencart","status":"publish","type":"page","link":"https:\/\/elfsight.com\/es\/visitor-counter-widget\/opencart\/","title":{"rendered":"Visitor Counter  &#8211; OpenCart"},"content":{"rendered":"<div class=\"application-platform-content-item-description application-platform-content-item\" id=\"description\" data-nav-section=\"description\"> <h2>Descripci\u00f3n<\/h2> <p> Visitor Counter para OpenCart es una extensi\u00f3n sencilla que le permite controlar su n\u00famero de visitantes y las p\u00e1ginas m\u00e1s populares vistas dentro de un per\u00edodo de tiempo determinado. Las estad\u00edsticas b\u00e1sicas ahora son f\u00e1ciles de monitorear sin conocimientos adicionales de codificaci\u00f3n o an\u00e1lisis de datos. Adem\u00e1s, puede asegurarse f\u00e1cilmente a los visitantes de que es una empresa respetable y conseguir muchos m\u00e1s clientes o suscriptores nuevos. Con nuestras elegantes oportunidades adaptadas al usuario y nuestros pr\u00e1cticos dise\u00f1os, puede insertar la extensi\u00f3n en su sitio web con solo un clic. <\/p> <p><b>\u00a1Haga que su plan de comercio electr\u00f3nico sea m\u00e1s exitoso con Visitor Counter!<\/b><\/p><\/div> <div class=\"application-platform-content-item-features application-platform-content-item\" id=\"features\" data-nav-section=\"features\"> <h2>A continuaci\u00f3n se detallan las caracter\u00edsticas centrales del widget: <\/h2> <ul><li>F\u00e1cil de usar sin necesidad de conocimientos profesionales de an\u00e1lisis y codificaci\u00f3n<\/li><li>Una amplia variedad de per\u00edodos de tiempo para realizar un seguimiento de su stats<\/li><li>Dise\u00f1os convenientes para organizar todos los contadores de la manera m\u00e1s pr\u00e1ctica <\/li><li>Esquemas de colores claros, oscuros y personalizables para darle estilo a la herramienta <\/li><li>Configurar el tama\u00f1o y el peso de la fuente <\/li><li>F\u00e1cil de integrar incluso para usuarios sin conocimientos t\u00e9cnicos <\/li><\/ul><p><a href=\"#demo\">Simplemente pruebe esta demostraci\u00f3n para comprender la funcionalidad de la extensi\u00f3n.<\/a><\/p> <\/div> <div class=\"application-platform-content-item-installation application-platform-content-item\" id=\"installation\" data-nav-section=\"installation\"> <h2>\u00bfC\u00f3mo incrustar el m\u00f3dulo Contador de visitantes en mi sitio OpenCart? <\/h2> <p>Simplemente aplique las instrucciones a continuaci\u00f3n para comenzar a usar la extensi\u00f3n: <\/p> <ol><li><b>Utilice nuestro editor gratuito y comience a darle forma a su extensi\u00f3n \u00fanica. <\/b><br> Encuentre la forma y funcionalidad seleccionadas de la extensi\u00f3n y guarde todas las modificaciones. <\/li> <li><b>Adquiera su c\u00f3digo \u00fanico revelado en el formulario especial en Elfsight Apps. <\/b><br> Inmediatamente despu\u00e9s de que finalice la generaci\u00f3n de su extensi\u00f3n personal, copie el c\u00f3digo personal de la ventana emergente que aparece y gu\u00e1rdelo para usarlo en el futuro. <\/li> <li><b>Ingrese al uso de la extensi\u00f3n en su sitio OpenCart. <\/b><br>Implemente el c\u00f3digo que guard\u00f3 recientemente en su p\u00e1gina y aplique las mejoras. <\/li> <li><b>\u00a1Listo! La incrustaci\u00f3n se realiza con \u00e9xito. <\/b><br>Vaya a su p\u00e1gina web para examinar el funcionamiento de la extensi\u00f3n. <\/li><\/ol><p>En caso de tener dudas o enfrentar algunos obst\u00e1culos, p\u00f3ngase en contacto con nuestro equipo de atenci\u00f3n al cliente. Nuestra gente est\u00e1 ansiosa por ayudarle con todas las dificultades que pueda tener con el widget. <\/p> <div class=\"faq\" data-component=\"FAQ\"><div class=\"faq-item\">\r\n\t\t\t\t\t<div class=\"faq-item-question\">\r\n\t\t\t\t\t\t<h3 class=\"faq-item-question-text\">\u00bfC\u00f3mo incrustar un Contador de visitantes en mi OpenCart sin experiencia en codificaci\u00f3n?<\/h3>\r\n\r\n\t\t\t\t\t\t<div class=\"faq-item-question-icon\"><\/div>\r\n\t\t\t\t\t<\/div>\r\n\r\n\t\t\t\t\t<div class=\"faq-item-answer\">\r\n\t\t\t\t\t\t<div class=\"faq-item-answer-text\"> <p>La compa\u00f1\u00eda Elfsight ofrece una soluci\u00f3n que permite a una amplia audiencia crear una secci\u00f3n de Contador de visitantes usted mismo. Descubra lo f\u00e1cil que es: trabaje directamente en la demostraci\u00f3n en l\u00ednea para crear un complemento de Contador de visitantes que le gustar\u00eda agregar en la p\u00e1gina web de OpenCart. Seleccione una de las plantillas ya preparadas y cambie la configuraci\u00f3n del Contador de visitantes, incluya su contenido, cambie el dise\u00f1o y los colores sin conocimientos de codificaci\u00f3n. Haga clic para guardar el Contador de visitantes y obtener el c\u00f3digo para la instalaci\u00f3n, que puede insertar f\u00e1cilmente en cualquier p\u00e1gina de inicio de OpenCart sin comprar una versi\u00f3n paga. Con el Configurador f\u00e1cil de usar, cualquier usuario de Internet puede establecer un complemento de Contador de visitantes y pegarlo sin esfuerzo en el sitio OpenCart. No es necesario pagar ni enviar las credenciales de su tarjeta para acceder a nuestro Editor. Si enfrenta alg\u00fan obst\u00e1culo de cualquier tipo, no dude en hablar con nuestro equipo de soporte.<\/p> <\/div>\r\n\t\t\t\t\t<\/div>\r\n\t\t\t\t<\/div> <\/div><\/div>","protected":false},"excerpt":{"rendered":"","protected":false},"author":9,"featured_media":0,"parent":1034,"menu_order":0,"comment_status":"closed","ping_status":"closed","template":"templates\/template-application-platform.php","meta":{"publish_to_discourse":"","publish_post_category":"","wpdc_auto_publish_overridden":"","wpdc_topic_tags":"","wpdc_pin_topic":"","wpdc_pin_until":"","discourse_post_id":"","discourse_permalink":"","wpdc_publishing_response":"","wpdc_publishing_error":"","footnotes":""},"class_list":["post-7709","page","type-page","status-publish","hentry"],"yoast_head":"<!-- This site is optimized with the Yoast SEO plugin v25.3.1 - https:\/\/yoast.com\/wordpress\/plugins\/seo\/ -->\n<title>Agregue la extensi\u00f3n Open Cart al sitio web OpenCart (r\u00e1pido y gratis)<\/title>\n<meta name=\"description\" content=\"Esta es la gran oportunidad de producir la extensi\u00f3n Best Visitor Counter e integrarla en su sitio web. Disfrute de la asistencia al cliente gratuita de Elfsight.\" \/>\n<meta name=\"robots\" content=\"index, follow, max-snippet:-1, max-image-preview:large, max-video-preview:-1\" \/>\n<link rel=\"canonical\" href=\"https:\/\/elfsight.com\/es\/visitor-counter-widget\/opencart\/\" \/>\n<meta property=\"og:locale\" content=\"es_ES\" \/>\n<meta property=\"og:type\" content=\"article\" \/>\n<meta property=\"og:title\" content=\"Agregue la extensi\u00f3n Open Cart al sitio web OpenCart (r\u00e1pido y gratis)\" \/>\n<meta property=\"og:description\" content=\"Esta es la gran oportunidad de producir la extensi\u00f3n Best Visitor Counter e integrarla en su sitio web. Disfrute de la asistencia al cliente gratuita de Elfsight.\" \/>\n<meta property=\"og:url\" content=\"https:\/\/elfsight.com\/es\/visitor-counter-widget\/opencart\/\" \/>\n<meta property=\"og:site_name\" content=\"Elfsight ES\" \/>\n<meta property=\"article:modified_time\" content=\"2025-02-06T15:47:52+00:00\" \/>\n<meta name=\"twitter:card\" content=\"summary_large_image\" \/>\n<meta name=\"twitter:label1\" content=\"Tiempo de lectura\" \/>\n\t<meta name=\"twitter:data1\" content=\"3 minutos\" \/>\n<!-- \/ Yoast SEO plugin. -->","yoast_head_json":{"title":"Agregue la extensi\u00f3n Open Cart al sitio web OpenCart (r\u00e1pido y gratis)","description":"Esta es la gran oportunidad de producir la extensi\u00f3n Best Visitor Counter e integrarla en su sitio web. Disfrute de la asistencia al cliente gratuita de Elfsight.","robots":{"index":"index","follow":"follow","max-snippet":"max-snippet:-1","max-image-preview":"max-image-preview:large","max-video-preview":"max-video-preview:-1"},"canonical":"https:\/\/elfsight.com\/es\/visitor-counter-widget\/opencart\/","og_locale":"es_ES","og_type":"article","og_title":"Agregue la extensi\u00f3n Open Cart al sitio web OpenCart (r\u00e1pido y gratis)","og_description":"Esta es la gran oportunidad de producir la extensi\u00f3n Best Visitor Counter e integrarla en su sitio web. Disfrute de la asistencia al cliente gratuita de Elfsight.","og_url":"https:\/\/elfsight.com\/es\/visitor-counter-widget\/opencart\/","og_site_name":"Elfsight ES","article_modified_time":"2025-02-06T15:47:52+00:00","twitter_card":"summary_large_image","twitter_misc":{"Tiempo de lectura":"3 minutos"},"schema":{"@context":"https:\/\/schema.org","@graph":[{"@type":"WebPage","@id":"https:\/\/elfsight.com\/es\/visitor-counter-widget\/opencart\/","url":"https:\/\/elfsight.com\/es\/visitor-counter-widget\/opencart\/","name":"Agregue la extensi\u00f3n Open Cart al sitio web OpenCart (r\u00e1pido y gratis)","isPartOf":{"@id":"https:\/\/elfsight.com\/es\/#website"},"datePublished":"1970-01-01T00:00:00+00:00","dateModified":"2025-02-06T15:47:52+00:00","description":"Esta es la gran oportunidad de producir la extensi\u00f3n Best Visitor Counter e integrarla en su sitio web. Disfrute de la asistencia al cliente gratuita de Elfsight.","breadcrumb":{"@id":"https:\/\/elfsight.com\/es\/visitor-counter-widget\/opencart\/#breadcrumb"},"inLanguage":"es","potentialAction":[{"@type":"ReadAction","target":["https:\/\/elfsight.com\/es\/visitor-counter-widget\/opencart\/"]}]},{"@type":"BreadcrumbList","@id":"https:\/\/elfsight.com\/es\/visitor-counter-widget\/opencart\/#breadcrumb","itemListElement":[{"@type":"ListItem","position":1,"name":"Home","item":"https:\/\/elfsight.com\/es\/"},{"@type":"ListItem","position":2,"name":"Visitor Counter","item":"https:\/\/elfsight.com\/es\/visitor-counter-widget\/"},{"@type":"ListItem","position":3,"name":"Visitor Counter &#8211; OpenCart"}]},{"@type":"WebSite","@id":"https:\/\/elfsight.com\/es\/#website","url":"https:\/\/elfsight.com\/es\/","name":"Elfsight ES","description":"Just another Elfsight Sites site","potentialAction":[{"@type":"SearchAction","target":{"@type":"EntryPoint","urlTemplate":"https:\/\/elfsight.com\/es\/?s={search_term_string}"},"query-input":{"@type":"PropertyValueSpecification","valueRequired":true,"valueName":"search_term_string"}}],"inLanguage":"es"}]}},"meta_box":{"industry":"","seo_heading":"","heading":"","description":"","cta_heading":"","cta_description":"","application":"1033","h1":"Extensi\u00f3n del mostrador de visitantes de OpenCart","h1_caption":"Analice las estad\u00edsticas de su p\u00e1gina web y mejore su estrategia comercial","application_category":[],"applications_title":"","applications_request_title":"","applications_request_button_text":"","hero_text":"","hero_video":"","hero_video_schema_markup":"","selling_points_title":"","selling_points_caption":"","selling_points":[],"selling_points_cta_text":"","features_title":"","features":"","ed_cta_examples_text":"","ed_cta_examples_hidden":"","ed_cta_demo_text":"","ed_cta_demo_hidden":"","why_caption":"","why_editor_title":"","why_editor_text":"","why_team_title":"","why_team_text":"","why_service_title":"","why_service_text":"","template_catalog_visible":"","template_catalog_title":"","template_catalog_text":"","template_catalog_categories_visible":"","demo_title":"Date prisa para crear un contador de visitantes OpenCart personalizado","demo_caption":"Personalice e inserte la extensi\u00f3n en su p\u00e1gina a trav\u00e9s de una demostraci\u00f3n en vivo","default_faq_hidden":"","app_template_category":[],"platform":"88","template_public_id":"","codecanyon_url":"","codecanyon_item_id":"","codecanyon_price":"","pricing_caption":"","pricing_elfsight_apps_hide_column":"","pricing_elfsight_apps_url":"","pricing_codecanyon_price_caption":"","integration_category":[],"integration_request_title":"","integration_request_cta":"","integration_platform":"","integrations":[],"platform_category":[],"video_schema_markup":"","price":"desde $0 \/ mes","trial":"","benefits":[{"text":"Ayuda de instalaci\u00f3n gratuita"},{"text":"Atenci\u00f3n al cliente experimentada"},{"text":"Garant\u00eda de reembolso de 14 d\u00edas"},{"text":"Desarrollo continuo"}],"button_url":"#demo","button_target_blank":"","button_nofollow":"","attributes":[{"name":"Instalaciones","content":"10,000 - 100,000"},{"name":"Sensible","content":"S\u00ed"},{"name":"Navegadores compatibles","content":"Opera, Safari, Chrome, Edge, Firefox"}],"tags":[],"tags_disable_links":"","hide_more_platforms":"","video_object":"","demo_hide_cta":"","demo_hide_cloud_options":"","pricing_title":"","pricing":[{"pricing_icon":"platform","pricing_title":"Elfsight Apps","pricing_title_caption":"Soluci\u00f3n digital multiplataforma","pricing_price":"desde $0 \/ mes","pricing_price_caption":"comienza con el plan gratuito","pricing_benefits":[{"text":"Sitios web ilimitados"},{"text":"Soporte profesional y puntual"},{"text":"Servicio de instalaci\u00f3n gratuito"},{"text":"Dise\u00f1o flexible"}],"pricing_button_text":"A\u00f1adir al sitio web","pricing_button_url":"#demo"}],"related_apps_title":"","related_apps_hidden":"","author":"","image":[],"title":"","job":"","social_networks":[]},"_links":{"self":[{"href":"https:\/\/elfsight.com\/es\/wp-json\/wp\/v2\/pages\/7709","targetHints":{"allow":["GET"]}}],"collection":[{"href":"https:\/\/elfsight.com\/es\/wp-json\/wp\/v2\/pages"}],"about":[{"href":"https:\/\/elfsight.com\/es\/wp-json\/wp\/v2\/types\/page"}],"author":[{"embeddable":true,"href":"https:\/\/elfsight.com\/es\/wp-json\/wp\/v2\/users\/9"}],"replies":[{"embeddable":true,"href":"https:\/\/elfsight.com\/es\/wp-json\/wp\/v2\/comments?post=7709"}],"version-history":[{"count":2,"href":"https:\/\/elfsight.com\/es\/wp-json\/wp\/v2\/pages\/7709\/revisions"}],"predecessor-version":[{"id":18825,"href":"https:\/\/elfsight.com\/es\/wp-json\/wp\/v2\/pages\/7709\/revisions\/18825"}],"up":[{"embeddable":true,"href":"https:\/\/elfsight.com\/es\/wp-json\/wp\/v2\/pages\/1034"}],"wp:attachment":[{"href":"https:\/\/elfsight.com\/es\/wp-json\/wp\/v2\/media?parent=7709"}],"curies":[{"name":"wp","href":"https:\/\/api.w.org\/{rel}","templated":true}]}}