{"id":7700,"date":"1970-01-01T00:00:00","date_gmt":"1970-01-01T00:00:00","guid":{"rendered":"https:\/\/elfsight.com\/es\/?page_id=7700"},"modified":"2025-02-06T15:48:08","modified_gmt":"2025-02-06T15:48:08","slug":"iframe","status":"publish","type":"page","link":"https:\/\/elfsight.com\/es\/visitor-counter-widget\/iframe\/","title":{"rendered":"Visitor Counter  &#8211; iFrame"},"content":{"rendered":"<div class=\"application-platform-content-item-description application-platform-content-item\" id=\"description\" data-nav-section=\"description\"> <h2>Integre el contador de visitantes en iFrame con el widget Elfsight<\/h2> <p> El contador de visitantes para iFrame es un widget sencillo que le permite analizar el n\u00famero de visitantes y el contenido m\u00e1s popular visto en intervalos de tiempo espec\u00edficos. Las estad\u00edsticas esenciales ahora son f\u00e1ciles de analizar sin especialistas adicionales en an\u00e1lisis de datos. Adem\u00e1s, puede garantizar f\u00e1cilmente a los usuarios que es una empresa respetable y aumentar el nivel de ventas. Con nuestras opciones elegantes adaptadas al usuario y dise\u00f1os pr\u00e1cticos, puede crear el widget en su p\u00e1gina con solo un clic. <\/p> <p><b>\u00a1Incorpore un contador de visitantes para mejorar su estrategia comercial de forma m\u00e1s sencilla! <\/b><\/p><\/div> <div class=\"application-platform-content-item-features application-platform-content-item\" id=\"features\" data-nav-section=\"features\"> <h2>Estas son solo algunas de las potentes funciones del widget: <\/h2> <ul><li>F\u00e1cil de usar sin necesidad de conocimientos espec\u00edficos sobre an\u00e1lisis de datos y codificaci\u00f3n<\/li><li>Una amplia variedad de intervalos de tiempo para contar tus estad\u00edsticas<\/li><li> dise\u00f1os \u00fatiles para organizar todos los puntos de la manera m\u00e1s conveniente <\/li><li>Esquemas de colores claros, oscuros y personalizables para darle estilo a la herramienta <\/li><li> Establezca el tama\u00f1o y el peso de la fuente <\/li><li> F\u00e1cil de incrustar incluso sin conocimientos de codificaci\u00f3n <\/li><\/ul><p><a href=\"#demo\">Simplemente pruebe esta demostraci\u00f3n para comprender la funcionalidad del widget<\/a><\/p> <\/div> <div class=\"application-platform-content-item-installation application-platform-content-item\" id=\"installation\" data-nav-section=\"installation\"> <h2>\u00bfC\u00f3mo incrustar el Contador de visitantes en mi sitio web iFrame? <\/h2> <p>Simplemente siga las siguientes pautas para integrar la herramienta. <\/p> <ol><li><b>Realiza nuestro configurador gratuito y comienza a crear tu widget personalizado. <\/b><br> Elija el aspecto y los aspectos seleccionados de la herramienta y guarde las modificaciones. <\/li> <li><b>Copia tu c\u00f3digo personal que aparece en el formulario especial de Elfsight Apps. <\/b><br> Una vez completada la configuraci\u00f3n de su widget personal, copie el c\u00f3digo individual en el cuadro que aparece y gu\u00e1rdelo para su uso posterior. <\/li> <li><b>Comience a usar el widget en su p\u00e1gina de inicio de iFrame. <\/b><br> A\u00f1ade el c\u00f3digo copiado anteriormente en tu p\u00e1gina y aplica las modificaciones. <\/li> <li><b>La instalaci\u00f3n est\u00e1 completamente realizada. <\/b><br> Vaya a su sitio web para ver el rendimiento del widget. <\/li><\/ol> <p>En caso de afrontar consultas o afrontar cualquier complicaci\u00f3n, no dude en buscar ayuda de nuestro personal de atenci\u00f3n al cliente. Nuestros especialistas est\u00e1n ansiosos por resolver todos los problemas que pueda tener con el widget. <\/p> <div class=\"faq\" data-component=\"FAQ\"><div class=\"faq-item\">\r\n\t\t\t\t\t<div class=\"faq-item-question\">\r\n\t\t\t\t\t\t<h3 class=\"faq-item-question-text\">\u00bfExiste una opci\u00f3n para integrar el Contador de visitantes en mi sitio web iFrame sin experiencia en codificaci\u00f3n?<\/h3>\r\n\r\n\t\t\t\t\t\t<div class=\"faq-item-question-icon\"><\/div>\r\n\t\t\t\t\t<\/div>\r\n\r\n\t\t\t\t\t<div class=\"faq-item-answer\">\r\n\t\t\t\t\t\t<div class=\"faq-item-answer-text\"> <p>Elfsight presenta una soluci\u00f3n que permite a los propietarios de sitios establecer un widget de Contador de visitantes usted mismo; consulte las sencillas instrucciones: Vaya a la demostraci\u00f3n en l\u00ednea para crear una secci\u00f3n de Contador de visitantes que le gustar\u00eda integrar en iFrame. Seleccione una de las plantillas predise\u00f1adas y modifique la configuraci\u00f3n del Contador de visitantes, actualice su contenido, modifique el dise\u00f1o y la combinaci\u00f3n de colores sin conocimientos de codificaci\u00f3n. Guarde la configuraci\u00f3n que realiz\u00f3 en Visitor Counter y copie su c\u00f3digo de instalaci\u00f3n, para que pueda agregar f\u00e1cilmente en el sitio web iFrame sin necesidad de comprar una suscripci\u00f3n paga. Utilizando el sencillo Editor, cada usuario de Internet puede crear una secci\u00f3n de Contador de visitantes e incrustarla f\u00e1cilmente en la p\u00e1gina web iFrame. No debe pagar ni revelar las credenciales de su tarjeta para acceder a nuestro servicio. Si tiene alg\u00fan problema de cualquier tipo, no dude en comunicarse con nuestro personal de soporte.<\/p> <\/div>\r\n\t\t\t\t\t<\/div>\r\n\t\t\t\t<\/div> <\/div><\/div>","protected":false},"excerpt":{"rendered":"","protected":false},"author":9,"featured_media":0,"parent":1034,"menu_order":0,"comment_status":"closed","ping_status":"closed","template":"templates\/template-application-platform.php","meta":{"publish_to_discourse":"","publish_post_category":"","wpdc_auto_publish_overridden":"","wpdc_topic_tags":"","wpdc_pin_topic":"","wpdc_pin_until":"","discourse_post_id":"","discourse_permalink":"","wpdc_publishing_response":"","wpdc_publishing_error":"","footnotes":""},"class_list":["post-7700","page","type-page","status-publish","hentry"],"yoast_head":"<!-- This site is optimized with the Yoast SEO plugin v25.3.1 - https:\/\/yoast.com\/wordpress\/plugins\/seo\/ -->\n<title>Widget iFrame Visitor Counter para su sitio web (gratis y r\u00e1pido)<\/title>\n<meta name=\"description\" content=\"Muestre el complemento premium View Counter en su sitio web iFrame. \u00a1Complemento gratuito iFrame Hit Counter de Elfsight [2024]!\" \/>\n<meta name=\"robots\" content=\"index, follow, max-snippet:-1, max-image-preview:large, max-video-preview:-1\" \/>\n<link rel=\"canonical\" href=\"https:\/\/elfsight.com\/es\/visitor-counter-widget\/iframe\/\" \/>\n<meta property=\"og:locale\" content=\"es_ES\" \/>\n<meta property=\"og:type\" content=\"article\" \/>\n<meta property=\"og:title\" content=\"Widget iFrame Visitor Counter para su sitio web (gratis y r\u00e1pido)\" \/>\n<meta property=\"og:description\" content=\"Muestre el complemento premium View Counter en su sitio web iFrame. \u00a1Complemento gratuito iFrame Hit Counter de Elfsight [2024]!\" \/>\n<meta property=\"og:url\" content=\"https:\/\/elfsight.com\/es\/visitor-counter-widget\/iframe\/\" \/>\n<meta property=\"og:site_name\" content=\"Elfsight ES\" \/>\n<meta property=\"article:modified_time\" content=\"2025-02-06T15:48:08+00:00\" \/>\n<meta name=\"twitter:card\" content=\"summary_large_image\" \/>\n<meta name=\"twitter:label1\" content=\"Tiempo de lectura\" \/>\n\t<meta name=\"twitter:data1\" content=\"3 minutos\" \/>\n<!-- \/ Yoast SEO plugin. -->","yoast_head_json":{"title":"Widget iFrame Visitor Counter para su sitio web (gratis y r\u00e1pido)","description":"Muestre el complemento premium View Counter en su sitio web iFrame. \u00a1Complemento gratuito iFrame Hit Counter de Elfsight [2024]!","robots":{"index":"index","follow":"follow","max-snippet":"max-snippet:-1","max-image-preview":"max-image-preview:large","max-video-preview":"max-video-preview:-1"},"canonical":"https:\/\/elfsight.com\/es\/visitor-counter-widget\/iframe\/","og_locale":"es_ES","og_type":"article","og_title":"Widget iFrame Visitor Counter para su sitio web (gratis y r\u00e1pido)","og_description":"Muestre el complemento premium View Counter en su sitio web iFrame. \u00a1Complemento gratuito iFrame Hit Counter de Elfsight [2024]!","og_url":"https:\/\/elfsight.com\/es\/visitor-counter-widget\/iframe\/","og_site_name":"Elfsight ES","article_modified_time":"2025-02-06T15:48:08+00:00","twitter_card":"summary_large_image","twitter_misc":{"Tiempo de lectura":"3 minutos"},"schema":{"@context":"https:\/\/schema.org","@graph":[{"@type":"WebPage","@id":"https:\/\/elfsight.com\/es\/visitor-counter-widget\/iframe\/","url":"https:\/\/elfsight.com\/es\/visitor-counter-widget\/iframe\/","name":"Widget iFrame Visitor Counter para su sitio web (gratis y r\u00e1pido)","isPartOf":{"@id":"https:\/\/elfsight.com\/es\/#website"},"datePublished":"1970-01-01T00:00:00+00:00","dateModified":"2025-02-06T15:48:08+00:00","description":"Muestre el complemento premium View Counter en su sitio web iFrame. \u00a1Complemento gratuito iFrame Hit Counter de Elfsight [2024]!","breadcrumb":{"@id":"https:\/\/elfsight.com\/es\/visitor-counter-widget\/iframe\/#breadcrumb"},"inLanguage":"es","potentialAction":[{"@type":"ReadAction","target":["https:\/\/elfsight.com\/es\/visitor-counter-widget\/iframe\/"]}]},{"@type":"BreadcrumbList","@id":"https:\/\/elfsight.com\/es\/visitor-counter-widget\/iframe\/#breadcrumb","itemListElement":[{"@type":"ListItem","position":1,"name":"Home","item":"https:\/\/elfsight.com\/es\/"},{"@type":"ListItem","position":2,"name":"Visitor Counter","item":"https:\/\/elfsight.com\/es\/visitor-counter-widget\/"},{"@type":"ListItem","position":3,"name":"Visitor Counter &#8211; iFrame"}]},{"@type":"WebSite","@id":"https:\/\/elfsight.com\/es\/#website","url":"https:\/\/elfsight.com\/es\/","name":"Elfsight ES","description":"Just another Elfsight Sites site","potentialAction":[{"@type":"SearchAction","target":{"@type":"EntryPoint","urlTemplate":"https:\/\/elfsight.com\/es\/?s={search_term_string}"},"query-input":{"@type":"PropertyValueSpecification","valueRequired":true,"valueName":"search_term_string"}}],"inLanguage":"es"}]}},"meta_box":{"industry":"","seo_heading":"","heading":"","description":"","cta_heading":"","cta_description":"","application":"1033","h1":"Widget de contador de visitantes iFrame","h1_caption":"Supervise los an\u00e1lisis del sitio web y mejore sus t\u00e1cticas comerciales.","application_category":[],"applications_title":"","applications_request_title":"","applications_request_button_text":"","hero_text":"","hero_video":"","hero_video_schema_markup":"","selling_points_title":"","selling_points_caption":"","selling_points":[],"selling_points_cta_text":"","features_title":"","features":"","ed_cta_examples_text":"","ed_cta_examples_hidden":"","ed_cta_demo_text":"","ed_cta_demo_hidden":"","why_caption":"","why_editor_title":"","why_editor_text":"","why_team_title":"","why_team_text":"","why_service_title":"","why_service_text":"","template_catalog_visible":"","template_catalog_title":"","template_catalog_text":"","template_catalog_categories_visible":"","demo_title":"","demo_caption":"","default_faq_hidden":"","app_template_category":[],"platform":"2192","template_public_id":"","codecanyon_url":"","codecanyon_item_id":"","codecanyon_price":"","pricing_caption":"","pricing_elfsight_apps_hide_column":"","pricing_elfsight_apps_url":"","pricing_codecanyon_price_caption":"","integration_category":[],"integration_request_title":"","integration_request_cta":"","integration_platform":"","integrations":[],"platform_category":[],"video_schema_markup":"","price":"desde $0 \/ mes","trial":"","benefits":[{"text":"Ayuda de instalaci\u00f3n gratuita"},{"text":"Atenci\u00f3n al cliente profesional"},{"text":"Garant\u00eda de devoluci\u00f3n de dinero de 14 d\u00edas"},{"text":"Actualizaciones continuas"}],"button_url":"#demo","button_target_blank":"","button_nofollow":"","attributes":[{"name":"Instalaciones","content":"10,000 - 100,000"},{"name":"Sensible","content":"S\u00ed"},{"name":"Navegadores compatibles","content":"Chrome, Safari, Firefox, Opera, Edge"}],"tags":[],"tags_disable_links":"","hide_more_platforms":"","video_object":"","demo_hide_cta":"","demo_hide_cloud_options":"","pricing_title":"","pricing":[{"pricing_icon":"platform","pricing_title":"Elfsight Apps","pricing_title_caption":"Software multiplataforma que se adapta a cualquier sitio web","pricing_price":"desde $0 \/ mes","pricing_price_caption":"comienza con el plan gratuito","pricing_benefits":[{"text":"Dominios ilimitados"},{"text":"Soporte profesional y puntual"},{"text":"Asistencia de instalaci\u00f3n gratuita"},{"text":"Totalmente personalizable"}],"pricing_button_text":"A\u00f1adir al sitio web","pricing_button_url":"#demo"}],"related_apps_title":"","related_apps_hidden":"","author":"","image":[],"title":"","job":"","social_networks":[]},"_links":{"self":[{"href":"https:\/\/elfsight.com\/es\/wp-json\/wp\/v2\/pages\/7700","targetHints":{"allow":["GET"]}}],"collection":[{"href":"https:\/\/elfsight.com\/es\/wp-json\/wp\/v2\/pages"}],"about":[{"href":"https:\/\/elfsight.com\/es\/wp-json\/wp\/v2\/types\/page"}],"author":[{"embeddable":true,"href":"https:\/\/elfsight.com\/es\/wp-json\/wp\/v2\/users\/9"}],"replies":[{"embeddable":true,"href":"https:\/\/elfsight.com\/es\/wp-json\/wp\/v2\/comments?post=7700"}],"version-history":[{"count":2,"href":"https:\/\/elfsight.com\/es\/wp-json\/wp\/v2\/pages\/7700\/revisions"}],"predecessor-version":[{"id":18830,"href":"https:\/\/elfsight.com\/es\/wp-json\/wp\/v2\/pages\/7700\/revisions\/18830"}],"up":[{"embeddable":true,"href":"https:\/\/elfsight.com\/es\/wp-json\/wp\/v2\/pages\/1034"}],"wp:attachment":[{"href":"https:\/\/elfsight.com\/es\/wp-json\/wp\/v2\/media?parent=7700"}],"curies":[{"name":"wp","href":"https:\/\/api.w.org\/{rel}","templated":true}]}}