{"id":7699,"date":"1970-01-01T00:00:00","date_gmt":"1970-01-01T00:00:00","guid":{"rendered":"https:\/\/elfsight.com\/es\/?page_id=7699"},"modified":"2025-02-06T15:48:08","modified_gmt":"2025-02-06T15:48:08","slug":"html","status":"publish","type":"page","link":"https:\/\/elfsight.com\/es\/visitor-counter-widget\/html\/","title":{"rendered":"Visitor Counter  &#8211; HTML"},"content":{"rendered":"<div class=\"application-platform-content-item-description application-platform-content-item\" id=\"description\" data-nav-section=\"description\"> <h2>Descripci\u00f3n<\/h2> <p> El Contador de visitantes para HTML es una herramienta sencilla que le permite controlar la cantidad de visitantes y el contenido m\u00e1s popular visto en un per\u00edodo de tiempo exacto. Las estad\u00edsticas vitales ahora son f\u00e1ciles de verificar sin necesidad de habilidades espec\u00edficas de an\u00e1lisis de datos. Adem\u00e1s, puede asegurar f\u00e1cilmente a los espectadores que es una empresa de buena reputaci\u00f3n y obtener muchas m\u00e1s ventas. Con nuestras opciones elegantes ajustables y dise\u00f1os pr\u00e1cticos, puede integrar el widget en su sitio en tan solo unos segundos. <\/p> <p><b>\u00a1Con Visitor Counter comprueba tus estad\u00edsticas y experimenta un s\u00f3lido crecimiento empresarial! <\/b><\/p><\/div> <div class=\"faq\" data-component=\"FAQ\"><div class=\"faq-item\">\r\n\t\t\t\t\t<div class=\"faq-item-question\">\r\n\t\t\t\t\t\t<h3 class=\"faq-item-question-text\">\u00bfDe qu\u00e9 manera incrusto un contador de visitantes en mi sitio web HTML? <\/h3>\r\n\r\n\t\t\t\t\t\t<div class=\"faq-item-question-icon\"><\/div>\r\n\t\t\t\t\t<\/div>\r\n\r\n\t\t\t\t\t<div class=\"faq-item-answer\">\r\n\t\t\t\t\t\t<div class=\"faq-item-answer-text\"><p>La creaci\u00f3n de la herramienta se produce en las p\u00e1ginas de Elfsight y no es necesario codificar. Utilice la demostraci\u00f3n en l\u00ednea para personalizar su complemento, obtener el c\u00f3digo e insertarlo en su sitio. <\/p><\/div>\r\n\t\t\t\t\t<\/div>\r\n\t\t\t\t<\/div><div class=\"faq-item\">\r\n\t\t\t\t\t<div class=\"faq-item-question\">\r\n\t\t\t\t\t\t<h3 class=\"faq-item-question-text\">Las mejores formas de utilizar la integraci\u00f3n del contador de visitas<\/h3>\r\n\r\n\t\t\t\t\t\t<div class=\"faq-item-question-icon\"><\/div>\r\n\t\t\t\t\t<\/div>\r\n\r\n\t\t\t\t\t<div class=\"faq-item-answer\">\r\n\t\t\t\t\t\t<div class=\"faq-item-answer-text\"><p>Ofrecemos una amplia gama de oportunidades de personalizaci\u00f3n: widgets completos para agregar en la zona de contenido, complementos flotantes para opciones de desplazamiento, dise\u00f1os para el pie de p\u00e1gina, la secci\u00f3n principal y todo tipo de opciones verticales para barras laterales y men\u00fas. <\/p><\/div>\r\n\t\t\t\t\t<\/div>\r\n\t\t\t\t<\/div><div class=\"faq-item\">\r\n\t\t\t\t\t<div class=\"faq-item-question\">\r\n\t\t\t\t\t\t<h3 class=\"faq-item-question-text\">\u00bfExiste una opci\u00f3n para crear un contador de visitantes detallado o en l\u00ednea mediante su editor? <\/h3>\r\n\r\n\t\t\t\t\t\t<div class=\"faq-item-question-icon\"><\/div>\r\n\t\t\t\t\t<\/div>\r\n\r\n\t\t\t\t\t<div class=\"faq-item-answer\">\r\n\t\t\t\t\t\t<div class=\"faq-item-answer-text\"><p>Puede crear variaciones de cualquier widget. Hay una amplia gama de dise\u00f1os aplicables en el editor, y todos ellos pueden ajustarse r\u00e1pidamente de la manera que necesite. <\/p><\/div>\r\n\t\t\t\t\t<\/div>\r\n\t\t\t\t<\/div><\/div><div class=\"application-platform-content-item-features application-platform-content-item\" id=\"features\" data-nav-section=\"features\"> <h2>Consulta la lista de las funciones m\u00e1s potentes: <\/h2> <ul><li>F\u00e1cil de administrar sin necesidad de cualificaci\u00f3n profesional de SEO ni codificaci\u00f3n<\/li><li>Una gran diversidad de intervalos de tiempo para contar tus m\u00e9tricas<\/li><li> Dise\u00f1os pr\u00e1cticos para gestionar todos los puntos de forma pr\u00e1ctica <\/li><li>Claro, Oscuro y Esquemas de colores personalizables para ajustar la herramienta <\/li><li> Establece el tama\u00f1o y el peso de la fuente <\/li><li> F\u00e1cil de integrar incluso para usuarios sin conocimientos de tecnolog\u00eda <\/li><\/ul><p><a href=\"#demo\">Puedes ver si el widget es para ti probando la demostraci\u00f3n<\/a><\/p> <\/div> <div class=\"application-platform-content-item-installation application-platform-content-item\" id=\"installation\" data-nav-section=\"installation\"><h2>C\u00f3mo agregar un contador de visitantes en mi \u00bfSitio web HTML? <\/h2> <div class=\"video-container\"><iframe width=\"720\" height=\"405\" src=\"https:\/\/www.youtube.com\/embed\/Z6Qhq7KaAek\" frameborder=\"0\"><\/iframe><\/div><p>Simplemente siga las siguientes pautas para integrar el complemento: <\/p> <ol><li><b>Emplee nuestra demostraci\u00f3n gratuita y comience a crear su propio dise\u00f1o personalizado. instrumento. <\/b><br> Encuentre el dise\u00f1o y los par\u00e1metros preferibles de la herramienta y aplique las correcciones. <\/li> <li><b>Reciba su c\u00f3digo individual expuesto en el formulario especial en Elfsight Apps. <\/b><br> Inmediatamente despu\u00e9s de crear su herramienta, copie el c\u00f3digo personal en la ventana emergente que aparece y gu\u00e1rdelo para usarlo en el futuro. <\/li> <li><b>Ingrese al uso del widget en su sitio web HTML. <\/b><br> A\u00f1ade el c\u00f3digo que has copiado recientemente en tu p\u00e1gina de inicio y aplica las modificaciones. <\/li> <li><b>\u00a1Ya terminaste! La configuraci\u00f3n se realiza con \u00e9xito. <\/b><br>Vaya a su p\u00e1gina web para comprobar c\u00f3mo funciona el widget. <\/li><\/ol> <p>En caso de tener consultas o enfrentar algunas dificultades, comun\u00edquese con nuestro personal de servicio al cliente. Nuestra gente est\u00e1 deseando resolver todas las dudas que puedas tener con el widget. <\/p> <\/div>","protected":false},"excerpt":{"rendered":"","protected":false},"author":9,"featured_media":0,"parent":1034,"menu_order":0,"comment_status":"closed","ping_status":"closed","template":"templates\/template-application-platform.php","meta":{"publish_to_discourse":"","publish_post_category":"","wpdc_auto_publish_overridden":"","wpdc_topic_tags":"","wpdc_pin_topic":"","wpdc_pin_until":"","discourse_post_id":"","discourse_permalink":"","wpdc_publishing_response":"","wpdc_publishing_error":"","footnotes":""},"class_list":["post-7699","page","type-page","status-publish","hentry"],"yoast_head":"<!-- This site is optimized with the Yoast SEO plugin v25.3.1 - https:\/\/yoast.com\/wordpress\/plugins\/seo\/ -->\n<title>Contador de visitantes: agregue el widget Contador de visitantes al sitio web HTML [2025]<\/title>\n<meta name=\"description\" content=\"Es perfectamente sencillo darle forma a su mejor widget de contador de visitas y agregarlo a su sitio web. El servicio de atenci\u00f3n al cliente de Elfsight es gratuito.\" \/>\n<meta name=\"robots\" content=\"index, follow, max-snippet:-1, max-image-preview:large, max-video-preview:-1\" \/>\n<link rel=\"canonical\" href=\"https:\/\/elfsight.com\/es\/visitor-counter-widget\/html\/\" \/>\n<meta property=\"og:locale\" content=\"es_ES\" \/>\n<meta property=\"og:type\" content=\"article\" \/>\n<meta property=\"og:title\" content=\"Contador de visitantes: agregue el widget Contador de visitantes al sitio web HTML [2025]\" \/>\n<meta property=\"og:description\" content=\"Es perfectamente sencillo darle forma a su mejor widget de contador de visitas y agregarlo a su sitio web. El servicio de atenci\u00f3n al cliente de Elfsight es gratuito.\" \/>\n<meta property=\"og:url\" content=\"https:\/\/elfsight.com\/es\/visitor-counter-widget\/html\/\" \/>\n<meta property=\"og:site_name\" content=\"Elfsight ES\" \/>\n<meta property=\"article:modified_time\" content=\"2025-02-06T15:48:08+00:00\" \/>\n<meta name=\"twitter:card\" content=\"summary_large_image\" \/>\n<meta name=\"twitter:label1\" content=\"Tiempo de lectura\" \/>\n\t<meta name=\"twitter:data1\" content=\"3 minutos\" \/>\n<!-- \/ Yoast SEO plugin. -->","yoast_head_json":{"title":"Contador de visitantes: agregue el widget Contador de visitantes al sitio web HTML [2025]","description":"Es perfectamente sencillo darle forma a su mejor widget de contador de visitas y agregarlo a su sitio web. El servicio de atenci\u00f3n al cliente de Elfsight es gratuito.","robots":{"index":"index","follow":"follow","max-snippet":"max-snippet:-1","max-image-preview":"max-image-preview:large","max-video-preview":"max-video-preview:-1"},"canonical":"https:\/\/elfsight.com\/es\/visitor-counter-widget\/html\/","og_locale":"es_ES","og_type":"article","og_title":"Contador de visitantes: agregue el widget Contador de visitantes al sitio web HTML [2025]","og_description":"Es perfectamente sencillo darle forma a su mejor widget de contador de visitas y agregarlo a su sitio web. El servicio de atenci\u00f3n al cliente de Elfsight es gratuito.","og_url":"https:\/\/elfsight.com\/es\/visitor-counter-widget\/html\/","og_site_name":"Elfsight ES","article_modified_time":"2025-02-06T15:48:08+00:00","twitter_card":"summary_large_image","twitter_misc":{"Tiempo de lectura":"3 minutos"},"schema":{"@context":"https:\/\/schema.org","@graph":[{"@type":"WebPage","@id":"https:\/\/elfsight.com\/es\/visitor-counter-widget\/html\/","url":"https:\/\/elfsight.com\/es\/visitor-counter-widget\/html\/","name":"Contador de visitantes: agregue el widget Contador de visitantes al sitio web HTML [2025]","isPartOf":{"@id":"https:\/\/elfsight.com\/es\/#website"},"datePublished":"1970-01-01T00:00:00+00:00","dateModified":"2025-02-06T15:48:08+00:00","description":"Es perfectamente sencillo darle forma a su mejor widget de contador de visitas y agregarlo a su sitio web. El servicio de atenci\u00f3n al cliente de Elfsight es gratuito.","breadcrumb":{"@id":"https:\/\/elfsight.com\/es\/visitor-counter-widget\/html\/#breadcrumb"},"inLanguage":"es","potentialAction":[{"@type":"ReadAction","target":["https:\/\/elfsight.com\/es\/visitor-counter-widget\/html\/"]}]},{"@type":"BreadcrumbList","@id":"https:\/\/elfsight.com\/es\/visitor-counter-widget\/html\/#breadcrumb","itemListElement":[{"@type":"ListItem","position":1,"name":"Home","item":"https:\/\/elfsight.com\/es\/"},{"@type":"ListItem","position":2,"name":"Visitor Counter","item":"https:\/\/elfsight.com\/es\/visitor-counter-widget\/"},{"@type":"ListItem","position":3,"name":"Visitor Counter &#8211; HTML"}]},{"@type":"WebSite","@id":"https:\/\/elfsight.com\/es\/#website","url":"https:\/\/elfsight.com\/es\/","name":"Elfsight ES","description":"Just another Elfsight Sites site","potentialAction":[{"@type":"SearchAction","target":{"@type":"EntryPoint","urlTemplate":"https:\/\/elfsight.com\/es\/?s={search_term_string}"},"query-input":{"@type":"PropertyValueSpecification","valueRequired":true,"valueName":"search_term_string"}}],"inLanguage":"es"}]}},"meta_box":{"industry":"","seo_heading":"","heading":"","description":"","cta_heading":"","cta_description":"","application":"1033","h1":"Widget de contador de visitantes HTML","h1_caption":"Realice un seguimiento de las m\u00e9tricas de su p\u00e1gina web y analice estad\u00edsticas esenciales","application_category":[],"applications_title":"","applications_request_title":"","applications_request_button_text":"","hero_text":"","hero_video":"","hero_video_schema_markup":"","selling_points_title":"","selling_points_caption":"","selling_points":[],"selling_points_cta_text":"","features_title":"","features":"","ed_cta_examples_text":"","ed_cta_examples_hidden":"","ed_cta_demo_text":"","ed_cta_demo_hidden":"","why_caption":"","why_editor_title":"","why_editor_text":"","why_team_title":"","why_team_text":"","why_service_title":"","why_service_text":"","template_catalog_visible":"","template_catalog_title":"","template_catalog_text":"","template_catalog_categories_visible":"","demo_title":"","demo_caption":"","default_faq_hidden":"","app_template_category":[],"platform":"70","template_public_id":"","codecanyon_url":"","codecanyon_item_id":"","codecanyon_price":"","pricing_caption":"","pricing_elfsight_apps_hide_column":"","pricing_elfsight_apps_url":"","pricing_codecanyon_price_caption":"","integration_category":[],"integration_request_title":"","integration_request_cta":"","integration_platform":"","integrations":[],"platform_category":[],"video_schema_markup":"","price":"desde $0 \/ mes","trial":"","benefits":[{"text":"Servicio de instalaci\u00f3n gratuito"},{"text":"Servicio al cliente competente"},{"text":"Garant\u00eda de reembolso de 14 d\u00edas"},{"text":"Actualizaciones gratuitas continuas"}],"button_url":"#demo","button_target_blank":"","button_nofollow":"","attributes":[{"name":"Instalaciones","content":"10,000 - 100,000"},{"name":"Sensible","content":"S\u00ed"},{"name":"Navegadores compatibles","content":"Firefox, Safari, Opera, Chrome, Edge"}],"tags":[],"tags_disable_links":"","hide_more_platforms":"","video_object":"","demo_hide_cta":"","demo_hide_cloud_options":"","pricing_title":"","pricing":[{"pricing_icon":"platform","pricing_title":"Elfsight Apps","pricing_title_caption":"Versi\u00f3n multiplataforma que se adapta a cualquier sitio web","pricing_price":"desde $0 \/ mes","pricing_price_caption":"comienza con el plan gratuito","pricing_benefits":[{"text":"Sitios web ilimitados"},{"text":"Soporte gratuito y puntual"},{"text":"Ayuda de instalaci\u00f3n gratuita"},{"text":"Oferta por tiempo limitado para m\u00faltiples aplicaciones"}],"pricing_button_text":"A\u00f1adir al sitio web","pricing_button_url":"#demo"}],"related_apps_title":"","related_apps_hidden":"","author":"","image":[],"title":"","job":"","social_networks":[]},"_links":{"self":[{"href":"https:\/\/elfsight.com\/es\/wp-json\/wp\/v2\/pages\/7699","targetHints":{"allow":["GET"]}}],"collection":[{"href":"https:\/\/elfsight.com\/es\/wp-json\/wp\/v2\/pages"}],"about":[{"href":"https:\/\/elfsight.com\/es\/wp-json\/wp\/v2\/types\/page"}],"author":[{"embeddable":true,"href":"https:\/\/elfsight.com\/es\/wp-json\/wp\/v2\/users\/9"}],"replies":[{"embeddable":true,"href":"https:\/\/elfsight.com\/es\/wp-json\/wp\/v2\/comments?post=7699"}],"version-history":[{"count":2,"href":"https:\/\/elfsight.com\/es\/wp-json\/wp\/v2\/pages\/7699\/revisions"}],"predecessor-version":[{"id":18831,"href":"https:\/\/elfsight.com\/es\/wp-json\/wp\/v2\/pages\/7699\/revisions\/18831"}],"up":[{"embeddable":true,"href":"https:\/\/elfsight.com\/es\/wp-json\/wp\/v2\/pages\/1034"}],"wp:attachment":[{"href":"https:\/\/elfsight.com\/es\/wp-json\/wp\/v2\/media?parent=7699"}],"curies":[{"name":"wp","href":"https:\/\/api.w.org\/{rel}","templated":true}]}}