{"id":7693,"date":"1970-01-01T00:00:00","date_gmt":"1970-01-01T00:00:00","guid":{"rendered":"https:\/\/elfsight.com\/es\/?page_id=7693"},"modified":"2025-02-06T15:48:08","modified_gmt":"2025-02-06T15:48:08","slug":"facebook","status":"publish","type":"page","link":"https:\/\/elfsight.com\/es\/visitor-counter-widget\/facebook\/","title":{"rendered":"Visitor Counter  &#8211; Facebook Page"},"content":{"rendered":"<div class=\"application-platform-content-item-description application-platform-content-item\" id=\"description\" data-nav-section=\"description\"> <h2>Descripci\u00f3n<\/h2> <p> El contador de visitantes para la p\u00e1gina de Facebook es un widget f\u00e1cil de administrar que le permite analizar la cantidad de visitantes y las p\u00e1ginas m\u00e1s populares vistas en un per\u00edodo de tiempo exacto. Las m\u00e9tricas b\u00e1sicas ahora son simplemente para verificar sin codificaci\u00f3n ni an\u00e1lisis de datos. Al usarlo, puede garantizar f\u00e1cilmente a los visitantes que usted es una empresa confiable y obtener acciones objetivo m\u00e1s completas que nunca. Con nuestras opciones elegantes ajustables y dise\u00f1os pr\u00e1cticos, incruste el widget en su p\u00e1gina con solo unos pocos clics. <\/p> <p><b>\u00a1Pruebe Visitor Counter para planificar su plan de comercio electr\u00f3nico y alcanzar sus objetivos de manera m\u00e1s eficiente! <\/b><\/p><\/div> <div class=\"application-platform-content-item-features application-platform-content-item\" id=\"features\" data-nav-section=\"features\"> <h2>Estas son solo algunas de las potentes funciones del widget: <\/h2> <ul><li>F\u00e1cil de usar sin necesidad de cualificaci\u00f3n profesional en an\u00e1lisis de datos ni codificaci\u00f3n<\/li><li>Una amplia variedad de tiempo para realizar un seguimiento de sus estad\u00edsticas<\/li><li>Dise\u00f1os pr\u00e1cticos para formar todas las m\u00e9tricas de forma accesible <\/li><li>Esquemas de colores claros, oscuros y personalizables para darle estilo a la herramienta<\/li><li> Configure el tama\u00f1o y el peso de la fuente <\/li><li> F\u00e1cil de integrar incluso sin conocimientos de codificaci\u00f3n <\/li><\/ul><p><a href=\"#demo\">Puede explorar todas las capacidades del widget en la demostraci\u00f3n ahora mismo<\/a><\/p> <\/div> <div class=\"application-platform-content-item-installation application-platform-content-item\" id=\"installation\" data-nav-section=\"installation\"> <h2>\u00bfC\u00f3mo puedo agregar un contador de visitantes a la p\u00e1gina web de mi p\u00e1gina de Facebook? <\/h2> <p>Simplemente siga las siguientes pautas para comenzar a trabajar con la herramienta: <\/p> <ol><li><b>Utilice nuestro configurador gratuito y comience a darle forma a su widget personalizado. <\/b><br>Elija la forma y especificaciones preferidas de la herramienta y guarde las modificaciones. <\/li> <li><b>Reciba el c\u00f3digo individual revelado en el cuadro de Elfsight Apps. <\/b><br> Cuando finalice la personalizaci\u00f3n de su widget personal, copie el c\u00f3digo individual en la ventana que aparece y gu\u00e1rdelo para usarlo en el futuro. <\/li> <li><b>Ingrese al uso del complemento en la p\u00e1gina web de la p\u00e1gina de Facebook. <\/b><br> Inserte el c\u00f3digo copiado anteriormente en su p\u00e1gina y guarde las ediciones. <\/li> <li><b>La instalaci\u00f3n finaliz\u00f3 exitosamente. <\/b><br> Vaya a su sitio web para examinar el funcionamiento del complemento. <\/li><\/ol> <p>A condici\u00f3n de atender consultas o enfrentar algunos obst\u00e1culos, no dude en recurrir a nuestro personal de soporte. Nuestros especialistas estar\u00e1n encantados de ayudarle con todas las dificultades que pueda tener con la herramienta. <\/p> <div class=\"faq\" data-component=\"FAQ\"><div class=\"faq-item\">\r\n\t\t\t\t\t<div class=\"faq-item-question\">\r\n\t\t\t\t\t\t<h3 class=\"faq-item-question-text\">\u00bfExiste alg\u00fan m\u00e9todo para agregar un Contador de visitantes a mi p\u00e1gina web de Facebook sin experiencia en codificaci\u00f3n?<\/h3>\r\n\r\n\t\t\t\t\t\t<div class=\"faq-item-question-icon\"><\/div>\r\n\t\t\t\t\t<\/div>\r\n\r\n\t\t\t\t\t<div class=\"faq-item-answer\">\r\n\t\t\t\t\t\t<div class=\"faq-item-answer-text\"> <p>Elfsight presenta una soluci\u00f3n SaaS que permite al usuario crear una secci\u00f3n de Contador de visitantes usted mismo; compruebe lo sencillo que es: vaya a la demostraci\u00f3n en vivo para establecer una aplicaci\u00f3n de Contador de visitantes que le gustar\u00eda incluir en la p\u00e1gina de inicio de su p\u00e1gina de Facebook. Elija una de las plantillas predise\u00f1adas y modifique la configuraci\u00f3n del Contador de visitantes, modifique el dise\u00f1o y las combinaciones de colores, incluido su contenido, sin conocimientos de codificaci\u00f3n. Guarde la configuraci\u00f3n que realiz\u00f3 en Visitor Counter y copie el c\u00f3digo de instalaci\u00f3n del complemento, que se puede incrustar en la p\u00e1gina de inicio de la p\u00e1gina de Facebook de forma gratuita. Al trabajar en nuestro editor intuitivo, cada usuario de Internet puede generar un contador de visitantes y pegarlo f\u00e1cilmente en la p\u00e1gina web de su p\u00e1gina de Facebook. No es necesario pagar ni enviar las credenciales de su tarjeta para ingresar al Editor. Si encuentra alg\u00fan obst\u00e1culo de cualquier tipo, no dude en ponerse en contacto con nuestro equipo de soporte t\u00e9cnico.<\/p> <\/div>\r\n\t\t\t\t\t<\/div>\r\n\t\t\t\t<\/div> <\/div><\/div>","protected":false},"excerpt":{"rendered":"","protected":false},"author":9,"featured_media":0,"parent":1034,"menu_order":0,"comment_status":"closed","ping_status":"closed","template":"templates\/template-application-platform.php","meta":{"publish_to_discourse":"","publish_post_category":"","wpdc_auto_publish_overridden":"","wpdc_topic_tags":"","wpdc_pin_topic":"","wpdc_pin_until":"","discourse_post_id":"","discourse_permalink":"","wpdc_publishing_response":"","wpdc_publishing_error":"","footnotes":""},"class_list":["post-7693","page","type-page","status-publish","hentry"],"yoast_head":"<!-- This site is optimized with the Yoast SEO plugin v25.3.1 - https:\/\/yoast.com\/wordpress\/plugins\/seo\/ -->\n<title>Agregar contador de visitantes a la pesta\u00f1a personalizada de la p\u00e1gina de Facebook (2025)<\/title>\n<meta name=\"description\" content=\"Dise\u00f1e su mejor widget de Contador de visitantes y agr\u00e9guelo a su sitio web con unos pocos clics. Ofrecemos servicio al cliente gratuito y otras bonificaciones.\" \/>\n<meta name=\"robots\" content=\"index, follow, max-snippet:-1, max-image-preview:large, max-video-preview:-1\" \/>\n<link rel=\"canonical\" href=\"https:\/\/elfsight.com\/es\/visitor-counter-widget\/facebook\/\" \/>\n<meta property=\"og:locale\" content=\"es_ES\" \/>\n<meta property=\"og:type\" content=\"article\" \/>\n<meta property=\"og:title\" content=\"Agregar contador de visitantes a la pesta\u00f1a personalizada de la p\u00e1gina de Facebook (2025)\" \/>\n<meta property=\"og:description\" content=\"Dise\u00f1e su mejor widget de Contador de visitantes y agr\u00e9guelo a su sitio web con unos pocos clics. Ofrecemos servicio al cliente gratuito y otras bonificaciones.\" \/>\n<meta property=\"og:url\" content=\"https:\/\/elfsight.com\/es\/visitor-counter-widget\/facebook\/\" \/>\n<meta property=\"og:site_name\" content=\"Elfsight ES\" \/>\n<meta property=\"article:modified_time\" content=\"2025-02-06T15:48:08+00:00\" \/>\n<meta name=\"twitter:card\" content=\"summary_large_image\" \/>\n<meta name=\"twitter:label1\" content=\"Tiempo de lectura\" \/>\n\t<meta name=\"twitter:data1\" content=\"3 minutos\" \/>\n<!-- \/ Yoast SEO plugin. -->","yoast_head_json":{"title":"Agregar contador de visitantes a la pesta\u00f1a personalizada de la p\u00e1gina de Facebook (2025)","description":"Dise\u00f1e su mejor widget de Contador de visitantes y agr\u00e9guelo a su sitio web con unos pocos clics. Ofrecemos servicio al cliente gratuito y otras bonificaciones.","robots":{"index":"index","follow":"follow","max-snippet":"max-snippet:-1","max-image-preview":"max-image-preview:large","max-video-preview":"max-video-preview:-1"},"canonical":"https:\/\/elfsight.com\/es\/visitor-counter-widget\/facebook\/","og_locale":"es_ES","og_type":"article","og_title":"Agregar contador de visitantes a la pesta\u00f1a personalizada de la p\u00e1gina de Facebook (2025)","og_description":"Dise\u00f1e su mejor widget de Contador de visitantes y agr\u00e9guelo a su sitio web con unos pocos clics. Ofrecemos servicio al cliente gratuito y otras bonificaciones.","og_url":"https:\/\/elfsight.com\/es\/visitor-counter-widget\/facebook\/","og_site_name":"Elfsight ES","article_modified_time":"2025-02-06T15:48:08+00:00","twitter_card":"summary_large_image","twitter_misc":{"Tiempo de lectura":"3 minutos"},"schema":{"@context":"https:\/\/schema.org","@graph":[{"@type":"WebPage","@id":"https:\/\/elfsight.com\/es\/visitor-counter-widget\/facebook\/","url":"https:\/\/elfsight.com\/es\/visitor-counter-widget\/facebook\/","name":"Agregar contador de visitantes a la pesta\u00f1a personalizada de la p\u00e1gina de Facebook (2025)","isPartOf":{"@id":"https:\/\/elfsight.com\/es\/#website"},"datePublished":"1970-01-01T00:00:00+00:00","dateModified":"2025-02-06T15:48:08+00:00","description":"Dise\u00f1e su mejor widget de Contador de visitantes y agr\u00e9guelo a su sitio web con unos pocos clics. Ofrecemos servicio al cliente gratuito y otras bonificaciones.","breadcrumb":{"@id":"https:\/\/elfsight.com\/es\/visitor-counter-widget\/facebook\/#breadcrumb"},"inLanguage":"es","potentialAction":[{"@type":"ReadAction","target":["https:\/\/elfsight.com\/es\/visitor-counter-widget\/facebook\/"]}]},{"@type":"BreadcrumbList","@id":"https:\/\/elfsight.com\/es\/visitor-counter-widget\/facebook\/#breadcrumb","itemListElement":[{"@type":"ListItem","position":1,"name":"Home","item":"https:\/\/elfsight.com\/es\/"},{"@type":"ListItem","position":2,"name":"Visitor Counter","item":"https:\/\/elfsight.com\/es\/visitor-counter-widget\/"},{"@type":"ListItem","position":3,"name":"Visitor Counter &#8211; Facebook Page"}]},{"@type":"WebSite","@id":"https:\/\/elfsight.com\/es\/#website","url":"https:\/\/elfsight.com\/es\/","name":"Elfsight ES","description":"Just another Elfsight Sites site","potentialAction":[{"@type":"SearchAction","target":{"@type":"EntryPoint","urlTemplate":"https:\/\/elfsight.com\/es\/?s={search_term_string}"},"query-input":{"@type":"PropertyValueSpecification","valueRequired":true,"valueName":"search_term_string"}}],"inLanguage":"es"}]}},"meta_box":{"industry":"","seo_heading":"","heading":"","description":"","cta_heading":"","cta_description":"","application":"1033","h1":"Widget de contador de visitantes de la p\u00e1gina de Facebook","h1_caption":"Supervise las estad\u00edsticas de su sitio y mejore la credibilidad","application_category":[],"applications_title":"","applications_request_title":"","applications_request_button_text":"","hero_text":"","hero_video":"","hero_video_schema_markup":"","selling_points_title":"","selling_points_caption":"","selling_points":[],"selling_points_cta_text":"","features_title":"","features":"","ed_cta_examples_text":"","ed_cta_examples_hidden":"","ed_cta_demo_text":"","ed_cta_demo_hidden":"","why_caption":"","why_editor_title":"","why_editor_text":"","why_team_title":"","why_team_text":"","why_service_title":"","why_service_text":"","template_catalog_visible":"","template_catalog_title":"","template_catalog_text":"","template_catalog_categories_visible":"","demo_title":"Date prisa y crea tu propio contador de visitantes de la p\u00e1gina de Facebook","demo_caption":"Ajuste e inserte la herramienta en su sitio usando una demostraci\u00f3n en vivo","default_faq_hidden":"","app_template_category":[],"platform":"64","template_public_id":"","codecanyon_url":"","codecanyon_item_id":"","codecanyon_price":"","pricing_caption":"","pricing_elfsight_apps_hide_column":"","pricing_elfsight_apps_url":"","pricing_codecanyon_price_caption":"","integration_category":[],"integration_request_title":"","integration_request_cta":"","integration_platform":"","integrations":[],"platform_category":[],"video_schema_markup":"","price":"desde $0 \/ mes","trial":"","benefits":[{"text":"Servicio de instalaci\u00f3n gratuito"},{"text":"Atenci\u00f3n al cliente experimentada"},{"text":"Garant\u00eda de reembolso de 14 d\u00edas"},{"text":"Mejoras gratuitas de por vida"}],"button_url":"#demo","button_target_blank":"","button_nofollow":"","attributes":[{"name":"Instalaciones","content":"10,000 - 100,000"},{"name":"Sensible","content":"S\u00ed"},{"name":"Navegadores compatibles","content":"Opera, Firefox, Chrome, Safari, Edge"}],"tags":[],"tags_disable_links":"","hide_more_platforms":"","video_object":"","demo_hide_cta":"","demo_hide_cloud_options":"","pricing_title":"","pricing":[{"pricing_icon":"platform","pricing_title":"Elfsight Apps","pricing_title_caption":"Versi\u00f3n independiente de plataforma que se adapta a cualquier sitio web","pricing_price":"desde $0 \/ mes","pricing_price_caption":"comienza con el plan gratuito","pricing_benefits":[{"text":"Dominios ilimitados"},{"text":"Atenci\u00f3n al cliente dedicada"},{"text":"Soporte de instalaci\u00f3n gratuito"},{"text":"Totalmente personalizable"}],"pricing_button_text":"A\u00f1adir al sitio web","pricing_button_url":"#demo"}],"related_apps_title":"","related_apps_hidden":"","author":"","image":[],"title":"","job":"","social_networks":[]},"_links":{"self":[{"href":"https:\/\/elfsight.com\/es\/wp-json\/wp\/v2\/pages\/7693","targetHints":{"allow":["GET"]}}],"collection":[{"href":"https:\/\/elfsight.com\/es\/wp-json\/wp\/v2\/pages"}],"about":[{"href":"https:\/\/elfsight.com\/es\/wp-json\/wp\/v2\/types\/page"}],"author":[{"embeddable":true,"href":"https:\/\/elfsight.com\/es\/wp-json\/wp\/v2\/users\/9"}],"replies":[{"embeddable":true,"href":"https:\/\/elfsight.com\/es\/wp-json\/wp\/v2\/comments?post=7693"}],"version-history":[{"count":2,"href":"https:\/\/elfsight.com\/es\/wp-json\/wp\/v2\/pages\/7693\/revisions"}],"predecessor-version":[{"id":18833,"href":"https:\/\/elfsight.com\/es\/wp-json\/wp\/v2\/pages\/7693\/revisions\/18833"}],"up":[{"embeddable":true,"href":"https:\/\/elfsight.com\/es\/wp-json\/wp\/v2\/pages\/1034"}],"wp:attachment":[{"href":"https:\/\/elfsight.com\/es\/wp-json\/wp\/v2\/media?parent=7693"}],"curies":[{"name":"wp","href":"https:\/\/api.w.org\/{rel}","templated":true}]}}