{"id":7692,"date":"1970-01-01T00:00:00","date_gmt":"1970-01-01T00:00:00","guid":{"rendered":"https:\/\/elfsight.com\/es\/?page_id=7692"},"modified":"2025-02-06T15:48:16","modified_gmt":"2025-02-06T15:48:16","slug":"elementor","status":"publish","type":"page","link":"https:\/\/elfsight.com\/es\/visitor-counter-widget\/elementor\/","title":{"rendered":"Visitor Counter  &#8211; Elementor"},"content":{"rendered":"<div class=\"application-platform-content-item-description application-platform-content-item\" id=\"description\" data-nav-section=\"description\"><h2>Integre el contador de visitantes en Elementor con el widget Elfsight<\/h2> <p> El contador de visitantes para Elementor es una herramienta sencilla que le permite analizar una cantidad de visitantes y el contenido m\u00e1s popular. Ahora es f\u00e1cil realizar un seguimiento de las estad\u00edsticas b\u00e1sicas sin necesidad de conocimientos adicionales de codificaci\u00f3n o an\u00e1lisis de datos. A trav\u00e9s de \u00e9l, puede asegurarse f\u00e1cilmente ante la audiencia de que es una empresa de buena reputaci\u00f3n y obtener muchos m\u00e1s clientes potenciales. Con nuestras elegantes oportunidades personalizables y pr\u00e1cticos dise\u00f1os, puede integrar el widget en su p\u00e1gina con solo unos pocos clics. <\/p> <p><b>\u00a1Haga que sus t\u00e1cticas de comercio electr\u00f3nico sean m\u00e1s efectivas con la ayuda de Visitor Counter!<\/b><\/p><\/div> <div class=\"application-platform-content-item-features application-platform-content-item\" id=\"features\" data-nav-section=\"features\"> <h2>Las funciones esenciales del widget contienen: <\/h2> <ul><li>F\u00e1cil de usar sin necesidad de cualificaci\u00f3n profesional de SEO ni codificaci\u00f3n<\/li><li>Una amplia variedad de intervalos de tiempo para comprobar su stats<\/li><li>Dise\u00f1os convenientes para formar todas las m\u00e9tricas de manera accesible <\/li><li>Esquemas de colores claros, oscuros y personalizables para ajustar la herramienta <\/li><li>Establecer el tama\u00f1o y el peso de la fuente <\/li><li>F\u00e1cil de agregar en el sitio web incluso para usuarios sin conocimientos de tecnolog\u00eda <\/li><\/ul><p><a href=\"#demo\">Puedes sentir lo que ofrece el widget usando la demostraci\u00f3n<\/a><\/p> <\/div> <div class=\"application-platform-content-item-installation application-platform-content-item\" id=\"installation\" data-nav-section=\"installation\"> <h2>\u00bfC\u00f3mo puedo agregar un contador de visitantes en mi sitio web de Elementor? <\/h2> <div class=\"video-container\"><iframe width=\"720\" height=\"405\" src=\"https:\/\/www.youtube.com\/embed\/5lMKAjQs6po\"><\/iframe><\/div><p>Simplemente siga las siguientes pautas para comenzar a utilizar la herramienta: <\/p> <ol><li><b>Utilice nuestro editor gratuito y comience a construir su instrumento personalizado. <\/b><br> Elija el aspecto y los aspectos seleccionados del widget y aplique las modificaciones. <\/li> <li><b>Adquiere tu c\u00f3digo personal que aparece en el formulario especial de Elfsight Apps. <\/b><br> Tan pronto como finalice la personalizaci\u00f3n de su widget personal, copie el c\u00f3digo exclusivo en el cuadro que aparece y gu\u00e1rdelo para su uso posterior. <\/li> <li><b>Iniciar la aplicaci\u00f3n de la herramienta en la p\u00e1gina web de Elementor. <\/b><br>Incruste el c\u00f3digo guardado recientemente en su p\u00e1gina web y aplique los ajustes. <\/li> <li><b>\u00a1Ya terminaste! La incrustaci\u00f3n finaliz\u00f3 exitosamente. <\/b><br>Visita su sitio web para comprobar el rendimiento de la herramienta. <\/li><\/ol> <p>Si tiene alguna pregunta o tiene alg\u00fan problema, busque ayuda de nuestro equipo de atenci\u00f3n al cliente. Nuestros especialistas est\u00e1n deseando ayudarle con todas las dificultades que pueda tener con el producto. <\/p> <div class=\"faq\" data-component=\"FAQ\"><div class=\"faq-item\">\r\n\t\t\t\t\t<div class=\"faq-item-question\">\r\n\t\t\t\t\t\t<h3 class=\"faq-item-question-text\">\u00bfExiste una opci\u00f3n para incrustar el Contador de visitantes en mi sitio Elementor sin experiencia en codificaci\u00f3n?<\/h3>\r\n\r\n\t\t\t\t\t\t<div class=\"faq-item-question-icon\"><\/div>\r\n\t\t\t\t\t<\/div>\r\n\r\n\t\t\t\t\t<div class=\"faq-item-answer\">\r\n\t\t\t\t\t\t<div class=\"faq-item-answer-text\"> <p>La compa\u00f1\u00eda Elfsight proporciona una soluci\u00f3n en la nube que permite a los usuarios crear un widget de Contador de visitantes usted mismo. Vea lo simple que es el proceso: vaya a la demostraci\u00f3n en vivo para crear un complemento de Contador de visitantes que le gustar\u00eda incrustar en la p\u00e1gina de inicio de Elementor. Haga clic en una de nuestras plantillas predise\u00f1adas y modifique la configuraci\u00f3n del Contador de visitantes, actualice su contenido, transforme el dise\u00f1o y los colores sin experiencia en codificaci\u00f3n. Haga clic para guardar la configuraci\u00f3n que realiz\u00f3 en Visitor Counter y obtener el c\u00f3digo de instalaci\u00f3n, que puede incluir f\u00e1cilmente en su p\u00e1gina de inicio de Elementor sin comprar una versi\u00f3n paga. Con el Configurador f\u00e1cil de usar, cualquier usuario web puede crear un widget de Contador de visitantes en l\u00ednea y simplemente agregarlo a cualquier sitio de Elementor. No es necesario obtener un plan pago ni enviar los datos de su tarjeta para acceder a nuestro servicio. Si tiene alg\u00fan problema de cualquier tipo, no dude en comunicarse con nuestro personal de soporte.<\/p> <\/div>\r\n\t\t\t\t\t<\/div>\r\n\t\t\t\t<\/div> <\/div><\/div>","protected":false},"excerpt":{"rendered":"","protected":false},"author":9,"featured_media":0,"parent":1034,"menu_order":0,"comment_status":"closed","ping_status":"closed","template":"templates\/template-application-platform.php","meta":{"publish_to_discourse":"","publish_post_category":"","wpdc_auto_publish_overridden":"","wpdc_topic_tags":"","wpdc_pin_topic":"","wpdc_pin_until":"","discourse_post_id":"","discourse_permalink":"","wpdc_publishing_response":"","wpdc_publishing_error":"","footnotes":""},"class_list":["post-7692","page","type-page","status-publish","hentry"],"yoast_head":"<!-- This site is optimized with the Yoast SEO plugin v25.3.1 - https:\/\/yoast.com\/wordpress\/plugins\/seo\/ -->\n<title>Widget de contador de visitantes para el sitio web de Elementor (r\u00e1pido y gratuito)<\/title>\n<meta name=\"description\" content=\"Esta es la mejor oportunidad para crear un widget de Contador de visitantes y agregarlo a su sitio web. Disfrute de la asistencia al cliente gratuita de Elfsight.\" \/>\n<meta name=\"robots\" content=\"index, follow, max-snippet:-1, max-image-preview:large, max-video-preview:-1\" \/>\n<link rel=\"canonical\" href=\"https:\/\/elfsight.com\/es\/visitor-counter-widget\/elementor\/\" \/>\n<meta property=\"og:locale\" content=\"es_ES\" \/>\n<meta property=\"og:type\" content=\"article\" \/>\n<meta property=\"og:title\" content=\"Widget de contador de visitantes para el sitio web de Elementor (r\u00e1pido y gratuito)\" \/>\n<meta property=\"og:description\" content=\"Esta es la mejor oportunidad para crear un widget de Contador de visitantes y agregarlo a su sitio web. Disfrute de la asistencia al cliente gratuita de Elfsight.\" \/>\n<meta property=\"og:url\" content=\"https:\/\/elfsight.com\/es\/visitor-counter-widget\/elementor\/\" \/>\n<meta property=\"og:site_name\" content=\"Elfsight ES\" \/>\n<meta property=\"article:modified_time\" content=\"2025-02-06T15:48:16+00:00\" \/>\n<meta name=\"twitter:card\" content=\"summary_large_image\" \/>\n<meta name=\"twitter:label1\" content=\"Tiempo de lectura\" \/>\n\t<meta name=\"twitter:data1\" content=\"3 minutos\" \/>\n<!-- \/ Yoast SEO plugin. -->","yoast_head_json":{"title":"Widget de contador de visitantes para el sitio web de Elementor (r\u00e1pido y gratuito)","description":"Esta es la mejor oportunidad para crear un widget de Contador de visitantes y agregarlo a su sitio web. Disfrute de la asistencia al cliente gratuita de Elfsight.","robots":{"index":"index","follow":"follow","max-snippet":"max-snippet:-1","max-image-preview":"max-image-preview:large","max-video-preview":"max-video-preview:-1"},"canonical":"https:\/\/elfsight.com\/es\/visitor-counter-widget\/elementor\/","og_locale":"es_ES","og_type":"article","og_title":"Widget de contador de visitantes para el sitio web de Elementor (r\u00e1pido y gratuito)","og_description":"Esta es la mejor oportunidad para crear un widget de Contador de visitantes y agregarlo a su sitio web. Disfrute de la asistencia al cliente gratuita de Elfsight.","og_url":"https:\/\/elfsight.com\/es\/visitor-counter-widget\/elementor\/","og_site_name":"Elfsight ES","article_modified_time":"2025-02-06T15:48:16+00:00","twitter_card":"summary_large_image","twitter_misc":{"Tiempo de lectura":"3 minutos"},"schema":{"@context":"https:\/\/schema.org","@graph":[{"@type":"WebPage","@id":"https:\/\/elfsight.com\/es\/visitor-counter-widget\/elementor\/","url":"https:\/\/elfsight.com\/es\/visitor-counter-widget\/elementor\/","name":"Widget de contador de visitantes para el sitio web de Elementor (r\u00e1pido y gratuito)","isPartOf":{"@id":"https:\/\/elfsight.com\/es\/#website"},"datePublished":"1970-01-01T00:00:00+00:00","dateModified":"2025-02-06T15:48:16+00:00","description":"Esta es la mejor oportunidad para crear un widget de Contador de visitantes y agregarlo a su sitio web. Disfrute de la asistencia al cliente gratuita de Elfsight.","breadcrumb":{"@id":"https:\/\/elfsight.com\/es\/visitor-counter-widget\/elementor\/#breadcrumb"},"inLanguage":"es","potentialAction":[{"@type":"ReadAction","target":["https:\/\/elfsight.com\/es\/visitor-counter-widget\/elementor\/"]}]},{"@type":"BreadcrumbList","@id":"https:\/\/elfsight.com\/es\/visitor-counter-widget\/elementor\/#breadcrumb","itemListElement":[{"@type":"ListItem","position":1,"name":"Home","item":"https:\/\/elfsight.com\/es\/"},{"@type":"ListItem","position":2,"name":"Visitor Counter","item":"https:\/\/elfsight.com\/es\/visitor-counter-widget\/"},{"@type":"ListItem","position":3,"name":"Visitor Counter &#8211; Elementor"}]},{"@type":"WebSite","@id":"https:\/\/elfsight.com\/es\/#website","url":"https:\/\/elfsight.com\/es\/","name":"Elfsight ES","description":"Just another Elfsight Sites site","potentialAction":[{"@type":"SearchAction","target":{"@type":"EntryPoint","urlTemplate":"https:\/\/elfsight.com\/es\/?s={search_term_string}"},"query-input":{"@type":"PropertyValueSpecification","valueRequired":true,"valueName":"search_term_string"}}],"inLanguage":"es"}]}},"meta_box":{"industry":"","seo_heading":"","heading":"","description":"","cta_heading":"","cta_description":"","application":"1033","h1":"Widget de contador de visitantes de Elementor","h1_caption":"Realice un seguimiento del tr\u00e1fico de su sitio y mejore su estrategia comercial","application_category":[],"applications_title":"","applications_request_title":"","applications_request_button_text":"","hero_text":"","hero_video":"","hero_video_schema_markup":"","selling_points_title":"","selling_points_caption":"","selling_points":[],"selling_points_cta_text":"","features_title":"","features":"","ed_cta_examples_text":"","ed_cta_examples_hidden":"","ed_cta_demo_text":"","ed_cta_demo_hidden":"","why_caption":"","why_editor_title":"","why_editor_text":"","why_team_title":"","why_team_text":"","why_service_title":"","why_service_text":"","template_catalog_visible":"","template_catalog_title":"","template_catalog_text":"","template_catalog_categories_visible":"","demo_title":"Si\u00e9ntase libre de crear un contador de visitantes de Elementor personalizado","demo_caption":"Personal\u00edcelo e implemente la herramienta en su sitio web utilizando una demostraci\u00f3n activa.","default_faq_hidden":"","app_template_category":[],"platform":"58","template_public_id":"","codecanyon_url":"","codecanyon_item_id":"","codecanyon_price":"","pricing_caption":"","pricing_elfsight_apps_hide_column":"","pricing_elfsight_apps_url":"","pricing_codecanyon_price_caption":"","integration_category":[],"integration_request_title":"","integration_request_cta":"","integration_platform":"","integrations":[],"platform_category":[],"video_schema_markup":"","price":"desde $0 \/ mes","trial":"","benefits":[{"text":"Asistencia de instalaci\u00f3n gratuita"},{"text":"Soporte premium"},{"text":"Garant\u00eda de reembolso de 14 d\u00edas"},{"text":"Actualizando constantemente"}],"button_url":"#demo","button_target_blank":"","button_nofollow":"","attributes":[{"name":"Instalaciones","content":"10,000 - 100,000"},{"name":"Sensible","content":"S\u00ed"},{"name":"Navegadores compatibles","content":"Firefox, Safari, Opera, Chrome, Edge"}],"tags":[],"tags_disable_links":"","hide_more_platforms":"","video_object":"","demo_hide_cta":"","demo_hide_cloud_options":"","pricing_title":"","pricing":[{"pricing_icon":"platform","pricing_title":"Elfsight Apps","pricing_title_caption":"Software multiplataforma","pricing_price":"desde $0 \/ mes","pricing_price_caption":"comienza con el plan gratuito","pricing_benefits":[{"text":"Sitios web ilimitados"},{"text":"Soporte 24 horas al d\u00eda, 7 d\u00edas a la semana y a tiempo"},{"text":"Ayuda de instalaci\u00f3n gratuita"},{"text":"Oferta especial para m\u00faltiples aplicaciones"}],"pricing_button_text":"A\u00f1adir al sitio web","pricing_button_url":"#demo"}],"related_apps_title":"","related_apps_hidden":"","author":"","image":[],"title":"","job":"","social_networks":[]},"_links":{"self":[{"href":"https:\/\/elfsight.com\/es\/wp-json\/wp\/v2\/pages\/7692","targetHints":{"allow":["GET"]}}],"collection":[{"href":"https:\/\/elfsight.com\/es\/wp-json\/wp\/v2\/pages"}],"about":[{"href":"https:\/\/elfsight.com\/es\/wp-json\/wp\/v2\/types\/page"}],"author":[{"embeddable":true,"href":"https:\/\/elfsight.com\/es\/wp-json\/wp\/v2\/users\/9"}],"replies":[{"embeddable":true,"href":"https:\/\/elfsight.com\/es\/wp-json\/wp\/v2\/comments?post=7692"}],"version-history":[{"count":2,"href":"https:\/\/elfsight.com\/es\/wp-json\/wp\/v2\/pages\/7692\/revisions"}],"predecessor-version":[{"id":18834,"href":"https:\/\/elfsight.com\/es\/wp-json\/wp\/v2\/pages\/7692\/revisions\/18834"}],"up":[{"embeddable":true,"href":"https:\/\/elfsight.com\/es\/wp-json\/wp\/v2\/pages\/1034"}],"wp:attachment":[{"href":"https:\/\/elfsight.com\/es\/wp-json\/wp\/v2\/media?parent=7692"}],"curies":[{"name":"wp","href":"https:\/\/api.w.org\/{rel}","templated":true}]}}