{"id":7691,"date":"1970-01-01T00:00:00","date_gmt":"1970-01-01T00:00:00","guid":{"rendered":"https:\/\/elfsight.com\/es\/?page_id=7691"},"modified":"2025-02-06T15:48:16","modified_gmt":"2025-02-06T15:48:16","slug":"drupal","status":"publish","type":"page","link":"https:\/\/elfsight.com\/es\/visitor-counter-widget\/drupal\/","title":{"rendered":"Visitor Counter  &#8211; Drupal"},"content":{"rendered":"<div class=\"application-platform-content-item-description application-platform-content-item\" id=\"description\" data-nav-section=\"description\"> <h2>Descripci\u00f3n<\/h2> <p> Visitor Counter para Drupal es una pr\u00e1ctica extensi\u00f3n que le permite controlar la cantidad de visitantes y las p\u00e1ginas m\u00e1s populares vistas en un per\u00edodo de tiempo determinado. Las m\u00e9tricas esenciales ahora se pueden analizar simplemente sin necesidad de habilidades espec\u00edficas de codificaci\u00f3n o an\u00e1lisis de datos. Adem\u00e1s, al mostrar resultados incre\u00edbles, puede garantizar f\u00e1cilmente a los visitantes la confiabilidad de su empresa. Con nuestras elegantes oportunidades y dise\u00f1os pr\u00e1cticos personalizados para el usuario, puede insertar el widget en su sitio web con solo unos pocos clics. <\/p> <p><b>\u00a1Con Visitor Counter analiza tus m\u00e9tricas y comienza un desarrollo empresarial sostenible! <\/b><\/p><\/div> <div class=\"application-platform-content-item-features application-platform-content-item\" id=\"features\" data-nav-section=\"features\"><h2>A continuaci\u00f3n se detallan las caracter\u00edsticas fundamentales del widget: <\/h2> <ul><li>F\u00e1cil de usar sin necesidad de habilidades profesionales de an\u00e1lisis de datos y codificaci\u00f3n<\/li><li>Una amplia variedad de intervalos de tiempo para analizar sus estad\u00edsticas en detalle<\/li><li>Dise\u00f1os pr\u00e1cticos para formar todas las m\u00e9tricas de forma pr\u00e1ctica <\/li><li>Esquemas de colores claros, oscuros y personalizables para integrar la herramienta perfectamente en su sitio <\/li><li>Establezca el tama\u00f1o y el peso de la fuente <\/li><li>F\u00e1cil de implementar incluso sin conocimientos de codificaci\u00f3n <\/li><\/ul><p><a href=\"#demo\">Explore todas las configuraciones en una demostraci\u00f3n con todas las funciones<\/a><\/p> <\/div> <div class=\"application-platform-content-item-installation application-platform-content-item\" id=\"installation\" data-nav-section=\"installation\"> <h2>\u00bfC\u00f3mo incorporo el Contador de visitantes en mi sitio web Drupal? <\/h2> <div class=\"video-container\"><iframe width=\"720\" height=\"405\" src=\"https:\/\/www.youtube.com\/embed\/5e8fRJvw_TY\" frameborder=\"0\"><\/iframe><\/div><p>Simplemente siga las siguientes pautas para incrustar el widget: <\/p> <ol><li><b>Abra nuestro editor gratuito y comience a formar su m\u00f3dulo personalizado. <\/b><br> Determine el aspecto y los aspectos adecuados del m\u00f3dulo y guarde todas las correcciones. <\/li> <li><b>Obtenga su c\u00f3digo \u00fanico que aparece en el cuadro de Elfsight Apps. <\/b><br> Tan pronto como finalice la personalizaci\u00f3n de su m\u00f3dulo personal, copie su c\u00f3digo en la ventana que aparece y gu\u00e1rdelo para su uso posterior. <\/li> <li><b>Comience a utilizar el m\u00f3dulo Contador de visitas en la p\u00e1gina web de Drupal. <\/b><br>Incrusta el c\u00f3digo que has copiado anteriormente en tu p\u00e1gina web y aplica las modificaciones. <\/li> <li><b>La instalaci\u00f3n se realiz\u00f3 correctamente. <\/b><br>Visite su sitio web para comprobar c\u00f3mo funciona el m\u00f3dulo. <\/li><\/ol><p>A condici\u00f3n de atender consultas o afrontar cualquier dificultad, por favor contacte con nuestro personal de atenci\u00f3n al cliente. Nuestros especialistas estar\u00e1n encantados de resolver todas las dificultades que puedas tener con el m\u00f3dulo. <\/p> <div class=\"faq\" data-component=\"FAQ\"><div class=\"faq-item\">\r\n\t\t\t\t\t<div class=\"faq-item-question\">\r\n\t\t\t\t\t\t<h3 class=\"faq-item-question-text\">\u00bfExiste una opci\u00f3n para agregar Visitor Counter a mi p\u00e1gina web de Drupal sin conocimientos de codificaci\u00f3n?<\/h3>\r\n\r\n\t\t\t\t\t\t<div class=\"faq-item-question-icon\"><\/div>\r\n\t\t\t\t\t<\/div>\r\n\r\n\t\t\t\t\t<div class=\"faq-item-answer\">\r\n\t\t\t\t\t\t<div class=\"faq-item-answer-text\"> <p>Elfsight proporciona una soluci\u00f3n en la nube que permite a los propietarios de sitios crear un complemento de Visitor Counter usted mismo. Consulte los sencillos pasos: Comience a trabajar en la demostraci\u00f3n en l\u00ednea para establecer una aplicaci\u00f3n de Visitor Counter que le gustar\u00eda que aparezca en la p\u00e1gina web de Drupal. Elija una de las muchas plantillas predise\u00f1adas y modifique la configuraci\u00f3n del Contador de visitantes, modifique el dise\u00f1o y la combinaci\u00f3n de colores y actualice su contenido, sin codificaci\u00f3n. Haga clic para guardar el Contador de visitantes y obtener el c\u00f3digo de instalaci\u00f3n del widget, que puede incluir en cualquier p\u00e1gina de inicio de Drupal sin necesidad de comprar una suscripci\u00f3n paga. Trabajando en nuestro Configurador intuitivo, cada usuario de Internet puede crear una secci\u00f3n de Contador de visitantes e incrustarla en la p\u00e1gina de inicio de Drupal. No es necesario obtener una suscripci\u00f3n paga ni enviar las credenciales de su tarjeta para acceder a nuestro Editor. Si encuentra alg\u00fan problema en alg\u00fan paso, no dude en comunicarse con nuestro personal de soporte t\u00e9cnico.<\/p> <\/div>\r\n\t\t\t\t\t<\/div>\r\n\t\t\t\t<\/div> <\/div><\/div>","protected":false},"excerpt":{"rendered":"","protected":false},"author":9,"featured_media":0,"parent":1034,"menu_order":0,"comment_status":"closed","ping_status":"closed","template":"templates\/template-application-platform.php","meta":{"publish_to_discourse":"","publish_post_category":"","wpdc_auto_publish_overridden":"","wpdc_topic_tags":"","wpdc_pin_topic":"","wpdc_pin_until":"","discourse_post_id":"","discourse_permalink":"","wpdc_publishing_response":"","wpdc_publishing_error":"","footnotes":""},"class_list":["post-7691","page","type-page","status-publish","hentry"],"yoast_head":"<!-- This site is optimized with the Yoast SEO plugin v25.3.1 - https:\/\/yoast.com\/wordpress\/plugins\/seo\/ -->\n<title>Contador de visitantes: agregue el contador de visitantes al sitio web de Drupal (gratis y r\u00e1pido)<\/title>\n<meta name=\"description\" content=\"Cree su mejor widget de Contador de visitantes e incorp\u00f3relo en su sitio web con facilidad. Tenemos soporte al cliente gratuito y m\u00e1s bonos.\" \/>\n<meta name=\"robots\" content=\"index, follow, max-snippet:-1, max-image-preview:large, max-video-preview:-1\" \/>\n<link rel=\"canonical\" href=\"https:\/\/elfsight.com\/es\/visitor-counter-widget\/drupal\/\" \/>\n<meta property=\"og:locale\" content=\"es_ES\" \/>\n<meta property=\"og:type\" content=\"article\" \/>\n<meta property=\"og:title\" content=\"Contador de visitantes: agregue el contador de visitantes al sitio web de Drupal (gratis y r\u00e1pido)\" \/>\n<meta property=\"og:description\" content=\"Cree su mejor widget de Contador de visitantes e incorp\u00f3relo en su sitio web con facilidad. Tenemos soporte al cliente gratuito y m\u00e1s bonos.\" \/>\n<meta property=\"og:url\" content=\"https:\/\/elfsight.com\/es\/visitor-counter-widget\/drupal\/\" \/>\n<meta property=\"og:site_name\" content=\"Elfsight ES\" \/>\n<meta property=\"article:modified_time\" content=\"2025-02-06T15:48:16+00:00\" \/>\n<meta name=\"twitter:card\" content=\"summary_large_image\" \/>\n<meta name=\"twitter:label1\" content=\"Tiempo de lectura\" \/>\n\t<meta name=\"twitter:data1\" content=\"3 minutos\" \/>\n<!-- \/ Yoast SEO plugin. -->","yoast_head_json":{"title":"Contador de visitantes: agregue el contador de visitantes al sitio web de Drupal (gratis y r\u00e1pido)","description":"Cree su mejor widget de Contador de visitantes e incorp\u00f3relo en su sitio web con facilidad. Tenemos soporte al cliente gratuito y m\u00e1s bonos.","robots":{"index":"index","follow":"follow","max-snippet":"max-snippet:-1","max-image-preview":"max-image-preview:large","max-video-preview":"max-video-preview:-1"},"canonical":"https:\/\/elfsight.com\/es\/visitor-counter-widget\/drupal\/","og_locale":"es_ES","og_type":"article","og_title":"Contador de visitantes: agregue el contador de visitantes al sitio web de Drupal (gratis y r\u00e1pido)","og_description":"Cree su mejor widget de Contador de visitantes e incorp\u00f3relo en su sitio web con facilidad. Tenemos soporte al cliente gratuito y m\u00e1s bonos.","og_url":"https:\/\/elfsight.com\/es\/visitor-counter-widget\/drupal\/","og_site_name":"Elfsight ES","article_modified_time":"2025-02-06T15:48:16+00:00","twitter_card":"summary_large_image","twitter_misc":{"Tiempo de lectura":"3 minutos"},"schema":{"@context":"https:\/\/schema.org","@graph":[{"@type":"WebPage","@id":"https:\/\/elfsight.com\/es\/visitor-counter-widget\/drupal\/","url":"https:\/\/elfsight.com\/es\/visitor-counter-widget\/drupal\/","name":"Contador de visitantes: agregue el contador de visitantes al sitio web de Drupal (gratis y r\u00e1pido)","isPartOf":{"@id":"https:\/\/elfsight.com\/es\/#website"},"datePublished":"1970-01-01T00:00:00+00:00","dateModified":"2025-02-06T15:48:16+00:00","description":"Cree su mejor widget de Contador de visitantes e incorp\u00f3relo en su sitio web con facilidad. Tenemos soporte al cliente gratuito y m\u00e1s bonos.","breadcrumb":{"@id":"https:\/\/elfsight.com\/es\/visitor-counter-widget\/drupal\/#breadcrumb"},"inLanguage":"es","potentialAction":[{"@type":"ReadAction","target":["https:\/\/elfsight.com\/es\/visitor-counter-widget\/drupal\/"]}]},{"@type":"BreadcrumbList","@id":"https:\/\/elfsight.com\/es\/visitor-counter-widget\/drupal\/#breadcrumb","itemListElement":[{"@type":"ListItem","position":1,"name":"Home","item":"https:\/\/elfsight.com\/es\/"},{"@type":"ListItem","position":2,"name":"Visitor Counter","item":"https:\/\/elfsight.com\/es\/visitor-counter-widget\/"},{"@type":"ListItem","position":3,"name":"Visitor Counter &#8211; Drupal"}]},{"@type":"WebSite","@id":"https:\/\/elfsight.com\/es\/#website","url":"https:\/\/elfsight.com\/es\/","name":"Elfsight ES","description":"Just another Elfsight Sites site","potentialAction":[{"@type":"SearchAction","target":{"@type":"EntryPoint","urlTemplate":"https:\/\/elfsight.com\/es\/?s={search_term_string}"},"query-input":{"@type":"PropertyValueSpecification","valueRequired":true,"valueName":"search_term_string"}}],"inLanguage":"es"}]}},"meta_box":{"industry":"","seo_heading":"","heading":"","description":"","cta_heading":"","cta_description":"","application":"1033","h1":"M\u00f3dulo de contador de visitantes Drupal","h1_caption":"Consulta las estad\u00edsticas de tu sitio y consigue muchos m\u00e1s clientes","application_category":[],"applications_title":"","applications_request_title":"","applications_request_button_text":"","hero_text":"","hero_video":"","hero_video_schema_markup":"","selling_points_title":"","selling_points_caption":"","selling_points":[],"selling_points_cta_text":"","features_title":"","features":"","ed_cta_examples_text":"","ed_cta_examples_hidden":"","ed_cta_demo_text":"","ed_cta_demo_hidden":"","why_caption":"","why_editor_title":"","why_editor_text":"","why_team_title":"","why_team_text":"","why_service_title":"","why_service_text":"","template_catalog_visible":"","template_catalog_title":"","template_catalog_text":"","template_catalog_categories_visible":"","demo_title":"Date prisa y crea tu propio contador de visitantes Drupal","demo_caption":"Personalice e inserte el m\u00f3dulo en su sitio mediante demostraci\u00f3n","default_faq_hidden":"","app_template_category":[],"platform":"2161","template_public_id":"","codecanyon_url":"","codecanyon_item_id":"","codecanyon_price":"","pricing_caption":"","pricing_elfsight_apps_hide_column":"","pricing_elfsight_apps_url":"","pricing_codecanyon_price_caption":"","integration_category":[],"integration_request_title":"","integration_request_cta":"","integration_platform":"","integrations":[],"platform_category":[],"video_schema_markup":"","price":"desde $0 \/ mes","trial":"","benefits":[{"text":"Servicio de instalaci\u00f3n gratuito"},{"text":"Servicio al cliente profesional"},{"text":"Garant\u00eda de devoluci\u00f3n de dinero de 14 d\u00edas"},{"text":"Actualizando constantemente"}],"button_url":"#demo","button_target_blank":"","button_nofollow":"","attributes":[{"name":"Instalaciones","content":"10,000 - 100,000"},{"name":"Sensible","content":"S\u00ed"},{"name":"Navegadores compatibles","content":"Firefox, Safari, Opera, Chrome, Edge"}],"tags":[],"tags_disable_links":"","hide_more_platforms":"","video_object":"","demo_hide_cta":"","demo_hide_cloud_options":"","pricing_title":"","pricing":[{"pricing_icon":"platform","pricing_title":"Elfsight Apps","pricing_title_caption":"Software multiplataforma que funciona en cualquier sitio web","pricing_price":"desde $0 \/ mes","pricing_price_caption":"comienza con el plan gratuito","pricing_benefits":[{"text":"Sitios web ilimitados"},{"text":"Soporte empresarial 24 horas al d\u00eda, 7 d\u00edas a la semana"},{"text":"Asistencia de instalaci\u00f3n gratuita"},{"text":"Precio especial para m\u00faltiples aplicaciones"}],"pricing_button_text":"A\u00f1adir al sitio web","pricing_button_url":"#demo"}],"related_apps_title":"","related_apps_hidden":"","author":"","image":[],"title":"","job":"","social_networks":[]},"_links":{"self":[{"href":"https:\/\/elfsight.com\/es\/wp-json\/wp\/v2\/pages\/7691","targetHints":{"allow":["GET"]}}],"collection":[{"href":"https:\/\/elfsight.com\/es\/wp-json\/wp\/v2\/pages"}],"about":[{"href":"https:\/\/elfsight.com\/es\/wp-json\/wp\/v2\/types\/page"}],"author":[{"embeddable":true,"href":"https:\/\/elfsight.com\/es\/wp-json\/wp\/v2\/users\/9"}],"replies":[{"embeddable":true,"href":"https:\/\/elfsight.com\/es\/wp-json\/wp\/v2\/comments?post=7691"}],"version-history":[{"count":2,"href":"https:\/\/elfsight.com\/es\/wp-json\/wp\/v2\/pages\/7691\/revisions"}],"predecessor-version":[{"id":18835,"href":"https:\/\/elfsight.com\/es\/wp-json\/wp\/v2\/pages\/7691\/revisions\/18835"}],"up":[{"embeddable":true,"href":"https:\/\/elfsight.com\/es\/wp-json\/wp\/v2\/pages\/1034"}],"wp:attachment":[{"href":"https:\/\/elfsight.com\/es\/wp-json\/wp\/v2\/media?parent=7691"}],"curies":[{"name":"wp","href":"https:\/\/api.w.org\/{rel}","templated":true}]}}