{"id":7685,"date":"1970-01-01T00:00:00","date_gmt":"1970-01-01T00:00:00","guid":{"rendered":"https:\/\/elfsight.com\/es\/?page_id=7685"},"modified":"2025-02-06T15:48:16","modified_gmt":"2025-02-06T15:48:16","slug":"bigcommerce","status":"publish","type":"page","link":"https:\/\/elfsight.com\/es\/visitor-counter-widget\/bigcommerce\/","title":{"rendered":"Visitor Counter  &#8211; BigCommerce"},"content":{"rendered":"<div class=\"application-platform-content-item-description application-platform-content-item\" id=\"description\" data-nav-section=\"description\"><h2>Descripci\u00f3n<\/h2> <p> Visitor Counter for BigCommerce es una pr\u00e1ctica aplicaci\u00f3n que permite analizar la cantidad de visitantes y el contenido m\u00e1s popular visto en un per\u00edodo de tiempo exacto. Las m\u00e9tricas esenciales ahora son f\u00e1ciles de verificar sin necesidad de conocimientos espec\u00edficos de codificaci\u00f3n o an\u00e1lisis de datos. Adem\u00e1s, a trav\u00e9s de ellas puede asegurarse f\u00e1cilmente a los visitantes de que es una empresa de buena reputaci\u00f3n y que tiene muchos m\u00e1s clientes o suscriptores nuevos. Con nuestras oportunidades elegantes adaptables y dise\u00f1os pr\u00e1cticos, puede agregar el widget a su sitio con solo unos pocos clics. <\/p> <p><b>\u00a1Obt\u00e9n lo mejor de Stat Counter para mejorar tu plan de comercio electr\u00f3nico y alcanzar tus picos! <\/b><\/p><\/div> <div class=\"application-platform-content-item-features application-platform-content-item\" id=\"features\" data-nav-section=\"features\"> <h2>Estas son solo algunas de las m\u00faltiples funciones del widget: <\/h2> <ul><li>F\u00e1cil de usar sin conocimientos espec\u00edficos de an\u00e1lisis de datos<\/li><li>Una gran variedad de intervalos de tiempo para contar tus m\u00e9tricas<\/li><li>Dise\u00f1os pr\u00e1cticos para generar todas las estad\u00edsticas de forma accesible <\/li><li>Ligero, Esquemas de colores oscuros y personalizables para darle estilo a la herramienta<\/li><li>Ajusta el tama\u00f1o y el peso de la fuente <\/li><li>Simplemente para incrustar incluso sin conocimientos de codificaci\u00f3n <\/li><\/ul><p><a href=\"#demo\">Puedes probar la funcionalidad completa de la aplicaci\u00f3n en la demostraci\u00f3n <\/a><\/p> <\/div> <div class=\"application-platform-content-item-installation application-platform-content-item\" id=\"installation\" data-nav-section=\"installation\"> <h2>\u00bfC\u00f3mo lo hago? \u00bfInsertar el contador de visitantes en mi p\u00e1gina web de BigCommerce? <\/h2> <div class=\"video-container\"><iframe width=\"720\" height=\"405\" src=\"https:\/\/www.youtube.com\/embed\/4Xc06Ab3qao\"><\/iframe><\/div><p>Simplemente siga estos pasos que se detallan a continuaci\u00f3n para comenzar a trabajar con el complemento: <\/p> <ol><li><b>Utilice nuestra demostraci\u00f3n gratuita y comience a formar su propio widget. <\/b><br> Especifique la disposici\u00f3n y los par\u00e1metros deseados del widget y aplique todas las ediciones. <\/li> <li><b>Adquiera el c\u00f3digo individual que se muestra en la ventana de Elfsight Apps. <\/b><br> Una vez finalizada la personalizaci\u00f3n de su widget, copie el c\u00f3digo personal en la ventana que aparece y gu\u00e1rdelo para ocasiones posteriores. <\/li> <li><b>Comenzar a utilizar el widget en la p\u00e1gina web de BigCommerce. <\/b><br> Coloque el c\u00f3digo copiado recientemente en su p\u00e1gina y aplique las ediciones. <\/li> <li><b>\u00a1Listo! La configuraci\u00f3n ha finalizado por completo. <\/b><br> Vaya a su sitio para inspeccionar el funcionamiento del widget. <\/li><\/ol><p>Si tiene preguntas o enfrenta alg\u00fan obst\u00e1culo, no dude en comunicarse con nuestro equipo de soporte. Nuestros especialistas est\u00e1n ansiosos por ayudarle con todos los problemas que pueda tener con la aplicaci\u00f3n. <\/p> <div class=\"faq\" data-component=\"FAQ\"><div class=\"faq-item\">\r\n\t\t\t\t\t<div class=\"faq-item-question\">\r\n\t\t\t\t\t\t<h3 class=\"faq-item-question-text\">\u00bfDe qu\u00e9 manera es posible agregar un Contador de visitantes a mi sitio de BigCommerce sin experiencia en codificaci\u00f3n?<\/h3>\r\n\r\n\t\t\t\t\t\t<div class=\"faq-item-question-icon\"><\/div>\r\n\t\t\t\t\t<\/div>\r\n\r\n\t\t\t\t\t<div class=\"faq-item-answer\">\r\n\t\t\t\t\t\t<div class=\"faq-item-answer-text\"> <p>La empresa Elfsight ofrece una soluci\u00f3n SaaS que permite a los propietarios de sitios crear una secci\u00f3n de Contador de visitantes usted mismo. Descubra lo sencillo que es el proceso: trabaje directamente en el Editor en l\u00ednea para crear una secci\u00f3n de Contador de visitantes que le gustar\u00eda que aparezca en una p\u00e1gina web de BigCommerce. Elija una de las muchas plantillas predise\u00f1adas y modifique la configuraci\u00f3n del contador de visitantes, modifique el dise\u00f1o y los colores, incluido su contenido, sin conocimientos de codificaci\u00f3n. Haga clic para guardar la configuraci\u00f3n que realiz\u00f3 en Visitor Counter y obtener el c\u00f3digo para incrustar, que se puede pegar f\u00e1cilmente en su sitio de BigCommerce usando un plan gratuito. Con la ayuda del editor f\u00e1cil de usar, cada usuario web puede crear un widget de contador de visitantes en l\u00ednea y agregarlo a su sitio web de BigCommerce. No es necesario pagar ni revelar las credenciales de su tarjeta para ingresar a nuestro servicio. Si tiene alg\u00fan problema de cualquier tipo, contin\u00fae y comun\u00edquese con nuestro personal de soporte.<\/p> <\/div>\r\n\t\t\t\t\t<\/div>\r\n\t\t\t\t<\/div> <\/div><\/div>","protected":false},"excerpt":{"rendered":"","protected":false},"author":9,"featured_media":0,"parent":1034,"menu_order":0,"comment_status":"closed","ping_status":"closed","template":"templates\/template-application-platform.php","meta":{"publish_to_discourse":"","publish_post_category":"","wpdc_auto_publish_overridden":"","wpdc_topic_tags":"","wpdc_pin_topic":"","wpdc_pin_until":"","discourse_post_id":"","discourse_permalink":"","wpdc_publishing_response":"","wpdc_publishing_error":"","footnotes":""},"class_list":["post-7685","page","type-page","status-publish","hentry"],"yoast_head":"<!-- This site is optimized with the Yoast SEO plugin v25.3.1 - https:\/\/yoast.com\/wordpress\/plugins\/seo\/ -->\n<title>Widget de contador de visitantes para su sitio web de BigCommerce (r\u00e1pido y gratuito)<\/title>\n<meta name=\"description\" content=\"Cree su mejor aplicaci\u00f3n de Contador de visitantes e incr\u00fastela en el sitio web en poco tiempo. Tenemos soporte al cliente gratuito y m\u00e1s bonos.\" \/>\n<meta name=\"robots\" content=\"index, follow, max-snippet:-1, max-image-preview:large, max-video-preview:-1\" \/>\n<link rel=\"canonical\" href=\"https:\/\/elfsight.com\/es\/visitor-counter-widget\/bigcommerce\/\" \/>\n<meta property=\"og:locale\" content=\"es_ES\" \/>\n<meta property=\"og:type\" content=\"article\" \/>\n<meta property=\"og:title\" content=\"Widget de contador de visitantes para su sitio web de BigCommerce (r\u00e1pido y gratuito)\" \/>\n<meta property=\"og:description\" content=\"Cree su mejor aplicaci\u00f3n de Contador de visitantes e incr\u00fastela en el sitio web en poco tiempo. Tenemos soporte al cliente gratuito y m\u00e1s bonos.\" \/>\n<meta property=\"og:url\" content=\"https:\/\/elfsight.com\/es\/visitor-counter-widget\/bigcommerce\/\" \/>\n<meta property=\"og:site_name\" content=\"Elfsight ES\" \/>\n<meta property=\"article:modified_time\" content=\"2025-02-06T15:48:16+00:00\" \/>\n<meta name=\"twitter:card\" content=\"summary_large_image\" \/>\n<meta name=\"twitter:label1\" content=\"Tiempo de lectura\" \/>\n\t<meta name=\"twitter:data1\" content=\"3 minutos\" \/>\n<!-- \/ Yoast SEO plugin. -->","yoast_head_json":{"title":"Widget de contador de visitantes para su sitio web de BigCommerce (r\u00e1pido y gratuito)","description":"Cree su mejor aplicaci\u00f3n de Contador de visitantes e incr\u00fastela en el sitio web en poco tiempo. Tenemos soporte al cliente gratuito y m\u00e1s bonos.","robots":{"index":"index","follow":"follow","max-snippet":"max-snippet:-1","max-image-preview":"max-image-preview:large","max-video-preview":"max-video-preview:-1"},"canonical":"https:\/\/elfsight.com\/es\/visitor-counter-widget\/bigcommerce\/","og_locale":"es_ES","og_type":"article","og_title":"Widget de contador de visitantes para su sitio web de BigCommerce (r\u00e1pido y gratuito)","og_description":"Cree su mejor aplicaci\u00f3n de Contador de visitantes e incr\u00fastela en el sitio web en poco tiempo. Tenemos soporte al cliente gratuito y m\u00e1s bonos.","og_url":"https:\/\/elfsight.com\/es\/visitor-counter-widget\/bigcommerce\/","og_site_name":"Elfsight ES","article_modified_time":"2025-02-06T15:48:16+00:00","twitter_card":"summary_large_image","twitter_misc":{"Tiempo de lectura":"3 minutos"},"schema":{"@context":"https:\/\/schema.org","@graph":[{"@type":"WebPage","@id":"https:\/\/elfsight.com\/es\/visitor-counter-widget\/bigcommerce\/","url":"https:\/\/elfsight.com\/es\/visitor-counter-widget\/bigcommerce\/","name":"Widget de contador de visitantes para su sitio web de BigCommerce (r\u00e1pido y gratuito)","isPartOf":{"@id":"https:\/\/elfsight.com\/es\/#website"},"datePublished":"1970-01-01T00:00:00+00:00","dateModified":"2025-02-06T15:48:16+00:00","description":"Cree su mejor aplicaci\u00f3n de Contador de visitantes e incr\u00fastela en el sitio web en poco tiempo. Tenemos soporte al cliente gratuito y m\u00e1s bonos.","breadcrumb":{"@id":"https:\/\/elfsight.com\/es\/visitor-counter-widget\/bigcommerce\/#breadcrumb"},"inLanguage":"es","potentialAction":[{"@type":"ReadAction","target":["https:\/\/elfsight.com\/es\/visitor-counter-widget\/bigcommerce\/"]}]},{"@type":"BreadcrumbList","@id":"https:\/\/elfsight.com\/es\/visitor-counter-widget\/bigcommerce\/#breadcrumb","itemListElement":[{"@type":"ListItem","position":1,"name":"Home","item":"https:\/\/elfsight.com\/es\/"},{"@type":"ListItem","position":2,"name":"Visitor Counter","item":"https:\/\/elfsight.com\/es\/visitor-counter-widget\/"},{"@type":"ListItem","position":3,"name":"Visitor Counter &#8211; BigCommerce"}]},{"@type":"WebSite","@id":"https:\/\/elfsight.com\/es\/#website","url":"https:\/\/elfsight.com\/es\/","name":"Elfsight ES","description":"Just another Elfsight Sites site","potentialAction":[{"@type":"SearchAction","target":{"@type":"EntryPoint","urlTemplate":"https:\/\/elfsight.com\/es\/?s={search_term_string}"},"query-input":{"@type":"PropertyValueSpecification","valueRequired":true,"valueName":"search_term_string"}}],"inLanguage":"es"}]}},"meta_box":{"industry":"","seo_heading":"","heading":"","description":"","cta_heading":"","cta_description":"","application":"1033","h1":"Aplicaci\u00f3n Contador de visitantes de BigCommerce","h1_caption":"Realice un seguimiento de las m\u00e9tricas de su sitio web y obtenga m\u00e1s clientes potenciales","application_category":[],"applications_title":"","applications_request_title":"","applications_request_button_text":"","hero_text":"","hero_video":"","hero_video_schema_markup":"","selling_points_title":"","selling_points_caption":"","selling_points":[],"selling_points_cta_text":"","features_title":"","features":"","ed_cta_examples_text":"","ed_cta_examples_hidden":"","ed_cta_demo_text":"","ed_cta_demo_hidden":"","why_caption":"","why_editor_title":"","why_editor_text":"","why_team_title":"","why_team_text":"","why_service_title":"","why_service_text":"","template_catalog_visible":"","template_catalog_title":"","template_catalog_text":"","template_catalog_categories_visible":"","demo_title":"Si\u00e9ntase libre de dise\u00f1ar un contador de visitantes de BigCommerce personalizado","demo_caption":"Personalice e integre la aplicaci\u00f3n en su sitio web mediante una demostraci\u00f3n en vivo.","default_faq_hidden":"","app_template_category":[],"platform":"33","template_public_id":"","codecanyon_url":"","codecanyon_item_id":"","codecanyon_price":"","pricing_caption":"","pricing_elfsight_apps_hide_column":"","pricing_elfsight_apps_url":"","pricing_codecanyon_price_caption":"","integration_category":[],"integration_request_title":"","integration_request_cta":"","integration_platform":"","integrations":[],"platform_category":[],"video_schema_markup":"","price":"desde $0 \/ mes","trial":"","benefits":[{"text":"Servicio de instalaci\u00f3n gratuito"},{"text":"Soporte premium"},{"text":"Garant\u00eda de reembolso de 14 d\u00edas"},{"text":"Actualizando constantemente"}],"button_url":"#demo","button_target_blank":"","button_nofollow":"","attributes":[{"name":"Instalaciones","content":"10,000 - 100,000"},{"name":"Sensible","content":"S\u00ed"},{"name":"Navegadores compatibles","content":"Firefox, Safari, Opera, Chrome, Edge"}],"tags":[],"tags_disable_links":"","hide_more_platforms":"","video_object":"","demo_hide_cta":"","demo_hide_cloud_options":"","pricing_title":"","pricing":[{"pricing_icon":"platform","pricing_title":"Elfsight Apps","pricing_title_caption":"Soluci\u00f3n digital independiente de la plataforma que se adapta a cualquier sitio","pricing_price":"desde $0 \/ mes","pricing_price_caption":"comienza con un plan gratuito","pricing_benefits":[{"text":"Dominios ilimitados"},{"text":"Soporte empresarial premium"},{"text":"Asistencia de instalaci\u00f3n gratuita"},{"text":"Totalmente personalizable"}],"pricing_button_text":"A\u00f1adir al sitio web","pricing_button_url":"#demo"}],"related_apps_title":"","related_apps_hidden":"","author":"","image":[],"title":"","job":"","social_networks":[]},"_links":{"self":[{"href":"https:\/\/elfsight.com\/es\/wp-json\/wp\/v2\/pages\/7685","targetHints":{"allow":["GET"]}}],"collection":[{"href":"https:\/\/elfsight.com\/es\/wp-json\/wp\/v2\/pages"}],"about":[{"href":"https:\/\/elfsight.com\/es\/wp-json\/wp\/v2\/types\/page"}],"author":[{"embeddable":true,"href":"https:\/\/elfsight.com\/es\/wp-json\/wp\/v2\/users\/9"}],"replies":[{"embeddable":true,"href":"https:\/\/elfsight.com\/es\/wp-json\/wp\/v2\/comments?post=7685"}],"version-history":[{"count":2,"href":"https:\/\/elfsight.com\/es\/wp-json\/wp\/v2\/pages\/7685\/revisions"}],"predecessor-version":[{"id":18837,"href":"https:\/\/elfsight.com\/es\/wp-json\/wp\/v2\/pages\/7685\/revisions\/18837"}],"up":[{"embeddable":true,"href":"https:\/\/elfsight.com\/es\/wp-json\/wp\/v2\/pages\/1034"}],"wp:attachment":[{"href":"https:\/\/elfsight.com\/es\/wp-json\/wp\/v2\/media?parent=7685"}],"curies":[{"name":"wp","href":"https:\/\/api.w.org\/{rel}","templated":true}]}}