{"id":7676,"date":"1970-01-01T00:00:00","date_gmt":"1970-01-01T00:00:00","guid":{"rendered":"https:\/\/elfsight.com\/es\/?page_id=7676"},"modified":"2025-02-06T15:48:24","modified_gmt":"2025-02-06T15:48:24","slug":"weebly","status":"publish","type":"page","link":"https:\/\/elfsight.com\/es\/weather-widget\/weebly\/","title":{"rendered":"Weather &#8211; Weebly"},"content":{"rendered":"<div class=\"application-platform-content-item-description application-platform-content-item\" id=\"description\" data-nav-section=\"description\"><h2>Descripci\u00f3n<\/h2><p>Elfsight Weather es un widget de sitio web sencillo y altamente adaptable que proporciona a sus visitantes la situaci\u00f3n meteorol\u00f3gica relevante para cualquier ubicaci\u00f3n. Un lugar usando el t\u00edtulo, ZIP o las coordenadas. Los usuarios del sitio web podr\u00e1n consultar la informaci\u00f3n actualizada sobre la temperatura, la presi\u00f3n del aire, el porcentaje de humedad y los elementos meteorol\u00f3gicos. El widget tiene una funci\u00f3n para mostrar el pron\u00f3stico para la pr\u00f3xima semana o para las pr\u00f3ximas doce horas. Puede ajustar la interfaz utilizando im\u00e1genes de fondo con temas meteorol\u00f3gicos y la opci\u00f3n de elegir colores personalizados. <\/p><p><b>\u00a1Haga que sea \u00fatil para los clientes ordenar un viaje con el pron\u00f3stico del tiempo a mano! <\/b><\/p><\/div><div class=\"application-platform-content-item-features application-platform-content-item\" id=\"features\" data-nav-section=\"features\"><p>Comprueba todas las funciones del widget del tiempo. Est\u00e1n disponibles directamente en el editor y te ayudar\u00e1n a crear el widget especialmente para tu caso. <\/p><ul><li>Tres formas de ingresar la ubicaci\u00f3n: el nombre, el c\u00f3digo postal y las coordenadas; <\/li><li>M\u00e1s de 30 idiomas compatibles para mostrar detalles del clima en el idioma que habla su audiencia; <\/li><li>5 variantes de la configuraci\u00f3n del widget para diferentes casos de uso; <\/li><li>La opci\u00f3n de mostrar el pron\u00f3stico diario para la semana futura con fechas; <\/li><li>A\u00f1adir previsi\u00f3n horaria para las pr\u00f3ximas doce horas. <\/li><\/ul><p><a href=\"#demo\">Puedes probar todas las caracter\u00edsticas funcionales del widget directamente en la demostraci\u00f3n<\/a><\/p><\/div><div class=\"application-platform-content-item-installation application-platform-content-item\" id=\"installation\" data-nav-section=\"installation\"><h2>\u00bfC\u00f3mo integrar la aplicaci\u00f3n Weather con un sitio web Weebly?<\/h2><div class=\"video-container\"><iframe width=\"720\" height=\"405\" src=\"https:\/\/www.youtube.com\/embed\/DZMOi5_TtmE\" frameborder=\"0\"><\/iframe><\/div><p>Para agregar un widget, simplemente siga las pautas a continuaci\u00f3n<\/p><ol><li><b>Emplee nuestra demostraci\u00f3n gratuita y comience a trabajar con su aplicaci\u00f3n personalizada. <\/b><br>Elija la forma y los par\u00e1metros preferidos de la aplicaci\u00f3n y aplique todas las correcciones. <\/li> <li><b>Adquiera su c\u00f3digo personal mostrado en la ventana de Elfsight Apps. <\/b><br> Inmediatamente despu\u00e9s de completar el establecimiento de su aplicaci\u00f3n, copie el c\u00f3digo exclusivo en el cuadro que aparece y gu\u00e1rdelo para futuras necesidades. <\/li> <li><b>Inicie el empleo de la aplicaci\u00f3n en su sitio web Weebly. <\/b><br>Incrusta el c\u00f3digo copiado anteriormente en tu sitio web y aplica las mejoras. <\/li> <li><b>La configuraci\u00f3n est\u00e1 completamente realizada. <\/b><br> Vaya a su p\u00e1gina web para revisar el rendimiento de la aplicaci\u00f3n. <\/li><\/ol><p>T\u00f3mese un minuto para ponerse en contacto con el servicio de atenci\u00f3n al cliente de Elfsight si necesita ayuda o tiene problemas. Estaremos encantados de ayudarle con cada solicitud. <\/p><div class=\"faq\" data-component=\"FAQ\"><div class=\"faq-item\">\r\n\t\t\t\t\t<div class=\"faq-item-question\">\r\n\t\t\t\t\t\t<h3 class=\"faq-item-question-text\">\u00bfC\u00f3mo agregar el widget del tiempo a una p\u00e1gina de WordPress?<\/h3>\r\n\r\n\t\t\t\t\t\t<div class=\"faq-item-question-icon\"><\/div>\r\n\t\t\t\t\t<\/div>\r\n\r\n\t\t\t\t\t<div class=\"faq-item-answer\">\r\n\t\t\t\t\t\t<div class=\"faq-item-answer-text\"><p>Agregarlo al sitio web tomar\u00e1 solo unos momentos. Es m\u00e1s, no es necesario tener conocimientos de programaci\u00f3n.<\/p><p>Ajuste el complemento Weather para WordPress en el configurador gratuito; ingrese la ubicaci\u00f3n personalizada, elija la temperatura para mostrar; Obtenga su c\u00f3digo de instalaci\u00f3n, incruste el c\u00f3digo en el lugar necesario en la plantilla del sitio web. \u00a1Entiendo! \u00a1La instalaci\u00f3n del complemento meteorol\u00f3gico en WordPress est\u00e1 lista! <\/p><p>\u00bfTiene alg\u00fan problema al instalar el complemento en WordPress o formatearlo? Puede encontrar la gu\u00eda <a href=\"https:\/\/elfsight.com\/tutorials\/how-to-add-weather-widget\/#how-to-add-weather-to-wordpress\">en esta p\u00e1gina<\/a>. <\/p><\/div>\r\n\t\t\t\t\t<\/div>\r\n\t\t\t\t<\/div><div class=\"faq-item\">\r\n\t\t\t\t\t<div class=\"faq-item-question\">\r\n\t\t\t\t\t\t<h3 class=\"faq-item-question-text\">\u00bfTengo la oportunidad de ver c\u00f3mo se ver\u00e1 el widget en un sitio?<\/h3>\r\n\r\n\t\t\t\t\t\t<div class=\"faq-item-question-icon\"><\/div>\r\n\t\t\t\t\t<\/div>\r\n\r\n\t\t\t\t\t<div class=\"faq-item-answer\">\r\n\t\t\t\t\t\t<div class=\"faq-item-answer-text\"><p>\u00a1Definitivamente! Al crear el complemento meteorol\u00f3gico de WordPress <a href=\"https:\/\/elfsight.com\/weather-widget\/#demo\">en el generador en l\u00ednea<\/a>, ver\u00e1 todos los cambios en la parte derecha del mismo. El banner meteorol\u00f3gico ser\u00e1 id\u00e9ntico al que agregar\u00e1 a WordPress.<\/p><\/div>\r\n\t\t\t\t\t<\/div>\r\n\t\t\t\t<\/div><div class=\"faq-item\">\r\n\t\t\t\t\t<div class=\"faq-item-question\">\r\n\t\t\t\t\t\t<h3 class=\"faq-item-question-text\">\u00bfQu\u00e9 otros widgets son esenciales para un sitio web de WordPress?<\/h3>\r\n\r\n\t\t\t\t\t\t<div class=\"faq-item-question-icon\"><\/div>\r\n\t\t\t\t\t<\/div>\r\n\r\n\t\t\t\t\t<div class=\"faq-item-answer\">\r\n\t\t\t\t\t\t<div class=\"faq-item-answer-text\"><p>WordPress ofrece una serie de complementos con una funcionalidad exquisita. Sin embargo, si necesita instrumentos no convencionales para aumentar la eficacia de su sitio web, puede utilizar los complementos de Elfsight.<\/p><p>Entre ellos se encuentran <a href=\"https:\/\/elfsight.com\/google-reviews-widget\/wordpress\/\">Rese\u00f1as de Google<\/a>, <a href=\"https:\/\/elfsight.com\/testimonials-slider-widget\/wordpress\/\">Control deslizante de testimonios<\/a>, y <a href=\"https:\/\/elfsight.com\/youtube-channel-plugin-yottie\/wordpress\/\">Galer\u00eda de YouTube<\/a>. Adem\u00e1s, puede agregar <a href=\"https:\/\/elfsight.com\/whatsapp-chat-widget\/wordpress\/\">WhatsApp<\/a> y <a href=\"https:\/\/elfsight.com\/facebook-chat-widget\/wordpress\/\">Chats de Facebook<\/a> para facilitar a\u00fan m\u00e1s la comunicaci\u00f3n a trav\u00e9s de mensajeros populares. De todos modos, elige cualquier herramienta de tu agrado y fortalece tu sitio web.<\/p><\/div>\r\n\t\t\t\t\t<\/div>\r\n\t\t\t\t<\/div><\/div><\/div>","protected":false},"excerpt":{"rendered":"","protected":false},"author":9,"featured_media":0,"parent":1055,"menu_order":0,"comment_status":"closed","ping_status":"closed","template":"templates\/template-application-platform.php","meta":{"publish_to_discourse":"","publish_post_category":"","wpdc_auto_publish_overridden":"","wpdc_topic_tags":"","wpdc_pin_topic":"","wpdc_pin_until":"","discourse_post_id":"","discourse_permalink":"","wpdc_publishing_response":"","wpdc_publishing_error":"","footnotes":""},"class_list":["post-7676","page","type-page","status-publish","hentry"],"yoast_head":"<!-- This site is optimized with the Yoast SEO plugin v25.3.1 - https:\/\/yoast.com\/wordpress\/plugins\/seo\/ -->\n<title>Widget meteorol\u00f3gico: agregue la aplicaci\u00f3n Weather al sitio web de Weebly (gratis y r\u00e1pido)<\/title>\n<meta name=\"description\" content=\"Con Elfsight, dise\u00f1e su aplicaci\u00f3n meteorol\u00f3gica y agr\u00e9guela r\u00e1pidamente a su sitio web Weebly. Ofrecemos atenci\u00f3n al cliente gratuita y otras bonificaciones.\" \/>\n<meta name=\"robots\" content=\"index, follow, max-snippet:-1, max-image-preview:large, max-video-preview:-1\" \/>\n<link rel=\"canonical\" href=\"https:\/\/elfsight.com\/es\/weather-widget\/weebly\/\" \/>\n<meta property=\"og:locale\" content=\"es_ES\" \/>\n<meta property=\"og:type\" content=\"article\" \/>\n<meta property=\"og:title\" content=\"Widget meteorol\u00f3gico: agregue la aplicaci\u00f3n Weather al sitio web de Weebly (gratis y r\u00e1pido)\" \/>\n<meta property=\"og:description\" content=\"Con Elfsight, dise\u00f1e su aplicaci\u00f3n meteorol\u00f3gica y agr\u00e9guela r\u00e1pidamente a su sitio web Weebly. Ofrecemos atenci\u00f3n al cliente gratuita y otras bonificaciones.\" \/>\n<meta property=\"og:url\" content=\"https:\/\/elfsight.com\/es\/weather-widget\/weebly\/\" \/>\n<meta property=\"og:site_name\" content=\"Elfsight ES\" \/>\n<meta property=\"article:modified_time\" content=\"2025-02-06T15:48:24+00:00\" \/>\n<meta name=\"twitter:card\" content=\"summary_large_image\" \/>\n<meta name=\"twitter:label1\" content=\"Tiempo de lectura\" \/>\n\t<meta name=\"twitter:data1\" content=\"4 minutos\" \/>\n<!-- \/ Yoast SEO plugin. -->","yoast_head_json":{"title":"Widget meteorol\u00f3gico: agregue la aplicaci\u00f3n Weather al sitio web de Weebly (gratis y r\u00e1pido)","description":"Con Elfsight, dise\u00f1e su aplicaci\u00f3n meteorol\u00f3gica y agr\u00e9guela r\u00e1pidamente a su sitio web Weebly. Ofrecemos atenci\u00f3n al cliente gratuita y otras bonificaciones.","robots":{"index":"index","follow":"follow","max-snippet":"max-snippet:-1","max-image-preview":"max-image-preview:large","max-video-preview":"max-video-preview:-1"},"canonical":"https:\/\/elfsight.com\/es\/weather-widget\/weebly\/","og_locale":"es_ES","og_type":"article","og_title":"Widget meteorol\u00f3gico: agregue la aplicaci\u00f3n Weather al sitio web de Weebly (gratis y r\u00e1pido)","og_description":"Con Elfsight, dise\u00f1e su aplicaci\u00f3n meteorol\u00f3gica y agr\u00e9guela r\u00e1pidamente a su sitio web Weebly. Ofrecemos atenci\u00f3n al cliente gratuita y otras bonificaciones.","og_url":"https:\/\/elfsight.com\/es\/weather-widget\/weebly\/","og_site_name":"Elfsight ES","article_modified_time":"2025-02-06T15:48:24+00:00","twitter_card":"summary_large_image","twitter_misc":{"Tiempo de lectura":"4 minutos"},"schema":{"@context":"https:\/\/schema.org","@graph":[{"@type":"WebPage","@id":"https:\/\/elfsight.com\/es\/weather-widget\/weebly\/","url":"https:\/\/elfsight.com\/es\/weather-widget\/weebly\/","name":"Widget meteorol\u00f3gico: agregue la aplicaci\u00f3n Weather al sitio web de Weebly (gratis y r\u00e1pido)","isPartOf":{"@id":"https:\/\/elfsight.com\/es\/#website"},"datePublished":"1970-01-01T00:00:00+00:00","dateModified":"2025-02-06T15:48:24+00:00","description":"Con Elfsight, dise\u00f1e su aplicaci\u00f3n meteorol\u00f3gica y agr\u00e9guela r\u00e1pidamente a su sitio web Weebly. Ofrecemos atenci\u00f3n al cliente gratuita y otras bonificaciones.","breadcrumb":{"@id":"https:\/\/elfsight.com\/es\/weather-widget\/weebly\/#breadcrumb"},"inLanguage":"es","potentialAction":[{"@type":"ReadAction","target":["https:\/\/elfsight.com\/es\/weather-widget\/weebly\/"]}]},{"@type":"BreadcrumbList","@id":"https:\/\/elfsight.com\/es\/weather-widget\/weebly\/#breadcrumb","itemListElement":[{"@type":"ListItem","position":1,"name":"Home","item":"https:\/\/elfsight.com\/es\/"},{"@type":"ListItem","position":2,"name":"Weather","item":"https:\/\/elfsight.com\/es\/weather-widget\/"},{"@type":"ListItem","position":3,"name":"Weather &#8211; Weebly"}]},{"@type":"WebSite","@id":"https:\/\/elfsight.com\/es\/#website","url":"https:\/\/elfsight.com\/es\/","name":"Elfsight ES","description":"Just another Elfsight Sites site","potentialAction":[{"@type":"SearchAction","target":{"@type":"EntryPoint","urlTemplate":"https:\/\/elfsight.com\/es\/?s={search_term_string}"},"query-input":{"@type":"PropertyValueSpecification","valueRequired":true,"valueName":"search_term_string"}}],"inLanguage":"es"}]}},"meta_box":{"industry":"","seo_heading":"","heading":"","description":"","cta_heading":"","cta_description":"","application":"1054","h1":"Aplicaci\u00f3n Weebly Tiempo","h1_caption":"Muestra el pron\u00f3stico del tiempo para cualquier ubicaci\u00f3n en tu sitio web","application_category":[],"applications_title":"","applications_request_title":"","applications_request_button_text":"","hero_text":"","hero_video":"","hero_video_schema_markup":"","selling_points_title":"","selling_points_caption":"","selling_points":[],"selling_points_cta_text":"","features_title":"","features":"","ed_cta_examples_text":"","ed_cta_examples_hidden":"","ed_cta_demo_text":"","ed_cta_demo_hidden":"","why_caption":"","why_editor_title":"","why_editor_text":"","why_team_title":"","why_team_text":"","why_service_title":"","why_service_text":"","template_catalog_visible":"","template_catalog_title":"","template_catalog_text":"","template_catalog_categories_visible":"","demo_title":"Crea tu aplicaci\u00f3n del tiempo","demo_caption":"\u00a1Configura tu clima y agr\u00e9galo a tu sitio web Weebly gratis!","default_faq_hidden":"","app_template_category":[],"platform":"109","template_public_id":"","codecanyon_url":"","codecanyon_item_id":"","codecanyon_price":"","pricing_caption":"","pricing_elfsight_apps_hide_column":"","pricing_elfsight_apps_url":"","pricing_codecanyon_price_caption":"","integration_category":[],"integration_request_title":"","integration_request_cta":"","integration_platform":"","integrations":[],"platform_category":[],"video_schema_markup":"","price":"desde $0 \/ mes","trial":"","benefits":[{"text":"Ayuda de instalaci\u00f3n gratuita"},{"text":"Servicio al cliente competente"},{"text":"Garant\u00eda de reembolso de 14 d\u00edas"},{"text":"Futuras mejoras gratuitas"}],"button_url":"#demo","button_target_blank":"","button_nofollow":"","attributes":[{"name":"Instalaciones","content":"10,000 - 100,000"},{"name":"Sensible","content":"S\u00ed"},{"name":"Navegadores compatibles","content":"Firefox, Safari, Opera, Chrome, Edge"}],"tags":[],"tags_disable_links":"","hide_more_platforms":"","video_object":"","demo_hide_cta":"","demo_hide_cloud_options":"","pricing_title":"","pricing":[{"pricing_icon":"platform","pricing_title":"Elfsight Apps","pricing_title_caption":"Versi\u00f3n multiplataforma que funciona en cualquier sitio web.","pricing_price":"desde $0 \/ mes","pricing_price_caption":"comienza con un plan gratuito","pricing_benefits":[{"text":"Sitios web ilimitados"},{"text":"Soporte gratuito de la empresa y bien documentado."},{"text":"Ayuda de instalaci\u00f3n gratuita"},{"text":"100% personalizable"}],"pricing_button_text":"A\u00f1adir al sitio web","pricing_button_url":"#demo"}],"related_apps_title":"","related_apps_hidden":"","author":"","image":[],"title":"","job":"","social_networks":[]},"_links":{"self":[{"href":"https:\/\/elfsight.com\/es\/wp-json\/wp\/v2\/pages\/7676","targetHints":{"allow":["GET"]}}],"collection":[{"href":"https:\/\/elfsight.com\/es\/wp-json\/wp\/v2\/pages"}],"about":[{"href":"https:\/\/elfsight.com\/es\/wp-json\/wp\/v2\/types\/page"}],"author":[{"embeddable":true,"href":"https:\/\/elfsight.com\/es\/wp-json\/wp\/v2\/users\/9"}],"replies":[{"embeddable":true,"href":"https:\/\/elfsight.com\/es\/wp-json\/wp\/v2\/comments?post=7676"}],"version-history":[{"count":2,"href":"https:\/\/elfsight.com\/es\/wp-json\/wp\/v2\/pages\/7676\/revisions"}],"predecessor-version":[{"id":18841,"href":"https:\/\/elfsight.com\/es\/wp-json\/wp\/v2\/pages\/7676\/revisions\/18841"}],"up":[{"embeddable":true,"href":"https:\/\/elfsight.com\/es\/wp-json\/wp\/v2\/pages\/1055"}],"wp:attachment":[{"href":"https:\/\/elfsight.com\/es\/wp-json\/wp\/v2\/media?parent=7676"}],"curies":[{"name":"wp","href":"https:\/\/api.w.org\/{rel}","templated":true}]}}