{"id":7675,"date":"1970-01-01T00:00:00","date_gmt":"1970-01-01T00:00:00","guid":{"rendered":"https:\/\/elfsight.com\/es\/?page_id=7675"},"modified":"2025-02-06T15:48:32","modified_gmt":"2025-02-06T15:48:32","slug":"webnode","status":"publish","type":"page","link":"https:\/\/elfsight.com\/es\/weather-widget\/webnode\/","title":{"rendered":"Weather &#8211; Webnode"},"content":{"rendered":"<div class=\"application-platform-content-item-description application-platform-content-item\" id=\"description\" data-nav-section=\"description\"><h2>Descripci\u00f3n<\/h2><p>Elfsight Weather es un complemento de sitio web r\u00e1pido y f\u00e1cilmente personalizable que muestra el clima actualizado para cualquier punto del mapa. Agregue una ubicaci\u00f3n por nombre, c\u00f3digo postal o coordenadas. Su audiencia ver\u00e1 la informaci\u00f3n actualizada sobre la temperatura, la presi\u00f3n, el porcentaje de humedad y el clima activo. Tambi\u00e9n puede demostrar un pron\u00f3stico horario o diario. El widget tambi\u00e9n ofrece im\u00e1genes de fondo con temas meteorol\u00f3gicos y la opci\u00f3n de elegir tus propios colores. <\/p><p><b>\u00a1Facilita a los clientes la b\u00fasqueda de la fecha de eventos al aire libre con la previsi\u00f3n meteorol\u00f3gica siempre a mano! <\/b><\/p><\/div><div class=\"application-platform-content-item-features application-platform-content-item\" id=\"features\" data-nav-section=\"features\"><p>Vea todas las caracter\u00edsticas funcionales del widget del tiempo. Est\u00e1n disponibles directamente en el editor y le ayudar\u00e1n a crear el widget que se ajuste a sus necesidades. <\/p><ul><li>3 formas de ingresar al lugar: por el nombre, el c\u00f3digo postal y las coordenadas; <\/li><li>M\u00e1s de 30 idiomas compatibles para demostrar los detalles del clima en el idioma que habla su audiencia; <\/li><li>5 variantes de la configuraci\u00f3n del widget para diversos casos de uso; <\/li><li>La capacidad de agregar el pron\u00f3stico diario para la pr\u00f3xima semana con fechas; <\/li><li>Agregue el clima por hora para las 12 horas m\u00e1s cercanas. <\/li><\/ul><p><a href=\"#demo\">Pruebe todas las dem\u00e1s funciones en la demostraci\u00f3n<\/a><\/p><\/div><div class=\"application-platform-content-item-installation application-platform-content-item\" id=\"installation\" data-nav-section=\"installation\"><h2>\u00bfC\u00f3mo puedo agregar el widget del tiempo a mi sitio Webnode? <\/h2><p>Para agregar el complemento, simplemente siga estos r\u00e1pidos pasos<\/p><ol><li><b>Cree su complemento meteorol\u00f3gico \u00fanico<\/b><br>Mediante nuestro configurador gratuito, configure un complemento con un dise\u00f1o personalizado y agregue la ubicaci\u00f3n. <\/li> <li><b>Copie el c\u00f3digo individual para configurar el complemento<\/b><br>Despu\u00e9s de haber creado su widget, obtendr\u00e1 el c\u00f3digo \u00fanico en la notificaci\u00f3n emergente en Elfsight Apps. Copia el c\u00f3digo. <\/li> <li><b>Publica el complemento en tu sitio Webnode<\/b><br>Define el \u00e1rea donde te gustar\u00eda mostrar el complemento e inserta el c\u00f3digo guardado all\u00ed. Publicar las ediciones. <\/li> <li><b>\u00a1La configuraci\u00f3n se realiz\u00f3 correctamente! <\/b><br>Visite el sitio web para echar un vistazo a su widget. <\/li><\/ol> <p>No dudes en dirigirte a nuestro servicio de atenci\u00f3n al cliente si necesitas asesoramiento o tienes algo que preguntar. Nuestros especialistas estar\u00e1n encantados de ayudarle con cada consulta. <\/p><div class=\"faq\" data-component=\"FAQ\"><div class=\"faq-item\">\r\n\t\t\t\t\t<div class=\"faq-item-question\">\r\n\t\t\t\t\t\t<h3 class=\"faq-item-question-text\">\u00bfExiste una opci\u00f3n para insertar el tiempo en mi sitio web Webnode sin experiencia en codificaci\u00f3n?<\/h3>\r\n\r\n\t\t\t\t\t\t<div class=\"faq-item-question-icon\"><\/div>\r\n\t\t\t\t\t<\/div>\r\n\r\n\t\t\t\t\t<div class=\"faq-item-answer\">\r\n\t\t\t\t\t\t<div class=\"faq-item-answer-text\"> <p>Elfsight proporciona una soluci\u00f3n que le permite establecer una secci\u00f3n del tiempo usted mismo. Vea lo f\u00e1cil que es: trabaje en la demostraci\u00f3n en vivo para generar un complemento del tiempo que le gustar\u00eda integrar en su p\u00e1gina web de Webnode. Seleccione una de las plantillas predise\u00f1adas y modifique la configuraci\u00f3n del clima, agregue su contenido, transforme el dise\u00f1o y la combinaci\u00f3n de colores sin codificaci\u00f3n. Haz clic para guardar la configuraci\u00f3n que has realizado en Weather y copia el c\u00f3digo de instalaci\u00f3n, que puedes incrustar en la p\u00e1gina web de Webnode sin necesidad de comprar una suscripci\u00f3n paga. Usando el Configurador f\u00e1cil de usar, cualquier usuario de Internet puede crear una aplicaci\u00f3n del Tiempo en l\u00ednea y pegarla f\u00e1cilmente en la p\u00e1gina web de Webnode. No es necesario obtener un plan pago ni ingresar las credenciales de su tarjeta para acceder al servicio Elfsight. Si tiene alg\u00fan problema en alg\u00fan paso, contin\u00fae y comun\u00edquese con nuestro personal de soporte t\u00e9cnico.<\/p> <\/div>\r\n\t\t\t\t\t<\/div>\r\n\t\t\t\t<\/div> <\/div><\/div>","protected":false},"excerpt":{"rendered":"","protected":false},"author":9,"featured_media":0,"parent":1055,"menu_order":0,"comment_status":"closed","ping_status":"closed","template":"templates\/template-application-platform.php","meta":{"publish_to_discourse":"","publish_post_category":"","wpdc_auto_publish_overridden":"","wpdc_topic_tags":"","wpdc_pin_topic":"","wpdc_pin_until":"","discourse_post_id":"","discourse_permalink":"","wpdc_publishing_response":"","wpdc_publishing_error":"","footnotes":""},"class_list":["post-7675","page","type-page","status-publish","hentry"],"yoast_head":"<!-- This site is optimized with the Yoast SEO plugin v25.3.1 - https:\/\/yoast.com\/wordpress\/plugins\/seo\/ -->\n<title>A\u00f1adir widget del tiempo al sitio web de Webnode (gratis y r\u00e1pido)<\/title>\n<meta name=\"description\" content=\"Con Elfsight, dale forma a tu widget del tiempo y mu\u00e9stralo en el sitio web de Webnode en poco tiempo. Ofrecemos servicio al cliente gratuito y m\u00e1s bonos.\" \/>\n<meta name=\"robots\" content=\"index, follow, max-snippet:-1, max-image-preview:large, max-video-preview:-1\" \/>\n<link rel=\"canonical\" href=\"https:\/\/elfsight.com\/es\/weather-widget\/webnode\/\" \/>\n<meta property=\"og:locale\" content=\"es_ES\" \/>\n<meta property=\"og:type\" content=\"article\" \/>\n<meta property=\"og:title\" content=\"A\u00f1adir widget del tiempo al sitio web de Webnode (gratis y r\u00e1pido)\" \/>\n<meta property=\"og:description\" content=\"Con Elfsight, dale forma a tu widget del tiempo y mu\u00e9stralo en el sitio web de Webnode en poco tiempo. Ofrecemos servicio al cliente gratuito y m\u00e1s bonos.\" \/>\n<meta property=\"og:url\" content=\"https:\/\/elfsight.com\/es\/weather-widget\/webnode\/\" \/>\n<meta property=\"og:site_name\" content=\"Elfsight ES\" \/>\n<meta property=\"article:modified_time\" content=\"2025-02-06T15:48:32+00:00\" \/>\n<meta name=\"twitter:card\" content=\"summary_large_image\" \/>\n<meta name=\"twitter:label1\" content=\"Tiempo de lectura\" \/>\n\t<meta name=\"twitter:data1\" content=\"3 minutos\" \/>\n<!-- \/ Yoast SEO plugin. -->","yoast_head_json":{"title":"A\u00f1adir widget del tiempo al sitio web de Webnode (gratis y r\u00e1pido)","description":"Con Elfsight, dale forma a tu widget del tiempo y mu\u00e9stralo en el sitio web de Webnode en poco tiempo. Ofrecemos servicio al cliente gratuito y m\u00e1s bonos.","robots":{"index":"index","follow":"follow","max-snippet":"max-snippet:-1","max-image-preview":"max-image-preview:large","max-video-preview":"max-video-preview:-1"},"canonical":"https:\/\/elfsight.com\/es\/weather-widget\/webnode\/","og_locale":"es_ES","og_type":"article","og_title":"A\u00f1adir widget del tiempo al sitio web de Webnode (gratis y r\u00e1pido)","og_description":"Con Elfsight, dale forma a tu widget del tiempo y mu\u00e9stralo en el sitio web de Webnode en poco tiempo. Ofrecemos servicio al cliente gratuito y m\u00e1s bonos.","og_url":"https:\/\/elfsight.com\/es\/weather-widget\/webnode\/","og_site_name":"Elfsight ES","article_modified_time":"2025-02-06T15:48:32+00:00","twitter_card":"summary_large_image","twitter_misc":{"Tiempo de lectura":"3 minutos"},"schema":{"@context":"https:\/\/schema.org","@graph":[{"@type":"WebPage","@id":"https:\/\/elfsight.com\/es\/weather-widget\/webnode\/","url":"https:\/\/elfsight.com\/es\/weather-widget\/webnode\/","name":"A\u00f1adir widget del tiempo al sitio web de Webnode (gratis y r\u00e1pido)","isPartOf":{"@id":"https:\/\/elfsight.com\/es\/#website"},"datePublished":"1970-01-01T00:00:00+00:00","dateModified":"2025-02-06T15:48:32+00:00","description":"Con Elfsight, dale forma a tu widget del tiempo y mu\u00e9stralo en el sitio web de Webnode en poco tiempo. Ofrecemos servicio al cliente gratuito y m\u00e1s bonos.","breadcrumb":{"@id":"https:\/\/elfsight.com\/es\/weather-widget\/webnode\/#breadcrumb"},"inLanguage":"es","potentialAction":[{"@type":"ReadAction","target":["https:\/\/elfsight.com\/es\/weather-widget\/webnode\/"]}]},{"@type":"BreadcrumbList","@id":"https:\/\/elfsight.com\/es\/weather-widget\/webnode\/#breadcrumb","itemListElement":[{"@type":"ListItem","position":1,"name":"Home","item":"https:\/\/elfsight.com\/es\/"},{"@type":"ListItem","position":2,"name":"Weather","item":"https:\/\/elfsight.com\/es\/weather-widget\/"},{"@type":"ListItem","position":3,"name":"Weather &#8211; Webnode"}]},{"@type":"WebSite","@id":"https:\/\/elfsight.com\/es\/#website","url":"https:\/\/elfsight.com\/es\/","name":"Elfsight ES","description":"Just another Elfsight Sites site","potentialAction":[{"@type":"SearchAction","target":{"@type":"EntryPoint","urlTemplate":"https:\/\/elfsight.com\/es\/?s={search_term_string}"},"query-input":{"@type":"PropertyValueSpecification","valueRequired":true,"valueName":"search_term_string"}}],"inLanguage":"es"}]}},"meta_box":{"industry":"","seo_heading":"","heading":"","description":"","cta_heading":"","cta_description":"","application":"1054","h1":"Widget del tiempo de Webnode","h1_caption":"Muestra el pron\u00f3stico del tiempo para cualquier ubicaci\u00f3n en tu sitio web","application_category":[],"applications_title":"","applications_request_title":"","applications_request_button_text":"","hero_text":"","hero_video":"","hero_video_schema_markup":"","selling_points_title":"","selling_points_caption":"","selling_points":[],"selling_points_cta_text":"","features_title":"","features":"","ed_cta_examples_text":"","ed_cta_examples_hidden":"","ed_cta_demo_text":"","ed_cta_demo_hidden":"","why_caption":"","why_editor_title":"","why_editor_text":"","why_team_title":"","why_team_text":"","why_service_title":"","why_service_text":"","template_catalog_visible":"","template_catalog_title":"","template_catalog_text":"","template_catalog_categories_visible":"","demo_title":"Crea tu widget del tiempo","demo_caption":"\u00a1Configura tu Tiempo y a\u00f1\u00e1delo a tu sitio web Webnode gratis!","default_faq_hidden":"","app_template_category":[],"platform":"2302","template_public_id":"","codecanyon_url":"","codecanyon_item_id":"","codecanyon_price":"","pricing_caption":"","pricing_elfsight_apps_hide_column":"","pricing_elfsight_apps_url":"","pricing_codecanyon_price_caption":"","integration_category":[],"integration_request_title":"","integration_request_cta":"","integration_platform":"","integrations":[],"platform_category":[],"video_schema_markup":"","price":"desde $0 \/ mes","trial":"","benefits":[{"text":"Asistencia de instalaci\u00f3n gratuita"},{"text":"Servicio al cliente profesional"},{"text":"Garant\u00eda de reembolso de 14 d\u00edas"},{"text":"Actualizaciones peri\u00f3dicas"}],"button_url":"#demo","button_target_blank":"","button_nofollow":"","attributes":[{"name":"Instalaciones","content":"10,000 - 100,000"},{"name":"Sensible","content":"S\u00ed"},{"name":"Navegadores compatibles","content":"Firefox, Safari, Opera, Chrome, Edge"}],"tags":[],"tags_disable_links":"","hide_more_platforms":"","video_object":"","demo_hide_cta":"","demo_hide_cloud_options":"","pricing_title":"","pricing":[{"pricing_icon":"platform","pricing_title":"Elfsight Apps","pricing_title_caption":"Soluci\u00f3n digital multiplataforma","pricing_price":"desde $0 \/ mes","pricing_price_caption":"comienza con el plan gratuito","pricing_benefits":[{"text":"Dominios ilimitados"},{"text":"Soporte premium"},{"text":"Servicio de instalaci\u00f3n gratuito"},{"text":"Oferta especial para m\u00faltiples aplicaciones"}],"pricing_button_text":"A\u00f1adir al sitio web","pricing_button_url":"#demo"}],"related_apps_title":"","related_apps_hidden":"","author":"","image":[],"title":"","job":"","social_networks":[]},"_links":{"self":[{"href":"https:\/\/elfsight.com\/es\/wp-json\/wp\/v2\/pages\/7675","targetHints":{"allow":["GET"]}}],"collection":[{"href":"https:\/\/elfsight.com\/es\/wp-json\/wp\/v2\/pages"}],"about":[{"href":"https:\/\/elfsight.com\/es\/wp-json\/wp\/v2\/types\/page"}],"author":[{"embeddable":true,"href":"https:\/\/elfsight.com\/es\/wp-json\/wp\/v2\/users\/9"}],"replies":[{"embeddable":true,"href":"https:\/\/elfsight.com\/es\/wp-json\/wp\/v2\/comments?post=7675"}],"version-history":[{"count":2,"href":"https:\/\/elfsight.com\/es\/wp-json\/wp\/v2\/pages\/7675\/revisions"}],"predecessor-version":[{"id":18842,"href":"https:\/\/elfsight.com\/es\/wp-json\/wp\/v2\/pages\/7675\/revisions\/18842"}],"up":[{"embeddable":true,"href":"https:\/\/elfsight.com\/es\/wp-json\/wp\/v2\/pages\/1055"}],"wp:attachment":[{"href":"https:\/\/elfsight.com\/es\/wp-json\/wp\/v2\/media?parent=7675"}],"curies":[{"name":"wp","href":"https:\/\/api.w.org\/{rel}","templated":true}]}}