{"id":7674,"date":"1970-01-01T00:00:00","date_gmt":"1970-01-01T00:00:00","guid":{"rendered":"https:\/\/elfsight.com\/es\/?page_id=7674"},"modified":"2025-02-06T15:48:32","modified_gmt":"2025-02-06T15:48:32","slug":"webflow","status":"publish","type":"page","link":"https:\/\/elfsight.com\/es\/weather-widget\/webflow\/","title":{"rendered":"Weather &#8211; Webflow"},"content":{"rendered":"<div class=\"application-platform-content-item-description application-platform-content-item\" id=\"description\" data-nav-section=\"description\"><h2>Incrustar Weather en Webflow con el widget Elfsight<\/h2><p>Elfsight Weather es un widget de sitio web simple y adaptable para mostrar la situaci\u00f3n meteorol\u00f3gica actualizada para un \u00e1rea seleccionada. Ingrese una ubicaci\u00f3n por el nombre, el c\u00f3digo postal o las coordenadas. La audiencia del sitio web comprobar\u00e1 la temperatura, la presi\u00f3n, la humedad y el clima activo. Tambi\u00e9n puede mostrar el pron\u00f3stico por hora o por d\u00eda. El widget tambi\u00e9n presenta im\u00e1genes de fondo tem\u00e1ticas y la funci\u00f3n de pintar el fondo con tus propios colores. <\/p><p><b>\u00a1Haga que sea \u00fatil para los clientes organizar eventos al aire libre con el pron\u00f3stico del tiempo siempre a la vista! <\/b><\/p><\/div><div class=\"application-platform-content-item-features application-platform-content-item\" id=\"features\" data-nav-section=\"features\"><p>Comprueba todas las caracter\u00edsticas funcionales del widget del tiempo. Est\u00e1n disponibles directamente en el editor y le ayudar\u00e1n a darle forma al widget para su caso de uso. <\/p><ul><li>Tres formas de ingresar la ubicaci\u00f3n: por el nombre, el c\u00f3digo postal o las coordenadas; <\/li><li>M\u00e1s de 30 idiomas incluidos para mostrar datos meteorol\u00f3gicos en el idioma de su audiencia; <\/li><li>Cinco tipos de configuraci\u00f3n de widgets para diferentes casos de uso; <\/li><li>La opci\u00f3n de mostrar el pron\u00f3stico diario para la semana futura con fechas; <\/li><li>Demuestra el pron\u00f3stico horario para las doce horas m\u00e1s cercanas. <\/li><\/ul><p><a href=\"#demo\">Compruebe c\u00f3mo funcionan todas las funciones en nuestra demostraci\u00f3n<\/a><\/p><\/div><div class=\"application-platform-content-item-installation application-platform-content-item\" id=\"installation\" data-nav-section=\"installation\"><h2>\u00bfC\u00f3mo inserto el widget del tiempo en Webflow? <\/h2><div class=\"video-container\"><iframe width=\"720\" height=\"405\" src=\"https:\/\/www.youtube.com\/embed\/1m5Mv24DjHk\" frameborder=\"0\"><\/iframe><\/div><p>Para agregar un complemento, simplemente siga las instrucciones a continuaci\u00f3n<\/p><ol><li><b>Dise\u00f1e su complemento meteorol\u00f3gico personalizado<\/b><br>Utilizando nuestro editor gratuito, genere un complemento con un dise\u00f1o personalizado y caracter\u00edsticas funcionales. <\/li> <li><b>Copia el c\u00f3digo personal para mostrar el complemento<\/b><br>Despu\u00e9s de haber configurado tu widget, obtendr\u00e1s tu c\u00f3digo personal de la notificaci\u00f3n emergente en Elfsight Apps. Copie el c\u00f3digo para su uso posterior. <\/li> <li><b>Publique el complemento en su sitio web Webflow<\/b><br>Busque el \u00e1rea para colocar el complemento y agregue el c\u00f3digo copiado all\u00ed. Aplicar los resultados. <\/li> <li><b>\u00a1La incrustaci\u00f3n se realiz\u00f3 correctamente! <\/b><br>Entra a la p\u00e1gina web, para ver tu trabajo. <\/li><\/ol> <p>No dude en comunicarse con el servicio de atenci\u00f3n al cliente cuando necesite ayuda o tenga consultas. Estaremos encantados de ayudarle con cada solicitud. <\/p><div class=\"faq\" data-component=\"FAQ\"><div class=\"faq-item\">\r\n\t\t\t\t\t<div class=\"faq-item-question\">\r\n\t\t\t\t\t\t<h3 class=\"faq-item-question-text\">\u00bfDe qu\u00e9 manera es posible agregar Weather a mi sitio Webflow sin conocimientos de codificaci\u00f3n?<\/h3>\r\n\r\n\t\t\t\t\t\t<div class=\"faq-item-question-icon\"><\/div>\r\n\t\t\t\t\t<\/div>\r\n\r\n\t\t\t\t\t<div class=\"faq-item-answer\">\r\n\t\t\t\t\t\t<div class=\"faq-item-answer-text\"> <p>La compa\u00f1\u00eda Elfsight presenta una soluci\u00f3n SaaS que permite a los usuarios generar una secci\u00f3n Weather usted mismo. Descubra lo sencillo que es el proceso: vaya a la demostraci\u00f3n en l\u00ednea para crear una secci\u00f3n Weather que le gustar\u00eda insertar en su p\u00e1gina de inicio de Webflow. Seleccione una de las plantillas ya preparadas y modifique la configuraci\u00f3n del clima, cambie el dise\u00f1o y los colores y actualice su contenido, sin codificaci\u00f3n. Guarde la configuraci\u00f3n que realiz\u00f3 en Weather y obtenga el c\u00f3digo de instalaci\u00f3n que se puede incluir f\u00e1cilmente en la p\u00e1gina web de Webflow sin comprar un plan pago. Usando nuestro sencillo Editor, cada usuario web puede establecer un complemento meteorol\u00f3gico y simplemente pegarlo en su sitio web Webflow. No debe obtener un plan pago ni revelar los datos de su tarjeta para acceder a nuestro servicio. Si tiene alg\u00fan problema de cualquier tipo, no dude en ponerse en contacto con nuestro equipo de soporte t\u00e9cnico.<\/p> <\/div>\r\n\t\t\t\t\t<\/div>\r\n\t\t\t\t<\/div> <\/div><\/div>","protected":false},"excerpt":{"rendered":"","protected":false},"author":9,"featured_media":0,"parent":1055,"menu_order":0,"comment_status":"closed","ping_status":"closed","template":"templates\/template-application-platform.php","meta":{"publish_to_discourse":"","publish_post_category":"","wpdc_auto_publish_overridden":"","wpdc_topic_tags":"","wpdc_pin_topic":"","wpdc_pin_until":"","discourse_post_id":"","discourse_permalink":"","wpdc_publishing_response":"","wpdc_publishing_error":"","footnotes":""},"class_list":["post-7674","page","type-page","status-publish","hentry"],"yoast_head":"<!-- This site is optimized with the Yoast SEO plugin v25.3.1 - https:\/\/yoast.com\/wordpress\/plugins\/seo\/ -->\n<title>Agregue el widget del tiempo al sitio web de Webflow (gratis y r\u00e1pido)<\/title>\n<meta name=\"description\" content=\"Esta es una oportunidad para crear un widget meteorol\u00f3gico y mostrarlo en su sitio web Webflow. Disfrutar\u00e1 del servicio de atenci\u00f3n al cliente gratuito y otras bonificaciones de Elfsight.\" \/>\n<meta name=\"robots\" content=\"index, follow, max-snippet:-1, max-image-preview:large, max-video-preview:-1\" \/>\n<link rel=\"canonical\" href=\"https:\/\/elfsight.com\/es\/weather-widget\/webflow\/\" \/>\n<meta property=\"og:locale\" content=\"es_ES\" \/>\n<meta property=\"og:type\" content=\"article\" \/>\n<meta property=\"og:title\" content=\"Agregue el widget del tiempo al sitio web de Webflow (gratis y r\u00e1pido)\" \/>\n<meta property=\"og:description\" content=\"Esta es una oportunidad para crear un widget meteorol\u00f3gico y mostrarlo en su sitio web Webflow. Disfrutar\u00e1 del servicio de atenci\u00f3n al cliente gratuito y otras bonificaciones de Elfsight.\" \/>\n<meta property=\"og:url\" content=\"https:\/\/elfsight.com\/es\/weather-widget\/webflow\/\" \/>\n<meta property=\"og:site_name\" content=\"Elfsight ES\" \/>\n<meta property=\"article:modified_time\" content=\"2025-02-06T15:48:32+00:00\" \/>\n<meta name=\"twitter:card\" content=\"summary_large_image\" \/>\n<meta name=\"twitter:label1\" content=\"Tiempo de lectura\" \/>\n\t<meta name=\"twitter:data1\" content=\"3 minutos\" \/>\n<!-- \/ Yoast SEO plugin. -->","yoast_head_json":{"title":"Agregue el widget del tiempo al sitio web de Webflow (gratis y r\u00e1pido)","description":"Esta es una oportunidad para crear un widget meteorol\u00f3gico y mostrarlo en su sitio web Webflow. Disfrutar\u00e1 del servicio de atenci\u00f3n al cliente gratuito y otras bonificaciones de Elfsight.","robots":{"index":"index","follow":"follow","max-snippet":"max-snippet:-1","max-image-preview":"max-image-preview:large","max-video-preview":"max-video-preview:-1"},"canonical":"https:\/\/elfsight.com\/es\/weather-widget\/webflow\/","og_locale":"es_ES","og_type":"article","og_title":"Agregue el widget del tiempo al sitio web de Webflow (gratis y r\u00e1pido)","og_description":"Esta es una oportunidad para crear un widget meteorol\u00f3gico y mostrarlo en su sitio web Webflow. Disfrutar\u00e1 del servicio de atenci\u00f3n al cliente gratuito y otras bonificaciones de Elfsight.","og_url":"https:\/\/elfsight.com\/es\/weather-widget\/webflow\/","og_site_name":"Elfsight ES","article_modified_time":"2025-02-06T15:48:32+00:00","twitter_card":"summary_large_image","twitter_misc":{"Tiempo de lectura":"3 minutos"},"schema":{"@context":"https:\/\/schema.org","@graph":[{"@type":"WebPage","@id":"https:\/\/elfsight.com\/es\/weather-widget\/webflow\/","url":"https:\/\/elfsight.com\/es\/weather-widget\/webflow\/","name":"Agregue el widget del tiempo al sitio web de Webflow (gratis y r\u00e1pido)","isPartOf":{"@id":"https:\/\/elfsight.com\/es\/#website"},"datePublished":"1970-01-01T00:00:00+00:00","dateModified":"2025-02-06T15:48:32+00:00","description":"Esta es una oportunidad para crear un widget meteorol\u00f3gico y mostrarlo en su sitio web Webflow. Disfrutar\u00e1 del servicio de atenci\u00f3n al cliente gratuito y otras bonificaciones de Elfsight.","breadcrumb":{"@id":"https:\/\/elfsight.com\/es\/weather-widget\/webflow\/#breadcrumb"},"inLanguage":"es","potentialAction":[{"@type":"ReadAction","target":["https:\/\/elfsight.com\/es\/weather-widget\/webflow\/"]}]},{"@type":"BreadcrumbList","@id":"https:\/\/elfsight.com\/es\/weather-widget\/webflow\/#breadcrumb","itemListElement":[{"@type":"ListItem","position":1,"name":"Home","item":"https:\/\/elfsight.com\/es\/"},{"@type":"ListItem","position":2,"name":"Weather","item":"https:\/\/elfsight.com\/es\/weather-widget\/"},{"@type":"ListItem","position":3,"name":"Weather &#8211; Webflow"}]},{"@type":"WebSite","@id":"https:\/\/elfsight.com\/es\/#website","url":"https:\/\/elfsight.com\/es\/","name":"Elfsight ES","description":"Just another Elfsight Sites site","potentialAction":[{"@type":"SearchAction","target":{"@type":"EntryPoint","urlTemplate":"https:\/\/elfsight.com\/es\/?s={search_term_string}"},"query-input":{"@type":"PropertyValueSpecification","valueRequired":true,"valueName":"search_term_string"}}],"inLanguage":"es"}]}},"meta_box":{"industry":"","seo_heading":"","heading":"","description":"","cta_heading":"","cta_description":"","application":"1054","h1":"Widget meteorol\u00f3gico de flujo web","h1_caption":"Demuestre el pron\u00f3stico del tiempo para cualquier lugar en su sitio","application_category":[],"applications_title":"","applications_request_title":"","applications_request_button_text":"","hero_text":"","hero_video":"","hero_video_schema_markup":"","selling_points_title":"","selling_points_caption":"","selling_points":[],"selling_points_cta_text":"","features_title":"","features":"","ed_cta_examples_text":"","ed_cta_examples_hidden":"","ed_cta_demo_text":"","ed_cta_demo_hidden":"","why_caption":"","why_editor_title":"","why_editor_text":"","why_team_title":"","why_team_text":"","why_service_title":"","why_service_text":"","template_catalog_visible":"","template_catalog_title":"","template_catalog_text":"","template_catalog_categories_visible":"","demo_title":"Crea tu widget del tiempo","demo_caption":"\u00a1Configure su clima y agr\u00e9guelo a su sitio web Webflow gratis!","default_faq_hidden":"","app_template_category":[],"platform":"106","template_public_id":"","codecanyon_url":"","codecanyon_item_id":"","codecanyon_price":"","pricing_caption":"","pricing_elfsight_apps_hide_column":"","pricing_elfsight_apps_url":"","pricing_codecanyon_price_caption":"","integration_category":[],"integration_request_title":"","integration_request_cta":"","integration_platform":"","integrations":[],"platform_category":[],"video_schema_markup":"","price":"desde $0 \/ mes","trial":"","benefits":[{"text":"Servicio de instalaci\u00f3n gratuito"},{"text":"Atenci\u00f3n al cliente premium"},{"text":"Garant\u00eda de devoluci\u00f3n de dinero de 14 d\u00edas"},{"text":"Mejoras gratuitas de por vida"}],"button_url":"#demo","button_target_blank":"","button_nofollow":"","attributes":[{"name":"Instalaciones","content":"10,000 - 100,000"},{"name":"Sensible","content":"S\u00ed"},{"name":"Navegadores compatibles","content":"Firefox, Chrome, Opera, Safari, Edge"}],"tags":[],"tags_disable_links":"","hide_more_platforms":"","video_object":"","demo_hide_cta":"","demo_hide_cloud_options":"","pricing_title":"","pricing":[{"pricing_icon":"platform","pricing_title":"Elfsight Apps","pricing_title_caption":"Soluci\u00f3n multiplataforma que se adapta a cualquier sitio web","pricing_price":"desde $0 \/ mes","pricing_price_caption":"comienza con el plan gratuito","pricing_benefits":[{"text":"Dominios ilimitados"},{"text":"Soporte premium y puntual"},{"text":"Asistencia de instalaci\u00f3n gratuita"},{"text":"Oferta especial para m\u00faltiples aplicaciones."}],"pricing_button_text":"A\u00f1adir al sitio web","pricing_button_url":"#demo"}],"related_apps_title":"","related_apps_hidden":"","author":"","image":[],"title":"","job":"","social_networks":[]},"_links":{"self":[{"href":"https:\/\/elfsight.com\/es\/wp-json\/wp\/v2\/pages\/7674","targetHints":{"allow":["GET"]}}],"collection":[{"href":"https:\/\/elfsight.com\/es\/wp-json\/wp\/v2\/pages"}],"about":[{"href":"https:\/\/elfsight.com\/es\/wp-json\/wp\/v2\/types\/page"}],"author":[{"embeddable":true,"href":"https:\/\/elfsight.com\/es\/wp-json\/wp\/v2\/users\/9"}],"replies":[{"embeddable":true,"href":"https:\/\/elfsight.com\/es\/wp-json\/wp\/v2\/comments?post=7674"}],"version-history":[{"count":2,"href":"https:\/\/elfsight.com\/es\/wp-json\/wp\/v2\/pages\/7674\/revisions"}],"predecessor-version":[{"id":18843,"href":"https:\/\/elfsight.com\/es\/wp-json\/wp\/v2\/pages\/7674\/revisions\/18843"}],"up":[{"embeddable":true,"href":"https:\/\/elfsight.com\/es\/wp-json\/wp\/v2\/pages\/1055"}],"wp:attachment":[{"href":"https:\/\/elfsight.com\/es\/wp-json\/wp\/v2\/media?parent=7674"}],"curies":[{"name":"wp","href":"https:\/\/api.w.org\/{rel}","templated":true}]}}